{"id":237,"date":"2025-09-18T09:23:00","date_gmt":"2025-09-18T09:23:00","guid":{"rendered":"https:\/\/juhayna2026.code95.info\/?page_id=237"},"modified":"2025-10-30T08:26:12","modified_gmt":"2025-10-30T08:26:12","slug":"de-la-ferme-a-la-table","status":"publish","type":"page","link":"https:\/\/juhayna2026.code95.info\/fr\/de-la-ferme-a-la-table\/","title":{"rendered":"De la ferme \u00e0 la table"},"content":{"rendered":"<div class=\"banner\">\n    <div class=\"banner-wrapper\">\n                    <div class=\"banner-image\">\n                <img decoding=\"async\" src=\"https:\/\/juhayna2026.code95.info\/app\/uploads\/2025\/09\/Mask-group-20.png\"\n                    alt=\"De la ferme \u00e0 la table\" \/>\n                                    <div class=\"banner-overlay\"><\/div>\n                                                    <div class=\"banner-title-container\">\n                                                    <h1 class=\"banner-title\">\n                                De la ferme \u00e0 la table                            <\/h1>\n                                                                    <\/div>\n                            <\/div>\n            <\/div>\n<\/div>\n\n\n<div class=\"container\">\n    <div class=\"farm-to-consumer-block farm-to-consumer-style-1\">\n        <div class=\"farm-to-consumer-cards farm-to-consumer-cards-3\">\n                                                \n                    <div class=\"farm-to-consumer-card\">\n                                                    <a href=\"\/fr\/de-la-ferme-a-la-table\/transformation\/\" class=\"farm-to-consumer-card-link\">\n                        \n                        <div class=\"farm-to-consumer-card-inner\">\n\n                                                            <div class=\"farm-to-consumer-card-image\">\n                                    <img decoding=\"async\" src=\"https:\/\/juhayna2026.code95.info\/app\/uploads\/2025\/09\/Mask-gr2oup.png\"\n                                         alt=\"Transformation \">\n                                <\/div>\n                            \n                            \n                                                            <div class=\"farm-to-consumer-card-content\">\n                                                                            <h2 class=\"farm-to-consumer-card-title\">\n                                            Transformation                                         <\/h2>\n                                    \n                                    <!-- ===================================================================================== -->\n                                    <!-- DESCRIPTION - ALWAYS RENDERED (EVEN IF EMPTY) FOR PROPER CARD ALIGNMENT -->\n                                    <!-- ===================================================================================== -->\n                                    <p class=\"farm-to-consumer-card-description\">\n                                        Emballage et traitement                                    <\/p>\n\n                                                                            <div class=\"see-more-button\">\n                                            <a href=\"\/fr\/de-la-ferme-a-la-table\/transformation\/\" class=\"see-more-btn\" aria-label=\"Learn more about Transformation \">\n                                                <span class=\"see-more-text\">Lire la suite <\/span>\n                                                <span class=\"see-more-arrow\">\n                                                    <img decoding=\"async\" src=\"https:\/\/juhayna2026.code95.info\/app\/themes\/juhayna-revamp-2026\/resources\/images\/common-img\/see-more-arrw.svg\"\n                                                         alt=\"\"\n                                                         aria-hidden=\"true\"\n                                                         class=\"arrow-icon\">\n                                                <\/span>\n                                            <\/a>\n                                            <div class=\"see-more-underline\">\n                                                <img decoding=\"async\" src=\"https:\/\/juhayna2026.code95.info\/app\/themes\/juhayna-revamp-2026\/resources\/images\/brands\/farm-to-fork\/see-more-line.svg\"\n                                                     alt=\"\" aria-hidden=\"true\" class=\"see-more-decoration-svg\">\n                                            <\/div>\n                                        <\/div>\n                                                                    <\/div>\n                            \n                        <\/div>\n\n                                                    <\/a>\n                                            <\/div>\n\n                                    \n                    <div class=\"farm-to-consumer-card\">\n                                                    <a href=\"\/fr\/de-la-ferme-a-la-table\/agriculture\/\" class=\"farm-to-consumer-card-link\">\n                        \n                        <div class=\"farm-to-consumer-card-inner\">\n\n                                                            <div class=\"farm-to-consumer-card-image\">\n                                    <img decoding=\"async\" src=\"https:\/\/juhayna2026.code95.info\/app\/uploads\/2025\/09\/Mask-1group.png\"\n                                         alt=\"Agriculture \">\n                                <\/div>\n                            \n                            \n                                                            <div class=\"farm-to-consumer-card-content\">\n                                                                            <h2 class=\"farm-to-consumer-card-title\">\n                                            Agriculture                                         <\/h2>\n                                    \n                                    <!-- ===================================================================================== -->\n                                    <!-- DESCRIPTION - ALWAYS RENDERED (EVEN IF EMPTY) FOR PROPER CARD ALIGNMENT -->\n                                    <!-- ===================================================================================== -->\n                                    <p class=\"farm-to-consumer-card-description\">\n                                        Approvisionnement responsable                                    <\/p>\n\n                                                                            <div class=\"see-more-button\">\n                                            <a href=\"\/fr\/de-la-ferme-a-la-table\/agriculture\/\" class=\"see-more-btn\" aria-label=\"Learn more about Agriculture \">\n                                                <span class=\"see-more-text\">Lire la suite <\/span>\n                                                <span class=\"see-more-arrow\">\n                                                    <img decoding=\"async\" src=\"https:\/\/juhayna2026.code95.info\/app\/themes\/juhayna-revamp-2026\/resources\/images\/common-img\/see-more-arrw.svg\"\n                                                         alt=\"\"\n                                                         aria-hidden=\"true\"\n                                                         class=\"arrow-icon\">\n                                                <\/span>\n                                            <\/a>\n                                            <div class=\"see-more-underline\">\n                                                <img decoding=\"async\" src=\"https:\/\/juhayna2026.code95.info\/app\/themes\/juhayna-revamp-2026\/resources\/images\/brands\/farm-to-fork\/see-more-line.svg\"\n                                                     alt=\"\" aria-hidden=\"true\" class=\"see-more-decoration-svg\">\n                                            <\/div>\n                                        <\/div>\n                                                                    <\/div>\n                            \n                        <\/div>\n\n                                                    <\/a>\n                                            <\/div>\n\n                                    \n                    <div class=\"farm-to-consumer-card\">\n                                                    <a href=\"\/fr\/de-la-ferme-a-la-table\/commerce-et-distribution\/\" class=\"farm-to-consumer-card-link\">\n                        \n                        <div class=\"farm-to-consumer-card-inner\">\n\n                                                            <div class=\"farm-to-consumer-card-image\">\n                                    <img decoding=\"async\" src=\"https:\/\/juhayna2026.code95.info\/app\/uploads\/2025\/09\/Mask-group-21.png\"\n                                         alt=\"Distribution\">\n                                <\/div>\n                            \n                            \n                                                            <div class=\"farm-to-consumer-card-content\">\n                                                                            <h2 class=\"farm-to-consumer-card-title\">\n                                            Distribution                                        <\/h2>\n                                    \n                                    <!-- ===================================================================================== -->\n                                    <!-- DESCRIPTION - ALWAYS RENDERED (EVEN IF EMPTY) FOR PROPER CARD ALIGNMENT -->\n                                    <!-- ===================================================================================== -->\n                                    <p class=\"farm-to-consumer-card-description\">\n                                                                            <\/p>\n\n                                                                            <div class=\"see-more-button\">\n                                            <a href=\"\/fr\/de-la-ferme-a-la-table\/commerce-et-distribution\/\" class=\"see-more-btn\" aria-label=\"Learn more about Distribution\">\n                                                <span class=\"see-more-text\">Lire la suite <\/span>\n                                                <span class=\"see-more-arrow\">\n                                                    <img decoding=\"async\" src=\"https:\/\/juhayna2026.code95.info\/app\/themes\/juhayna-revamp-2026\/resources\/images\/common-img\/see-more-arrw.svg\"\n                                                         alt=\"\"\n                                                         aria-hidden=\"true\"\n                                                         class=\"arrow-icon\">\n                                                <\/span>\n                                            <\/a>\n                                            <div class=\"see-more-underline\">\n                                                <img decoding=\"async\" src=\"https:\/\/juhayna2026.code95.info\/app\/themes\/juhayna-revamp-2026\/resources\/images\/brands\/farm-to-fork\/see-more-line.svg\"\n                                                     alt=\"\" aria-hidden=\"true\" class=\"see-more-decoration-svg\">\n                                            <\/div>\n                                        <\/div>\n                                                                    <\/div>\n                            \n                        <\/div>\n\n                                                    <\/a>\n                                            <\/div>\n\n                                    <\/div>\n    <\/div>\n<\/div>\n\n\n<div class=\"container\">\n    <section class=\"juhayna-heading-section juhayna-heading-style-1 juhayna-heading-weight-bold\">\n                    <!-- STYLES 1-8: Title + Description -->\n            <div class=\"juhayna-heading-content\">\n                                    <h2 class=\"juhayna-heading-title\">Notre ambitieux programme d\u2019int\u00e9gration verticale nous a permis de prendre le contr\u00f4le de la cha\u00eene de valeur compl\u00e8te de la ferme au consommateur.<\/h2>\n                \n                                    <div class=\"juhayna-heading-description\">\n                        <p>Ce faisant, non seulement nous sommes en mesure de surveiller et d\u2019assurer les normes les plus \u00e9lev\u00e9es de mati\u00e8res premi\u00e8res, mais de les acqu\u00e9rir \u00e0 des co\u00fbts consid\u00e9rablement inf\u00e9rieurs, ce qui se traduit par des produits de qualit\u00e9 sup\u00e9rieure \u00e0 des prix abordables.<\/p>\n<p>Alors que nous \u00e9voluions pour devenir une entreprise verticalement int\u00e9gr\u00e9e, nous avons simultan\u00e9ment investi beaucoup de temps, d\u2019\u00e9nergie et de ressources dans l\u2019am\u00e9lioration de nos capacit\u00e9s technologiques, le renforcement de nos activit\u00e9s de R&#038;D et le d\u00e9veloppement de notre capital humain. Cela a \u00e9t\u00e9 dans l\u2019ensemble la formule de notre succ\u00e8s et la raison pour laquelle Juhayna a \u00e9t\u00e9 en mesure de maintenir constamment sa position de leader dans l\u2019industrie.<\/p>\n<p>Notre mod\u00e8le d\u2019int\u00e9gration verticale est ce qui nous distingue de nos concurrents car il nous accorde une part de march\u00e9 de premier plan avec un acc\u00e8s sans entrave \u00e0 des mati\u00e8res premi\u00e8res de la meilleure qualit\u00e9, des installations de production de pointe et un r\u00e9seau de distribution prolong\u00e9.<\/p>\n<p>En cons\u00e9quence, nos trois secteurs d\u2019activit\u00e9, l\u2019agriculture, la fabrication et la distribution, travaillent en tandem les uns avec les autres, afin de promouvoir l\u2019efficacit\u00e9 et d\u2019assurer les normes les plus \u00e9lev\u00e9es dans tous les domaines de production<\/p>\n                    <\/div>\n                            <\/div>\n            <\/section>\n<\/div>\n","protected":false},"excerpt":{"rendered":"","protected":false},"author":1,"featured_media":0,"parent":0,"menu_order":25,"comment_status":"closed","ping_status":"closed","template":"","meta":{"_acf_changed":false,"inline_featured_image":false,"footnotes":""},"class_list":["post-237","page","type-page","status-publish","hentry"],"acf":[],"yoast_head":"<!-- This site is optimized with the Yoast SEO plugin v26.3 - https:\/\/yoast.com\/wordpress\/plugins\/seo\/ -->\n<title>De la ferme \u00e0 la table - Juhayan2026<\/title>\n<meta name=\"robots\" content=\"noindex, follow, max-snippet:-1, max-image-preview:large, max-video-preview:-1\" \/>\n<meta property=\"og:locale\" content=\"fr_FR\" \/>\n<meta property=\"og:type\" content=\"article\" \/>\n<meta property=\"og:title\" content=\"De la ferme \u00e0 la table - Juhayan2026\" \/>\n<meta property=\"og:url\" content=\"https:\/\/juhayna2026.code95.info\/fr\/de-la-ferme-a-la-table\/\" \/>\n<meta property=\"og:site_name\" content=\"Juhayan2026\" \/>\n<meta property=\"article:publisher\" content=\"https:\/\/www.facebook.com\/JuhaynaDairy\/\" \/>\n<meta property=\"article:modified_time\" content=\"2025-10-30T08:26:12+00:00\" \/>\n<meta name=\"twitter:card\" content=\"summary_large_image\" \/>\n<script type=\"application\/ld+json\" class=\"yoast-schema-graph\">{\"@context\":\"https:\/\/schema.org\",\"@graph\":[{\"@type\":\"WebPage\",\"@id\":\"https:\/\/juhayna2026.code95.info\/fr\/de-la-ferme-a-la-table\/\",\"url\":\"https:\/\/juhayna2026.code95.info\/fr\/de-la-ferme-a-la-table\/\",\"name\":\"De la ferme \u00e0 la table - Juhayan2026\",\"isPartOf\":{\"@id\":\"https:\/\/juhayna2026.code95.info\/fr\/#website\"},\"datePublished\":\"2025-09-18T09:23:00+00:00\",\"dateModified\":\"2025-10-30T08:26:12+00:00\",\"breadcrumb\":{\"@id\":\"https:\/\/juhayna2026.code95.info\/fr\/de-la-ferme-a-la-table\/#breadcrumb\"},\"inLanguage\":\"fr-FR\",\"potentialAction\":[{\"@type\":\"ReadAction\",\"target\":[\"https:\/\/juhayna2026.code95.info\/fr\/de-la-ferme-a-la-table\/\"]}]},{\"@type\":\"BreadcrumbList\",\"@id\":\"https:\/\/juhayna2026.code95.info\/fr\/de-la-ferme-a-la-table\/#breadcrumb\",\"itemListElement\":[{\"@type\":\"ListItem\",\"position\":1,\"name\":\"Home\",\"item\":\"https:\/\/juhayna2026.code95.info\/fr\/\"},{\"@type\":\"ListItem\",\"position\":2,\"name\":\"De la ferme \u00e0 la table\"}]},{\"@type\":\"WebSite\",\"@id\":\"https:\/\/juhayna2026.code95.info\/fr\/#website\",\"url\":\"https:\/\/juhayna2026.code95.info\/fr\/\",\"name\":\"Juhayan2026\",\"description\":\"\",\"publisher\":{\"@id\":\"https:\/\/juhayna2026.code95.info\/fr\/#organization\"},\"potentialAction\":[{\"@type\":\"SearchAction\",\"target\":{\"@type\":\"EntryPoint\",\"urlTemplate\":\"https:\/\/juhayna2026.code95.info\/fr\/?s={search_term_string}\"},\"query-input\":{\"@type\":\"PropertyValueSpecification\",\"valueRequired\":true,\"valueName\":\"search_term_string\"}}],\"inLanguage\":\"fr-FR\"},{\"@type\":\"Organization\",\"@id\":\"https:\/\/juhayna2026.code95.info\/fr\/#organization\",\"name\":\"Juhayan2026\",\"url\":\"https:\/\/juhayna2026.code95.info\/fr\/\",\"logo\":{\"@type\":\"ImageObject\",\"inLanguage\":\"fr-FR\",\"@id\":\"https:\/\/juhayna2026.code95.info\/fr\/#\/schema\/logo\/image\/\",\"url\":\"https:\/\/juhayna2026.code95.info\/app\/uploads\/2025\/09\/1572854222_509_8296_msicon144x144.png\",\"contentUrl\":\"https:\/\/juhayna2026.code95.info\/app\/uploads\/2025\/09\/1572854222_509_8296_msicon144x144.png\",\"width\":144,\"height\":144,\"caption\":\"Juhayan2026\"},\"image\":{\"@id\":\"https:\/\/juhayna2026.code95.info\/fr\/#\/schema\/logo\/image\/\"},\"sameAs\":[\"https:\/\/www.facebook.com\/JuhaynaDairy\/\",\"https:\/\/www.instagram.com\/juhaynaclassics\/?hl=en\",\"https:\/\/www.youtube.com\/channel\/UCDr8Hr5lbiXNoN7g59xHGsA\",\"https:\/\/www.linkedin.com\/company\/juhayna-food-industries\/\"]}]}<\/script>\n<!-- \/ Yoast SEO plugin. -->","yoast_head_json":{"title":"De la ferme \u00e0 la table - Juhayan2026","robots":{"index":"noindex","follow":"follow","max-snippet":"max-snippet:-1","max-image-preview":"max-image-preview:large","max-video-preview":"max-video-preview:-1"},"og_locale":"fr_FR","og_type":"article","og_title":"De la ferme \u00e0 la table - Juhayan2026","og_url":"https:\/\/juhayna2026.code95.info\/fr\/de-la-ferme-a-la-table\/","og_site_name":"Juhayan2026","article_publisher":"https:\/\/www.facebook.com\/JuhaynaDairy\/","article_modified_time":"2025-10-30T08:26:12+00:00","twitter_card":"summary_large_image","schema":{"@context":"https:\/\/schema.org","@graph":[{"@type":"WebPage","@id":"https:\/\/juhayna2026.code95.info\/fr\/de-la-ferme-a-la-table\/","url":"https:\/\/juhayna2026.code95.info\/fr\/de-la-ferme-a-la-table\/","name":"De la ferme \u00e0 la table - Juhayan2026","isPartOf":{"@id":"https:\/\/juhayna2026.code95.info\/fr\/#website"},"datePublished":"2025-09-18T09:23:00+00:00","dateModified":"2025-10-30T08:26:12+00:00","breadcrumb":{"@id":"https:\/\/juhayna2026.code95.info\/fr\/de-la-ferme-a-la-table\/#breadcrumb"},"inLanguage":"fr-FR","potentialAction":[{"@type":"ReadAction","target":["https:\/\/juhayna2026.code95.info\/fr\/de-la-ferme-a-la-table\/"]}]},{"@type":"BreadcrumbList","@id":"https:\/\/juhayna2026.code95.info\/fr\/de-la-ferme-a-la-table\/#breadcrumb","itemListElement":[{"@type":"ListItem","position":1,"name":"Home","item":"https:\/\/juhayna2026.code95.info\/fr\/"},{"@type":"ListItem","position":2,"name":"De la ferme \u00e0 la table"}]},{"@type":"WebSite","@id":"https:\/\/juhayna2026.code95.info\/fr\/#website","url":"https:\/\/juhayna2026.code95.info\/fr\/","name":"Juhayan2026","description":"","publisher":{"@id":"https:\/\/juhayna2026.code95.info\/fr\/#organization"},"potentialAction":[{"@type":"SearchAction","target":{"@type":"EntryPoint","urlTemplate":"https:\/\/juhayna2026.code95.info\/fr\/?s={search_term_string}"},"query-input":{"@type":"PropertyValueSpecification","valueRequired":true,"valueName":"search_term_string"}}],"inLanguage":"fr-FR"},{"@type":"Organization","@id":"https:\/\/juhayna2026.code95.info\/fr\/#organization","name":"Juhayan2026","url":"https:\/\/juhayna2026.code95.info\/fr\/","logo":{"@type":"ImageObject","inLanguage":"fr-FR","@id":"https:\/\/juhayna2026.code95.info\/fr\/#\/schema\/logo\/image\/","url":"https:\/\/juhayna2026.code95.info\/app\/uploads\/2025\/09\/1572854222_509_8296_msicon144x144.png","contentUrl":"https:\/\/juhayna2026.code95.info\/app\/uploads\/2025\/09\/1572854222_509_8296_msicon144x144.png","width":144,"height":144,"caption":"Juhayan2026"},"image":{"@id":"https:\/\/juhayna2026.code95.info\/fr\/#\/schema\/logo\/image\/"},"sameAs":["https:\/\/www.facebook.com\/JuhaynaDairy\/","https:\/\/www.instagram.com\/juhaynaclassics\/?hl=en","https:\/\/www.youtube.com\/channel\/UCDr8Hr5lbiXNoN7g59xHGsA","https:\/\/www.linkedin.com\/company\/juhayna-food-industries\/"]}]}},"_links":{"self":[{"href":"https:\/\/juhayna2026.code95.info\/fr\/wp-json\/wp\/v2\/pages\/237","targetHints":{"allow":["GET"]}}],"collection":[{"href":"https:\/\/juhayna2026.code95.info\/fr\/wp-json\/wp\/v2\/pages"}],"about":[{"href":"https:\/\/juhayna2026.code95.info\/fr\/wp-json\/wp\/v2\/types\/page"}],"author":[{"embeddable":true,"href":"https:\/\/juhayna2026.code95.info\/fr\/wp-json\/wp\/v2\/users\/1"}],"replies":[{"embeddable":true,"href":"https:\/\/juhayna2026.code95.info\/fr\/wp-json\/wp\/v2\/comments?post=237"}],"version-history":[{"count":4,"href":"https:\/\/juhayna2026.code95.info\/fr\/wp-json\/wp\/v2\/pages\/237\/revisions"}],"predecessor-version":[{"id":5559,"href":"https:\/\/juhayna2026.code95.info\/fr\/wp-json\/wp\/v2\/pages\/237\/revisions\/5559"}],"wp:attachment":[{"href":"https:\/\/juhayna2026.code95.info\/fr\/wp-json\/wp\/v2\/media?parent=237"}],"curies":[{"name":"wp","href":"https:\/\/api.w.org\/{rel}","templated":true}]}}