{"id":241,"date":"2025-09-18T09:18:42","date_gmt":"2025-09-18T09:18:42","guid":{"rendered":"https:\/\/juhayna2026.code95.info\/?page_id=241"},"modified":"2025-11-13T09:01:31","modified_gmt":"2025-11-13T09:01:31","slug":"commerce-et-distribution","status":"publish","type":"page","link":"https:\/\/juhayna2026.code95.info\/fr\/de-la-ferme-a-la-table\/commerce-et-distribution\/","title":{"rendered":"Distribution"},"content":{"rendered":"<div class=\"banner\">\n    <div class=\"banner-wrapper\">\n                    <div class=\"banner-image\">\n                <img decoding=\"async\" src=\"https:\/\/juhayna2026.code95.info\/app\/uploads\/2025\/10\/2-2.png\"\n                    alt=\"Distribution\" \/>\n                                    <div class=\"banner-overlay\"><\/div>\n                                                    <div class=\"banner-title-container\">\n                                                    <h1 class=\"banner-title\">\n                                Commerce et Distribution                            <\/h1>\n                                                                            <p class=\"banner-description\">Tiba Pour le commerce et la distribution<\/p>\n                                            <\/div>\n                            <\/div>\n            <\/div>\n<\/div>\n\n \n<div class=\"menu-block content-menu-block \"\n     id=\"menu-block-69da2803e9bb0\"\n     data-current-page-id=\"0\"\n     data-parent-page-id=\"237\">\n    <div class=\"container\">\n        <ul id=\"menu-block\" class=\"menu-block-nav\"><li class=\"menu-item menu-item-type-post_type menu-item-object-page list-inline-item text-ellipsis ellipsis-1 \"><a class=\"nav-link text-dovegray py-3\"href=\"https:\/\/juhayna2026.code95.info\/farm-to-fork\/farming\/\">Agriculture<\/a><\/li>\n<li class=\"menu-item menu-item-type-post_type menu-item-object-page list-inline-item text-ellipsis ellipsis-1 \"><a class=\"nav-link text-dovegray py-3\"href=\"https:\/\/juhayna2026.code95.info\/farm-to-fork\/manufacturing\/\">Transformation<\/a><\/li>\n<li class=\"menu-item menu-item-type-post_type menu-item-object-page list-inline-item text-ellipsis ellipsis-1 \"><a class=\"nav-link text-dovegray py-3\"href=\"https:\/\/juhayna2026.code95.info\/farm-to-fork\/distribution\/\">Distribution<\/a><\/li>\n<\/ul>    <\/div>\n<\/div>\n\n\n \n<section class=\"stats-grid-section\" data-animate=\"stats\">\n\n    <div class=\"stats-container\" style=\"padding: 0px 0 0px;\">\n\n        \n        <div class=\"stats-grid stats-grid-count-3\">\n\n            \n                <div class=\"stat-item\" data-anim-group=\"group-2\">\n\n                    <div class=\"stat-image-container\">\n                                                    <div class=\"stat-image\">\n                                <img decoding=\"async\"\n                                    src=\"https:\/\/juhayna2026.code95.info\/app\/uploads\/2025\/10\/Group-287.svg\"\n                                    alt=\"\"\n                                    loading=\"lazy\"\n                                >\n                            <\/div>\n                                            <\/div>\n\n                    <div class=\"stat-content-container\">\n\n                                                    <div class=\"stat-title\">\n                                38 Centres de distribution                            <\/div>\n                        \n                                                    <div class=\"stat-description\">\n                                38 centres de distribution \u00e0 travers le pays\r\n\r\n                            <\/div>\n                        \n                    <\/div>\n\n                <\/div>\n\n            \n                <div class=\"stat-item\" data-anim-group=\"group-1\">\n\n                    <div class=\"stat-image-container\">\n                                                    <div class=\"stat-image\">\n                                <img decoding=\"async\"\n                                    src=\"https:\/\/juhayna2026.code95.info\/app\/uploads\/2025\/10\/Group-287-1.svg\"\n                                    alt=\"\"\n                                    loading=\"lazy\"\n                                >\n                            <\/div>\n                                            <\/div>\n\n                    <div class=\"stat-content-container\">\n\n                                                    <div class=\"stat-title\">\n                                1000 v\u00e9hicules                            <\/div>\n                        \n                                                    <div class=\"stat-description\">\n                                Transport de produits r\u00e9frig\u00e9r\u00e9s et non r\u00e9frig\u00e9r\u00e9s\r\n\r\n                            <\/div>\n                        \n                    <\/div>\n\n                <\/div>\n\n            \n                <div class=\"stat-item\" data-anim-group=\"group-2\">\n\n                    <div class=\"stat-image-container\">\n                                                    <div class=\"stat-image\">\n                                <img decoding=\"async\"\n                                    src=\"https:\/\/juhayna2026.code95.info\/app\/uploads\/2025\/10\/Group-287-2.svg\"\n                                    alt=\"\"\n                                    loading=\"lazy\"\n                                >\n                            <\/div>\n                                            <\/div>\n\n                    <div class=\"stat-content-container\">\n\n                                                    <div class=\"stat-title\">\n                                136,000 points de vente                            <\/div>\n                        \n                                                    <div class=\"stat-description\">\n                                sont servis\r\n\r\n                            <\/div>\n                        \n                    <\/div>\n\n                <\/div>\n\n            \n        <\/div>\n\n    <\/div>\n\n<\/section>\n\n\n\n<section class=\"content-cards-block\">\n    <div class=\"container\">\n                    \n            <div class=\"content-card-item left-image\">\n                <div class=\"card-content\">\n\n                    <div class=\"card-text\">\n                        <div class=\"card-header\">\n                            <h2 class=\"card-heading\">TIBA<\/h2>\n\n                            \n                            <div class=\"subtitle-line\">\n                                <img decoding=\"async\" src=\"https:\/\/juhayna2026.code95.info\/app\/themes\/juhayna-revamp-2026\/resources\/images\/brands\/farm-to-fork\/underline-title.svg\" alt=\"\">\n                            <\/div>\n                        <\/div>\n\n                                                    <div class=\"card-desc\">Avec l\u2019une des plus grandes flottes de distribution de l\u2019industrie \u00e9gyptienne de l\u2019alimentation et des boissons TIBA poss\u00e8de 1000 v\u00e9hicules capables de transporter des produits r\u00e9frig\u00e9r\u00e9s et non r\u00e9frig\u00e9r\u00e9s \u00e0 l\u2019\u00e9chelle nationale38 centres de distribution et atteindre 136 000 points de vente. Nos principaux objectifs sont de maximiser en permanence la capacit\u00e9 de stockage de nos camions et les limites de notre r\u00e9seau; plus nous avons de clients \u00e0 notre port\u00e9e et plus nous pouvons les atteindre efficacement et \u00e0 moindre co\u00fbt mieux nous sommes positionn\u00e9s pour tirer parti des opportunit\u00e9s du march\u00e9.<\/div>\n                        \n                                            <\/div>\n\n                    <div class=\"card-img\">\n                                                    <img decoding=\"async\" src=\"https:\/\/juhayna2026.code95.info\/app\/uploads\/2025\/10\/Mask-group-8.png\" alt=\"\" loading=\"lazy\">\n                                            <\/div>\n\n                <\/div>\n            <\/div>\n\n            <\/div>\n<\/section>\n","protected":false},"excerpt":{"rendered":"","protected":false},"author":1,"featured_media":0,"parent":237,"menu_order":12,"comment_status":"closed","ping_status":"closed","template":"","meta":{"_acf_changed":false,"inline_featured_image":false,"footnotes":""},"class_list":["post-241","page","type-page","status-publish","hentry"],"acf":[],"yoast_head":"<!-- This site is optimized with the Yoast SEO plugin v26.3 - https:\/\/yoast.com\/wordpress\/plugins\/seo\/ -->\n<title>Distribution - Juhayan2026<\/title>\n<meta name=\"robots\" content=\"noindex, follow, max-snippet:-1, max-image-preview:large, max-video-preview:-1\" \/>\n<meta property=\"og:locale\" content=\"fr_FR\" \/>\n<meta property=\"og:type\" content=\"article\" \/>\n<meta property=\"og:title\" content=\"Distribution - Juhayan2026\" \/>\n<meta property=\"og:url\" content=\"https:\/\/juhayna2026.code95.info\/fr\/de-la-ferme-a-la-table\/commerce-et-distribution\/\" \/>\n<meta property=\"og:site_name\" content=\"Juhayan2026\" \/>\n<meta property=\"article:publisher\" content=\"https:\/\/www.facebook.com\/JuhaynaDairy\/\" \/>\n<meta property=\"article:modified_time\" content=\"2025-11-13T09:01:31+00:00\" \/>\n<meta name=\"twitter:card\" content=\"summary_large_image\" \/>\n<script type=\"application\/ld+json\" class=\"yoast-schema-graph\">{\"@context\":\"https:\/\/schema.org\",\"@graph\":[{\"@type\":\"WebPage\",\"@id\":\"https:\/\/juhayna2026.code95.info\/fr\/de-la-ferme-a-la-table\/commerce-et-distribution\/\",\"url\":\"https:\/\/juhayna2026.code95.info\/fr\/de-la-ferme-a-la-table\/commerce-et-distribution\/\",\"name\":\"Distribution - Juhayan2026\",\"isPartOf\":{\"@id\":\"https:\/\/juhayna2026.code95.info\/fr\/#website\"},\"datePublished\":\"2025-09-18T09:18:42+00:00\",\"dateModified\":\"2025-11-13T09:01:31+00:00\",\"breadcrumb\":{\"@id\":\"https:\/\/juhayna2026.code95.info\/fr\/de-la-ferme-a-la-table\/commerce-et-distribution\/#breadcrumb\"},\"inLanguage\":\"fr-FR\",\"potentialAction\":[{\"@type\":\"ReadAction\",\"target\":[\"https:\/\/juhayna2026.code95.info\/fr\/de-la-ferme-a-la-table\/commerce-et-distribution\/\"]}]},{\"@type\":\"BreadcrumbList\",\"@id\":\"https:\/\/juhayna2026.code95.info\/fr\/de-la-ferme-a-la-table\/commerce-et-distribution\/#breadcrumb\",\"itemListElement\":[{\"@type\":\"ListItem\",\"position\":1,\"name\":\"Home\",\"item\":\"https:\/\/juhayna2026.code95.info\/fr\/\"},{\"@type\":\"ListItem\",\"position\":2,\"name\":\"Distribution\"}]},{\"@type\":\"WebSite\",\"@id\":\"https:\/\/juhayna2026.code95.info\/fr\/#website\",\"url\":\"https:\/\/juhayna2026.code95.info\/fr\/\",\"name\":\"Juhayan2026\",\"description\":\"\",\"publisher\":{\"@id\":\"https:\/\/juhayna2026.code95.info\/fr\/#organization\"},\"potentialAction\":[{\"@type\":\"SearchAction\",\"target\":{\"@type\":\"EntryPoint\",\"urlTemplate\":\"https:\/\/juhayna2026.code95.info\/fr\/?s={search_term_string}\"},\"query-input\":{\"@type\":\"PropertyValueSpecification\",\"valueRequired\":true,\"valueName\":\"search_term_string\"}}],\"inLanguage\":\"fr-FR\"},{\"@type\":\"Organization\",\"@id\":\"https:\/\/juhayna2026.code95.info\/fr\/#organization\",\"name\":\"Juhayan2026\",\"url\":\"https:\/\/juhayna2026.code95.info\/fr\/\",\"logo\":{\"@type\":\"ImageObject\",\"inLanguage\":\"fr-FR\",\"@id\":\"https:\/\/juhayna2026.code95.info\/fr\/#\/schema\/logo\/image\/\",\"url\":\"https:\/\/juhayna2026.code95.info\/app\/uploads\/2025\/09\/1572854222_509_8296_msicon144x144.png\",\"contentUrl\":\"https:\/\/juhayna2026.code95.info\/app\/uploads\/2025\/09\/1572854222_509_8296_msicon144x144.png\",\"width\":144,\"height\":144,\"caption\":\"Juhayan2026\"},\"image\":{\"@id\":\"https:\/\/juhayna2026.code95.info\/fr\/#\/schema\/logo\/image\/\"},\"sameAs\":[\"https:\/\/www.facebook.com\/JuhaynaDairy\/\",\"https:\/\/www.instagram.com\/juhaynaclassics\/?hl=en\",\"https:\/\/www.youtube.com\/channel\/UCDr8Hr5lbiXNoN7g59xHGsA\",\"https:\/\/www.linkedin.com\/company\/juhayna-food-industries\/\"]}]}<\/script>\n<!-- \/ Yoast SEO plugin. -->","yoast_head_json":{"title":"Distribution - Juhayan2026","robots":{"index":"noindex","follow":"follow","max-snippet":"max-snippet:-1","max-image-preview":"max-image-preview:large","max-video-preview":"max-video-preview:-1"},"og_locale":"fr_FR","og_type":"article","og_title":"Distribution - Juhayan2026","og_url":"https:\/\/juhayna2026.code95.info\/fr\/de-la-ferme-a-la-table\/commerce-et-distribution\/","og_site_name":"Juhayan2026","article_publisher":"https:\/\/www.facebook.com\/JuhaynaDairy\/","article_modified_time":"2025-11-13T09:01:31+00:00","twitter_card":"summary_large_image","schema":{"@context":"https:\/\/schema.org","@graph":[{"@type":"WebPage","@id":"https:\/\/juhayna2026.code95.info\/fr\/de-la-ferme-a-la-table\/commerce-et-distribution\/","url":"https:\/\/juhayna2026.code95.info\/fr\/de-la-ferme-a-la-table\/commerce-et-distribution\/","name":"Distribution - Juhayan2026","isPartOf":{"@id":"https:\/\/juhayna2026.code95.info\/fr\/#website"},"datePublished":"2025-09-18T09:18:42+00:00","dateModified":"2025-11-13T09:01:31+00:00","breadcrumb":{"@id":"https:\/\/juhayna2026.code95.info\/fr\/de-la-ferme-a-la-table\/commerce-et-distribution\/#breadcrumb"},"inLanguage":"fr-FR","potentialAction":[{"@type":"ReadAction","target":["https:\/\/juhayna2026.code95.info\/fr\/de-la-ferme-a-la-table\/commerce-et-distribution\/"]}]},{"@type":"BreadcrumbList","@id":"https:\/\/juhayna2026.code95.info\/fr\/de-la-ferme-a-la-table\/commerce-et-distribution\/#breadcrumb","itemListElement":[{"@type":"ListItem","position":1,"name":"Home","item":"https:\/\/juhayna2026.code95.info\/fr\/"},{"@type":"ListItem","position":2,"name":"Distribution"}]},{"@type":"WebSite","@id":"https:\/\/juhayna2026.code95.info\/fr\/#website","url":"https:\/\/juhayna2026.code95.info\/fr\/","name":"Juhayan2026","description":"","publisher":{"@id":"https:\/\/juhayna2026.code95.info\/fr\/#organization"},"potentialAction":[{"@type":"SearchAction","target":{"@type":"EntryPoint","urlTemplate":"https:\/\/juhayna2026.code95.info\/fr\/?s={search_term_string}"},"query-input":{"@type":"PropertyValueSpecification","valueRequired":true,"valueName":"search_term_string"}}],"inLanguage":"fr-FR"},{"@type":"Organization","@id":"https:\/\/juhayna2026.code95.info\/fr\/#organization","name":"Juhayan2026","url":"https:\/\/juhayna2026.code95.info\/fr\/","logo":{"@type":"ImageObject","inLanguage":"fr-FR","@id":"https:\/\/juhayna2026.code95.info\/fr\/#\/schema\/logo\/image\/","url":"https:\/\/juhayna2026.code95.info\/app\/uploads\/2025\/09\/1572854222_509_8296_msicon144x144.png","contentUrl":"https:\/\/juhayna2026.code95.info\/app\/uploads\/2025\/09\/1572854222_509_8296_msicon144x144.png","width":144,"height":144,"caption":"Juhayan2026"},"image":{"@id":"https:\/\/juhayna2026.code95.info\/fr\/#\/schema\/logo\/image\/"},"sameAs":["https:\/\/www.facebook.com\/JuhaynaDairy\/","https:\/\/www.instagram.com\/juhaynaclassics\/?hl=en","https:\/\/www.youtube.com\/channel\/UCDr8Hr5lbiXNoN7g59xHGsA","https:\/\/www.linkedin.com\/company\/juhayna-food-industries\/"]}]}},"_links":{"self":[{"href":"https:\/\/juhayna2026.code95.info\/fr\/wp-json\/wp\/v2\/pages\/241","targetHints":{"allow":["GET"]}}],"collection":[{"href":"https:\/\/juhayna2026.code95.info\/fr\/wp-json\/wp\/v2\/pages"}],"about":[{"href":"https:\/\/juhayna2026.code95.info\/fr\/wp-json\/wp\/v2\/types\/page"}],"author":[{"embeddable":true,"href":"https:\/\/juhayna2026.code95.info\/fr\/wp-json\/wp\/v2\/users\/1"}],"replies":[{"embeddable":true,"href":"https:\/\/juhayna2026.code95.info\/fr\/wp-json\/wp\/v2\/comments?post=241"}],"version-history":[{"count":8,"href":"https:\/\/juhayna2026.code95.info\/fr\/wp-json\/wp\/v2\/pages\/241\/revisions"}],"predecessor-version":[{"id":8136,"href":"https:\/\/juhayna2026.code95.info\/fr\/wp-json\/wp\/v2\/pages\/241\/revisions\/8136"}],"up":[{"embeddable":true,"href":"https:\/\/juhayna2026.code95.info\/fr\/wp-json\/wp\/v2\/pages\/237"}],"wp:attachment":[{"href":"https:\/\/juhayna2026.code95.info\/fr\/wp-json\/wp\/v2\/media?parent=241"}],"curies":[{"name":"wp","href":"https:\/\/api.w.org\/{rel}","templated":true}]}}