{"id":249,"date":"2025-09-18T09:18:21","date_gmt":"2025-09-18T09:18:21","guid":{"rendered":"https:\/\/juhayna2026.code95.info\/?page_id=249"},"modified":"2025-10-30T08:29:25","modified_gmt":"2025-10-30T08:29:25","slug":"transformation","status":"publish","type":"page","link":"https:\/\/juhayna2026.code95.info\/fr\/de-la-ferme-a-la-table\/transformation\/","title":{"rendered":"Transformation"},"content":{"rendered":"<div class=\"banner\">\n    <div class=\"banner-wrapper\">\n                    <div class=\"banner-image\">\n                <img decoding=\"async\" src=\"https:\/\/juhayna2026.code95.info\/app\/uploads\/2025\/10\/7L8A9462-1.png\"\n                    alt=\"Transformation\" \/>\n                                    <div class=\"banner-overlay\"><\/div>\n                                                    <div class=\"banner-title-container\">\n                                                    <h1 class=\"banner-title\">\n                                Transformation                            <\/h1>\n                                                                            <p class=\"banner-description\">Toujours au c\u0153ur de nos activit\u00e9s<\/p>\n                                            <\/div>\n                            <\/div>\n            <\/div>\n<\/div>\n\n \n<div class=\"menu-block content-menu-block \"\n     id=\"menu-block-69da27f93c9bb\"\n     data-current-page-id=\"0\"\n     data-parent-page-id=\"237\">\n    <div class=\"container\">\n        <ul id=\"menu-block\" class=\"menu-block-nav\"><li class=\"menu-item menu-item-type-post_type menu-item-object-page list-inline-item text-ellipsis ellipsis-1 \"><a class=\"nav-link text-dovegray py-3\"href=\"https:\/\/juhayna2026.code95.info\/farm-to-fork\/farming\/\">Agriculture<\/a><\/li>\n<li class=\"menu-item menu-item-type-post_type menu-item-object-page list-inline-item text-ellipsis ellipsis-1 \"><a class=\"nav-link text-dovegray py-3\"href=\"https:\/\/juhayna2026.code95.info\/farm-to-fork\/manufacturing\/\">Transformation<\/a><\/li>\n<li class=\"menu-item menu-item-type-post_type menu-item-object-page list-inline-item text-ellipsis ellipsis-1 \"><a class=\"nav-link text-dovegray py-3\"href=\"https:\/\/juhayna2026.code95.info\/farm-to-fork\/distribution\/\">Distribution<\/a><\/li>\n<\/ul>    <\/div>\n<\/div>\n\n\n\n<div class=\"container\">\n    <section class=\"juhayna-heading-section juhayna-heading-style-1 juhayna-heading-weight-bold\">\n                    <!-- STYLES 1-8: Title + Description -->\n            <div class=\"juhayna-heading-content\">\n                                    <h2 class=\"juhayna-heading-title\">Notre engagement \u00e0 fournir des produits sains et s\u00fbrs \u00e0 nos consommateurs tout en restant \u00e0 la pointe des techniques de production modernes commence par la s\u00e9curisation des mati\u00e8res premi\u00e8res de la plus haute qualit\u00e9 et se poursuit avec nos installations de production de pointe.<\/h2>\n                \n                                    <div class=\"juhayna-heading-description\">\n                        <p>Juhayna utilise les technologies les plus avanc\u00e9es disponibles pour assurer l\u2019int\u00e9grit\u00e9 de ses produits tout au long du cycle de production. Des processus de d\u00e9veloppement et de criblage minutieux sont men\u00e9s dans les quatre usines de fabrication de l\u2019entreprise, chacune \u00e9tant sp\u00e9cialis\u00e9e dans une gamme unique de produits.<\/p>\n<p>Nous avons d\u00e9velopp\u00e9 des partenariats strat\u00e9giques avec des fournisseurs mondiaux de premier plan pour acqu\u00e9rir des technologies de pointe et automatiser enti\u00e8rement nos usines. En cons\u00e9quence, toutes nos usines fonctionnent selon les meilleures pratiques de production et normes de qualit\u00e9 mondiales, qui ont attribu\u00e9 \u00e0 l\u2019entreprise des certificats internationaux de reconnaissance et d\u2019accr\u00e9ditation.<\/p>\n                    <\/div>\n                            <\/div>\n            <\/section>\n<\/div>\n\n\n\n<section class=\"factory-posts-block\">\n    <div class=\"container\">\n\n                    \n            <div class=\"factory-posts-item right-image\">\n                <div class=\"section-content\">\n\n                    <div class=\"section-text\">\n                        <div class=\"section-header\">\n                            <h2 class=\"section-heading\">Usine El Dawleya<\/h2>\n\n                                                            <span class=\"section-subtitle\">L\u2019un des plus grands complexes industriels d\u2019Egypte et de la r\u00e9gion MENA.<\/span>\n                                <div class=\"subtitle-underline\">\n                                    <img decoding=\"async\" src=\"https:\/\/juhayna2026.code95.info\/app\/themes\/juhayna-revamp-2026\/resources\/images\/brands\/farm-to-fork\/underline-title.svg\" alt=\"Decorative underline\">\n                                <\/div>\n                                                    <\/div>\n\n                                                    <div class=\"section-description\">El Dawleya est l\u2019un des plus grands complexes industriels d\u2019\u00c9gypte et de la r\u00e9gion MENA. Op\u00e9rationnelle depuis 2009, cette usine phare est principalement d\u00e9di\u00e9e \u00e0&#8230;<\/div>\n                        \n                        <div class=\"see-more-button\">\n                            <a href=\"https:\/\/juhayna2026.code95.info\/fr\/factories\/el-dawleya-factory\/\" class=\"see-more-btn\" aria-label=\"Learn more about Usine El Dawleya\">\n                                <span class=\"see-more-text\">Voir plus<\/span>\n                                <div class=\"see-more-arrow\">\n                                    <img decoding=\"async\" src=\"https:\/\/juhayna2026.code95.info\/app\/themes\/juhayna-revamp-2026\/resources\/images\/common-img\/see-more-arrw.svg\" alt=\"\" aria-hidden=\"true\">\n                                <\/div>\n                                <div class=\"see-more-underline\">\n                                    <img decoding=\"async\" src=\"https:\/\/juhayna2026.code95.info\/app\/themes\/juhayna-revamp-2026\/resources\/images\/common-img\/see-more.svg\" alt=\"\" aria-hidden=\"true\">\n                                <\/div>\n                            <\/a>\n                        <\/div>\n                    <\/div>\n\n                    <div class=\"section-image\">\n                                                    <img decoding=\"async\" src=\"https:\/\/juhayna2026.code95.info\/app\/uploads\/2025\/10\/Mask-group-2.png\" alt=\"\" loading=\"lazy\">\n                                            <\/div>\n\n                <\/div>\n            <\/div>\n\n                    \n            <div class=\"factory-posts-item left-image\">\n                <div class=\"section-content\">\n\n                    <div class=\"section-text\">\n                        <div class=\"section-header\">\n                            <h2 class=\"section-heading\">El Marwa et L\u2019usine Modern Concentrate<\/h2>\n\n                                                            <span class=\"section-subtitle\">Fond\u00e9e tout d\u2019abord en 1998<\/span>\n                                <div class=\"subtitle-underline\">\n                                    <img decoding=\"async\" src=\"https:\/\/juhayna2026.code95.info\/app\/themes\/juhayna-revamp-2026\/resources\/images\/brands\/farm-to-fork\/underline-title.svg\" alt=\"Decorative underline\">\n                                <\/div>\n                                                    <\/div>\n\n                                                    <div class=\"section-description\">Cr\u00e9\u00e9e initialement en 1998, l\u2019usine El Marwa de Juhayna a \u00e9t\u00e9 modernis\u00e9e et mise \u00e0 niveau pour int\u00e9grer aujourd\u2019hui les technologies de fabrication les plus&#8230;<\/div>\n                        \n                        <div class=\"see-more-button\">\n                            <a href=\"https:\/\/juhayna2026.code95.info\/fr\/factories\/el-marwa-factory\/\" class=\"see-more-btn\" aria-label=\"Learn more about El Marwa et L\u2019usine Modern Concentrate\">\n                                <span class=\"see-more-text\">Voir plus<\/span>\n                                <div class=\"see-more-arrow\">\n                                    <img decoding=\"async\" src=\"https:\/\/juhayna2026.code95.info\/app\/themes\/juhayna-revamp-2026\/resources\/images\/common-img\/see-more-arrw.svg\" alt=\"\" aria-hidden=\"true\">\n                                <\/div>\n                                <div class=\"see-more-underline\">\n                                    <img decoding=\"async\" src=\"https:\/\/juhayna2026.code95.info\/app\/themes\/juhayna-revamp-2026\/resources\/images\/common-img\/see-more.svg\" alt=\"\" aria-hidden=\"true\">\n                                <\/div>\n                            <\/a>\n                        <\/div>\n                    <\/div>\n\n                    <div class=\"section-image\">\n                                                    <img decoding=\"async\" src=\"https:\/\/juhayna2026.code95.info\/app\/uploads\/2025\/10\/Group_215.png\" alt=\"\" loading=\"lazy\">\n                                            <\/div>\n\n                <\/div>\n            <\/div>\n\n                    \n            <div class=\"factory-posts-item right-image\">\n                <div class=\"section-content\">\n\n                    <div class=\"section-text\">\n                        <div class=\"section-header\">\n                            <h2 class=\"section-heading\">L\u2019Usine El Masreya<\/h2>\n\n                                                            <span class=\"section-subtitle\">acquis en 2005<\/span>\n                                <div class=\"subtitle-underline\">\n                                    <img decoding=\"async\" src=\"https:\/\/juhayna2026.code95.info\/app\/themes\/juhayna-revamp-2026\/resources\/images\/brands\/farm-to-fork\/underline-title.svg\" alt=\"Decorative underline\">\n                                <\/div>\n                                                    <\/div>\n\n                                                    <div class=\"section-description\">En raison de notre volont\u00e9 de d\u00e9velopper nos capacit\u00e9s de production en interne, mais \u00e9galement pour satisfaire la demande grandissante de produits Juhayna, nous avons&#8230;<\/div>\n                        \n                        <div class=\"see-more-button\">\n                            <a href=\"https:\/\/juhayna2026.code95.info\/fr\/factories\/el-masreya-factory\/\" class=\"see-more-btn\" aria-label=\"Learn more about L\u2019Usine El Masreya\">\n                                <span class=\"see-more-text\">Voir plus<\/span>\n                                <div class=\"see-more-arrow\">\n                                    <img decoding=\"async\" src=\"https:\/\/juhayna2026.code95.info\/app\/themes\/juhayna-revamp-2026\/resources\/images\/common-img\/see-more-arrw.svg\" alt=\"\" aria-hidden=\"true\">\n                                <\/div>\n                                <div class=\"see-more-underline\">\n                                    <img decoding=\"async\" src=\"https:\/\/juhayna2026.code95.info\/app\/themes\/juhayna-revamp-2026\/resources\/images\/common-img\/see-more.svg\" alt=\"\" aria-hidden=\"true\">\n                                <\/div>\n                            <\/a>\n                        <\/div>\n                    <\/div>\n\n                    <div class=\"section-image\">\n                                                    <img decoding=\"async\" src=\"https:\/\/juhayna2026.code95.info\/app\/uploads\/2025\/10\/Mask-group-4.png\" alt=\"\" loading=\"lazy\">\n                                            <\/div>\n\n                <\/div>\n            <\/div>\n\n                    \n            <div class=\"factory-posts-item left-image\">\n                <div class=\"section-content\">\n\n                    <div class=\"section-text\">\n                        <div class=\"section-header\">\n                            <h2 class=\"section-heading\">EgyFood<\/h2>\n\n                                                            <span class=\"section-subtitle\">Yaourts et boissons au yaourt<\/span>\n                                <div class=\"subtitle-underline\">\n                                    <img decoding=\"async\" src=\"https:\/\/juhayna2026.code95.info\/app\/themes\/juhayna-revamp-2026\/resources\/images\/brands\/farm-to-fork\/underline-title.svg\" alt=\"Decorative underline\">\n                                <\/div>\n                                                    <\/div>\n\n                                                    <div class=\"section-description\">La constamment renouvel\u00e9e gamme de yaourts et yaourts \u00e0 boire Juhayna, comprenant Rayeb et Zabado, est transform\u00e9e dans deux nouveaux centres dot\u00e9s de technologies de&#8230;<\/div>\n                        \n                        <div class=\"see-more-button\">\n                            <a href=\"https:\/\/juhayna2026.code95.info\/fr\/factories\/egyfood\/\" class=\"see-more-btn\" aria-label=\"Learn more about EgyFood\">\n                                <span class=\"see-more-text\">Voir plus<\/span>\n                                <div class=\"see-more-arrow\">\n                                    <img decoding=\"async\" src=\"https:\/\/juhayna2026.code95.info\/app\/themes\/juhayna-revamp-2026\/resources\/images\/common-img\/see-more-arrw.svg\" alt=\"\" aria-hidden=\"true\">\n                                <\/div>\n                                <div class=\"see-more-underline\">\n                                    <img decoding=\"async\" src=\"https:\/\/juhayna2026.code95.info\/app\/themes\/juhayna-revamp-2026\/resources\/images\/common-img\/see-more.svg\" alt=\"\" aria-hidden=\"true\">\n                                <\/div>\n                            <\/a>\n                        <\/div>\n                    <\/div>\n\n                    <div class=\"section-image\">\n                                                    <img decoding=\"async\" src=\"https:\/\/juhayna2026.code95.info\/app\/uploads\/2025\/10\/Mask-group-5.png\" alt=\"\" loading=\"lazy\">\n                                            <\/div>\n\n                <\/div>\n            <\/div>\n\n        \n    <\/div>\n<\/section>\n\n\n\n<p><\/p>\n","protected":false},"excerpt":{"rendered":"","protected":false},"author":1,"featured_media":0,"parent":237,"menu_order":9,"comment_status":"closed","ping_status":"closed","template":"","meta":{"_acf_changed":false,"inline_featured_image":false,"footnotes":""},"class_list":["post-249","page","type-page","status-publish","hentry"],"acf":[],"yoast_head":"<!-- This site is optimized with the Yoast SEO plugin v26.3 - https:\/\/yoast.com\/wordpress\/plugins\/seo\/ -->\n<title>Transformation - Juhayan2026<\/title>\n<meta name=\"robots\" content=\"noindex, follow, max-snippet:-1, max-image-preview:large, max-video-preview:-1\" \/>\n<meta property=\"og:locale\" content=\"fr_FR\" \/>\n<meta property=\"og:type\" content=\"article\" \/>\n<meta property=\"og:title\" content=\"Transformation - Juhayan2026\" \/>\n<meta property=\"og:url\" content=\"https:\/\/juhayna2026.code95.info\/fr\/de-la-ferme-a-la-table\/transformation\/\" \/>\n<meta property=\"og:site_name\" content=\"Juhayan2026\" \/>\n<meta property=\"article:publisher\" content=\"https:\/\/www.facebook.com\/JuhaynaDairy\/\" \/>\n<meta property=\"article:modified_time\" content=\"2025-10-30T08:29:25+00:00\" \/>\n<meta name=\"twitter:card\" content=\"summary_large_image\" \/>\n<script type=\"application\/ld+json\" class=\"yoast-schema-graph\">{\"@context\":\"https:\/\/schema.org\",\"@graph\":[{\"@type\":\"WebPage\",\"@id\":\"https:\/\/juhayna2026.code95.info\/fr\/de-la-ferme-a-la-table\/transformation\/\",\"url\":\"https:\/\/juhayna2026.code95.info\/fr\/de-la-ferme-a-la-table\/transformation\/\",\"name\":\"Transformation - Juhayan2026\",\"isPartOf\":{\"@id\":\"https:\/\/juhayna2026.code95.info\/fr\/#website\"},\"datePublished\":\"2025-09-18T09:18:21+00:00\",\"dateModified\":\"2025-10-30T08:29:25+00:00\",\"breadcrumb\":{\"@id\":\"https:\/\/juhayna2026.code95.info\/fr\/de-la-ferme-a-la-table\/transformation\/#breadcrumb\"},\"inLanguage\":\"fr-FR\",\"potentialAction\":[{\"@type\":\"ReadAction\",\"target\":[\"https:\/\/juhayna2026.code95.info\/fr\/de-la-ferme-a-la-table\/transformation\/\"]}]},{\"@type\":\"BreadcrumbList\",\"@id\":\"https:\/\/juhayna2026.code95.info\/fr\/de-la-ferme-a-la-table\/transformation\/#breadcrumb\",\"itemListElement\":[{\"@type\":\"ListItem\",\"position\":1,\"name\":\"Home\",\"item\":\"https:\/\/juhayna2026.code95.info\/fr\/\"},{\"@type\":\"ListItem\",\"position\":2,\"name\":\"Transformation\"}]},{\"@type\":\"WebSite\",\"@id\":\"https:\/\/juhayna2026.code95.info\/fr\/#website\",\"url\":\"https:\/\/juhayna2026.code95.info\/fr\/\",\"name\":\"Juhayan2026\",\"description\":\"\",\"publisher\":{\"@id\":\"https:\/\/juhayna2026.code95.info\/fr\/#organization\"},\"potentialAction\":[{\"@type\":\"SearchAction\",\"target\":{\"@type\":\"EntryPoint\",\"urlTemplate\":\"https:\/\/juhayna2026.code95.info\/fr\/?s={search_term_string}\"},\"query-input\":{\"@type\":\"PropertyValueSpecification\",\"valueRequired\":true,\"valueName\":\"search_term_string\"}}],\"inLanguage\":\"fr-FR\"},{\"@type\":\"Organization\",\"@id\":\"https:\/\/juhayna2026.code95.info\/fr\/#organization\",\"name\":\"Juhayan2026\",\"url\":\"https:\/\/juhayna2026.code95.info\/fr\/\",\"logo\":{\"@type\":\"ImageObject\",\"inLanguage\":\"fr-FR\",\"@id\":\"https:\/\/juhayna2026.code95.info\/fr\/#\/schema\/logo\/image\/\",\"url\":\"https:\/\/juhayna2026.code95.info\/app\/uploads\/2025\/09\/1572854222_509_8296_msicon144x144.png\",\"contentUrl\":\"https:\/\/juhayna2026.code95.info\/app\/uploads\/2025\/09\/1572854222_509_8296_msicon144x144.png\",\"width\":144,\"height\":144,\"caption\":\"Juhayan2026\"},\"image\":{\"@id\":\"https:\/\/juhayna2026.code95.info\/fr\/#\/schema\/logo\/image\/\"},\"sameAs\":[\"https:\/\/www.facebook.com\/JuhaynaDairy\/\",\"https:\/\/www.instagram.com\/juhaynaclassics\/?hl=en\",\"https:\/\/www.youtube.com\/channel\/UCDr8Hr5lbiXNoN7g59xHGsA\",\"https:\/\/www.linkedin.com\/company\/juhayna-food-industries\/\"]}]}<\/script>\n<!-- \/ Yoast SEO plugin. -->","yoast_head_json":{"title":"Transformation - Juhayan2026","robots":{"index":"noindex","follow":"follow","max-snippet":"max-snippet:-1","max-image-preview":"max-image-preview:large","max-video-preview":"max-video-preview:-1"},"og_locale":"fr_FR","og_type":"article","og_title":"Transformation - Juhayan2026","og_url":"https:\/\/juhayna2026.code95.info\/fr\/de-la-ferme-a-la-table\/transformation\/","og_site_name":"Juhayan2026","article_publisher":"https:\/\/www.facebook.com\/JuhaynaDairy\/","article_modified_time":"2025-10-30T08:29:25+00:00","twitter_card":"summary_large_image","schema":{"@context":"https:\/\/schema.org","@graph":[{"@type":"WebPage","@id":"https:\/\/juhayna2026.code95.info\/fr\/de-la-ferme-a-la-table\/transformation\/","url":"https:\/\/juhayna2026.code95.info\/fr\/de-la-ferme-a-la-table\/transformation\/","name":"Transformation - Juhayan2026","isPartOf":{"@id":"https:\/\/juhayna2026.code95.info\/fr\/#website"},"datePublished":"2025-09-18T09:18:21+00:00","dateModified":"2025-10-30T08:29:25+00:00","breadcrumb":{"@id":"https:\/\/juhayna2026.code95.info\/fr\/de-la-ferme-a-la-table\/transformation\/#breadcrumb"},"inLanguage":"fr-FR","potentialAction":[{"@type":"ReadAction","target":["https:\/\/juhayna2026.code95.info\/fr\/de-la-ferme-a-la-table\/transformation\/"]}]},{"@type":"BreadcrumbList","@id":"https:\/\/juhayna2026.code95.info\/fr\/de-la-ferme-a-la-table\/transformation\/#breadcrumb","itemListElement":[{"@type":"ListItem","position":1,"name":"Home","item":"https:\/\/juhayna2026.code95.info\/fr\/"},{"@type":"ListItem","position":2,"name":"Transformation"}]},{"@type":"WebSite","@id":"https:\/\/juhayna2026.code95.info\/fr\/#website","url":"https:\/\/juhayna2026.code95.info\/fr\/","name":"Juhayan2026","description":"","publisher":{"@id":"https:\/\/juhayna2026.code95.info\/fr\/#organization"},"potentialAction":[{"@type":"SearchAction","target":{"@type":"EntryPoint","urlTemplate":"https:\/\/juhayna2026.code95.info\/fr\/?s={search_term_string}"},"query-input":{"@type":"PropertyValueSpecification","valueRequired":true,"valueName":"search_term_string"}}],"inLanguage":"fr-FR"},{"@type":"Organization","@id":"https:\/\/juhayna2026.code95.info\/fr\/#organization","name":"Juhayan2026","url":"https:\/\/juhayna2026.code95.info\/fr\/","logo":{"@type":"ImageObject","inLanguage":"fr-FR","@id":"https:\/\/juhayna2026.code95.info\/fr\/#\/schema\/logo\/image\/","url":"https:\/\/juhayna2026.code95.info\/app\/uploads\/2025\/09\/1572854222_509_8296_msicon144x144.png","contentUrl":"https:\/\/juhayna2026.code95.info\/app\/uploads\/2025\/09\/1572854222_509_8296_msicon144x144.png","width":144,"height":144,"caption":"Juhayan2026"},"image":{"@id":"https:\/\/juhayna2026.code95.info\/fr\/#\/schema\/logo\/image\/"},"sameAs":["https:\/\/www.facebook.com\/JuhaynaDairy\/","https:\/\/www.instagram.com\/juhaynaclassics\/?hl=en","https:\/\/www.youtube.com\/channel\/UCDr8Hr5lbiXNoN7g59xHGsA","https:\/\/www.linkedin.com\/company\/juhayna-food-industries\/"]}]}},"_links":{"self":[{"href":"https:\/\/juhayna2026.code95.info\/fr\/wp-json\/wp\/v2\/pages\/249","targetHints":{"allow":["GET"]}}],"collection":[{"href":"https:\/\/juhayna2026.code95.info\/fr\/wp-json\/wp\/v2\/pages"}],"about":[{"href":"https:\/\/juhayna2026.code95.info\/fr\/wp-json\/wp\/v2\/types\/page"}],"author":[{"embeddable":true,"href":"https:\/\/juhayna2026.code95.info\/fr\/wp-json\/wp\/v2\/users\/1"}],"replies":[{"embeddable":true,"href":"https:\/\/juhayna2026.code95.info\/fr\/wp-json\/wp\/v2\/comments?post=249"}],"version-history":[{"count":3,"href":"https:\/\/juhayna2026.code95.info\/fr\/wp-json\/wp\/v2\/pages\/249\/revisions"}],"predecessor-version":[{"id":5563,"href":"https:\/\/juhayna2026.code95.info\/fr\/wp-json\/wp\/v2\/pages\/249\/revisions\/5563"}],"up":[{"embeddable":true,"href":"https:\/\/juhayna2026.code95.info\/fr\/wp-json\/wp\/v2\/pages\/237"}],"wp:attachment":[{"href":"https:\/\/juhayna2026.code95.info\/fr\/wp-json\/wp\/v2\/media?parent=249"}],"curies":[{"name":"wp","href":"https:\/\/api.w.org\/{rel}","templated":true}]}}