{"id":268,"date":"2025-09-18T09:39:48","date_gmt":"2025-09-18T09:39:48","guid":{"rendered":"https:\/\/juhayna2026.code95.info\/?page_id=268"},"modified":"2025-12-07T14:16:18","modified_gmt":"2025-12-07T14:16:18","slug":"rd","status":"publish","type":"page","link":"https:\/\/juhayna2026.code95.info\/fr\/rd\/","title":{"rendered":"Recherche et d\u00e9veloppement"},"content":{"rendered":"<div class=\"banner\">\n    <div class=\"banner-wrapper\">\n                    <div class=\"banner-image\">\n                <img decoding=\"async\" src=\"https:\/\/juhayna2026.code95.info\/app\/uploads\/2025\/10\/RD_17_11zon.png\"\n                    alt=\"Recherche et d\u00e9veloppement\" \/>\n                                    <div class=\"banner-overlay\"><\/div>\n                                                    <div class=\"banner-title-container\">\n                                                    <h1 class=\"banner-title\">\n                                Recherche et d\u00e9veloppement                            <\/h1>\n                                                                    <\/div>\n                            <\/div>\n            <\/div>\n<\/div>\n\n\n<section id=\"editor-block-block_ada04a88e875398b9bee2800a71acbf4\" class=\"editor-block\">\n    <div class=\"container\">\n        <div class=\"editor-content\">\n            <div class=\"spacer-half\" style=\"text-align: center\">\n<div id=\"tw-ob\" class=\"tw-src-ltr\">\n<div class=\"oSioSc\">\n<div id=\"tw-target\">\n<div id=\"kAz1tf\" class=\"g9WsWb PZPZlf\" data-attrid=\"tw-targetArea\" data-entityname=\"Google Translate\">\n<div id=\"tw-target-text-container\" class=\"tw-ta-container tw-nfl\" role=\"text\">\n<h4 dir=\"ltr\" role=\"text\" data-placeholder=\"Translation\" data-ved=\"2ahUKEwj2pryTncSQAxXInP0HHUDXMhsQ3ewLegQICxAW\" aria-label=\"Translated text: aper\u00e7u\">aper\u00e7u<\/h4>\n<p id=\"tw-target-text\" class=\"tw-data-text tw-text-large tw-ta\" dir=\"ltr\" role=\"text\" data-placeholder=\"Translation\" data-ved=\"2ahUKEwj2pryTncSQAxXInP0HHUDXMhsQ3ewLegQICxAW\" aria-label=\"Translated text: aper\u00e7u\">Chez Juhayna, les activit\u00e9s de R&amp;D sont au premier plan de nos activit\u00e9s. Qu\u2019il s\u2019agisse de l\u2019optimisation des co\u00fbts, du contr\u00f4le qualit\u00e9, ou du d\u00e9veloppement du capital humain, nous pensons que l\u2019innovation est ce qui alimente notre compagnie et ce qui nous permet de maintenir notre position de leader sur le march\u00e9 et dans la r\u00e9gion.<\/p>\n<\/div>\n<\/div>\n<\/div>\n<\/div>\n<\/div>\n<\/div>\n<section class=\"section-paragraph-container\">\n<div class=\"container\">\n<div class=\"row justify-content-center text-tory-blue\">\n<p style=\"text-align: center\">Nous souhaitons d\u00e9velopper des solutions innovantes au service non seulement de la vision strat\u00e9gique de l\u2019entreprise, mais qui pourront \u00e9galement permettre le d\u00e9veloppement des comp\u00e9tences individuelles de nos employ\u00e9s, et d\u2019am\u00e9liorer les crit\u00e8res g\u00e9n\u00e9raux de production de nos entreprises. De telles initiatives sont men\u00e9es avec rigueur \u00e0 toutes les \u00e9tapes de production. En \u00e0 peine plus de 2 ans, notre division R&amp;D est devenue l\u2019une des plus importantes de la r\u00e9gion.<\/p>\n<p style=\"text-align: center\">Un des \u00e9l\u00e9ments cl\u00e9s de notre succ\u00e8s est l\u2019\u00e9quipe qui a mis toutes ses forces derri\u00e8re cet objectif. Nous pensons que toute entreprise est \u00e0 l\u2019image des personnes qui alimentent les dynamiques internes. Ainsi, nous investissons g\u00e9n\u00e9reusement dans nos employ\u00e9s et dans leur d\u00e9veloppement personnel. A travers des formations, localement ou \u00e0 l\u2019\u00e9tranger, mais \u00e9galement en encourageant nos salari\u00e9s \u00e0 rechercher aupr\u00e8s de leurs sup\u00e9rieurs toute l\u2019aide et les conseils dont ils pourraient avoir besoin.<\/p>\n<p style=\"text-align: center\">A l\u2019avenir, nous allons continuer \u00e0 investir dans notre division de R&amp;D afin de garantir une vision globale, qui int\u00e8gre les crit\u00e8res de qualit\u00e9 internationaux dans nos propres crit\u00e8res de qualit\u00e9 et de performance.<\/p>\n<\/div>\n<\/div>\n<\/section>\n        <\/div>\n    <\/div>\n<\/section>\n\n    <style>\n                    #editor-block-block_ada04a88e875398b9bee2800a71acbf4 .editor-content h1,\n            #editor-block-block_ada04a88e875398b9bee2800a71acbf4 .editor-content h2,\n            #editor-block-block_ada04a88e875398b9bee2800a71acbf4 .editor-content h3,\n            #editor-block-block_ada04a88e875398b9bee2800a71acbf4 .editor-content h4,\n            #editor-block-block_ada04a88e875398b9bee2800a71acbf4 .editor-content h5,\n            #editor-block-block_ada04a88e875398b9bee2800a71acbf4 .editor-content h6 {\n                color:\n                    #17479e                ;\n            }\n\n        \n                    #editor-block-block_ada04a88e875398b9bee2800a71acbf4 .editor-content {\n                color:\n                    #697586                ;\n            }\n\n            <\/style>\n\n\n\n            \n            \n            <section class=\"juh-img-txt-collapse\">\n                <div class=\"container\">\n                    <div class=\"juh-collapse-container juh-collapse-left\" id=\"img-txt-anim-69da2803cf7ab\" data-collapse-trigger data-has-additional=\"false\">\n\n                                                    <div class=\"juh-collapse-img-block\">\n                                <img decoding=\"async\" src=\"https:\/\/juhayna2026.code95.info\/app\/uploads\/2025\/12\/7L8A0055-Edit-1-scaled.jpg\" alt=\"Crit\u00e8res nutritionnels\" class=\"juh-collapse-img\"\n                                    loading=\"lazy\">\n                            <\/div>\n                        \n                        <div class=\"juh-collapse-txt-block\">\n                            <h2 class=\"juh-collapse-heading\">Crit\u00e8res nutritionnels<\/h2>\n                                                        <div class=\"juh-collapse-description\">Tous les produits Juhayna sont soigneusement con\u00e7us pour respecter les crit\u00e8res nutritionnels de leurs consommateurs-cibles.<br \/>\nUne telle sp\u00e9cialisation est rendue possible par nos efforts concert\u00e9s avec une \u00e9quipe d\u2019experts nutritionnels qui nous fournissent les pr\u00e9cieux conseils n\u00e9cessaires \u00e0 la cr\u00e9ation des produits les plus sains et les plus frais du march\u00e9.<br \/>\nNous prenons tr\u00e8s au s\u00e9rieux notre engagement d\u2019am\u00e9liorer la vie de nos consommateurs en cr\u00e9ant des boissons et aliments sains. Ainsi, la valeur nutritionnelle de tous nos produits est l\u2019un des principaux \u00e9l\u00e9ments, avec le go\u00fbt et la qualit\u00e9, que nos prenons en consid\u00e9ration lorsque nous d\u00e9veloppons de nouveaux produits. Pour ce faire, nous b\u00e9n\u00e9ficions d\u2019une \u00e9quipe hautement qualifi\u00e9e de R&#038;D, constamment \u00e0 la recherche de nouvelles fa\u00e7ons de remplir notre engagement d\u2019am\u00e9liorer la qualit\u00e9 de vie de nos consommateurs en optimisant l\u2019efficacit\u00e9 nutritionnelle de nos produits.<\/div>\n\n                            \n                            \n                        <\/div>\n                    <\/div>\n                <\/div>\n            <\/section>\n\n        \n            \n            <section class=\"juh-img-txt-collapse\">\n                <div class=\"container\">\n                    <div class=\"juh-collapse-container juh-collapse-right\" id=\"img-txt-anim-69da2803cf844\" data-collapse-trigger data-has-additional=\"false\">\n\n                                                    <div class=\"juh-collapse-img-block\">\n                                <img decoding=\"async\" src=\"https:\/\/juhayna2026.code95.info\/app\/uploads\/2025\/10\/5d3629bd1a03fa40d5fe9016e83f2ca156b6670a_15_11zon-scaled.jpg\" alt=\"Go\u00fbt\" class=\"juh-collapse-img\"\n                                    loading=\"lazy\">\n                            <\/div>\n                        \n                        <div class=\"juh-collapse-txt-block\">\n                            <h2 class=\"juh-collapse-heading\">Go\u00fbt<\/h2>\n                                                        <div class=\"juh-collapse-description\">Tous les produits Juhayna sont \u00e9labor\u00e9s \u00e0 partir d\u2019ingr\u00e9dients soigneusement s\u00e9lectionn\u00e9s \u00e0 travers d\u2019un contr\u00f4le sanitaire strict afin de garantir la livraison de produits sains et savoureux<br \/>\nL\u2019un des \u00e9l\u00e9ments qui nous a permis de poursuivre une croissance et un succ\u00e8s continus au fil des ann\u00e9es est notre engagement \u00e0 l\u2019innovation et notre d\u00e9sir sans cesse renouvel\u00e9 d\u2019am\u00e9liorer la qualit\u00e9 et le go\u00fbt de nos produits.<br \/>\nAu fil des ann\u00e9es, nous avons d\u00e9velopp\u00e9 notre gamme de jus jusqu\u2019\u00e0 inclure les jus Pure, et avons \u00e9galement introduit un certain nombre de nouvelles saveurs qui ont su se faire une place dans les frigidaires et \u00e9tag\u00e8res de la r\u00e9gion. Il en est de m\u00eame de nos laits et laits aromatis\u00e9s ; des derniers, gr\u00e2ce leur go\u00fbt g\u00e9n\u00e9reux, \u00e9tant devenus le produit pr\u00e9f\u00e9r\u00e9 des \u00e9coliers.<\/div>\n\n                            \n                            \n                        <\/div>\n                    <\/div>\n                <\/div>\n            <\/section>\n\n        \n            \n            <section class=\"juh-img-txt-collapse\">\n                <div class=\"container\">\n                    <div class=\"juh-collapse-container juh-collapse-left\" id=\"img-txt-anim-69da2803cf879\" data-collapse-trigger data-has-additional=\"false\">\n\n                                                    <div class=\"juh-collapse-img-block\">\n                                <img decoding=\"async\" src=\"https:\/\/juhayna2026.code95.info\/app\/uploads\/2025\/09\/Regulatory-Affairs-.png\" alt=\"R\u00e9glementaires\" class=\"juh-collapse-img\"\n                                    loading=\"lazy\">\n                            <\/div>\n                        \n                        <div class=\"juh-collapse-txt-block\">\n                            <h2 class=\"juh-collapse-heading\">R\u00e9glementaires<\/h2>\n                                                        <div class=\"juh-collapse-description\">L\u2019ampleur et la port\u00e9e de nos activit\u00e9s nous apporte un ensemble de connaissances qui fait notre r\u00e9putation sur le march\u00e9. Ainsi, notre service de R&#038;D fonctionne comme un v\u00e9ritable lobby et influenceur politique pour toute l\u2019industrie.<br \/>\nNous sommes fermement engag\u00e9s \u00e0 rester \u00e0 la pointe de l\u2019information en ce qui concerne les normes et r\u00e8glements s\u2019appliquant \u00e0 notre secteur d\u2019industrie, au niveau local et international. Ceci afin de pouvoir \u00e9tablir des fondations solides sur lesquelles baser les d\u00e9cisions strat\u00e9giques de notre compagnie.<\/div>\n\n                            \n                            \n                        <\/div>\n                    <\/div>\n                <\/div>\n            <\/section>\n\n        \n            \n            <section class=\"juh-img-txt-collapse\">\n                <div class=\"container\">\n                    <div class=\"juh-collapse-container juh-collapse-right\" id=\"img-txt-anim-69da2803cf8aa\" data-collapse-trigger data-has-additional=\"false\">\n\n                                                    <div class=\"juh-collapse-img-block\">\n                                <img decoding=\"async\" src=\"https:\/\/juhayna2026.code95.info\/app\/uploads\/2025\/09\/Innovation-Center-.png\" alt=\"Centre d\u2019Innovation\" class=\"juh-collapse-img\"\n                                    loading=\"lazy\">\n                            <\/div>\n                        \n                        <div class=\"juh-collapse-txt-block\">\n                            <h2 class=\"juh-collapse-heading\">Centre d\u2019Innovation<\/h2>\n                                                        <div class=\"juh-collapse-description\">Au c\u0153ur de notre d\u00e9marche de R&#038;D, la fondation de notre Centre d\u2019Innovation<br \/>\nun b\u00e2timent de deux \u00e9tages, dot\u00e9s de technologies de pointe, en fait l\u2019un des premiers de la r\u00e9gion. Le Centre d\u2019Innovation nous permet de centraliser nos m\u00e9thodes de recherche en conduisant des essais industriels et en laboratoires internes, et en formant des groupes de discussion permettant de corroborer les recherches collect\u00e9es depuis l\u2019\u00e9tranger.<br \/>\nLe Centre d\u2019Innovation sert \u00e9galement d\u2019entrep\u00f4t s\u00e9curis\u00e9 pour le stockage de donn\u00e9es, est \u00e9quip\u00e9 d\u2019une salle pour les r\u00e9unions de consommateurs, et, \u00e0 terme, d\u2019un centre de formation, la \u00ab Juhayna Technical Academy \u00bb. Sa fondation est une \u00e9tape tr\u00e8s importante dans notre volont\u00e9 d\u2019\u00e9tablir un centre de R&#038;D fiable afin de nous aider \u00e0 formuler, am\u00e9liorer et r\u00e9viser nos processus de production. Notre Centre d\u2019Innovation a ind\u00e9niablement contribu\u00e9 \u00e0 \u00e9lever les crit\u00e8res de qualit\u00e9 du march\u00e9, et marque l\u2019entr\u00e9e dans une nouvelle \u00e8re pour les activit\u00e9s de R&#038;D, avec l\u2019\u00e9l\u00e9vation des crit\u00e8res de qualit\u00e9 et un impact positif sur la transformation d\u2019aliments dans toute la r\u00e9gion.<\/div>\n\n                            \n                            \n                        <\/div>\n                    <\/div>\n                <\/div>\n            <\/section>\n\n        \n            \n            <section class=\"juh-img-txt-collapse\">\n                <div class=\"container\">\n                    <div class=\"juh-collapse-container juh-collapse-left\" id=\"img-txt-anim-69da2803cf8e0\" data-collapse-trigger data-has-additional=\"false\">\n\n                                                    <div class=\"juh-collapse-img-block\">\n                                <img decoding=\"async\" src=\"https:\/\/juhayna2026.code95.info\/app\/uploads\/2025\/10\/739aedf548fb6e5a12ea3fce4261cd8cdded8502_18_11zon-scaled.jpg\" alt=\"Technologie\" class=\"juh-collapse-img\"\n                                    loading=\"lazy\">\n                            <\/div>\n                        \n                        <div class=\"juh-collapse-txt-block\">\n                            <h2 class=\"juh-collapse-heading\">Technologie<\/h2>\n                                                        <div class=\"juh-collapse-description\">La plupart des succ\u00e8s rencontr\u00e9s dans nos d\u00e9marches de R&#038;D sont dus \u00e0 l\u2019acc\u00e8s \u00e0 des technologies de pointe qui nous ont permis de devenir les pionniers du secteur dans la r\u00e9gion. Notre d\u00e9marche de R&#038;D recouvre plusieurs domaines, de la transformation de produits au packaging.<br \/>\nSe maintenir au courant des derni\u00e8res avanc\u00e9es dans le domaine de la sant\u00e9 alimentaire et des crit\u00e8res de s\u00e9curit\u00e9 est l\u2019un de nos \u00e9l\u00e9ments strat\u00e9gique centraux nous permettant de rester en position de leader du march\u00e9 pour tous nos produits, mais \u00e9galement pour \u00e9lever nos crit\u00e8res de s\u00e9curit\u00e9 et de nutrition, au niveau international.<br \/>\nLa technologie dont nous disposons est donc cruciale ; c\u2019est l\u2019un des \u00e9l\u00e9ments de Juhayna que nous souhaitons faire cro\u00eetre et \u00e9voluer gr\u00e2ce \u00e0 la r\u00e9cente inauguration de notre Centre d\u2019Innovation.<\/div>\n\n                            \n                            \n                        <\/div>\n                    <\/div>\n                <\/div>\n            <\/section>\n\n            \n","protected":false},"excerpt":{"rendered":"","protected":false},"author":1,"featured_media":0,"parent":0,"menu_order":28,"comment_status":"closed","ping_status":"closed","template":"","meta":{"_acf_changed":false,"inline_featured_image":false,"footnotes":""},"class_list":["post-268","page","type-page","status-publish","hentry"],"acf":[],"yoast_head":"<!-- This site is optimized with the Yoast SEO plugin v26.3 - https:\/\/yoast.com\/wordpress\/plugins\/seo\/ -->\n<title>Recherche et d\u00e9veloppement - Juhayan2026<\/title>\n<meta name=\"robots\" content=\"noindex, follow, max-snippet:-1, max-image-preview:large, max-video-preview:-1\" \/>\n<meta property=\"og:locale\" content=\"fr_FR\" \/>\n<meta property=\"og:type\" content=\"article\" \/>\n<meta property=\"og:title\" content=\"Recherche et d\u00e9veloppement - Juhayan2026\" \/>\n<meta property=\"og:url\" content=\"https:\/\/juhayna2026.code95.info\/fr\/rd\/\" \/>\n<meta property=\"og:site_name\" content=\"Juhayan2026\" \/>\n<meta property=\"article:publisher\" content=\"https:\/\/www.facebook.com\/JuhaynaDairy\/\" \/>\n<meta property=\"article:modified_time\" content=\"2025-12-07T14:16:18+00:00\" \/>\n<meta name=\"twitter:card\" content=\"summary_large_image\" \/>\n<script type=\"application\/ld+json\" class=\"yoast-schema-graph\">{\"@context\":\"https:\/\/schema.org\",\"@graph\":[{\"@type\":\"WebPage\",\"@id\":\"https:\/\/juhayna2026.code95.info\/fr\/rd\/\",\"url\":\"https:\/\/juhayna2026.code95.info\/fr\/rd\/\",\"name\":\"Recherche et d\u00e9veloppement - Juhayan2026\",\"isPartOf\":{\"@id\":\"https:\/\/juhayna2026.code95.info\/fr\/#website\"},\"datePublished\":\"2025-09-18T09:39:48+00:00\",\"dateModified\":\"2025-12-07T14:16:18+00:00\",\"breadcrumb\":{\"@id\":\"https:\/\/juhayna2026.code95.info\/fr\/rd\/#breadcrumb\"},\"inLanguage\":\"fr-FR\",\"potentialAction\":[{\"@type\":\"ReadAction\",\"target\":[\"https:\/\/juhayna2026.code95.info\/fr\/rd\/\"]}]},{\"@type\":\"BreadcrumbList\",\"@id\":\"https:\/\/juhayna2026.code95.info\/fr\/rd\/#breadcrumb\",\"itemListElement\":[{\"@type\":\"ListItem\",\"position\":1,\"name\":\"Home\",\"item\":\"https:\/\/juhayna2026.code95.info\/fr\/\"},{\"@type\":\"ListItem\",\"position\":2,\"name\":\"Recherche et d\u00e9veloppement\"}]},{\"@type\":\"WebSite\",\"@id\":\"https:\/\/juhayna2026.code95.info\/fr\/#website\",\"url\":\"https:\/\/juhayna2026.code95.info\/fr\/\",\"name\":\"Juhayan2026\",\"description\":\"\",\"publisher\":{\"@id\":\"https:\/\/juhayna2026.code95.info\/fr\/#organization\"},\"potentialAction\":[{\"@type\":\"SearchAction\",\"target\":{\"@type\":\"EntryPoint\",\"urlTemplate\":\"https:\/\/juhayna2026.code95.info\/fr\/?s={search_term_string}\"},\"query-input\":{\"@type\":\"PropertyValueSpecification\",\"valueRequired\":true,\"valueName\":\"search_term_string\"}}],\"inLanguage\":\"fr-FR\"},{\"@type\":\"Organization\",\"@id\":\"https:\/\/juhayna2026.code95.info\/fr\/#organization\",\"name\":\"Juhayan2026\",\"url\":\"https:\/\/juhayna2026.code95.info\/fr\/\",\"logo\":{\"@type\":\"ImageObject\",\"inLanguage\":\"fr-FR\",\"@id\":\"https:\/\/juhayna2026.code95.info\/fr\/#\/schema\/logo\/image\/\",\"url\":\"https:\/\/juhayna2026.code95.info\/app\/uploads\/2025\/09\/1572854222_509_8296_msicon144x144.png\",\"contentUrl\":\"https:\/\/juhayna2026.code95.info\/app\/uploads\/2025\/09\/1572854222_509_8296_msicon144x144.png\",\"width\":144,\"height\":144,\"caption\":\"Juhayan2026\"},\"image\":{\"@id\":\"https:\/\/juhayna2026.code95.info\/fr\/#\/schema\/logo\/image\/\"},\"sameAs\":[\"https:\/\/www.facebook.com\/JuhaynaDairy\/\",\"https:\/\/www.instagram.com\/juhaynaclassics\/?hl=en\",\"https:\/\/www.youtube.com\/channel\/UCDr8Hr5lbiXNoN7g59xHGsA\",\"https:\/\/www.linkedin.com\/company\/juhayna-food-industries\/\"]}]}<\/script>\n<!-- \/ Yoast SEO plugin. -->","yoast_head_json":{"title":"Recherche et d\u00e9veloppement - Juhayan2026","robots":{"index":"noindex","follow":"follow","max-snippet":"max-snippet:-1","max-image-preview":"max-image-preview:large","max-video-preview":"max-video-preview:-1"},"og_locale":"fr_FR","og_type":"article","og_title":"Recherche et d\u00e9veloppement - Juhayan2026","og_url":"https:\/\/juhayna2026.code95.info\/fr\/rd\/","og_site_name":"Juhayan2026","article_publisher":"https:\/\/www.facebook.com\/JuhaynaDairy\/","article_modified_time":"2025-12-07T14:16:18+00:00","twitter_card":"summary_large_image","schema":{"@context":"https:\/\/schema.org","@graph":[{"@type":"WebPage","@id":"https:\/\/juhayna2026.code95.info\/fr\/rd\/","url":"https:\/\/juhayna2026.code95.info\/fr\/rd\/","name":"Recherche et d\u00e9veloppement - Juhayan2026","isPartOf":{"@id":"https:\/\/juhayna2026.code95.info\/fr\/#website"},"datePublished":"2025-09-18T09:39:48+00:00","dateModified":"2025-12-07T14:16:18+00:00","breadcrumb":{"@id":"https:\/\/juhayna2026.code95.info\/fr\/rd\/#breadcrumb"},"inLanguage":"fr-FR","potentialAction":[{"@type":"ReadAction","target":["https:\/\/juhayna2026.code95.info\/fr\/rd\/"]}]},{"@type":"BreadcrumbList","@id":"https:\/\/juhayna2026.code95.info\/fr\/rd\/#breadcrumb","itemListElement":[{"@type":"ListItem","position":1,"name":"Home","item":"https:\/\/juhayna2026.code95.info\/fr\/"},{"@type":"ListItem","position":2,"name":"Recherche et d\u00e9veloppement"}]},{"@type":"WebSite","@id":"https:\/\/juhayna2026.code95.info\/fr\/#website","url":"https:\/\/juhayna2026.code95.info\/fr\/","name":"Juhayan2026","description":"","publisher":{"@id":"https:\/\/juhayna2026.code95.info\/fr\/#organization"},"potentialAction":[{"@type":"SearchAction","target":{"@type":"EntryPoint","urlTemplate":"https:\/\/juhayna2026.code95.info\/fr\/?s={search_term_string}"},"query-input":{"@type":"PropertyValueSpecification","valueRequired":true,"valueName":"search_term_string"}}],"inLanguage":"fr-FR"},{"@type":"Organization","@id":"https:\/\/juhayna2026.code95.info\/fr\/#organization","name":"Juhayan2026","url":"https:\/\/juhayna2026.code95.info\/fr\/","logo":{"@type":"ImageObject","inLanguage":"fr-FR","@id":"https:\/\/juhayna2026.code95.info\/fr\/#\/schema\/logo\/image\/","url":"https:\/\/juhayna2026.code95.info\/app\/uploads\/2025\/09\/1572854222_509_8296_msicon144x144.png","contentUrl":"https:\/\/juhayna2026.code95.info\/app\/uploads\/2025\/09\/1572854222_509_8296_msicon144x144.png","width":144,"height":144,"caption":"Juhayan2026"},"image":{"@id":"https:\/\/juhayna2026.code95.info\/fr\/#\/schema\/logo\/image\/"},"sameAs":["https:\/\/www.facebook.com\/JuhaynaDairy\/","https:\/\/www.instagram.com\/juhaynaclassics\/?hl=en","https:\/\/www.youtube.com\/channel\/UCDr8Hr5lbiXNoN7g59xHGsA","https:\/\/www.linkedin.com\/company\/juhayna-food-industries\/"]}]}},"_links":{"self":[{"href":"https:\/\/juhayna2026.code95.info\/fr\/wp-json\/wp\/v2\/pages\/268","targetHints":{"allow":["GET"]}}],"collection":[{"href":"https:\/\/juhayna2026.code95.info\/fr\/wp-json\/wp\/v2\/pages"}],"about":[{"href":"https:\/\/juhayna2026.code95.info\/fr\/wp-json\/wp\/v2\/types\/page"}],"author":[{"embeddable":true,"href":"https:\/\/juhayna2026.code95.info\/fr\/wp-json\/wp\/v2\/users\/1"}],"replies":[{"embeddable":true,"href":"https:\/\/juhayna2026.code95.info\/fr\/wp-json\/wp\/v2\/comments?post=268"}],"version-history":[{"count":19,"href":"https:\/\/juhayna2026.code95.info\/fr\/wp-json\/wp\/v2\/pages\/268\/revisions"}],"predecessor-version":[{"id":9773,"href":"https:\/\/juhayna2026.code95.info\/fr\/wp-json\/wp\/v2\/pages\/268\/revisions\/9773"}],"wp:attachment":[{"href":"https:\/\/juhayna2026.code95.info\/fr\/wp-json\/wp\/v2\/media?parent=268"}],"curies":[{"name":"wp","href":"https:\/\/api.w.org\/{rel}","templated":true}]}}