{"id":270,"date":"2025-09-18T09:40:58","date_gmt":"2025-09-18T09:40:58","guid":{"rendered":"https:\/\/juhayna2026.code95.info\/?page_id=270"},"modified":"2025-12-07T12:57:10","modified_gmt":"2025-12-07T12:57:10","slug":"qualite","status":"publish","type":"page","link":"https:\/\/juhayna2026.code95.info\/fr\/qualite\/","title":{"rendered":"Qualit\u00e9"},"content":{"rendered":"\n            \n            \n            <section class=\"juh-img-txt-collapse\">\n                <div class=\"container\">\n                    <div class=\"juh-collapse-container juh-collapse-left\" id=\"img-txt-anim-69da2802cb8d2\" data-collapse-trigger data-has-additional=\"false\">\n\n                                                    <div class=\"juh-collapse-img-block\">\n                                <img decoding=\"async\" src=\"https:\/\/juhayna2026.code95.info\/app\/uploads\/2025\/10\/34230838671b0ad38adb77d81f4a14f3a70ce897_20_11zon-scaled.jpg\" alt=\"Qualit\u00e9 et S\u00e9curit\u00e9 Alimentaire\" class=\"juh-collapse-img\"\n                                    loading=\"lazy\">\n                            <\/div>\n                        \n                        <div class=\"juh-collapse-txt-block\">\n                            <h2 class=\"juh-collapse-heading\">Qualit\u00e9 et S\u00e9curit\u00e9 Alimentaire<\/h2>\n                                                        <div class=\"juh-collapse-description\">Juhayna s\u2019engage fortement \u00e0 livrer des produits s\u00fbrs et de qualit\u00e9 sup\u00e9rieure tout en respectant les standards internationaux et les l\u00e9gislations locales afin de satisfaire les besoins de nos clients et consommateurs en Egypte et \u00e0 l\u2019\u00e9tranger.<br \/>\nLa fabrication de produits laitiers et jus n\u00e9cessite la transformation, dans nos usines sp\u00e9cialis\u00e9es par cat\u00e9gories de produits, des produits laitiers, boissons, jus et concentr\u00e9s de fruits. La vente et le marketing n\u00e9cessitent la distribution et la revente des produits Juhayna en Egypte et \u00e0 l\u2019\u00e9tranger.<br \/>\nJuhayna a \u00e0 c\u0153ur d\u2019appliquer rigoureusement le syst\u00e8me de gestion de ses produits en termes de qualit\u00e9, de s\u00e9curit\u00e9 alimentaire, de sant\u00e9, et de respect de l\u2019environnement ; ce m\u00eame syst\u00e8me s\u2019applique dans la gestion de nos activit\u00e9s au quotidien.<br \/>\nNous avons d\u00e9velopp\u00e9 un \u00ab Syst\u00e8me de Gestion Qualit\u00e9 de l\u2019Entreprise \u00bb repr\u00e9sentant une plate-forme qui garantit la s\u00fbret\u00e9 des aliments et le respect de crit\u00e8res de qualit\u00e9, et s\u2019assure que les conditions de travail sont saines et s\u00fbres et respectent les r\u00e9gulations environnementales.<br \/>\nNous avons mis en place des cha\u00eenes d\u2019approvisionnement int\u00e9gr\u00e9 de la ferme (laiti\u00e8re ou agricole) au consommateur. Cela n\u00e9cessite l\u2019engagement de tous les employ\u00e9s de nos diff\u00e9rents secteurs, car cela s\u2019applique \u00e0 tous les aspects du produit (production de mati\u00e8re premi\u00e8re, packaging, formulation, approvisionnement, transformation, stockage, transport et distribution \u00e0 tous nos d\u00e9taillants). Ce dispositif nous permet \u00e9galement de livrer de mani\u00e8re durable des produits s\u00fbrs et de la meilleure qualit\u00e9.<\/div>\n\n                            \n                            \n                        <\/div>\n                    <\/div>\n                <\/div>\n            <\/section>\n\n        \n            \n            <section class=\"juh-img-txt-collapse\">\n                <div class=\"container\">\n                    <div class=\"juh-collapse-container juh-collapse-right\" id=\"img-txt-anim-69da2802cb96e\" data-collapse-trigger data-has-additional=\"false\">\n\n                                                    <div class=\"juh-collapse-img-block\">\n                                <img decoding=\"async\" src=\"https:\/\/juhayna2026.code95.info\/app\/uploads\/2025\/12\/DSC_3750-1-2.jpg\" alt=\"Les \u00e9l\u00e9ments essentiels de notre Syst\u00e8me de Gestion sont les suivants :\" class=\"juh-collapse-img\"\n                                    loading=\"lazy\">\n                            <\/div>\n                        \n                        <div class=\"juh-collapse-txt-block\">\n                            <h2 class=\"juh-collapse-heading\">Les \u00e9l\u00e9ments essentiels de notre Syst\u00e8me de Gestion sont les suivants :<\/h2>\n                                                        <div class=\"juh-collapse-description\"><ul>\n<li>Le respect absolu de toute l\u00e9gislation et r\u00e9gulation nous concernant, ainsi que de la charte de fonctionnement interne de Juhayna.<\/li>\n<li>Un engagement absolu \u00e0 pr\u00e9venir toute blessure, maladie ou pollution environnementale sur l\u2019ensemble de nos lieux de travail.<\/li>\n<li>Procurer un environnement de travail s\u00fbr et adapt\u00e9 \u00e0 tous nos employ\u00e9s et contractants intervenant sur nos sites.<\/li>\n<li>Mettre en place un Syst\u00e8me de Gestion Int\u00e9gr\u00e9 garantissant la qualit\u00e9, la s\u00fbret\u00e9 des aliments, la salubrit\u00e9 et le respect de l\u2019environnement, conform\u00e9ment aux r\u00e9glementations d\u2019usage : ISO 9001: 2008, BRC Food ver.7, FSSC 22000: 2013, ISO 22000:2005, ISO14001:2004, OHSAS 18001:2007.<\/li>\n<li>Mettre en place les \u00ab Crit\u00e8res de Gestion, Qualit\u00e9 et S\u00fbret\u00e9 des Aliments \u00bb :<br \/>\n\u2013 o Bonnes Pratiques de Transformation ; Bonnes Pratiques de Laboratoire ; Bonnes Pratiques en Entrep\u00f4t ; Bonnes Pratiques d\u2019Hygi\u00e8ne ; Bonnes Pratiques Agricoles.<\/li>\n<li>Identifier tout risque ou danger li\u00e9 \u00e0 la Sant\u00e9 du Travail ou \u00e0 la s\u00e9curit\u00e9, et mettre en place des mesures de contr\u00f4le.<\/li>\n<li>S\u2019assurer que nos partenaires (fournisseurs de biens ou services) respectent les engagements de Juhayna.<\/li>\n<li>D\u00e9velopper les comp\u00e9tences individuelles en fournissant des programmes de formation dans les domaines de la S\u00fbret\u00e9 alimentaire, de la Sant\u00e9, de la S\u00e9curit\u00e9 et de la Protection de l\u2019Environnement. Proposer \u00e9galement des programmes \u00e0 nos contractants de r\u00e9duction des risques li\u00e9s \u00e0 la Sant\u00e9 du Travail, la S\u00e9curit\u00e9 et l\u2019Environnement.<\/li>\n<li>D\u00e9velopper une strat\u00e9gie de communication qui garantit la d\u00e9livrance des informations et connaissances n\u00e9cessaires en termes de Qualit\u00e9, S\u00fbret\u00e9 alimentaire, Sant\u00e9 du Travail, S\u00e9curit\u00e9 et Protection de l\u2019Environnement.<\/li>\n<\/ul><\/div>\n\n                            \n                            \n                        <\/div>\n                    <\/div>\n                <\/div>\n            <\/section>\n\n            \n\n\n<blockquote id=\"buttonsblock_61dff49646f320f74b4218e247f92dea\">\n  <section class=\"buttons\">\n    <div class=\"container\">\n      <div class=\"buttons-wrapper\">\n                        <a href=\"https:\/\/juhayna2026.code95.info\/app\/uploads\/2025\/11\/Juhayna-Group-corporate-policy-January-2025.pdf\" class=\"main-button outline\"  target=\"_blank\">\n                  <img decoding=\"async\" src=\"https:\/\/juhayna2026.code95.info\/app\/uploads\/2025\/09\/PDF.svg\" alt=\"\"\n                      class=\"button-icon\" \/>                  Voir la brochure Juhayna         <span\n                      class=\"file-size\">305.88 KB<\/span>                <\/a>\n                      <\/div>\n    <\/div>\n  <\/section>\n<\/blockquote>","protected":false},"excerpt":{"rendered":"","protected":false},"author":1,"featured_media":0,"parent":0,"menu_order":29,"comment_status":"closed","ping_status":"closed","template":"","meta":{"_acf_changed":false,"inline_featured_image":false,"footnotes":""},"class_list":["post-270","page","type-page","status-publish","hentry"],"acf":[],"yoast_head":"<!-- This site is optimized with the Yoast SEO plugin v26.3 - https:\/\/yoast.com\/wordpress\/plugins\/seo\/ -->\n<title>Qualit\u00e9 - Juhayan2026<\/title>\n<meta name=\"robots\" content=\"noindex, follow, max-snippet:-1, max-image-preview:large, max-video-preview:-1\" \/>\n<meta property=\"og:locale\" content=\"fr_FR\" \/>\n<meta property=\"og:type\" content=\"article\" \/>\n<meta property=\"og:title\" content=\"Qualit\u00e9 - Juhayan2026\" \/>\n<meta property=\"og:url\" content=\"https:\/\/juhayna2026.code95.info\/fr\/qualite\/\" \/>\n<meta property=\"og:site_name\" content=\"Juhayan2026\" \/>\n<meta property=\"article:publisher\" content=\"https:\/\/www.facebook.com\/JuhaynaDairy\/\" \/>\n<meta property=\"article:modified_time\" content=\"2025-12-07T12:57:10+00:00\" \/>\n<meta name=\"twitter:card\" content=\"summary_large_image\" \/>\n<script type=\"application\/ld+json\" class=\"yoast-schema-graph\">{\"@context\":\"https:\/\/schema.org\",\"@graph\":[{\"@type\":\"WebPage\",\"@id\":\"https:\/\/juhayna2026.code95.info\/fr\/qualite\/\",\"url\":\"https:\/\/juhayna2026.code95.info\/fr\/qualite\/\",\"name\":\"Qualit\u00e9 - Juhayan2026\",\"isPartOf\":{\"@id\":\"https:\/\/juhayna2026.code95.info\/fr\/#website\"},\"datePublished\":\"2025-09-18T09:40:58+00:00\",\"dateModified\":\"2025-12-07T12:57:10+00:00\",\"breadcrumb\":{\"@id\":\"https:\/\/juhayna2026.code95.info\/fr\/qualite\/#breadcrumb\"},\"inLanguage\":\"fr-FR\",\"potentialAction\":[{\"@type\":\"ReadAction\",\"target\":[\"https:\/\/juhayna2026.code95.info\/fr\/qualite\/\"]}]},{\"@type\":\"BreadcrumbList\",\"@id\":\"https:\/\/juhayna2026.code95.info\/fr\/qualite\/#breadcrumb\",\"itemListElement\":[{\"@type\":\"ListItem\",\"position\":1,\"name\":\"Home\",\"item\":\"https:\/\/juhayna2026.code95.info\/fr\/\"},{\"@type\":\"ListItem\",\"position\":2,\"name\":\"Qualit\u00e9\"}]},{\"@type\":\"WebSite\",\"@id\":\"https:\/\/juhayna2026.code95.info\/fr\/#website\",\"url\":\"https:\/\/juhayna2026.code95.info\/fr\/\",\"name\":\"Juhayan2026\",\"description\":\"\",\"publisher\":{\"@id\":\"https:\/\/juhayna2026.code95.info\/fr\/#organization\"},\"potentialAction\":[{\"@type\":\"SearchAction\",\"target\":{\"@type\":\"EntryPoint\",\"urlTemplate\":\"https:\/\/juhayna2026.code95.info\/fr\/?s={search_term_string}\"},\"query-input\":{\"@type\":\"PropertyValueSpecification\",\"valueRequired\":true,\"valueName\":\"search_term_string\"}}],\"inLanguage\":\"fr-FR\"},{\"@type\":\"Organization\",\"@id\":\"https:\/\/juhayna2026.code95.info\/fr\/#organization\",\"name\":\"Juhayan2026\",\"url\":\"https:\/\/juhayna2026.code95.info\/fr\/\",\"logo\":{\"@type\":\"ImageObject\",\"inLanguage\":\"fr-FR\",\"@id\":\"https:\/\/juhayna2026.code95.info\/fr\/#\/schema\/logo\/image\/\",\"url\":\"https:\/\/juhayna2026.code95.info\/app\/uploads\/2025\/09\/1572854222_509_8296_msicon144x144.png\",\"contentUrl\":\"https:\/\/juhayna2026.code95.info\/app\/uploads\/2025\/09\/1572854222_509_8296_msicon144x144.png\",\"width\":144,\"height\":144,\"caption\":\"Juhayan2026\"},\"image\":{\"@id\":\"https:\/\/juhayna2026.code95.info\/fr\/#\/schema\/logo\/image\/\"},\"sameAs\":[\"https:\/\/www.facebook.com\/JuhaynaDairy\/\",\"https:\/\/www.instagram.com\/juhaynaclassics\/?hl=en\",\"https:\/\/www.youtube.com\/channel\/UCDr8Hr5lbiXNoN7g59xHGsA\",\"https:\/\/www.linkedin.com\/company\/juhayna-food-industries\/\"]}]}<\/script>\n<!-- \/ Yoast SEO plugin. -->","yoast_head_json":{"title":"Qualit\u00e9 - Juhayan2026","robots":{"index":"noindex","follow":"follow","max-snippet":"max-snippet:-1","max-image-preview":"max-image-preview:large","max-video-preview":"max-video-preview:-1"},"og_locale":"fr_FR","og_type":"article","og_title":"Qualit\u00e9 - Juhayan2026","og_url":"https:\/\/juhayna2026.code95.info\/fr\/qualite\/","og_site_name":"Juhayan2026","article_publisher":"https:\/\/www.facebook.com\/JuhaynaDairy\/","article_modified_time":"2025-12-07T12:57:10+00:00","twitter_card":"summary_large_image","schema":{"@context":"https:\/\/schema.org","@graph":[{"@type":"WebPage","@id":"https:\/\/juhayna2026.code95.info\/fr\/qualite\/","url":"https:\/\/juhayna2026.code95.info\/fr\/qualite\/","name":"Qualit\u00e9 - Juhayan2026","isPartOf":{"@id":"https:\/\/juhayna2026.code95.info\/fr\/#website"},"datePublished":"2025-09-18T09:40:58+00:00","dateModified":"2025-12-07T12:57:10+00:00","breadcrumb":{"@id":"https:\/\/juhayna2026.code95.info\/fr\/qualite\/#breadcrumb"},"inLanguage":"fr-FR","potentialAction":[{"@type":"ReadAction","target":["https:\/\/juhayna2026.code95.info\/fr\/qualite\/"]}]},{"@type":"BreadcrumbList","@id":"https:\/\/juhayna2026.code95.info\/fr\/qualite\/#breadcrumb","itemListElement":[{"@type":"ListItem","position":1,"name":"Home","item":"https:\/\/juhayna2026.code95.info\/fr\/"},{"@type":"ListItem","position":2,"name":"Qualit\u00e9"}]},{"@type":"WebSite","@id":"https:\/\/juhayna2026.code95.info\/fr\/#website","url":"https:\/\/juhayna2026.code95.info\/fr\/","name":"Juhayan2026","description":"","publisher":{"@id":"https:\/\/juhayna2026.code95.info\/fr\/#organization"},"potentialAction":[{"@type":"SearchAction","target":{"@type":"EntryPoint","urlTemplate":"https:\/\/juhayna2026.code95.info\/fr\/?s={search_term_string}"},"query-input":{"@type":"PropertyValueSpecification","valueRequired":true,"valueName":"search_term_string"}}],"inLanguage":"fr-FR"},{"@type":"Organization","@id":"https:\/\/juhayna2026.code95.info\/fr\/#organization","name":"Juhayan2026","url":"https:\/\/juhayna2026.code95.info\/fr\/","logo":{"@type":"ImageObject","inLanguage":"fr-FR","@id":"https:\/\/juhayna2026.code95.info\/fr\/#\/schema\/logo\/image\/","url":"https:\/\/juhayna2026.code95.info\/app\/uploads\/2025\/09\/1572854222_509_8296_msicon144x144.png","contentUrl":"https:\/\/juhayna2026.code95.info\/app\/uploads\/2025\/09\/1572854222_509_8296_msicon144x144.png","width":144,"height":144,"caption":"Juhayan2026"},"image":{"@id":"https:\/\/juhayna2026.code95.info\/fr\/#\/schema\/logo\/image\/"},"sameAs":["https:\/\/www.facebook.com\/JuhaynaDairy\/","https:\/\/www.instagram.com\/juhaynaclassics\/?hl=en","https:\/\/www.youtube.com\/channel\/UCDr8Hr5lbiXNoN7g59xHGsA","https:\/\/www.linkedin.com\/company\/juhayna-food-industries\/"]}]}},"_links":{"self":[{"href":"https:\/\/juhayna2026.code95.info\/fr\/wp-json\/wp\/v2\/pages\/270","targetHints":{"allow":["GET"]}}],"collection":[{"href":"https:\/\/juhayna2026.code95.info\/fr\/wp-json\/wp\/v2\/pages"}],"about":[{"href":"https:\/\/juhayna2026.code95.info\/fr\/wp-json\/wp\/v2\/types\/page"}],"author":[{"embeddable":true,"href":"https:\/\/juhayna2026.code95.info\/fr\/wp-json\/wp\/v2\/users\/1"}],"replies":[{"embeddable":true,"href":"https:\/\/juhayna2026.code95.info\/fr\/wp-json\/wp\/v2\/comments?post=270"}],"version-history":[{"count":13,"href":"https:\/\/juhayna2026.code95.info\/fr\/wp-json\/wp\/v2\/pages\/270\/revisions"}],"predecessor-version":[{"id":9694,"href":"https:\/\/juhayna2026.code95.info\/fr\/wp-json\/wp\/v2\/pages\/270\/revisions\/9694"}],"wp:attachment":[{"href":"https:\/\/juhayna2026.code95.info\/fr\/wp-json\/wp\/v2\/media?parent=270"}],"curies":[{"name":"wp","href":"https:\/\/api.w.org\/{rel}","templated":true}]}}