{"id":3017,"date":"2025-10-13T09:03:32","date_gmt":"2025-10-13T09:03:32","guid":{"rendered":"https:\/\/juhayna2026.code95.info\/your-career\/"},"modified":"2025-10-13T13:06:31","modified_gmt":"2025-10-13T13:06:31","slug":"your-career","status":"publish","type":"page","link":"https:\/\/juhayna2026.code95.info\/fr\/carriere\/your-career\/","title":{"rendered":"Votre Carri\u00e8re"},"content":{"rendered":"<div class=\"banner\">\n    <div class=\"banner-wrapper\">\n                    <div class=\"banner-image\">\n                <img decoding=\"async\" src=\"https:\/\/juhayna2026.code95.info\/app\/uploads\/2025\/10\/Mask-group-27.png\"\n                    alt=\"Votre Carri\u00e8re\" \/>\n                                    <div class=\"banner-overlay\"><\/div>\n                                                    <div class=\"banner-title-container\">\n                                                    <h1 class=\"banner-title\">\n                                Votre Carri\u00e8re                            <\/h1>\n                                                                    <\/div>\n                            <\/div>\n            <\/div>\n<\/div>\n\n\n            \n            \n            <section class=\"juh-img-txt-collapse\">\n                <div class=\"container\">\n                    <div class=\"juh-collapse-container juh-collapse-left\" id=\"img-txt-anim-69da3e95c4461\" data-collapse-trigger data-has-additional=\"false\">\n\n                                                    <div class=\"juh-collapse-img-block\">\n                                <img decoding=\"async\" src=\"https:\/\/juhayna2026.code95.info\/app\/uploads\/2025\/10\/fdc885a6b893c472110a72aa450d3be79b45d1cf_30.jpg\" alt=\"Recrutement\" class=\"juh-collapse-img\"\n                                    loading=\"lazy\">\n                            <\/div>\n                        \n                        <div class=\"juh-collapse-txt-block\">\n                            <h2 class=\"juh-collapse-heading\">Recrutement<\/h2>\n                                                            <div\n                                    class=\"juh-collapse-subtitle-wrapper has-underline\">\n                                    <p class=\"juh-collapse-subtitle\">Le processus de recrutement de Juhayna implique une candidature en ligne et une s\u00e9rie d\u2019entretiens<\/p>\n                                <\/div>\n                                                        <div class=\"juh-collapse-description\"><strong>Candidature en ligne<\/strong><br \/>\nLa candidature en ligne repr\u00e9sente une opportunit\u00e9 pour les personnes concern\u00e9es de remplir un dossier de candidature pour le poste qu\u2019elles consid\u00e8rent comme adapt\u00e9 \u00e0 leurs qualifications.<br \/>\n<strong>L\u2019entretien<\/strong><br \/>\nSi nous consid\u00e9rons que votre candidature correspond aux comp\u00e9tences n\u00e9cessaires pour remplir le profil, notre \u00e9quipe de RH vous contactera pour d\u00e9finir le moment adapt\u00e9 pour d\u00e9buter le processus d\u2019entretiens.<br \/>\nA ce stade, les candidats retenus devront passer une s\u00e9rie d\u2019entretiens, en ligne, individuels, ou par t\u00e9l\u00e9phone. Le premier entretien se passe g\u00e9n\u00e9ralement avec un membre des ressources humaines, suivi d\u2019un entretien plus fonctionnel ; ces 2 entretiens nous permettent non seulement d\u2019\u00e9valuer vos comp\u00e9tences et exp\u00e9riences, mais aussi votre motivation et compatibilit\u00e9 avec la culture d\u2019entreprise de Juhayna. L\u2019\u00e9valuation se basera sur une combinaison d\u2019entretiens ax\u00e9s sur votre comportement et des mises en situation, qui nous permettront de mieux vous conna\u00eetre.<br \/>\n<strong>L\u2019offre d\u2019emploi<\/strong><br \/>\nQuand un candidat passe avec succ\u00e8s tous les stades d\u2019entretien, nous lui envoyons une offre afin de rejoindre notre \u00e9quipe. Des informations compl\u00e9mentaires concernant le processus de recrutement sont alors fournies aux nouvelles recrues, afin de faciliter leur int\u00e9gration \u00e0 l\u2019entreprise.<\/div>\n\n                            \n                            \n                        <\/div>\n                    <\/div>\n                <\/div>\n            <\/section>\n\n        \n            \n            <section class=\"juh-img-txt-collapse\">\n                <div class=\"container\">\n                    <div class=\"juh-collapse-container juh-collapse-right\" id=\"img-txt-anim-69da3e95c44f0\" data-collapse-trigger data-has-additional=\"false\">\n\n                                                    <div class=\"juh-collapse-img-block\">\n                                <img decoding=\"async\" src=\"https:\/\/juhayna2026.code95.info\/app\/uploads\/2025\/10\/8b660976f7517ef2e4982227cbe276f6d1a70c6e_20.jpg\" alt=\"D\u00e9veloppement de Carri\u00e8re\" class=\"juh-collapse-img\"\n                                    loading=\"lazy\">\n                            <\/div>\n                        \n                        <div class=\"juh-collapse-txt-block\">\n                            <h2 class=\"juh-collapse-heading\">D\u00e9veloppement de Carri\u00e8re<\/h2>\n                                                            <div\n                                    class=\"juh-collapse-subtitle-wrapper has-underline\">\n                                    <p class=\"juh-collapse-subtitle\">Nous sommes \u00e0 la recherch\u00e9 d\u2019employ\u00e9s d\u00e9sireux d\u2019enrichir leur carri\u00e8re et pr\u00eats \u00e0 s\u2019engager dans une relation mutuelle et \u00e0 long terme avec notre compagnie.<\/p>\n                                <\/div>\n                                                        <div class=\"juh-collapse-description\">Ainsi, nous avons cr\u00e9\u00e9 un environnement de travail offrant \u00e0 nos employ\u00e9s de nombreuses opportunit\u00e9s d\u2019apprentissage et de d\u00e9veloppement de leurs comp\u00e9tences et qualit\u00e9s de leader.<br \/>\n<strong>Evaluation des comp\u00e9tences et Plans de succession\/strong><\/strong><br \/>\nNotre processus de progression est \u00e9labor\u00e9 afin d\u2019identifier et de pr\u00e9parer nos employ\u00e9s actuels \u00e0 des positions de responsabilit\u00e9 au sein de Juhayna. Ce proc\u00e9d\u00e9 garantit que les employ\u00e9s comp\u00e9tents et exp\u00e9riment\u00e9s sont r\u00e9guli\u00e8rement promus ; par cons\u00e9quent, nous mettons en place des plans de succession incluant une liste de potentiels successeurs pour chaque poste cl\u00e9.<br \/>\n<strong>Apprentissage &#038; D\u00e9veloppement<\/strong><br \/>\nNous offrons une vaste gamme d\u2019opportunit\u00e9s d\u2019apprentissage et de d\u00e9veloppement, non seulement via des formations professionnelles, mais \u00e9galement \u00e0 travers d\u2019un ensemble de techniques d\u2019apprentissage innovantes, comme des apprentissages courts, des centres de d\u00e9veloppement, et une liste de plans de succession. La structure interne de la compagnie est pens\u00e9e pour aider au d\u00e9veloppement de professionnels et de leaders \u00e0 tous les niveaux, notamment \u00e0 travers des programmes sp\u00e9cialement con\u00e7us en direction des employ\u00e9s \u00e0 fort potentiel.<br \/>\nCe d\u00e9veloppement s\u2019\u00e9tend \u00e9galement \u00e0 notre \u00e9quipe de direction, \u00e0 travers des programmes soigneusement s\u00e9lectionn\u00e9s mis en place par les meilleures universit\u00e9s, telles que l\u2019Institut de D\u00e9veloppement du Management, le Centre pour un Leadership Cr\u00e9atif, la Kellog et London Business School.<\/div>\n\n                            \n                            \n                        <\/div>\n                    <\/div>\n                <\/div>\n            <\/section>\n\n        \n            \n            <section class=\"juh-img-txt-collapse\">\n                <div class=\"container\">\n                    <div class=\"juh-collapse-container juh-collapse-left\" id=\"img-txt-anim-69da3e95c453d\" data-collapse-trigger data-has-additional=\"false\">\n\n                                                    <div class=\"juh-collapse-img-block\">\n                                <img decoding=\"async\" src=\"https:\/\/juhayna2026.code95.info\/app\/uploads\/2025\/10\/4fcd794b2acdb2d0a51c4ca0732df05bf4e232da_1_20.jpg\" alt=\"Votre vieau travail\" class=\"juh-collapse-img\"\n                                    loading=\"lazy\">\n                            <\/div>\n                        \n                        <div class=\"juh-collapse-txt-block\">\n                            <h2 class=\"juh-collapse-heading\">Votre vieau travail<\/h2>\n                                                            <div\n                                    class=\"juh-collapse-subtitle-wrapper has-underline\">\n                                    <p class=\"juh-collapse-subtitle\">Nous nous effor\u00e7ons de maintenir un environnement diversifi\u00e9, dans lequel l\u2019opinion de chacun est appr\u00e9ci\u00e9e et prise en compte.<\/p>\n                                <\/div>\n                                                        <div class=\"juh-collapse-description\">L\u2019inclusion de multiples parties et la volont\u00e9 de profiter de nouvelles id\u00e9es sont ce qui nous aide \u00e0 maintenir notre niveau de comp\u00e9titivit\u00e9 en ce qui concerne l\u2019innovation de produits. Nous valorisons la vision unique de chacun des membres de notre \u00e9quipe, et reconnaissons pleinement que c\u2019est gr\u00e2ce \u00e0 leurs efforts que nous avons atteint le succ\u00e8s que nous connaissons aujourd\u2019hui.<br \/>\nNotre \u00e9quipe est constitu\u00e9e d\u2019hommes et de femmes passionn\u00e9s, aussi bien par leur d\u00e9veloppement personnel que par le succ\u00e8s de la compagnie et ses ambitions futures. Ainsi, nous avons mis en place plusieurs initiatives afin de garantir la sant\u00e9 et le bien-\u00eatre des membres de notre \u00e9quipe, ainsi que l\u2019approvisionnement en produits de la compagnie, et des horaires de travail aussi flexibles que possible, \u00e9l\u00e9ments cl\u00e9s de notre succ\u00e8s.<br \/>\nLes protocoles de sant\u00e9 et s\u00e9curit\u00e9 de Juhayna sont con\u00e7us non seulement pour garantir la s\u00e9curit\u00e9 des produits, mais comprennent \u00e9galement des codes de conduite et pr\u00e9vention des risques m\u00e9ticuleux, pens\u00e9s pour pr\u00e9venir au maximum les accidents parmi nos employ\u00e9s.<\/div>\n\n                            \n                            \n                        <\/div>\n                    <\/div>\n                <\/div>\n            <\/section>\n\n        \n            \n            <section class=\"juh-img-txt-collapse\">\n                <div class=\"container\">\n                    <div class=\"juh-collapse-container juh-collapse-right\" id=\"img-txt-anim-69da3e95c4574\" data-collapse-trigger data-has-additional=\"false\">\n\n                                                    <div class=\"juh-collapse-img-block\">\n                                <img decoding=\"async\" src=\"https:\/\/juhayna2026.code95.info\/app\/uploads\/2025\/10\/ed5d9f0efa2e6f4dc1f058ca1092b470e84c2b92_19.jpg\" alt=\"R\u00e9compenses\" class=\"juh-collapse-img\"\n                                    loading=\"lazy\">\n                            <\/div>\n                        \n                        <div class=\"juh-collapse-txt-block\">\n                            <h2 class=\"juh-collapse-heading\">R\u00e9compenses<\/h2>\n                                                            <div\n                                    class=\"juh-collapse-subtitle-wrapper has-underline\">\n                                    <p class=\"juh-collapse-subtitle\">L\u2019un de nos objectifs en tant que compagnie leader du march\u00e9 des aliments et boissons, est de mettre en place un syst\u00e8me de r\u00e9compenses tr\u00e8s solide et comp\u00e9titif, concurrentiel et flexible<\/p>\n                                <\/div>\n                                                        <div class=\"juh-collapse-description\">Afin de toujours \u00eatre en avance sur le march\u00e9 dans un secteur tellement dynamique. Il est pour nous essential de s\u2019adapter aux derni\u00e8res tendances du march\u00e9, non seulement pour attirer des talents externes, mais \u00e9galement pour distinguer nos propres talents de haut niveau. Notre performance est directement li\u00e9e \u00e0 notre mod\u00e8le de r\u00e9compenses et reconnaissance, \u00e0 travers lequel nous r\u00e9compensons les strat\u00e9gies performantes.<br \/><\/div>\n\n                            \n                            \n                        <\/div>\n                    <\/div>\n                <\/div>\n            <\/section>\n\n        \n            \n            <section class=\"juh-img-txt-collapse\">\n                <div class=\"container\">\n                    <div class=\"juh-collapse-container juh-collapse-left\" id=\"img-txt-anim-69da3e95c45a5\" data-collapse-trigger data-has-additional=\"false\">\n\n                                                    <div class=\"juh-collapse-img-block\">\n                                <img decoding=\"async\" src=\"https:\/\/juhayna2026.code95.info\/app\/uploads\/2025\/10\/7763adaa58b6b4286cbe59bb5e0c104a10143ebd_18.jpg\" alt=\"Cultrue\" class=\"juh-collapse-img\"\n                                    loading=\"lazy\">\n                            <\/div>\n                        \n                        <div class=\"juh-collapse-txt-block\">\n                            <h2 class=\"juh-collapse-heading\">Cultrue<\/h2>\n                                                            <div\n                                    class=\"juh-collapse-subtitle-wrapper has-underline\">\n                                    <p class=\"juh-collapse-subtitle\">Depuis sa fondation, Juhayna a d\u00e9velopp\u00e9 une culture d\u2019entreprise valorisant le talent et le m\u00e9rite.<\/p>\n                                <\/div>\n                                                        <div class=\"juh-collapse-description\">Nous recrutons des employ\u00e9s motiv\u00e9s et d\u00e9sireux de tester leurs limites, passionn\u00e9s \u00e0 la fois par le d\u00e9veloppement de leur carri\u00e8re individuelle que par les objectifs strat\u00e9giques de la compagnie. Ainsi, il existe une responsabilit\u00e9 mutuelle entre la compagnie et les individus qui composent notre \u00e9quipe. Nous investissons pour le d\u00e9veloppement des membres de notre \u00e9quipe en leur offrant de nombreuses opportunit\u00e9s d\u2019apprentissage, telles que des programmes de formation ; en retour, nous attendons de chacun d\u2019eux qu\u2019il travaille au meilleur de ses capacit\u00e9s, afin que nous puissions collectivement produire des produits de la meilleure qualit\u00e9 possible.<br \/>\nEn termes de progr\u00e8s individuels, nous avons mis en place un proc\u00e9d\u00e9 d\u2019\u00e9valuation des performances tr\u00e8s pr\u00e9cis, utilis\u00e9 afin de nous aider \u00e0 identifier les employ\u00e9s travaillant avec int\u00e9grit\u00e9 et excellence, ce qui constitue donc un de nos outils de d\u00e9termination des potentiels disponibles.<\/div>\n\n                            \n                            \n                        <\/div>\n                    <\/div>\n                <\/div>\n            <\/section>\n\n            \n","protected":false},"excerpt":{"rendered":"","protected":false},"author":1,"featured_media":0,"parent":341,"menu_order":89,"comment_status":"closed","ping_status":"closed","template":"","meta":{"_acf_changed":false,"inline_featured_image":false,"footnotes":""},"class_list":["post-3017","page","type-page","status-publish","hentry"],"acf":[],"yoast_head":"<!-- This site is optimized with the Yoast SEO plugin v26.3 - https:\/\/yoast.com\/wordpress\/plugins\/seo\/ -->\n<title>Votre Carri\u00e8re - Juhayan2026<\/title>\n<meta name=\"robots\" content=\"noindex, follow, max-snippet:-1, max-image-preview:large, max-video-preview:-1\" \/>\n<meta property=\"og:locale\" content=\"fr_FR\" \/>\n<meta property=\"og:type\" content=\"article\" \/>\n<meta property=\"og:title\" content=\"Votre Carri\u00e8re - Juhayan2026\" \/>\n<meta property=\"og:url\" content=\"https:\/\/juhayna2026.code95.info\/fr\/carriere\/your-career\/\" \/>\n<meta property=\"og:site_name\" content=\"Juhayan2026\" \/>\n<meta property=\"article:publisher\" content=\"https:\/\/www.facebook.com\/JuhaynaDairy\/\" \/>\n<meta property=\"article:modified_time\" content=\"2025-10-13T13:06:31+00:00\" \/>\n<meta name=\"twitter:card\" content=\"summary_large_image\" \/>\n<script type=\"application\/ld+json\" class=\"yoast-schema-graph\">{\"@context\":\"https:\/\/schema.org\",\"@graph\":[{\"@type\":\"WebPage\",\"@id\":\"https:\/\/juhayna2026.code95.info\/fr\/carriere\/your-career\/\",\"url\":\"https:\/\/juhayna2026.code95.info\/fr\/carriere\/your-career\/\",\"name\":\"Votre Carri\u00e8re - Juhayan2026\",\"isPartOf\":{\"@id\":\"https:\/\/juhayna2026.code95.info\/fr\/#website\"},\"datePublished\":\"2025-10-13T09:03:32+00:00\",\"dateModified\":\"2025-10-13T13:06:31+00:00\",\"breadcrumb\":{\"@id\":\"https:\/\/juhayna2026.code95.info\/fr\/carriere\/your-career\/#breadcrumb\"},\"inLanguage\":\"fr-FR\",\"potentialAction\":[{\"@type\":\"ReadAction\",\"target\":[\"https:\/\/juhayna2026.code95.info\/fr\/carriere\/your-career\/\"]}]},{\"@type\":\"BreadcrumbList\",\"@id\":\"https:\/\/juhayna2026.code95.info\/fr\/carriere\/your-career\/#breadcrumb\",\"itemListElement\":[{\"@type\":\"ListItem\",\"position\":1,\"name\":\"Home\",\"item\":\"https:\/\/juhayna2026.code95.info\/fr\/\"},{\"@type\":\"ListItem\",\"position\":2,\"name\":\"Votre Carri\u00e8re\"}]},{\"@type\":\"WebSite\",\"@id\":\"https:\/\/juhayna2026.code95.info\/fr\/#website\",\"url\":\"https:\/\/juhayna2026.code95.info\/fr\/\",\"name\":\"Juhayan2026\",\"description\":\"\",\"publisher\":{\"@id\":\"https:\/\/juhayna2026.code95.info\/fr\/#organization\"},\"potentialAction\":[{\"@type\":\"SearchAction\",\"target\":{\"@type\":\"EntryPoint\",\"urlTemplate\":\"https:\/\/juhayna2026.code95.info\/fr\/?s={search_term_string}\"},\"query-input\":{\"@type\":\"PropertyValueSpecification\",\"valueRequired\":true,\"valueName\":\"search_term_string\"}}],\"inLanguage\":\"fr-FR\"},{\"@type\":\"Organization\",\"@id\":\"https:\/\/juhayna2026.code95.info\/fr\/#organization\",\"name\":\"Juhayan2026\",\"url\":\"https:\/\/juhayna2026.code95.info\/fr\/\",\"logo\":{\"@type\":\"ImageObject\",\"inLanguage\":\"fr-FR\",\"@id\":\"https:\/\/juhayna2026.code95.info\/fr\/#\/schema\/logo\/image\/\",\"url\":\"https:\/\/juhayna2026.code95.info\/app\/uploads\/2025\/09\/1572854222_509_8296_msicon144x144.png\",\"contentUrl\":\"https:\/\/juhayna2026.code95.info\/app\/uploads\/2025\/09\/1572854222_509_8296_msicon144x144.png\",\"width\":144,\"height\":144,\"caption\":\"Juhayan2026\"},\"image\":{\"@id\":\"https:\/\/juhayna2026.code95.info\/fr\/#\/schema\/logo\/image\/\"},\"sameAs\":[\"https:\/\/www.facebook.com\/JuhaynaDairy\/\",\"https:\/\/www.instagram.com\/juhaynaclassics\/?hl=en\",\"https:\/\/www.youtube.com\/channel\/UCDr8Hr5lbiXNoN7g59xHGsA\",\"https:\/\/www.linkedin.com\/company\/juhayna-food-industries\/\"]}]}<\/script>\n<!-- \/ Yoast SEO plugin. -->","yoast_head_json":{"title":"Votre Carri\u00e8re - Juhayan2026","robots":{"index":"noindex","follow":"follow","max-snippet":"max-snippet:-1","max-image-preview":"max-image-preview:large","max-video-preview":"max-video-preview:-1"},"og_locale":"fr_FR","og_type":"article","og_title":"Votre Carri\u00e8re - Juhayan2026","og_url":"https:\/\/juhayna2026.code95.info\/fr\/carriere\/your-career\/","og_site_name":"Juhayan2026","article_publisher":"https:\/\/www.facebook.com\/JuhaynaDairy\/","article_modified_time":"2025-10-13T13:06:31+00:00","twitter_card":"summary_large_image","schema":{"@context":"https:\/\/schema.org","@graph":[{"@type":"WebPage","@id":"https:\/\/juhayna2026.code95.info\/fr\/carriere\/your-career\/","url":"https:\/\/juhayna2026.code95.info\/fr\/carriere\/your-career\/","name":"Votre Carri\u00e8re - Juhayan2026","isPartOf":{"@id":"https:\/\/juhayna2026.code95.info\/fr\/#website"},"datePublished":"2025-10-13T09:03:32+00:00","dateModified":"2025-10-13T13:06:31+00:00","breadcrumb":{"@id":"https:\/\/juhayna2026.code95.info\/fr\/carriere\/your-career\/#breadcrumb"},"inLanguage":"fr-FR","potentialAction":[{"@type":"ReadAction","target":["https:\/\/juhayna2026.code95.info\/fr\/carriere\/your-career\/"]}]},{"@type":"BreadcrumbList","@id":"https:\/\/juhayna2026.code95.info\/fr\/carriere\/your-career\/#breadcrumb","itemListElement":[{"@type":"ListItem","position":1,"name":"Home","item":"https:\/\/juhayna2026.code95.info\/fr\/"},{"@type":"ListItem","position":2,"name":"Votre Carri\u00e8re"}]},{"@type":"WebSite","@id":"https:\/\/juhayna2026.code95.info\/fr\/#website","url":"https:\/\/juhayna2026.code95.info\/fr\/","name":"Juhayan2026","description":"","publisher":{"@id":"https:\/\/juhayna2026.code95.info\/fr\/#organization"},"potentialAction":[{"@type":"SearchAction","target":{"@type":"EntryPoint","urlTemplate":"https:\/\/juhayna2026.code95.info\/fr\/?s={search_term_string}"},"query-input":{"@type":"PropertyValueSpecification","valueRequired":true,"valueName":"search_term_string"}}],"inLanguage":"fr-FR"},{"@type":"Organization","@id":"https:\/\/juhayna2026.code95.info\/fr\/#organization","name":"Juhayan2026","url":"https:\/\/juhayna2026.code95.info\/fr\/","logo":{"@type":"ImageObject","inLanguage":"fr-FR","@id":"https:\/\/juhayna2026.code95.info\/fr\/#\/schema\/logo\/image\/","url":"https:\/\/juhayna2026.code95.info\/app\/uploads\/2025\/09\/1572854222_509_8296_msicon144x144.png","contentUrl":"https:\/\/juhayna2026.code95.info\/app\/uploads\/2025\/09\/1572854222_509_8296_msicon144x144.png","width":144,"height":144,"caption":"Juhayan2026"},"image":{"@id":"https:\/\/juhayna2026.code95.info\/fr\/#\/schema\/logo\/image\/"},"sameAs":["https:\/\/www.facebook.com\/JuhaynaDairy\/","https:\/\/www.instagram.com\/juhaynaclassics\/?hl=en","https:\/\/www.youtube.com\/channel\/UCDr8Hr5lbiXNoN7g59xHGsA","https:\/\/www.linkedin.com\/company\/juhayna-food-industries\/"]}]}},"_links":{"self":[{"href":"https:\/\/juhayna2026.code95.info\/fr\/wp-json\/wp\/v2\/pages\/3017","targetHints":{"allow":["GET"]}}],"collection":[{"href":"https:\/\/juhayna2026.code95.info\/fr\/wp-json\/wp\/v2\/pages"}],"about":[{"href":"https:\/\/juhayna2026.code95.info\/fr\/wp-json\/wp\/v2\/types\/page"}],"author":[{"embeddable":true,"href":"https:\/\/juhayna2026.code95.info\/fr\/wp-json\/wp\/v2\/users\/1"}],"replies":[{"embeddable":true,"href":"https:\/\/juhayna2026.code95.info\/fr\/wp-json\/wp\/v2\/comments?post=3017"}],"version-history":[{"count":4,"href":"https:\/\/juhayna2026.code95.info\/fr\/wp-json\/wp\/v2\/pages\/3017\/revisions"}],"predecessor-version":[{"id":3213,"href":"https:\/\/juhayna2026.code95.info\/fr\/wp-json\/wp\/v2\/pages\/3017\/revisions\/3213"}],"up":[{"embeddable":true,"href":"https:\/\/juhayna2026.code95.info\/fr\/wp-json\/wp\/v2\/pages\/341"}],"wp:attachment":[{"href":"https:\/\/juhayna2026.code95.info\/fr\/wp-json\/wp\/v2\/media?parent=3017"}],"curies":[{"name":"wp","href":"https:\/\/api.w.org\/{rel}","templated":true}]}}