{"id":3019,"date":"2025-10-13T09:04:51","date_gmt":"2025-10-13T09:04:51","guid":{"rendered":"https:\/\/juhayna2026.code95.info\/meet-our-people\/"},"modified":"2025-10-13T12:31:50","modified_gmt":"2025-10-13T12:31:50","slug":"meet-our-people","status":"publish","type":"page","link":"https:\/\/juhayna2026.code95.info\/fr\/carriere\/meet-our-people\/","title":{"rendered":"Rejoignez nos stages d\u2019\u00e9t\u00e9"},"content":{"rendered":"<div class=\"banner\">\n    <div class=\"banner-wrapper\">\n                    <div class=\"banner-image\">\n                <img decoding=\"async\" src=\"https:\/\/juhayna2026.code95.info\/app\/uploads\/2025\/10\/Mask-group-28.png\"\n                    alt=\"Rejoignez nos stages d\u2019\u00e9t\u00e9\" \/>\n                                    <div class=\"banner-overlay\"><\/div>\n                                                    <div class=\"banner-title-container\">\n                                                    <h1 class=\"banner-title\">\n                                Rencontrer nos gens                            <\/h1>\n                                                                    <\/div>\n                            <\/div>\n            <\/div>\n<\/div>\n\n<section class=\"video-description-section\">\n    <div class=\"container\">\n                                <div class=\"video-description-wrapper video-position-left\">\n                <div class=\"video-container\">\n                    <div class=\"ratio ratio-16x9\">\n                        <iframe\n                            src=\"https:\/\/www.youtube.com\/embed\/JARgmtE032Q\"\n                            title=\"YouTube video\"\n                            allow=\"accelerometer; autoplay; clipboard-write; encrypted-media; gyroscope; picture-in-picture\"\n                            allowfullscreen\n                            loading=\"lazy\"\n                        ><\/iframe>\n                    <\/div>\n                <\/div>\n                                    <div class=\"description-container\">\n                        <div class=\"description-text\">\n                            <p>L\u2019\u00e9quipe Juhayna se compose d\u2019un groupe de personnes diverses, travaillant au service d\u2019un syst\u00e8me de valeurs commun et avec une perspective clairement d\u00e9finie. Ce sont ces objectifs communs qui, toutes ces ann\u00e9es, ont rassembl\u00e9 des talents remarquables en qu\u00eate d\u2019un d\u00e9veloppement \u00e0 la fois professionnel et personnel.<\/p>\n                        <\/div>\n                    <\/div>\n                            <\/div>\n                                <div class=\"video-description-wrapper video-position-right\">\n                <div class=\"video-container\">\n                    <div class=\"ratio ratio-16x9\">\n                        <iframe\n                            src=\"https:\/\/www.youtube.com\/embed\/sF2IBy8LIe0\"\n                            title=\"YouTube video\"\n                            allow=\"accelerometer; autoplay; clipboard-write; encrypted-media; gyroscope; picture-in-picture\"\n                            allowfullscreen\n                            loading=\"lazy\"\n                        ><\/iframe>\n                    <\/div>\n                <\/div>\n                                    <div class=\"description-container\">\n                        <div class=\"description-text\">\n                            <p>Avec le temps, Juhayna a \u00e9tabli avec succ\u00e8s une culture de d\u00e9veloppement et de fiert\u00e9 parmi ses employ\u00e9s, dans laquelle les exp\u00e9riences partag\u00e9es et l\u2019engagement commun constituent la cl\u00e9 du succ\u00e8s de l\u2019entreprise, et de sa progression.<\/p>\n                        <\/div>\n                    <\/div>\n                            <\/div>\n                                <div class=\"video-description-wrapper video-position-left\">\n                <div class=\"video-container\">\n                    <div class=\"ratio ratio-16x9\">\n                        <iframe\n                            src=\"https:\/\/www.youtube.com\/embed\/pqWFl_pn_1g\"\n                            title=\"YouTube video\"\n                            allow=\"accelerometer; autoplay; clipboard-write; encrypted-media; gyroscope; picture-in-picture\"\n                            allowfullscreen\n                            loading=\"lazy\"\n                        ><\/iframe>\n                    <\/div>\n                <\/div>\n                                    <div class=\"description-container\">\n                        <div class=\"description-text\">\n                            <p>Depuis toujours, notre entreprise se caract\u00e9rise par ses crit\u00e8res d\u2019int\u00e9grit\u00e9 et d\u2019\u00e9thique, \u00e0 travers ses engagements vis-\u00e0-vis de ses diff\u00e9rents interlocuteurs, employ\u00e9s, actionnaires, consommateurs, mais \u00e9galement communaut\u00e9s locales ; c\u2019est cela qui permettra pendant encore de longues ann\u00e9es la durabilit\u00e9 de notre entreprise.<\/p>\n                        <\/div>\n                    <\/div>\n                            <\/div>\n        \n    <\/div>\n\n<\/section>\n","protected":false},"excerpt":{"rendered":"","protected":false},"author":1,"featured_media":0,"parent":341,"menu_order":92,"comment_status":"closed","ping_status":"closed","template":"","meta":{"_acf_changed":false,"inline_featured_image":false,"footnotes":""},"class_list":["post-3019","page","type-page","status-publish","hentry"],"acf":[],"yoast_head":"<!-- This site is optimized with the Yoast SEO plugin v26.3 - https:\/\/yoast.com\/wordpress\/plugins\/seo\/ -->\n<title>Rejoignez nos stages d\u2019\u00e9t\u00e9 - Juhayan2026<\/title>\n<meta name=\"robots\" content=\"noindex, follow, max-snippet:-1, max-image-preview:large, max-video-preview:-1\" \/>\n<meta property=\"og:locale\" content=\"fr_FR\" \/>\n<meta property=\"og:type\" content=\"article\" \/>\n<meta property=\"og:title\" content=\"Rejoignez nos stages d\u2019\u00e9t\u00e9 - Juhayan2026\" \/>\n<meta property=\"og:url\" content=\"https:\/\/juhayna2026.code95.info\/fr\/carriere\/meet-our-people\/\" \/>\n<meta property=\"og:site_name\" content=\"Juhayan2026\" \/>\n<meta property=\"article:publisher\" content=\"https:\/\/www.facebook.com\/JuhaynaDairy\/\" \/>\n<meta property=\"article:modified_time\" content=\"2025-10-13T12:31:50+00:00\" \/>\n<meta name=\"twitter:card\" content=\"summary_large_image\" \/>\n<script type=\"application\/ld+json\" class=\"yoast-schema-graph\">{\"@context\":\"https:\/\/schema.org\",\"@graph\":[{\"@type\":\"WebPage\",\"@id\":\"https:\/\/juhayna2026.code95.info\/fr\/carriere\/meet-our-people\/\",\"url\":\"https:\/\/juhayna2026.code95.info\/fr\/carriere\/meet-our-people\/\",\"name\":\"Rejoignez nos stages d\u2019\u00e9t\u00e9 - Juhayan2026\",\"isPartOf\":{\"@id\":\"https:\/\/juhayna2026.code95.info\/fr\/#website\"},\"datePublished\":\"2025-10-13T09:04:51+00:00\",\"dateModified\":\"2025-10-13T12:31:50+00:00\",\"breadcrumb\":{\"@id\":\"https:\/\/juhayna2026.code95.info\/fr\/carriere\/meet-our-people\/#breadcrumb\"},\"inLanguage\":\"fr-FR\",\"potentialAction\":[{\"@type\":\"ReadAction\",\"target\":[\"https:\/\/juhayna2026.code95.info\/fr\/carriere\/meet-our-people\/\"]}]},{\"@type\":\"BreadcrumbList\",\"@id\":\"https:\/\/juhayna2026.code95.info\/fr\/carriere\/meet-our-people\/#breadcrumb\",\"itemListElement\":[{\"@type\":\"ListItem\",\"position\":1,\"name\":\"Home\",\"item\":\"https:\/\/juhayna2026.code95.info\/fr\/\"},{\"@type\":\"ListItem\",\"position\":2,\"name\":\"Rejoignez nos stages d\u2019\u00e9t\u00e9\"}]},{\"@type\":\"WebSite\",\"@id\":\"https:\/\/juhayna2026.code95.info\/fr\/#website\",\"url\":\"https:\/\/juhayna2026.code95.info\/fr\/\",\"name\":\"Juhayan2026\",\"description\":\"\",\"publisher\":{\"@id\":\"https:\/\/juhayna2026.code95.info\/fr\/#organization\"},\"potentialAction\":[{\"@type\":\"SearchAction\",\"target\":{\"@type\":\"EntryPoint\",\"urlTemplate\":\"https:\/\/juhayna2026.code95.info\/fr\/?s={search_term_string}\"},\"query-input\":{\"@type\":\"PropertyValueSpecification\",\"valueRequired\":true,\"valueName\":\"search_term_string\"}}],\"inLanguage\":\"fr-FR\"},{\"@type\":\"Organization\",\"@id\":\"https:\/\/juhayna2026.code95.info\/fr\/#organization\",\"name\":\"Juhayan2026\",\"url\":\"https:\/\/juhayna2026.code95.info\/fr\/\",\"logo\":{\"@type\":\"ImageObject\",\"inLanguage\":\"fr-FR\",\"@id\":\"https:\/\/juhayna2026.code95.info\/fr\/#\/schema\/logo\/image\/\",\"url\":\"https:\/\/juhayna2026.code95.info\/app\/uploads\/2025\/09\/1572854222_509_8296_msicon144x144.png\",\"contentUrl\":\"https:\/\/juhayna2026.code95.info\/app\/uploads\/2025\/09\/1572854222_509_8296_msicon144x144.png\",\"width\":144,\"height\":144,\"caption\":\"Juhayan2026\"},\"image\":{\"@id\":\"https:\/\/juhayna2026.code95.info\/fr\/#\/schema\/logo\/image\/\"},\"sameAs\":[\"https:\/\/www.facebook.com\/JuhaynaDairy\/\",\"https:\/\/www.instagram.com\/juhaynaclassics\/?hl=en\",\"https:\/\/www.youtube.com\/channel\/UCDr8Hr5lbiXNoN7g59xHGsA\",\"https:\/\/www.linkedin.com\/company\/juhayna-food-industries\/\"]}]}<\/script>\n<!-- \/ Yoast SEO plugin. -->","yoast_head_json":{"title":"Rejoignez nos stages d\u2019\u00e9t\u00e9 - Juhayan2026","robots":{"index":"noindex","follow":"follow","max-snippet":"max-snippet:-1","max-image-preview":"max-image-preview:large","max-video-preview":"max-video-preview:-1"},"og_locale":"fr_FR","og_type":"article","og_title":"Rejoignez nos stages d\u2019\u00e9t\u00e9 - Juhayan2026","og_url":"https:\/\/juhayna2026.code95.info\/fr\/carriere\/meet-our-people\/","og_site_name":"Juhayan2026","article_publisher":"https:\/\/www.facebook.com\/JuhaynaDairy\/","article_modified_time":"2025-10-13T12:31:50+00:00","twitter_card":"summary_large_image","schema":{"@context":"https:\/\/schema.org","@graph":[{"@type":"WebPage","@id":"https:\/\/juhayna2026.code95.info\/fr\/carriere\/meet-our-people\/","url":"https:\/\/juhayna2026.code95.info\/fr\/carriere\/meet-our-people\/","name":"Rejoignez nos stages d\u2019\u00e9t\u00e9 - Juhayan2026","isPartOf":{"@id":"https:\/\/juhayna2026.code95.info\/fr\/#website"},"datePublished":"2025-10-13T09:04:51+00:00","dateModified":"2025-10-13T12:31:50+00:00","breadcrumb":{"@id":"https:\/\/juhayna2026.code95.info\/fr\/carriere\/meet-our-people\/#breadcrumb"},"inLanguage":"fr-FR","potentialAction":[{"@type":"ReadAction","target":["https:\/\/juhayna2026.code95.info\/fr\/carriere\/meet-our-people\/"]}]},{"@type":"BreadcrumbList","@id":"https:\/\/juhayna2026.code95.info\/fr\/carriere\/meet-our-people\/#breadcrumb","itemListElement":[{"@type":"ListItem","position":1,"name":"Home","item":"https:\/\/juhayna2026.code95.info\/fr\/"},{"@type":"ListItem","position":2,"name":"Rejoignez nos stages d\u2019\u00e9t\u00e9"}]},{"@type":"WebSite","@id":"https:\/\/juhayna2026.code95.info\/fr\/#website","url":"https:\/\/juhayna2026.code95.info\/fr\/","name":"Juhayan2026","description":"","publisher":{"@id":"https:\/\/juhayna2026.code95.info\/fr\/#organization"},"potentialAction":[{"@type":"SearchAction","target":{"@type":"EntryPoint","urlTemplate":"https:\/\/juhayna2026.code95.info\/fr\/?s={search_term_string}"},"query-input":{"@type":"PropertyValueSpecification","valueRequired":true,"valueName":"search_term_string"}}],"inLanguage":"fr-FR"},{"@type":"Organization","@id":"https:\/\/juhayna2026.code95.info\/fr\/#organization","name":"Juhayan2026","url":"https:\/\/juhayna2026.code95.info\/fr\/","logo":{"@type":"ImageObject","inLanguage":"fr-FR","@id":"https:\/\/juhayna2026.code95.info\/fr\/#\/schema\/logo\/image\/","url":"https:\/\/juhayna2026.code95.info\/app\/uploads\/2025\/09\/1572854222_509_8296_msicon144x144.png","contentUrl":"https:\/\/juhayna2026.code95.info\/app\/uploads\/2025\/09\/1572854222_509_8296_msicon144x144.png","width":144,"height":144,"caption":"Juhayan2026"},"image":{"@id":"https:\/\/juhayna2026.code95.info\/fr\/#\/schema\/logo\/image\/"},"sameAs":["https:\/\/www.facebook.com\/JuhaynaDairy\/","https:\/\/www.instagram.com\/juhaynaclassics\/?hl=en","https:\/\/www.youtube.com\/channel\/UCDr8Hr5lbiXNoN7g59xHGsA","https:\/\/www.linkedin.com\/company\/juhayna-food-industries\/"]}]}},"_links":{"self":[{"href":"https:\/\/juhayna2026.code95.info\/fr\/wp-json\/wp\/v2\/pages\/3019","targetHints":{"allow":["GET"]}}],"collection":[{"href":"https:\/\/juhayna2026.code95.info\/fr\/wp-json\/wp\/v2\/pages"}],"about":[{"href":"https:\/\/juhayna2026.code95.info\/fr\/wp-json\/wp\/v2\/types\/page"}],"author":[{"embeddable":true,"href":"https:\/\/juhayna2026.code95.info\/fr\/wp-json\/wp\/v2\/users\/1"}],"replies":[{"embeddable":true,"href":"https:\/\/juhayna2026.code95.info\/fr\/wp-json\/wp\/v2\/comments?post=3019"}],"version-history":[{"count":7,"href":"https:\/\/juhayna2026.code95.info\/fr\/wp-json\/wp\/v2\/pages\/3019\/revisions"}],"predecessor-version":[{"id":3174,"href":"https:\/\/juhayna2026.code95.info\/fr\/wp-json\/wp\/v2\/pages\/3019\/revisions\/3174"}],"up":[{"embeddable":true,"href":"https:\/\/juhayna2026.code95.info\/fr\/wp-json\/wp\/v2\/pages\/341"}],"wp:attachment":[{"href":"https:\/\/juhayna2026.code95.info\/fr\/wp-json\/wp\/v2\/media?parent=3019"}],"curies":[{"name":"wp","href":"https:\/\/api.w.org\/{rel}","templated":true}]}}