{"id":335,"date":"2025-09-18T10:03:04","date_gmt":"2025-09-18T10:03:04","guid":{"rendered":"https:\/\/juhayna2026.code95.info\/?page_id=335"},"modified":"2025-11-03T12:28:05","modified_gmt":"2025-11-03T12:28:05","slug":"exportations","status":"publish","type":"page","link":"https:\/\/juhayna2026.code95.info\/fr\/exportations\/","title":{"rendered":"Exportations"},"content":{"rendered":"<link rel=\"preconnect\" href=\"https:\/\/www.youtube.com\" crossorigin><link rel=\"preconnect\" href=\"https:\/\/img.youtube.com\" crossorigin><link rel=\"dns-prefetch\" href=\"https:\/\/www.youtube.com\"><link rel=\"dns-prefetch\" href=\"https:\/\/img.youtube.com\"><link rel=\"prefetch\" href=\"https:\/\/img.youtube.com\/vi\/rtU7z6rJHPs\/hqdefault.jpg\" as=\"image\"><link rel=\"prefetch\" href=\"https:\/\/img.youtube.com\/vi\/NS0Dp8TvKlc\/hqdefault.jpg\" as=\"image\">\n<div id=\"video-testimonials-slider-69da280646a01\" class=\"video-testimonials-slider\"\n    data-auto-advance=\"true\"\n    data-infinite-loop=\"true\"\n    data-allow-manual=\"true\"\n    data-mute-videos=\"true\"\n    data-show-navigation=\"true\">\n\n        <div class=\"slider-navigation\" role=\"navigation\" aria-label=\"Video testimonials navigation\">\n        <div class=\"navigation-items\">\n                            <div class=\"nav-item active\"\n                    data-index=\"0\"\n                    data-type=\"youtube_video\" >\n\n                    <div class=\"nav-indicator\">\n                        <div class=\"progress-bar\"><\/div>\n                    <\/div>\n\n                    <div class=\"nav-content\">\n                        <div class=\"nav-title text-capitalize\">Juhayna X F&amp;B Summit<\/div>\n                    <\/div>\n                <\/div>\n                            <div class=\"nav-item \"\n                    data-index=\"1\"\n                    data-type=\"youtube_video\" >\n\n                    <div class=\"nav-indicator\">\n                        <div class=\"progress-bar\"><\/div>\n                    <\/div>\n\n                    <div class=\"nav-content\">\n                        <div class=\"nav-title text-capitalize\">Juhayna X Saudi Food Show<\/div>\n                    <\/div>\n                <\/div>\n                    <\/div>\n    <\/div>\n    \n    <div class=\"slider-content\">\n        <div class=\"content-wrapper\">\n                            <div class=\"slide-item active\"\n                    data-index=\"0\"\n                    data-type=\"youtube_video\">\n\n                                            <div class=\"video-container\">\n                            <div class=\"video-thumbnail\">\n                                <img decoding=\"async\" src=\"https:\/\/img.youtube.com\/vi\/rtU7z6rJHPs\/hqdefault.jpg\"\n                                     alt=\"Juhayna X F&amp;B Summit\"\n                                     class=\"thumbnail-image\"\n                                     width=\"480\"\n                                     height=\"360\"\n                                     loading=\"eager\" fetchpriority=\"high\">\n                                <button class=\"play-button\"\n                                    aria-label=\"Play video: Juhayna X F&amp;B Summit\">\n                                    <img decoding=\"async\" src=\"https:\/\/juhayna2026.code95.info\/app\/themes\/juhayna-revamp-2026\/resources\/images\/common-img\/play-button.svg\"\n                                        alt=\"Play\" class=\"play-button-icon\" loading=\"lazy\">\n                                <\/button>\n                            <\/div>\n\n                            <div class=\"video-player\" style=\"display: none;\">\n                                <iframe\n                                    data-youtube-id=\"rtU7z6rJHPs\"\n                                    data-src=\"https:\/\/www.youtube.com\/embed\/rtU7z6rJHPs?autoplay=1&#038;enablejsapi=1&#038;rel=0&#038;modestbranding=1&#038;controls=1&#038;mute=1\"\n                                    frameborder=\"0\"\n                                    allow=\"autoplay; encrypted-media\"\n                                    allowfullscreen>\n                                <\/iframe>\n                            <\/div>\n                        <\/div>\n\n                        <div class=\"slide-info\">\n                        <\/div>\n\n                                    <\/div>\n                            <div class=\"slide-item \"\n                    data-index=\"1\"\n                    data-type=\"youtube_video\">\n\n                                            <div class=\"video-container\">\n                            <div class=\"video-thumbnail\">\n                                <img decoding=\"async\" src=\"https:\/\/img.youtube.com\/vi\/NS0Dp8TvKlc\/hqdefault.jpg\"\n                                     alt=\"Juhayna X Saudi Food Show\"\n                                     class=\"thumbnail-image\"\n                                     width=\"480\"\n                                     height=\"360\"\n                                     loading=\"lazy\">\n                                <button class=\"play-button\"\n                                    aria-label=\"Play video: Juhayna X Saudi Food Show\">\n                                    <img decoding=\"async\" src=\"https:\/\/juhayna2026.code95.info\/app\/themes\/juhayna-revamp-2026\/resources\/images\/common-img\/play-button.svg\"\n                                        alt=\"Play\" class=\"play-button-icon\" loading=\"lazy\">\n                                <\/button>\n                            <\/div>\n\n                            <div class=\"video-player\" style=\"display: none;\">\n                                <iframe\n                                    data-youtube-id=\"NS0Dp8TvKlc\"\n                                    data-src=\"https:\/\/www.youtube.com\/embed\/NS0Dp8TvKlc?autoplay=1&#038;enablejsapi=1&#038;rel=0&#038;modestbranding=1&#038;controls=1&#038;mute=1\"\n                                    frameborder=\"0\"\n                                    allow=\"autoplay; encrypted-media\"\n                                    allowfullscreen>\n                                <\/iframe>\n                            <\/div>\n                        <\/div>\n\n                        <div class=\"slide-info\">\n                        <\/div>\n\n                                    <\/div>\n                    <\/div>\n    <\/div>\n<\/div>\n\n<script type=\"application\/json\" id=\"video-testimonials-slider-69da280646a01-data\">\n{\"items\":[{\"index\":0,\"type\":\"youtube_video\",\"title\":\"Juhayna X F&B Summit\",\"duration\":\"0:00\",\"youtube_id\":\"rtU7z6rJHPs\",\"url\":\"https:\\\/\\\/www.youtube.com\\\/watch?v=rtU7z6rJHPs\",\"thumbnail\":\"https:\\\/\\\/img.youtube.com\\\/vi\\\/rtU7z6rJHPs\\\/hqdefault.jpg\"},{\"index\":1,\"type\":\"youtube_video\",\"title\":\"Juhayna X Saudi Food Show\",\"duration\":\"0:00\",\"youtube_id\":\"NS0Dp8TvKlc\",\"url\":\"https:\\\/\\\/www.youtube.com\\\/watch?v=NS0Dp8TvKlc\",\"thumbnail\":\"https:\\\/\\\/img.youtube.com\\\/vi\\\/NS0Dp8TvKlc\\\/hqdefault.jpg\"}],\"settings\":{\"autoAdvance\":true,\"infiniteLoop\":true,\"allowManual\":true,\"muteVideos\":true},\"sliderId\":\"video-testimonials-slider-69da280646a01\"}<\/script>\n\n\n            \n            \n            <section class=\"juh-img-txt-collapse\">\n                <div class=\"container\">\n                    <div class=\"juh-collapse-container juh-collapse-left\" id=\"img-txt-anim-69da28064c5c1\" data-collapse-trigger data-has-additional=\"false\">\n\n                                                    <div class=\"juh-collapse-img-block\">\n                                <img decoding=\"async\" src=\"https:\/\/juhayna2026.code95.info\/app\/uploads\/2025\/11\/Group-273.png\" alt=\"Notre monde\" class=\"juh-collapse-img\"\n                                    loading=\"lazy\">\n                            <\/div>\n                        \n                        <div class=\"juh-collapse-txt-block\">\n                            <h2 class=\"juh-collapse-heading\">Notre monde<\/h2>\n                                                        <div class=\"juh-collapse-description\">Bienvenue dans la section Export de Juhayna, o\u00f9 nous sommes fiers de partager notre engagement ind\u00e9fectible \u00e0 offrir des produits laitiers et des jus de fruits de classe mondiale aux consommateurs du monde entier.<br \/><\/div>\n\n                            \n                            \n                        <\/div>\n                    <\/div>\n                <\/div>\n            <\/section>\n\n        \n            \n            <section class=\"juh-img-txt-collapse\">\n                <div class=\"container\">\n                    <div class=\"juh-collapse-container juh-collapse-right\" id=\"img-txt-anim-69da28064c604\" data-collapse-trigger data-has-additional=\"false\">\n\n                                                    <div class=\"juh-collapse-img-block\">\n                                <img decoding=\"async\" src=\"https:\/\/juhayna2026.code95.info\/app\/uploads\/2025\/11\/1703408796_156_903659_12.png\" alt=\"Juhayna Food Industries\" class=\"juh-collapse-img\"\n                                    loading=\"lazy\">\n                            <\/div>\n                        \n                        <div class=\"juh-collapse-txt-block\">\n                            <h2 class=\"juh-collapse-heading\">Juhayna Food Industries<\/h2>\n                                                        <div class=\"juh-collapse-description\">la transformation et l\u2019emballage de lait, de yaourt, de jus et de concentr\u00e9 de jus.<br \/>\nDepuis sa fondation en 1983, elle a acquis une position de leader dans les industries laiti\u00e8res et jus en \u00c9gypte et au Moyen-Orient, un exploit rendu possible gr\u00e2ce \u00e0 son engagement ferme \u00e0 fournir une large gamme de produits de haute qualit\u00e9, sains et s\u00fbrs qui ont devenir des noms de m\u00e9nage de confiance.<\/div>\n\n                            \n                            \n                        <\/div>\n                    <\/div>\n                <\/div>\n            <\/section>\n\n        \n            \n            <section class=\"juh-img-txt-collapse\">\n                <div class=\"container\">\n                    <div class=\"juh-collapse-container juh-collapse-left\" id=\"img-txt-anim-69da28064c634\" data-collapse-trigger data-has-additional=\"false\">\n\n                                                    <div class=\"juh-collapse-img-block\">\n                                <img decoding=\"async\" src=\"https:\/\/juhayna2026.code95.info\/app\/uploads\/2025\/11\/1703408862_975_852982_121.png\" alt=\"La Success Story Du Segment Laitier De Juhayna\" class=\"juh-collapse-img\"\n                                    loading=\"lazy\">\n                            <\/div>\n                        \n                        <div class=\"juh-collapse-txt-block\">\n                            <h2 class=\"juh-collapse-heading\">La Success Story Du Segment Laitier De Juhayna<\/h2>\n                                                        <div class=\"juh-collapse-description\">Au cours de ses 40 ann\u00e9es d\u2019exploitation, le segment laitier de Juhayna a cultiv\u00e9 un nombre toujours croissant de clients fid\u00e8les \u00e0 ses marques, ce qui lui donne une avance confortable avant tout ses concurrents laitiers et une part de march\u00e9 significative qui se situe actuellement \u00e0 63%.<br \/>\nIl est \u00e9galement le seul fournisseur de produits laitiers pour nombreux autres restaurants de restauration rapide, h\u00f4tels, compagnies a\u00e9riennes et \u00e9tablissements d\u2019enseignement.<br \/>\nNotre utilisation d\u2019ingr\u00e9dients de qualit\u00e9, de concentr\u00e9s fabriqu\u00e9s en interne et de technologies de pointe pour le traitement et l\u2019emballage, ainsi que de lourds investissements en R&#038;D pour am\u00e9liorer nos offres de produits et pour r\u00e9aliser notre vision d\u2019apporter des produits sains et de qualit\u00e9 aux consommateurs de Juhayna.<\/div>\n\n                            \n                            \n                        <\/div>\n                    <\/div>\n                <\/div>\n            <\/section>\n\n        \n            \n            <section class=\"juh-img-txt-collapse\">\n                <div class=\"container\">\n                    <div class=\"juh-collapse-container juh-collapse-right\" id=\"img-txt-anim-69da28064c66c\" data-collapse-trigger data-has-additional=\"false\">\n\n                                                    <div class=\"juh-collapse-img-block\">\n                                <img decoding=\"async\" src=\"https:\/\/juhayna2026.code95.info\/app\/uploads\/2025\/11\/1703408919_491_649728_122.png\" alt=\"Expansion R\u00e9ussie\" class=\"juh-collapse-img\"\n                                    loading=\"lazy\">\n                            <\/div>\n                        \n                        <div class=\"juh-collapse-txt-block\">\n                            <h2 class=\"juh-collapse-heading\">Expansion R\u00e9ussie<\/h2>\n                                                        <div class=\"juh-collapse-description\">\u00c0 cet effet, a obtenu un succ\u00e8s notable sur nos march\u00e9s \u00e9gyptiens et du Moyen-Orient, nous exportons maintenant dans plus de 30 pays<br \/><\/div>\n\n                            \n                                                            <div class=\"juh-files-with-links\">\n                                                                                                                    <div class=\"juh-file-item\">\n                                                                                            <img decoding=\"async\" src=\"https:\/\/juhayna2026.code95.info\/app\/uploads\/2025\/11\/1719850487_960_92405_image003.png\"\n                                                    alt=\"T\u00e9l\u00e9charger\" class=\"juh-file-image\"\n                                                    loading=\"lazy\">\n                                                                                        <div class=\"juh-file-download-overlay\">\n                                                <div class=\"juh-file-info\">\n                                                    <div class=\"juh-file-title-year-wrapper\">\n                                                        <h5 class=\"juh-file-title\">T\u00e9l\u00e9charger<\/h5>\n                                                        <span class=\"juh-file-year\">2023<\/span>\n                                                    <\/div>\n                                                <\/div>\n                                                <div class=\"juh-file-actions-wrapper\">\n                                                                                                            <a href=\"mailto:Export@juhayna.com\"\n                                                            target=\"_blank\"\n                                                            class=\"juh-file-external-link\">\n                                                            Export@juhayna.com                                                        <\/a>\n                                                                                                        <a href=\"https:\/\/juhayna2026.code95.info\/app\/uploads\/2025\/11\/1701701797_387_13426568_frenchexportcatalogue_compressed-1.pdf\" download\n                                                        class=\"juh-file-download-action-link\">\n                                                        <div class=\"juh-file-download-action\"> <span class=\"juh-file-download-text\">\n                                                                <span class=\"juh-file-download-text\">\n                                                                    T\u00e9l\u00e9charger                                                                <\/span>\n                                                        <\/div>\n                                                    <\/a>\n                                                <\/div>\n                                            <\/div>\n                                        <\/div>\n                                                                                                                    <div class=\"juh-file-item\">\n                                                                                            <img decoding=\"async\" src=\"https:\/\/juhayna2026.code95.info\/app\/uploads\/2025\/11\/1719849626_842_983283_1719324515_939_983283_screenshot20240625at5.08.17pm.png\"\n                                                    alt=\"T\u00e9l\u00e9charger\" class=\"juh-file-image\"\n                                                    loading=\"lazy\">\n                                                                                        <div class=\"juh-file-download-overlay\">\n                                                <div class=\"juh-file-info\">\n                                                    <div class=\"juh-file-title-year-wrapper\">\n                                                        <h5 class=\"juh-file-title\">T\u00e9l\u00e9charger<\/h5>\n                                                        <span class=\"juh-file-year\">2023<\/span>\n                                                    <\/div>\n                                                <\/div>\n                                                <div class=\"juh-file-actions-wrapper\">\n                                                                                                            <a href=\"https:\/\/elmarwa.com\/\"\n                                                            target=\"_blank\"\n                                                            class=\"juh-file-external-link\">\n                                                            elmarwa.com                                                        <\/a>\n                                                                                                        <a href=\"https:\/\/juhayna2026.code95.info\/app\/uploads\/2025\/11\/1719849951_827_4410213_1612262009_715_4414158_elmarwabrochure_compressed-1.pdf\" download\n                                                        class=\"juh-file-download-action-link\">\n                                                        <div class=\"juh-file-download-action\"> <span class=\"juh-file-download-text\">\n                                                                <span class=\"juh-file-download-text\">\n                                                                    T\u00e9l\u00e9charger                                                                <\/span>\n                                                        <\/div>\n                                                    <\/a>\n                                                <\/div>\n                                            <\/div>\n                                        <\/div>\n                                                                    <\/div>\n                            \n                        <\/div>\n                    <\/div>\n                <\/div>\n            <\/section>\n\n            \n","protected":false},"excerpt":{"rendered":"","protected":false},"author":1,"featured_media":0,"parent":0,"menu_order":42,"comment_status":"closed","ping_status":"closed","template":"","meta":{"_acf_changed":false,"inline_featured_image":false,"footnotes":""},"class_list":["post-335","page","type-page","status-publish","hentry"],"acf":[],"yoast_head":"<!-- This site is optimized with the Yoast SEO plugin v26.3 - https:\/\/yoast.com\/wordpress\/plugins\/seo\/ -->\n<title>Exportations - Juhayan2026<\/title>\n<meta name=\"robots\" content=\"noindex, follow, max-snippet:-1, max-image-preview:large, max-video-preview:-1\" \/>\n<meta property=\"og:locale\" content=\"fr_FR\" \/>\n<meta property=\"og:type\" content=\"article\" \/>\n<meta property=\"og:title\" content=\"Exportations - Juhayan2026\" \/>\n<meta property=\"og:url\" content=\"https:\/\/juhayna2026.code95.info\/fr\/exportations\/\" \/>\n<meta property=\"og:site_name\" content=\"Juhayan2026\" \/>\n<meta property=\"article:publisher\" content=\"https:\/\/www.facebook.com\/JuhaynaDairy\/\" \/>\n<meta property=\"article:modified_time\" content=\"2025-11-03T12:28:05+00:00\" \/>\n<meta name=\"twitter:card\" content=\"summary_large_image\" \/>\n<script type=\"application\/ld+json\" class=\"yoast-schema-graph\">{\"@context\":\"https:\/\/schema.org\",\"@graph\":[{\"@type\":\"WebPage\",\"@id\":\"https:\/\/juhayna2026.code95.info\/fr\/exportations\/\",\"url\":\"https:\/\/juhayna2026.code95.info\/fr\/exportations\/\",\"name\":\"Exportations - Juhayan2026\",\"isPartOf\":{\"@id\":\"https:\/\/juhayna2026.code95.info\/fr\/#website\"},\"datePublished\":\"2025-09-18T10:03:04+00:00\",\"dateModified\":\"2025-11-03T12:28:05+00:00\",\"breadcrumb\":{\"@id\":\"https:\/\/juhayna2026.code95.info\/fr\/exportations\/#breadcrumb\"},\"inLanguage\":\"fr-FR\",\"potentialAction\":[{\"@type\":\"ReadAction\",\"target\":[\"https:\/\/juhayna2026.code95.info\/fr\/exportations\/\"]}]},{\"@type\":\"BreadcrumbList\",\"@id\":\"https:\/\/juhayna2026.code95.info\/fr\/exportations\/#breadcrumb\",\"itemListElement\":[{\"@type\":\"ListItem\",\"position\":1,\"name\":\"Home\",\"item\":\"https:\/\/juhayna2026.code95.info\/fr\/\"},{\"@type\":\"ListItem\",\"position\":2,\"name\":\"Exportations\"}]},{\"@type\":\"WebSite\",\"@id\":\"https:\/\/juhayna2026.code95.info\/fr\/#website\",\"url\":\"https:\/\/juhayna2026.code95.info\/fr\/\",\"name\":\"Juhayan2026\",\"description\":\"\",\"publisher\":{\"@id\":\"https:\/\/juhayna2026.code95.info\/fr\/#organization\"},\"potentialAction\":[{\"@type\":\"SearchAction\",\"target\":{\"@type\":\"EntryPoint\",\"urlTemplate\":\"https:\/\/juhayna2026.code95.info\/fr\/?s={search_term_string}\"},\"query-input\":{\"@type\":\"PropertyValueSpecification\",\"valueRequired\":true,\"valueName\":\"search_term_string\"}}],\"inLanguage\":\"fr-FR\"},{\"@type\":\"Organization\",\"@id\":\"https:\/\/juhayna2026.code95.info\/fr\/#organization\",\"name\":\"Juhayan2026\",\"url\":\"https:\/\/juhayna2026.code95.info\/fr\/\",\"logo\":{\"@type\":\"ImageObject\",\"inLanguage\":\"fr-FR\",\"@id\":\"https:\/\/juhayna2026.code95.info\/fr\/#\/schema\/logo\/image\/\",\"url\":\"https:\/\/juhayna2026.code95.info\/app\/uploads\/2025\/09\/1572854222_509_8296_msicon144x144.png\",\"contentUrl\":\"https:\/\/juhayna2026.code95.info\/app\/uploads\/2025\/09\/1572854222_509_8296_msicon144x144.png\",\"width\":144,\"height\":144,\"caption\":\"Juhayan2026\"},\"image\":{\"@id\":\"https:\/\/juhayna2026.code95.info\/fr\/#\/schema\/logo\/image\/\"},\"sameAs\":[\"https:\/\/www.facebook.com\/JuhaynaDairy\/\",\"https:\/\/www.instagram.com\/juhaynaclassics\/?hl=en\",\"https:\/\/www.youtube.com\/channel\/UCDr8Hr5lbiXNoN7g59xHGsA\",\"https:\/\/www.linkedin.com\/company\/juhayna-food-industries\/\"]}]}<\/script>\n<!-- \/ Yoast SEO plugin. -->","yoast_head_json":{"title":"Exportations - Juhayan2026","robots":{"index":"noindex","follow":"follow","max-snippet":"max-snippet:-1","max-image-preview":"max-image-preview:large","max-video-preview":"max-video-preview:-1"},"og_locale":"fr_FR","og_type":"article","og_title":"Exportations - Juhayan2026","og_url":"https:\/\/juhayna2026.code95.info\/fr\/exportations\/","og_site_name":"Juhayan2026","article_publisher":"https:\/\/www.facebook.com\/JuhaynaDairy\/","article_modified_time":"2025-11-03T12:28:05+00:00","twitter_card":"summary_large_image","schema":{"@context":"https:\/\/schema.org","@graph":[{"@type":"WebPage","@id":"https:\/\/juhayna2026.code95.info\/fr\/exportations\/","url":"https:\/\/juhayna2026.code95.info\/fr\/exportations\/","name":"Exportations - Juhayan2026","isPartOf":{"@id":"https:\/\/juhayna2026.code95.info\/fr\/#website"},"datePublished":"2025-09-18T10:03:04+00:00","dateModified":"2025-11-03T12:28:05+00:00","breadcrumb":{"@id":"https:\/\/juhayna2026.code95.info\/fr\/exportations\/#breadcrumb"},"inLanguage":"fr-FR","potentialAction":[{"@type":"ReadAction","target":["https:\/\/juhayna2026.code95.info\/fr\/exportations\/"]}]},{"@type":"BreadcrumbList","@id":"https:\/\/juhayna2026.code95.info\/fr\/exportations\/#breadcrumb","itemListElement":[{"@type":"ListItem","position":1,"name":"Home","item":"https:\/\/juhayna2026.code95.info\/fr\/"},{"@type":"ListItem","position":2,"name":"Exportations"}]},{"@type":"WebSite","@id":"https:\/\/juhayna2026.code95.info\/fr\/#website","url":"https:\/\/juhayna2026.code95.info\/fr\/","name":"Juhayan2026","description":"","publisher":{"@id":"https:\/\/juhayna2026.code95.info\/fr\/#organization"},"potentialAction":[{"@type":"SearchAction","target":{"@type":"EntryPoint","urlTemplate":"https:\/\/juhayna2026.code95.info\/fr\/?s={search_term_string}"},"query-input":{"@type":"PropertyValueSpecification","valueRequired":true,"valueName":"search_term_string"}}],"inLanguage":"fr-FR"},{"@type":"Organization","@id":"https:\/\/juhayna2026.code95.info\/fr\/#organization","name":"Juhayan2026","url":"https:\/\/juhayna2026.code95.info\/fr\/","logo":{"@type":"ImageObject","inLanguage":"fr-FR","@id":"https:\/\/juhayna2026.code95.info\/fr\/#\/schema\/logo\/image\/","url":"https:\/\/juhayna2026.code95.info\/app\/uploads\/2025\/09\/1572854222_509_8296_msicon144x144.png","contentUrl":"https:\/\/juhayna2026.code95.info\/app\/uploads\/2025\/09\/1572854222_509_8296_msicon144x144.png","width":144,"height":144,"caption":"Juhayan2026"},"image":{"@id":"https:\/\/juhayna2026.code95.info\/fr\/#\/schema\/logo\/image\/"},"sameAs":["https:\/\/www.facebook.com\/JuhaynaDairy\/","https:\/\/www.instagram.com\/juhaynaclassics\/?hl=en","https:\/\/www.youtube.com\/channel\/UCDr8Hr5lbiXNoN7g59xHGsA","https:\/\/www.linkedin.com\/company\/juhayna-food-industries\/"]}]}},"_links":{"self":[{"href":"https:\/\/juhayna2026.code95.info\/fr\/wp-json\/wp\/v2\/pages\/335","targetHints":{"allow":["GET"]}}],"collection":[{"href":"https:\/\/juhayna2026.code95.info\/fr\/wp-json\/wp\/v2\/pages"}],"about":[{"href":"https:\/\/juhayna2026.code95.info\/fr\/wp-json\/wp\/v2\/types\/page"}],"author":[{"embeddable":true,"href":"https:\/\/juhayna2026.code95.info\/fr\/wp-json\/wp\/v2\/users\/1"}],"replies":[{"embeddable":true,"href":"https:\/\/juhayna2026.code95.info\/fr\/wp-json\/wp\/v2\/comments?post=335"}],"version-history":[{"count":5,"href":"https:\/\/juhayna2026.code95.info\/fr\/wp-json\/wp\/v2\/pages\/335\/revisions"}],"predecessor-version":[{"id":5890,"href":"https:\/\/juhayna2026.code95.info\/fr\/wp-json\/wp\/v2\/pages\/335\/revisions\/5890"}],"wp:attachment":[{"href":"https:\/\/juhayna2026.code95.info\/fr\/wp-json\/wp\/v2\/media?parent=335"}],"curies":[{"name":"wp","href":"https:\/\/api.w.org\/{rel}","templated":true}]}}