{"id":341,"date":"2025-09-18T10:04:12","date_gmt":"2025-09-18T10:04:12","guid":{"rendered":"https:\/\/juhayna2026.code95.info\/?page_id=341"},"modified":"2025-10-27T08:51:40","modified_gmt":"2025-10-27T08:51:40","slug":"carriere","status":"publish","type":"page","link":"https:\/\/juhayna2026.code95.info\/fr\/carriere\/","title":{"rendered":"Carri\u00e8re"},"content":{"rendered":"<div class=\"banner\">\n    <div class=\"banner-wrapper\">\n                    <div class=\"banner-image\">\n                <img decoding=\"async\" src=\"https:\/\/juhayna2026.code95.info\/app\/uploads\/2025\/10\/Mask-group-17.png\"\n                    alt=\"Carri\u00e8re\" \/>\n                                    <div class=\"banner-overlay\"><\/div>\n                                                    <div class=\"banner-title-container\">\n                                                    <h1 class=\"banner-title\">\n                                Carri\u00e8res                            <\/h1>\n                                                                            <p class=\"banner-description\">Depuis sa fondation en 1983, Juhayna Food Industries a connu une croissance consid\u00e9rable et est devenue le leader \u00e9gyptien des produits manufactur\u00e9s, sp\u00e9cialis\u00e9 dans la production, la transformation et l\u2019emballage de lait, yaourts, jus et jus concentr\u00e9s dans les 30 derni\u00e8res ann\u00e9es.<\/p>\n                                            <\/div>\n                            <\/div>\n            <\/div>\n<\/div>\n\n\n<div class=\"container\">\n    <div class=\"farm-to-consumer-block farm-to-consumer-style-1\">\n        <div class=\"farm-to-consumer-cards farm-to-consumer-cards-5\">\n                                                \n                    <div class=\"farm-to-consumer-card\">\n                                                    <a href=\"\/fr\/why-juhayna\/\" class=\"farm-to-consumer-card-link\">\n                        \n                        <div class=\"farm-to-consumer-card-inner\">\n\n                                                            <div class=\"farm-to-consumer-card-image\">\n                                    <img decoding=\"async\" src=\"https:\/\/juhayna2026.code95.info\/app\/uploads\/2025\/10\/Mask-group-2.svg\"\n                                         alt=\"Pourquoi Juhayna?\">\n                                <\/div>\n                            \n                            \n                                                            <div class=\"farm-to-consumer-card-content\">\n                                                                            <h2 class=\"farm-to-consumer-card-title\">\n                                            Pourquoi Juhayna?                                        <\/h2>\n                                    \n                                    <!-- ===================================================================================== -->\n                                    <!-- DESCRIPTION - ALWAYS RENDERED (EVEN IF EMPTY) FOR PROPER CARD ALIGNMENT -->\n                                    <!-- ===================================================================================== -->\n                                    <p class=\"farm-to-consumer-card-description\">\n                                                                            <\/p>\n\n                                                                    <\/div>\n                            \n                        <\/div>\n\n                                                    <\/a>\n                                            <\/div>\n\n                                    \n                    <div class=\"farm-to-consumer-card\">\n                                                    <a href=\"\/fr\/our-departments\/\" class=\"farm-to-consumer-card-link\">\n                        \n                        <div class=\"farm-to-consumer-card-inner\">\n\n                                                            <div class=\"farm-to-consumer-card-image\">\n                                    <img decoding=\"async\" src=\"https:\/\/juhayna2026.code95.info\/app\/uploads\/2025\/10\/Mask-group-1.svg\"\n                                         alt=\"Nos D\u00e9partments\">\n                                <\/div>\n                            \n                            \n                                                            <div class=\"farm-to-consumer-card-content\">\n                                                                            <h2 class=\"farm-to-consumer-card-title\">\n                                            Nos D\u00e9partments                                        <\/h2>\n                                    \n                                    <!-- ===================================================================================== -->\n                                    <!-- DESCRIPTION - ALWAYS RENDERED (EVEN IF EMPTY) FOR PROPER CARD ALIGNMENT -->\n                                    <!-- ===================================================================================== -->\n                                    <p class=\"farm-to-consumer-card-description\">\n                                                                            <\/p>\n\n                                                                    <\/div>\n                            \n                        <\/div>\n\n                                                    <\/a>\n                                            <\/div>\n\n                                    \n                    <div class=\"farm-to-consumer-card\">\n                                                    <a href=\"\/fr\/your-career\/\" class=\"farm-to-consumer-card-link\">\n                        \n                        <div class=\"farm-to-consumer-card-inner\">\n\n                                                            <div class=\"farm-to-consumer-card-image\">\n                                    <img decoding=\"async\" src=\"https:\/\/juhayna2026.code95.info\/app\/uploads\/2025\/10\/Mask-group-4.svg\"\n                                         alt=\"Votre Carri\u00e8re\">\n                                <\/div>\n                            \n                            \n                                                            <div class=\"farm-to-consumer-card-content\">\n                                                                            <h2 class=\"farm-to-consumer-card-title\">\n                                            Votre Carri\u00e8re                                        <\/h2>\n                                    \n                                    <!-- ===================================================================================== -->\n                                    <!-- DESCRIPTION - ALWAYS RENDERED (EVEN IF EMPTY) FOR PROPER CARD ALIGNMENT -->\n                                    <!-- ===================================================================================== -->\n                                    <p class=\"farm-to-consumer-card-description\">\n                                                                            <\/p>\n\n                                                                    <\/div>\n                            \n                        <\/div>\n\n                                                    <\/a>\n                                            <\/div>\n\n                                    \n                    <div class=\"farm-to-consumer-card\">\n                                                    <a href=\"https:\/\/jobs.juhayna.com\/\" class=\"farm-to-consumer-card-link\">\n                        \n                        <div class=\"farm-to-consumer-card-inner\">\n\n                                                            <div class=\"farm-to-consumer-card-image\">\n                                    <img decoding=\"async\" src=\"https:\/\/juhayna2026.code95.info\/app\/uploads\/2025\/10\/Group-1000001775.svg\"\n                                         alt=\"Chercher um Emploi\">\n                                <\/div>\n                            \n                            \n                                                            <div class=\"farm-to-consumer-card-content\">\n                                                                            <h2 class=\"farm-to-consumer-card-title\">\n                                            Chercher um Emploi                                        <\/h2>\n                                    \n                                    <!-- ===================================================================================== -->\n                                    <!-- DESCRIPTION - ALWAYS RENDERED (EVEN IF EMPTY) FOR PROPER CARD ALIGNMENT -->\n                                    <!-- ===================================================================================== -->\n                                    <p class=\"farm-to-consumer-card-description\">\n                                                                            <\/p>\n\n                                                                    <\/div>\n                            \n                        <\/div>\n\n                                                    <\/a>\n                                            <\/div>\n\n                                    \n                    <div class=\"farm-to-consumer-card\">\n                                                    <a href=\"\/fr\/meet-our-people\/\" class=\"farm-to-consumer-card-link\">\n                        \n                        <div class=\"farm-to-consumer-card-inner\">\n\n                                                            <div class=\"farm-to-consumer-card-image\">\n                                    <img decoding=\"async\" src=\"https:\/\/juhayna2026.code95.info\/app\/uploads\/2025\/10\/Mask-group-5.svg\"\n                                         alt=\"Rejoignez nos stages d\u2019\u00e9t\u00e9\">\n                                <\/div>\n                            \n                            \n                                                            <div class=\"farm-to-consumer-card-content\">\n                                                                            <h2 class=\"farm-to-consumer-card-title\">\n                                            Rejoignez nos stages d\u2019\u00e9t\u00e9                                        <\/h2>\n                                    \n                                    <!-- ===================================================================================== -->\n                                    <!-- DESCRIPTION - ALWAYS RENDERED (EVEN IF EMPTY) FOR PROPER CARD ALIGNMENT -->\n                                    <!-- ===================================================================================== -->\n                                    <p class=\"farm-to-consumer-card-description\">\n                                                                            <\/p>\n\n                                                                    <\/div>\n                            \n                        <\/div>\n\n                                                    <\/a>\n                                            <\/div>\n\n                                    <\/div>\n    <\/div>\n<\/div>","protected":false},"excerpt":{"rendered":"","protected":false},"author":1,"featured_media":0,"parent":0,"menu_order":45,"comment_status":"closed","ping_status":"closed","template":"","meta":{"_acf_changed":false,"inline_featured_image":false,"footnotes":""},"class_list":["post-341","page","type-page","status-publish","hentry"],"acf":[],"yoast_head":"<!-- This site is optimized with the Yoast SEO plugin v26.3 - https:\/\/yoast.com\/wordpress\/plugins\/seo\/ -->\n<title>Carri\u00e8re - Juhayan2026<\/title>\n<meta name=\"robots\" content=\"noindex, follow, max-snippet:-1, max-image-preview:large, max-video-preview:-1\" \/>\n<meta property=\"og:locale\" content=\"fr_FR\" \/>\n<meta property=\"og:type\" content=\"article\" \/>\n<meta property=\"og:title\" content=\"Carri\u00e8re - Juhayan2026\" \/>\n<meta property=\"og:url\" content=\"https:\/\/juhayna2026.code95.info\/fr\/carriere\/\" \/>\n<meta property=\"og:site_name\" content=\"Juhayan2026\" \/>\n<meta property=\"article:publisher\" content=\"https:\/\/www.facebook.com\/JuhaynaDairy\/\" \/>\n<meta property=\"article:modified_time\" content=\"2025-10-27T08:51:40+00:00\" \/>\n<meta name=\"twitter:card\" content=\"summary_large_image\" \/>\n<script type=\"application\/ld+json\" class=\"yoast-schema-graph\">{\"@context\":\"https:\/\/schema.org\",\"@graph\":[{\"@type\":\"WebPage\",\"@id\":\"https:\/\/juhayna2026.code95.info\/fr\/carriere\/\",\"url\":\"https:\/\/juhayna2026.code95.info\/fr\/carriere\/\",\"name\":\"Carri\u00e8re - Juhayan2026\",\"isPartOf\":{\"@id\":\"https:\/\/juhayna2026.code95.info\/fr\/#website\"},\"datePublished\":\"2025-09-18T10:04:12+00:00\",\"dateModified\":\"2025-10-27T08:51:40+00:00\",\"breadcrumb\":{\"@id\":\"https:\/\/juhayna2026.code95.info\/fr\/carriere\/#breadcrumb\"},\"inLanguage\":\"fr-FR\",\"potentialAction\":[{\"@type\":\"ReadAction\",\"target\":[\"https:\/\/juhayna2026.code95.info\/fr\/carriere\/\"]}]},{\"@type\":\"BreadcrumbList\",\"@id\":\"https:\/\/juhayna2026.code95.info\/fr\/carriere\/#breadcrumb\",\"itemListElement\":[{\"@type\":\"ListItem\",\"position\":1,\"name\":\"Home\",\"item\":\"https:\/\/juhayna2026.code95.info\/fr\/\"},{\"@type\":\"ListItem\",\"position\":2,\"name\":\"Carri\u00e8re\"}]},{\"@type\":\"WebSite\",\"@id\":\"https:\/\/juhayna2026.code95.info\/fr\/#website\",\"url\":\"https:\/\/juhayna2026.code95.info\/fr\/\",\"name\":\"Juhayan2026\",\"description\":\"\",\"publisher\":{\"@id\":\"https:\/\/juhayna2026.code95.info\/fr\/#organization\"},\"potentialAction\":[{\"@type\":\"SearchAction\",\"target\":{\"@type\":\"EntryPoint\",\"urlTemplate\":\"https:\/\/juhayna2026.code95.info\/fr\/?s={search_term_string}\"},\"query-input\":{\"@type\":\"PropertyValueSpecification\",\"valueRequired\":true,\"valueName\":\"search_term_string\"}}],\"inLanguage\":\"fr-FR\"},{\"@type\":\"Organization\",\"@id\":\"https:\/\/juhayna2026.code95.info\/fr\/#organization\",\"name\":\"Juhayan2026\",\"url\":\"https:\/\/juhayna2026.code95.info\/fr\/\",\"logo\":{\"@type\":\"ImageObject\",\"inLanguage\":\"fr-FR\",\"@id\":\"https:\/\/juhayna2026.code95.info\/fr\/#\/schema\/logo\/image\/\",\"url\":\"https:\/\/juhayna2026.code95.info\/app\/uploads\/2025\/09\/1572854222_509_8296_msicon144x144.png\",\"contentUrl\":\"https:\/\/juhayna2026.code95.info\/app\/uploads\/2025\/09\/1572854222_509_8296_msicon144x144.png\",\"width\":144,\"height\":144,\"caption\":\"Juhayan2026\"},\"image\":{\"@id\":\"https:\/\/juhayna2026.code95.info\/fr\/#\/schema\/logo\/image\/\"},\"sameAs\":[\"https:\/\/www.facebook.com\/JuhaynaDairy\/\",\"https:\/\/www.instagram.com\/juhaynaclassics\/?hl=en\",\"https:\/\/www.youtube.com\/channel\/UCDr8Hr5lbiXNoN7g59xHGsA\",\"https:\/\/www.linkedin.com\/company\/juhayna-food-industries\/\"]}]}<\/script>\n<!-- \/ Yoast SEO plugin. -->","yoast_head_json":{"title":"Carri\u00e8re - Juhayan2026","robots":{"index":"noindex","follow":"follow","max-snippet":"max-snippet:-1","max-image-preview":"max-image-preview:large","max-video-preview":"max-video-preview:-1"},"og_locale":"fr_FR","og_type":"article","og_title":"Carri\u00e8re - Juhayan2026","og_url":"https:\/\/juhayna2026.code95.info\/fr\/carriere\/","og_site_name":"Juhayan2026","article_publisher":"https:\/\/www.facebook.com\/JuhaynaDairy\/","article_modified_time":"2025-10-27T08:51:40+00:00","twitter_card":"summary_large_image","schema":{"@context":"https:\/\/schema.org","@graph":[{"@type":"WebPage","@id":"https:\/\/juhayna2026.code95.info\/fr\/carriere\/","url":"https:\/\/juhayna2026.code95.info\/fr\/carriere\/","name":"Carri\u00e8re - Juhayan2026","isPartOf":{"@id":"https:\/\/juhayna2026.code95.info\/fr\/#website"},"datePublished":"2025-09-18T10:04:12+00:00","dateModified":"2025-10-27T08:51:40+00:00","breadcrumb":{"@id":"https:\/\/juhayna2026.code95.info\/fr\/carriere\/#breadcrumb"},"inLanguage":"fr-FR","potentialAction":[{"@type":"ReadAction","target":["https:\/\/juhayna2026.code95.info\/fr\/carriere\/"]}]},{"@type":"BreadcrumbList","@id":"https:\/\/juhayna2026.code95.info\/fr\/carriere\/#breadcrumb","itemListElement":[{"@type":"ListItem","position":1,"name":"Home","item":"https:\/\/juhayna2026.code95.info\/fr\/"},{"@type":"ListItem","position":2,"name":"Carri\u00e8re"}]},{"@type":"WebSite","@id":"https:\/\/juhayna2026.code95.info\/fr\/#website","url":"https:\/\/juhayna2026.code95.info\/fr\/","name":"Juhayan2026","description":"","publisher":{"@id":"https:\/\/juhayna2026.code95.info\/fr\/#organization"},"potentialAction":[{"@type":"SearchAction","target":{"@type":"EntryPoint","urlTemplate":"https:\/\/juhayna2026.code95.info\/fr\/?s={search_term_string}"},"query-input":{"@type":"PropertyValueSpecification","valueRequired":true,"valueName":"search_term_string"}}],"inLanguage":"fr-FR"},{"@type":"Organization","@id":"https:\/\/juhayna2026.code95.info\/fr\/#organization","name":"Juhayan2026","url":"https:\/\/juhayna2026.code95.info\/fr\/","logo":{"@type":"ImageObject","inLanguage":"fr-FR","@id":"https:\/\/juhayna2026.code95.info\/fr\/#\/schema\/logo\/image\/","url":"https:\/\/juhayna2026.code95.info\/app\/uploads\/2025\/09\/1572854222_509_8296_msicon144x144.png","contentUrl":"https:\/\/juhayna2026.code95.info\/app\/uploads\/2025\/09\/1572854222_509_8296_msicon144x144.png","width":144,"height":144,"caption":"Juhayan2026"},"image":{"@id":"https:\/\/juhayna2026.code95.info\/fr\/#\/schema\/logo\/image\/"},"sameAs":["https:\/\/www.facebook.com\/JuhaynaDairy\/","https:\/\/www.instagram.com\/juhaynaclassics\/?hl=en","https:\/\/www.youtube.com\/channel\/UCDr8Hr5lbiXNoN7g59xHGsA","https:\/\/www.linkedin.com\/company\/juhayna-food-industries\/"]}]}},"_links":{"self":[{"href":"https:\/\/juhayna2026.code95.info\/fr\/wp-json\/wp\/v2\/pages\/341","targetHints":{"allow":["GET"]}}],"collection":[{"href":"https:\/\/juhayna2026.code95.info\/fr\/wp-json\/wp\/v2\/pages"}],"about":[{"href":"https:\/\/juhayna2026.code95.info\/fr\/wp-json\/wp\/v2\/types\/page"}],"author":[{"embeddable":true,"href":"https:\/\/juhayna2026.code95.info\/fr\/wp-json\/wp\/v2\/users\/1"}],"replies":[{"embeddable":true,"href":"https:\/\/juhayna2026.code95.info\/fr\/wp-json\/wp\/v2\/comments?post=341"}],"version-history":[{"count":5,"href":"https:\/\/juhayna2026.code95.info\/fr\/wp-json\/wp\/v2\/pages\/341\/revisions"}],"predecessor-version":[{"id":4958,"href":"https:\/\/juhayna2026.code95.info\/fr\/wp-json\/wp\/v2\/pages\/341\/revisions\/4958"}],"wp:attachment":[{"href":"https:\/\/juhayna2026.code95.info\/fr\/wp-json\/wp\/v2\/media?parent=341"}],"curies":[{"name":"wp","href":"https:\/\/api.w.org\/{rel}","templated":true}]}}