{"id":4533,"date":"2025-10-23T10:41:20","date_gmt":"2025-10-23T10:41:20","guid":{"rendered":"https:\/\/juhayna2026.code95.info\/esg-appendix\/"},"modified":"2026-01-11T09:52:30","modified_gmt":"2026-01-11T09:52:30","slug":"esg-ledger","status":"publish","type":"page","link":"https:\/\/juhayna2026.code95.info\/fr\/esg-ledger\/","title":{"rendered":"ESG Ledger"},"content":{"rendered":"<div class=\"banner\">\n    <div class=\"banner-wrapper\">\n                    <div class=\"banner-image\">\n                <img decoding=\"async\" src=\"https:\/\/juhayna2026.code95.info\/app\/uploads\/2025\/10\/2L8A6976-1.png\"\n                    alt=\"ESG Ledger\" \/>\n                                    <div class=\"banner-overlay\"><\/div>\n                                                    <div class=\"banner-title-container\">\n                                                    <h1 class=\"banner-title\">\n                                CSR &amp; Durabilit\u00e9                            <\/h1>\n                                                                    <\/div>\n                            <\/div>\n            <\/div>\n<\/div>\n\n \n<div class=\"menu-block content-menu-block \"\n     id=\"menu-block-69da3e98293ef\"\n     data-current-page-id=\"0\"\n     data-parent-page-id=\"0\">\n    <div class=\"container\">\n        <ul id=\"menu-block\" class=\"menu-block-nav\"><li class=\"menu-item menu-item-type-post_type menu-item-object-page list-inline-item text-ellipsis ellipsis-1 \"><a class=\"nav-link text-dovegray py-3\"href=\"https:\/\/juhayna2026.code95.info\/fr\/profil-esg\/\">Profil ESG<\/a><\/li>\n<li class=\"menu-item menu-item-type-post_type menu-item-object-page list-inline-item text-ellipsis ellipsis-1 \"><a class=\"nav-link text-dovegray py-3\"href=\"https:\/\/juhayna2026.code95.info\/fr\/sustainability-reports\/\">Rapport de d\u00e9veloppement durable<\/a><\/li>\n<li class=\"menu-item menu-item-type-post_type menu-item-object-page list-inline-item text-ellipsis ellipsis-1 \"><a class=\"nav-link text-dovegray py-3\"href=\"https:\/\/juhayna2026.code95.info\/fr\/esg-ledger\/\">ESG Ledger<\/a><\/li>\n<li class=\"menu-item menu-item-type-post_type menu-item-object-page list-inline-item text-ellipsis ellipsis-1 \"><a class=\"nav-link text-dovegray py-3\"href=\"https:\/\/juhayna2026.code95.info\/fr\/carbon-footprint-reports\/\">Rapport sur l\u2019empreinte carbone<\/a><\/li>\n<\/ul>    <\/div>\n<\/div>\n\n\n\n<section class=\"downloadable-files-grid-section\" id=\"block_17af0478dc2b147881adf32f3f880db4\">\n    <div class=\"container d-flex\">\n        <div class=\"downloadable-files-flex\">\n                            <div class=\"image-with-pdf\">\n                    <a href=\"https:\/\/juhayna2026.code95.info\/app\/uploads\/2025\/10\/1733920578_628_13463401_juhaynasustainabilityreport2023appendices.pdf\" class=\"pdf-image-link\" download>\n                                                    <img decoding=\"async\" src=\"https:\/\/juhayna2026.code95.info\/app\/uploads\/2025\/10\/1733921982_860_180667_new-768x1096.png\"\n                                alt=\"\" loading=\"lazy\">\n                                            <\/a>\n\n                    <a href=\"https:\/\/juhayna2026.code95.info\/app\/uploads\/2025\/10\/1733920578_628_13463401_juhaynasustainabilityreport2023appendices.pdf\" class=\"pdf-download-overlay\" download>\n                                                    <div class=\"d-flex\">\n                                <img decoding=\"async\" src=\"https:\/\/juhayna2026.code95.info\/app\/uploads\/2025\/10\/PDF_White.svg\"\n                                    alt=\"\" loading=\"lazy\">\n                                                        <div class=\"pdf-text\">\n                                <span>2023<\/span>\n                            <\/div>\n                        <\/div>\n                        <span class=\"pdf-download-text\">T\u00e9l\u00e9charger<\/span>\n                    <\/a>\n                <\/div>\n                            <div class=\"image-with-pdf\">\n                    <a href=\"https:\/\/juhayna2026.code95.info\/app\/uploads\/2025\/12\/1766319838_237_8487998_juhaynaledgerfinalforpublishing.pdf\" class=\"pdf-image-link\" download>\n                                                    <img decoding=\"async\" src=\"https:\/\/juhayna2026.code95.info\/app\/uploads\/2025\/12\/Juhayna-ledger-horizontal-768x1092.png\"\n                                alt=\"\" loading=\"lazy\">\n                                            <\/a>\n\n                    <a href=\"https:\/\/juhayna2026.code95.info\/app\/uploads\/2025\/12\/1766319838_237_8487998_juhaynaledgerfinalforpublishing.pdf\" class=\"pdf-download-overlay\" download>\n                                                    <div class=\"d-flex\">\n                                <img decoding=\"async\" src=\"https:\/\/juhayna2026.code95.info\/app\/uploads\/2025\/10\/PDF_White.svg\"\n                                    alt=\"\" loading=\"lazy\">\n                                                        <div class=\"pdf-text\">\n                                <span>ESG Ledger<\/span>\n                            <\/div>\n                        <\/div>\n                        <span class=\"pdf-download-text\">T\u00e9l\u00e9charger<\/span>\n                    <\/a>\n                <\/div>\n                    <\/div>\n    <\/div>\n<\/section>\n\n<link rel=\"preconnect\" href=\"https:\/\/www.youtube.com\" crossorigin><link rel=\"preconnect\" href=\"https:\/\/img.youtube.com\" crossorigin><link rel=\"dns-prefetch\" href=\"https:\/\/www.youtube.com\"><link rel=\"dns-prefetch\" href=\"https:\/\/img.youtube.com\"><link rel=\"prefetch\" href=\"https:\/\/img.youtube.com\/vi\/v5HkASxmEcQ\/hqdefault.jpg\" as=\"image\">\n<div id=\"video-testimonials-slider-69da3e982e93f\" class=\"video-testimonials-slider\"\n    data-auto-advance=\"true\"\n    data-infinite-loop=\"true\"\n    data-allow-manual=\"true\"\n    data-mute-videos=\"true\"\n    data-show-navigation=\"false\">\n\n    \n    <div class=\"slider-content\">\n        <div class=\"content-wrapper\">\n                            <div class=\"slide-item active\"\n                    data-index=\"0\"\n                    data-type=\"youtube_video\">\n\n                                            <div class=\"video-container\">\n                            <div class=\"video-thumbnail\">\n                                <img decoding=\"async\" src=\"https:\/\/img.youtube.com\/vi\/v5HkASxmEcQ\/hqdefault.jpg\"\n                                     alt=\"YouTube Video\"\n                                     class=\"thumbnail-image\"\n                                     width=\"480\"\n                                     height=\"360\"\n                                     loading=\"eager\" fetchpriority=\"high\">\n                                <button class=\"play-button\"\n                                    aria-label=\"Play video: YouTube Video\">\n                                    <img decoding=\"async\" src=\"https:\/\/juhayna2026.code95.info\/app\/themes\/juhayna-revamp-2026\/resources\/images\/common-img\/play-button.svg\"\n                                        alt=\"Play\" class=\"play-button-icon\" loading=\"lazy\">\n                                <\/button>\n                            <\/div>\n\n                            <div class=\"video-player\" style=\"display: none;\">\n                                <iframe\n                                    data-youtube-id=\"v5HkASxmEcQ\"\n                                    data-src=\"https:\/\/www.youtube.com\/embed\/v5HkASxmEcQ?autoplay=1&#038;enablejsapi=1&#038;rel=0&#038;modestbranding=1&#038;controls=1&#038;mute=1\"\n                                    frameborder=\"0\"\n                                    allow=\"autoplay; encrypted-media\"\n                                    allowfullscreen>\n                                <\/iframe>\n                            <\/div>\n                        <\/div>\n\n                        <div class=\"slide-info\">\n                        <\/div>\n\n                                    <\/div>\n                    <\/div>\n    <\/div>\n<\/div>\n\n<script type=\"application\/json\" id=\"video-testimonials-slider-69da3e982e93f-data\">\n{\"items\":[{\"index\":0,\"type\":\"youtube_video\",\"title\":\"YouTube Video\",\"duration\":\"0:00\",\"youtube_id\":\"v5HkASxmEcQ\",\"url\":\"https:\\\/\\\/youtu.be\\\/v5HkASxmEcQ\",\"thumbnail\":\"https:\\\/\\\/img.youtube.com\\\/vi\\\/v5HkASxmEcQ\\\/hqdefault.jpg\"}],\"settings\":{\"autoAdvance\":true,\"infiniteLoop\":true,\"allowManual\":true,\"muteVideos\":true},\"sliderId\":\"video-testimonials-slider-69da3e982e93f\"}<\/script>\n\n\n<div class=\"container\">\n    <section class=\"juhayna-heading-section juhayna-heading-style-8\">\n                    <!-- STYLES 1-8: Title + Description -->\n            <div class=\"juhayna-heading-content\">\n                                    <h2 class=\"juhayna-heading-title\">Cr\u00e9ation de valeurs partag\u00e9es<\/h2>\n                \n                                    <div class=\"juhayna-heading-description\">\n                        <p data-start=\"28\" data-end=\"381\" data-is-last-node=\"\" data-is-only-node=\"\"><strong data-start=\"28\" data-end=\"381\" data-is-last-node=\"\">Juhayna adopte une strat\u00e9gie de \u00ab Cr\u00e9ation de Valeur Partag\u00e9e \u00bb, \u00e0 travers laquelle elle s\u2019efforce de fournir des initiatives communautaires ax\u00e9es sur le progr\u00e8s des soci\u00e9t\u00e9s et le d\u00e9veloppement du secteur de l\u2019industrie alimentaire, en ligne avec les 17 objectifs de d\u00e9veloppement durable des Nations Unies et dans le cadre de l\u2019Agenda \u00c9gypte 2030.<\/strong><\/p>\n                    <\/div>\n                            <\/div>\n            <\/section>\n<\/div>\n\n\n\n<div class=\"container\">\n    <div class=\"farm-to-consumer-block farm-to-consumer-style-1\">\n        <div class=\"farm-to-consumer-cards farm-to-consumer-cards-3\">\n                                                \n                    <div class=\"farm-to-consumer-card\">\n                                                    <a href=\"\/fr\/gens\/\" class=\"farm-to-consumer-card-link\">\n                        \n                        <div class=\"farm-to-consumer-card-inner\">\n\n                                                            <div class=\"farm-to-consumer-card-image\">\n                                    <img decoding=\"async\" src=\"https:\/\/juhayna2026.code95.info\/app\/uploads\/2025\/10\/Group-287-6.svg\"\n                                         alt=\"Gens\">\n                                <\/div>\n                            \n                            \n                                                            <div class=\"farm-to-consumer-card-content\">\n                                                                            <h2 class=\"farm-to-consumer-card-title\">\n                                            Gens                                        <\/h2>\n                                    \n                                    <!-- ===================================================================================== -->\n                                    <!-- DESCRIPTION - ALWAYS RENDERED (EVEN IF EMPTY) FOR PROPER CARD ALIGNMENT -->\n                                    <!-- ===================================================================================== -->\n                                    <p class=\"farm-to-consumer-card-description\">\n                                        \u00catre socialement responsable\r\n                                    <\/p>\n\n                                                                            <div class=\"see-more-button\">\n                                            <a href=\"\/fr\/gens\/\" class=\"see-more-btn\" aria-label=\"Learn more about Gens\">\n                                                <span class=\"see-more-text\">Lire la suite <\/span>\n                                                <span class=\"see-more-arrow\">\n                                                    <img decoding=\"async\" src=\"https:\/\/juhayna2026.code95.info\/app\/themes\/juhayna-revamp-2026\/resources\/images\/common-img\/see-more-arrw.svg\"\n                                                         alt=\"\"\n                                                         aria-hidden=\"true\"\n                                                         class=\"arrow-icon\">\n                                                <\/span>\n                                            <\/a>\n                                            <div class=\"see-more-underline\">\n                                                <img decoding=\"async\" src=\"https:\/\/juhayna2026.code95.info\/app\/themes\/juhayna-revamp-2026\/resources\/images\/brands\/farm-to-fork\/see-more-line.svg\"\n                                                     alt=\"\" aria-hidden=\"true\" class=\"see-more-decoration-svg\">\n                                            <\/div>\n                                        <\/div>\n                                                                    <\/div>\n                            \n                        <\/div>\n\n                                                    <\/a>\n                                            <\/div>\n\n                                    \n                    <div class=\"farm-to-consumer-card\">\n                                                    <a href=\"\/fr\/planete\/\" class=\"farm-to-consumer-card-link\">\n                        \n                        <div class=\"farm-to-consumer-card-inner\">\n\n                                                            <div class=\"farm-to-consumer-card-image\">\n                                    <img decoding=\"async\" src=\"https:\/\/juhayna2026.code95.info\/app\/uploads\/2025\/10\/Group-287-4.svg\"\n                                         alt=\"Plan\u00e8te\">\n                                <\/div>\n                            \n                            \n                                                            <div class=\"farm-to-consumer-card-content\">\n                                                                            <h2 class=\"farm-to-consumer-card-title\">\n                                            Plan\u00e8te                                        <\/h2>\n                                    \n                                    <!-- ===================================================================================== -->\n                                    <!-- DESCRIPTION - ALWAYS RENDERED (EVEN IF EMPTY) FOR PROPER CARD ALIGNMENT -->\n                                    <!-- ===================================================================================== -->\n                                    <p class=\"farm-to-consumer-card-description\">\n                                        \u00catre respectueux de l\u2019environnement\r\n                                    <\/p>\n\n                                                                            <div class=\"see-more-button\">\n                                            <a href=\"\/fr\/planete\/\" class=\"see-more-btn\" aria-label=\"Learn more about Plan\u00e8te\">\n                                                <span class=\"see-more-text\">Lire la suite <\/span>\n                                                <span class=\"see-more-arrow\">\n                                                    <img decoding=\"async\" src=\"https:\/\/juhayna2026.code95.info\/app\/themes\/juhayna-revamp-2026\/resources\/images\/common-img\/see-more-arrw.svg\"\n                                                         alt=\"\"\n                                                         aria-hidden=\"true\"\n                                                         class=\"arrow-icon\">\n                                                <\/span>\n                                            <\/a>\n                                            <div class=\"see-more-underline\">\n                                                <img decoding=\"async\" src=\"https:\/\/juhayna2026.code95.info\/app\/themes\/juhayna-revamp-2026\/resources\/images\/brands\/farm-to-fork\/see-more-line.svg\"\n                                                     alt=\"\" aria-hidden=\"true\" class=\"see-more-decoration-svg\">\n                                            <\/div>\n                                        <\/div>\n                                                                    <\/div>\n                            \n                        <\/div>\n\n                                                    <\/a>\n                                            <\/div>\n\n                                    \n                    <div class=\"farm-to-consumer-card\">\n                                                    <a href=\"\/fr\/objectif\/\" class=\"farm-to-consumer-card-link\">\n                        \n                        <div class=\"farm-to-consumer-card-inner\">\n\n                                                            <div class=\"farm-to-consumer-card-image\">\n                                    <img decoding=\"async\" src=\"https:\/\/juhayna2026.code95.info\/app\/uploads\/2025\/10\/Group-287-5.svg\"\n                                         alt=\"Objectif\">\n                                <\/div>\n                            \n                            \n                                                            <div class=\"farm-to-consumer-card-content\">\n                                                                            <h2 class=\"farm-to-consumer-card-title\">\n                                            Objectif                                        <\/h2>\n                                    \n                                    <!-- ===================================================================================== -->\n                                    <!-- DESCRIPTION - ALWAYS RENDERED (EVEN IF EMPTY) FOR PROPER CARD ALIGNMENT -->\n                                    <!-- ===================================================================================== -->\n                                    <p class=\"farm-to-consumer-card-description\">\n                                        La mesure du profit et de la croissance\r\n                                    <\/p>\n\n                                                                            <div class=\"see-more-button\">\n                                            <a href=\"\/fr\/objectif\/\" class=\"see-more-btn\" aria-label=\"Learn more about Objectif\">\n                                                <span class=\"see-more-text\">Lire la suite <\/span>\n                                                <span class=\"see-more-arrow\">\n                                                    <img decoding=\"async\" src=\"https:\/\/juhayna2026.code95.info\/app\/themes\/juhayna-revamp-2026\/resources\/images\/common-img\/see-more-arrw.svg\"\n                                                         alt=\"\"\n                                                         aria-hidden=\"true\"\n                                                         class=\"arrow-icon\">\n                                                <\/span>\n                                            <\/a>\n                                            <div class=\"see-more-underline\">\n                                                <img decoding=\"async\" src=\"https:\/\/juhayna2026.code95.info\/app\/themes\/juhayna-revamp-2026\/resources\/images\/brands\/farm-to-fork\/see-more-line.svg\"\n                                                     alt=\"\" aria-hidden=\"true\" class=\"see-more-decoration-svg\">\n                                            <\/div>\n                                        <\/div>\n                                                                    <\/div>\n                            \n                        <\/div>\n\n                                                    <\/a>\n                                            <\/div>\n\n                                    <\/div>\n    <\/div>\n<\/div>","protected":false},"excerpt":{"rendered":"","protected":false},"author":1,"featured_media":0,"parent":0,"menu_order":101,"comment_status":"closed","ping_status":"closed","template":"","meta":{"_acf_changed":false,"inline_featured_image":false,"footnotes":""},"class_list":["post-4533","page","type-page","status-publish","hentry"],"acf":[],"yoast_head":"<!-- This site is optimized with the Yoast SEO plugin v26.3 - https:\/\/yoast.com\/wordpress\/plugins\/seo\/ -->\n<title>ESG Ledger - Juhayan2026<\/title>\n<meta name=\"robots\" content=\"noindex, follow, max-snippet:-1, max-image-preview:large, max-video-preview:-1\" \/>\n<meta property=\"og:locale\" content=\"fr_FR\" \/>\n<meta property=\"og:type\" content=\"article\" \/>\n<meta property=\"og:title\" content=\"ESG Ledger - Juhayan2026\" \/>\n<meta property=\"og:url\" content=\"https:\/\/juhayna2026.code95.info\/fr\/esg-ledger\/\" \/>\n<meta property=\"og:site_name\" content=\"Juhayan2026\" \/>\n<meta property=\"article:publisher\" content=\"https:\/\/www.facebook.com\/JuhaynaDairy\/\" \/>\n<meta property=\"article:modified_time\" content=\"2026-01-11T09:52:30+00:00\" \/>\n<meta name=\"twitter:card\" content=\"summary_large_image\" \/>\n<script type=\"application\/ld+json\" class=\"yoast-schema-graph\">{\"@context\":\"https:\/\/schema.org\",\"@graph\":[{\"@type\":\"WebPage\",\"@id\":\"https:\/\/juhayna2026.code95.info\/fr\/esg-ledger\/\",\"url\":\"https:\/\/juhayna2026.code95.info\/fr\/esg-ledger\/\",\"name\":\"ESG Ledger - Juhayan2026\",\"isPartOf\":{\"@id\":\"https:\/\/juhayna2026.code95.info\/fr\/#website\"},\"datePublished\":\"2025-10-23T10:41:20+00:00\",\"dateModified\":\"2026-01-11T09:52:30+00:00\",\"breadcrumb\":{\"@id\":\"https:\/\/juhayna2026.code95.info\/fr\/esg-ledger\/#breadcrumb\"},\"inLanguage\":\"fr-FR\",\"potentialAction\":[{\"@type\":\"ReadAction\",\"target\":[\"https:\/\/juhayna2026.code95.info\/fr\/esg-ledger\/\"]}]},{\"@type\":\"BreadcrumbList\",\"@id\":\"https:\/\/juhayna2026.code95.info\/fr\/esg-ledger\/#breadcrumb\",\"itemListElement\":[{\"@type\":\"ListItem\",\"position\":1,\"name\":\"Home\",\"item\":\"https:\/\/juhayna2026.code95.info\/fr\/\"},{\"@type\":\"ListItem\",\"position\":2,\"name\":\"ESG Ledger\"}]},{\"@type\":\"WebSite\",\"@id\":\"https:\/\/juhayna2026.code95.info\/fr\/#website\",\"url\":\"https:\/\/juhayna2026.code95.info\/fr\/\",\"name\":\"Juhayan2026\",\"description\":\"\",\"publisher\":{\"@id\":\"https:\/\/juhayna2026.code95.info\/fr\/#organization\"},\"potentialAction\":[{\"@type\":\"SearchAction\",\"target\":{\"@type\":\"EntryPoint\",\"urlTemplate\":\"https:\/\/juhayna2026.code95.info\/fr\/?s={search_term_string}\"},\"query-input\":{\"@type\":\"PropertyValueSpecification\",\"valueRequired\":true,\"valueName\":\"search_term_string\"}}],\"inLanguage\":\"fr-FR\"},{\"@type\":\"Organization\",\"@id\":\"https:\/\/juhayna2026.code95.info\/fr\/#organization\",\"name\":\"Juhayan2026\",\"url\":\"https:\/\/juhayna2026.code95.info\/fr\/\",\"logo\":{\"@type\":\"ImageObject\",\"inLanguage\":\"fr-FR\",\"@id\":\"https:\/\/juhayna2026.code95.info\/fr\/#\/schema\/logo\/image\/\",\"url\":\"https:\/\/juhayna2026.code95.info\/app\/uploads\/2025\/09\/1572854222_509_8296_msicon144x144.png\",\"contentUrl\":\"https:\/\/juhayna2026.code95.info\/app\/uploads\/2025\/09\/1572854222_509_8296_msicon144x144.png\",\"width\":144,\"height\":144,\"caption\":\"Juhayan2026\"},\"image\":{\"@id\":\"https:\/\/juhayna2026.code95.info\/fr\/#\/schema\/logo\/image\/\"},\"sameAs\":[\"https:\/\/www.facebook.com\/JuhaynaDairy\/\",\"https:\/\/www.instagram.com\/juhaynaclassics\/?hl=en\",\"https:\/\/www.youtube.com\/channel\/UCDr8Hr5lbiXNoN7g59xHGsA\",\"https:\/\/www.linkedin.com\/company\/juhayna-food-industries\/\"]}]}<\/script>\n<!-- \/ Yoast SEO plugin. -->","yoast_head_json":{"title":"ESG Ledger - Juhayan2026","robots":{"index":"noindex","follow":"follow","max-snippet":"max-snippet:-1","max-image-preview":"max-image-preview:large","max-video-preview":"max-video-preview:-1"},"og_locale":"fr_FR","og_type":"article","og_title":"ESG Ledger - Juhayan2026","og_url":"https:\/\/juhayna2026.code95.info\/fr\/esg-ledger\/","og_site_name":"Juhayan2026","article_publisher":"https:\/\/www.facebook.com\/JuhaynaDairy\/","article_modified_time":"2026-01-11T09:52:30+00:00","twitter_card":"summary_large_image","schema":{"@context":"https:\/\/schema.org","@graph":[{"@type":"WebPage","@id":"https:\/\/juhayna2026.code95.info\/fr\/esg-ledger\/","url":"https:\/\/juhayna2026.code95.info\/fr\/esg-ledger\/","name":"ESG Ledger - Juhayan2026","isPartOf":{"@id":"https:\/\/juhayna2026.code95.info\/fr\/#website"},"datePublished":"2025-10-23T10:41:20+00:00","dateModified":"2026-01-11T09:52:30+00:00","breadcrumb":{"@id":"https:\/\/juhayna2026.code95.info\/fr\/esg-ledger\/#breadcrumb"},"inLanguage":"fr-FR","potentialAction":[{"@type":"ReadAction","target":["https:\/\/juhayna2026.code95.info\/fr\/esg-ledger\/"]}]},{"@type":"BreadcrumbList","@id":"https:\/\/juhayna2026.code95.info\/fr\/esg-ledger\/#breadcrumb","itemListElement":[{"@type":"ListItem","position":1,"name":"Home","item":"https:\/\/juhayna2026.code95.info\/fr\/"},{"@type":"ListItem","position":2,"name":"ESG Ledger"}]},{"@type":"WebSite","@id":"https:\/\/juhayna2026.code95.info\/fr\/#website","url":"https:\/\/juhayna2026.code95.info\/fr\/","name":"Juhayan2026","description":"","publisher":{"@id":"https:\/\/juhayna2026.code95.info\/fr\/#organization"},"potentialAction":[{"@type":"SearchAction","target":{"@type":"EntryPoint","urlTemplate":"https:\/\/juhayna2026.code95.info\/fr\/?s={search_term_string}"},"query-input":{"@type":"PropertyValueSpecification","valueRequired":true,"valueName":"search_term_string"}}],"inLanguage":"fr-FR"},{"@type":"Organization","@id":"https:\/\/juhayna2026.code95.info\/fr\/#organization","name":"Juhayan2026","url":"https:\/\/juhayna2026.code95.info\/fr\/","logo":{"@type":"ImageObject","inLanguage":"fr-FR","@id":"https:\/\/juhayna2026.code95.info\/fr\/#\/schema\/logo\/image\/","url":"https:\/\/juhayna2026.code95.info\/app\/uploads\/2025\/09\/1572854222_509_8296_msicon144x144.png","contentUrl":"https:\/\/juhayna2026.code95.info\/app\/uploads\/2025\/09\/1572854222_509_8296_msicon144x144.png","width":144,"height":144,"caption":"Juhayan2026"},"image":{"@id":"https:\/\/juhayna2026.code95.info\/fr\/#\/schema\/logo\/image\/"},"sameAs":["https:\/\/www.facebook.com\/JuhaynaDairy\/","https:\/\/www.instagram.com\/juhaynaclassics\/?hl=en","https:\/\/www.youtube.com\/channel\/UCDr8Hr5lbiXNoN7g59xHGsA","https:\/\/www.linkedin.com\/company\/juhayna-food-industries\/"]}]}},"_links":{"self":[{"href":"https:\/\/juhayna2026.code95.info\/fr\/wp-json\/wp\/v2\/pages\/4533","targetHints":{"allow":["GET"]}}],"collection":[{"href":"https:\/\/juhayna2026.code95.info\/fr\/wp-json\/wp\/v2\/pages"}],"about":[{"href":"https:\/\/juhayna2026.code95.info\/fr\/wp-json\/wp\/v2\/types\/page"}],"author":[{"embeddable":true,"href":"https:\/\/juhayna2026.code95.info\/fr\/wp-json\/wp\/v2\/users\/1"}],"replies":[{"embeddable":true,"href":"https:\/\/juhayna2026.code95.info\/fr\/wp-json\/wp\/v2\/comments?post=4533"}],"version-history":[{"count":8,"href":"https:\/\/juhayna2026.code95.info\/fr\/wp-json\/wp\/v2\/pages\/4533\/revisions"}],"predecessor-version":[{"id":10254,"href":"https:\/\/juhayna2026.code95.info\/fr\/wp-json\/wp\/v2\/pages\/4533\/revisions\/10254"}],"wp:attachment":[{"href":"https:\/\/juhayna2026.code95.info\/fr\/wp-json\/wp\/v2\/media?parent=4533"}],"curies":[{"name":"wp","href":"https:\/\/api.w.org\/{rel}","templated":true}]}}