{"id":5769,"date":"2025-10-23T15:50:31","date_gmt":"2025-10-23T15:50:31","guid":{"rendered":"https:\/\/juhayna2026.code95.info\/?page_id=5769"},"modified":"2025-11-04T14:09:57","modified_gmt":"2025-11-04T14:09:57","slug":"interviews","status":"publish","type":"page","link":"https:\/\/juhayna2026.code95.info\/fr\/interviews\/","title":{"rendered":"Interviews"},"content":{"rendered":"<div class=\"banner\">\n    <div class=\"banner-wrapper\">\n                    <div class=\"banner-image\">\n                <img decoding=\"async\" src=\"https:\/\/juhayna2026.code95.info\/app\/uploads\/2025\/10\/Screenshot-1447-02-10-at-10.09.57-AM.png\"\n                    alt=\"Interviews\" \/>\n                                    <div class=\"banner-overlay\"><\/div>\n                                                    <div class=\"banner-title-container\">\n                                                    <h1 class=\"banner-title\">\n                                Interviews                            <\/h1>\n                                                                    <\/div>\n                            <\/div>\n            <\/div>\n<\/div>\n\n \n<div class=\"menu-block content-menu-block \"\n     id=\"menu-block-69da3e956cb7c\"\n     data-current-page-id=\"0\"\n     data-parent-page-id=\"0\">\n    <div class=\"container\">\n        <ul id=\"menu-block\" class=\"menu-block-nav\"><li class=\"menu-item menu-item-type-post_type_archive menu-item-object-media_center list-inline-item text-ellipsis ellipsis-1 \"><a class=\"nav-link text-dovegray py-3\"href=\"https:\/\/juhayna2026.code95.info\/fr\/media-center\/\"><img loading=\"lazy\" decoding=\"async\" class=\"menu-item-icon\" src=\"https:\/\/juhayna2026.code95.info\/app\/uploads\/2025\/10\/news.svg\" alt=\"\" width=\"20\" height=\"20\" style=\"margin: 0 5px;\" \/>Centre des m\u00e9dias<\/a><\/li>\n<li class=\"menu-item menu-item-type-post_type menu-item-object-page list-inline-item text-ellipsis ellipsis-1 \"><a class=\"nav-link text-dovegray py-3\"href=\"https:\/\/juhayna2026.code95.info\/fr\/facts-figures\/\"><img loading=\"lazy\" decoding=\"async\" class=\"menu-item-icon\" src=\"https:\/\/juhayna2026.code95.info\/app\/uploads\/2025\/10\/Vector-5.svg\" alt=\"\" width=\"20\" height=\"20\" style=\"margin: 0 5px;\" \/>Faits et Chiffres<\/a><\/li>\n<li class=\"menu-item menu-item-type-post_type menu-item-object-page list-inline-item text-ellipsis ellipsis-1 \"><a class=\"nav-link text-dovegray py-3\"href=\"https:\/\/juhayna2026.code95.info\/fr\/media-contacts\/\"><img loading=\"lazy\" decoding=\"async\" class=\"menu-item-icon\" src=\"https:\/\/juhayna2026.code95.info\/app\/uploads\/2025\/10\/Vector-3.svg\" alt=\"\" width=\"20\" height=\"20\" style=\"margin: 0 5px;\" \/>Contacts M\u00e9dias<\/a><\/li>\n<li class=\"menu-item menu-item-type-post_type menu-item-object-page list-inline-item text-ellipsis ellipsis-1 \"><a class=\"nav-link text-dovegray py-3\"href=\"https:\/\/juhayna2026.code95.info\/fr\/interviews\/\"><img loading=\"lazy\" decoding=\"async\" class=\"menu-item-icon\" src=\"https:\/\/juhayna2026.code95.info\/app\/uploads\/2025\/10\/agreement-1.svg\" alt=\"\" width=\"20\" height=\"20\" style=\"margin: 0 5px;\" \/>Interviews<\/a><\/li>\n<li class=\"menu-item menu-item-type-post_type menu-item-object-page list-inline-item text-ellipsis ellipsis-1 \"><a class=\"nav-link text-dovegray py-3\"href=\"https:\/\/juhayna2026.code95.info\/fr\/spokespeople\/\"><img loading=\"lazy\" decoding=\"async\" class=\"menu-item-icon\" src=\"https:\/\/juhayna2026.code95.info\/app\/uploads\/2025\/10\/Vector-7.svg\" alt=\"\" width=\"20\" height=\"20\" style=\"margin: 0 5px;\" \/>Porte-paroles<\/a><\/li>\n<li class=\"menu-item menu-item-type-post_type menu-item-object-page list-inline-item text-ellipsis ellipsis-1 \"><a class=\"nav-link text-dovegray py-3\"href=\"https:\/\/juhayna2026.code95.info\/fr\/subscribe\/\"><img loading=\"lazy\" decoding=\"async\" class=\"menu-item-icon\" src=\"https:\/\/juhayna2026.code95.info\/app\/uploads\/2025\/10\/Group.svg\" alt=\"\" width=\"20\" height=\"20\" style=\"margin: 0 5px;\" \/>S\u2019abonner<\/a><\/li>\n<\/ul>    <\/div>\n<\/div>\n\n\n\n<section id=\"media-center-block-69da3e9570042\" class=\"media-center-archive-section media-center-grid-block-section\" data-selected-categories=\"92\">\n    <div class=\"container\">\n\n        <!-- Filter Section -->\n                    <div class=\"media-center-filter-wrapper\">\n                <form id=\"media-center-filter-form-media-center-block-69da3e9570042\" class=\"media-center-filter\">\n\n                    <!-- Search Field -->\n                    <div class=\"custom-dropdown-wrapper\">\n                        <div class=\"custom-dropdown-select-container\">\n                            <label for=\"media-search-media-center-block-69da3e9570042\" class=\"custom-dropdown-label\">Recherche<\/label>\n                            <input type=\"text\" id=\"media-search-media-center-block-69da3e9570042\" name=\"search\" class=\"custom-dropdown-select search-input\"\n                                   placeholder=\"Recherche...\" value=\"\">\n                            <button type=\"button\" class=\"search-clear-btn\" aria-label=\"Effacer la recherche\">&times;<\/button>\n                        <\/div>\n                    <\/div>\n\n                    <!-- Category Dropdown -->\n                    <div class=\"custom-dropdown-wrapper\">\n                        <div class=\"custom-dropdown-select-container\">\n                            <label for=\"media_category-media-center-block-69da3e9570042\" class=\"custom-dropdown-label\">Cat\u00e9gorie<\/label>\n                            <div class=\"custom-dropdown\" id=\"custom-category-dropdown-media-center-block-69da3e9570042\">\n                                <button type=\"button\" class=\"dropdown-btn\">\n                                    Tout                                <\/button>\n                                <ul class=\"dropdown-list\">\n                                    <li data-value=\"\">Tout<\/li>\n                                                                                                                        <li data-value=\"actualites-et-evenements\">\n                                                Actualit\u00e9s et \u00e9v\u00e9nements                                            <\/li>\n                                                                                    <li data-value=\"entretiens\">\n                                                Entretiens                                            <\/li>\n                                                                                    <li data-value=\"evenement\">\n                                                \u00e9v\u00e9nement                                            <\/li>\n                                                                                    <li data-value=\"nouveau\">\n                                                Nouveau                                            <\/li>\n                                                                                                            <\/ul>\n                            <\/div>\n                            <input type=\"hidden\" id=\"media_category-media-center-block-69da3e9570042\" name=\"media_category\" value=\"\">\n                            <span class=\"custom-dropdown-arrow\"><\/span>\n                        <\/div>\n                    <\/div>\n\n                    <!-- Year Dropdown -->\n                    <div class=\"custom-dropdown-wrapper\">\n                        <div class=\"custom-dropdown-select-container\">\n                            <label for=\"year-media-center-block-69da3e9570042\" class=\"custom-dropdown-label\">Ann\u00e9e<\/label>\n                            <div class=\"custom-dropdown\" id=\"custom-year-dropdown-media-center-block-69da3e9570042\">\n                                <button type=\"button\" class=\"dropdown-btn\">\n                                    Tout                                <\/button>\n                                <ul class=\"dropdown-list\">\n                                    <li data-value=\"\">Tout<\/li>\n                                                                                                                        <li data-value=\"2024\">\n                                                2024                                            <\/li>\n                                                                                                            <\/ul>\n                            <\/div>\n                            <input type=\"hidden\" id=\"year-media-center-block-69da3e9570042\" name=\"year\" value=\"\">\n                            <span class=\"custom-dropdown-arrow\"><\/span>\n                        <\/div>\n                    <\/div>\n\n                    <!-- Search Button -->\n                    <div class=\"filter-button-wrapper\">\n                        <button type=\"submit\" class=\"filter-search-btn\">\n                            Recherche                        <\/button>\n                    <\/div>\n\n                <\/form>\n            <\/div>\n        \n        <!-- Posts Grid -->\n        <div class=\"media-center-content\">\n            <div id=\"media-center-grid-container-media-center-block-69da3e9570042\">\n                <div class=\"media-center-grid single-item\">\n                                                                                                                            <div class=\"media-card \"\n                                 data-post-id=\"5084\" data-card-index=\"1\">\n                                                                    <a href=\"https:\/\/juhayna2026.code95.info\/fr\/media-center\/juhayna-unveils-export-expansion-plans\/\" class=\"media-card-image-link\">\n                                        <div class=\"media-card-image\">\n                                            <img decoding=\"async\" src=\"https:\/\/juhayna2026.code95.info\/app\/uploads\/2025\/10\/1712237315_590_3458413_screenshot20240404at3.27.45pm-scaled.png\"\n                                                 alt=\"Juhayna unveils export expansion plans\" loading=\"lazy\">\n                                        <\/div>\n                                    <\/a>\n                                                                <div class=\"media-card-content\">\n                                    <span class=\"media-card-date\">Apr 4, 2024<\/span>\n                                    <h3 class=\"media-card-title\">\n                                        <a href=\"https:\/\/juhayna2026.code95.info\/fr\/media-center\/juhayna-unveils-export-expansion-plans\/\" class=\"media-card-link\">\n                                            Juhayna unveils export expansion plans                                        <\/a>\n                                    <\/h3>\n                                <\/div>\n                            <\/div>\n                                                            <\/div>\n            <\/div>\n\n            <!-- Load More Button -->\n                    <\/div>\n\n            <\/div>\n<\/section>\n\n<script type=\"text\/javascript\">\n    if (typeof window.mediaCenterBlockAjax === 'undefined') {\n        window.mediaCenterBlockAjax = {};\n    }\n    window.mediaCenterBlockAjax['media-center-block-69da3e9570042'] = {\n        ajax_url: 'https:\/\/juhayna2026.code95.info\/wp\/wp-admin\/admin-ajax.php',\n        nonce: 'ee958ca52e'\n    };\n<\/script>\n\n\n\n<p><\/p>\n","protected":false},"excerpt":{"rendered":"","protected":false},"author":1,"featured_media":0,"parent":0,"menu_order":113,"comment_status":"closed","ping_status":"closed","template":"","meta":{"_acf_changed":false,"inline_featured_image":false,"footnotes":""},"class_list":["post-5769","page","type-page","status-publish","hentry"],"acf":[],"yoast_head":"<!-- This site is optimized with the Yoast SEO plugin v26.3 - https:\/\/yoast.com\/wordpress\/plugins\/seo\/ -->\n<title>Interviews - Juhayan2026<\/title>\n<meta name=\"robots\" content=\"noindex, follow, max-snippet:-1, max-image-preview:large, max-video-preview:-1\" \/>\n<meta property=\"og:locale\" content=\"fr_FR\" \/>\n<meta property=\"og:type\" content=\"article\" \/>\n<meta property=\"og:title\" content=\"Interviews - Juhayan2026\" \/>\n<meta property=\"og:url\" content=\"https:\/\/juhayna2026.code95.info\/fr\/interviews\/\" \/>\n<meta property=\"og:site_name\" content=\"Juhayan2026\" \/>\n<meta property=\"article:publisher\" content=\"https:\/\/www.facebook.com\/JuhaynaDairy\/\" \/>\n<meta property=\"article:modified_time\" content=\"2025-11-04T14:09:57+00:00\" \/>\n<meta name=\"twitter:card\" content=\"summary_large_image\" \/>\n<script type=\"application\/ld+json\" class=\"yoast-schema-graph\">{\"@context\":\"https:\/\/schema.org\",\"@graph\":[{\"@type\":\"WebPage\",\"@id\":\"https:\/\/juhayna2026.code95.info\/fr\/interviews\/\",\"url\":\"https:\/\/juhayna2026.code95.info\/fr\/interviews\/\",\"name\":\"Interviews - Juhayan2026\",\"isPartOf\":{\"@id\":\"https:\/\/juhayna2026.code95.info\/fr\/#website\"},\"datePublished\":\"2025-10-23T15:50:31+00:00\",\"dateModified\":\"2025-11-04T14:09:57+00:00\",\"breadcrumb\":{\"@id\":\"https:\/\/juhayna2026.code95.info\/fr\/interviews\/#breadcrumb\"},\"inLanguage\":\"fr-FR\",\"potentialAction\":[{\"@type\":\"ReadAction\",\"target\":[\"https:\/\/juhayna2026.code95.info\/fr\/interviews\/\"]}]},{\"@type\":\"BreadcrumbList\",\"@id\":\"https:\/\/juhayna2026.code95.info\/fr\/interviews\/#breadcrumb\",\"itemListElement\":[{\"@type\":\"ListItem\",\"position\":1,\"name\":\"Home\",\"item\":\"https:\/\/juhayna2026.code95.info\/fr\/\"},{\"@type\":\"ListItem\",\"position\":2,\"name\":\"Interviews\"}]},{\"@type\":\"WebSite\",\"@id\":\"https:\/\/juhayna2026.code95.info\/fr\/#website\",\"url\":\"https:\/\/juhayna2026.code95.info\/fr\/\",\"name\":\"Juhayan2026\",\"description\":\"\",\"publisher\":{\"@id\":\"https:\/\/juhayna2026.code95.info\/fr\/#organization\"},\"potentialAction\":[{\"@type\":\"SearchAction\",\"target\":{\"@type\":\"EntryPoint\",\"urlTemplate\":\"https:\/\/juhayna2026.code95.info\/fr\/?s={search_term_string}\"},\"query-input\":{\"@type\":\"PropertyValueSpecification\",\"valueRequired\":true,\"valueName\":\"search_term_string\"}}],\"inLanguage\":\"fr-FR\"},{\"@type\":\"Organization\",\"@id\":\"https:\/\/juhayna2026.code95.info\/fr\/#organization\",\"name\":\"Juhayan2026\",\"url\":\"https:\/\/juhayna2026.code95.info\/fr\/\",\"logo\":{\"@type\":\"ImageObject\",\"inLanguage\":\"fr-FR\",\"@id\":\"https:\/\/juhayna2026.code95.info\/fr\/#\/schema\/logo\/image\/\",\"url\":\"https:\/\/juhayna2026.code95.info\/app\/uploads\/2025\/09\/1572854222_509_8296_msicon144x144.png\",\"contentUrl\":\"https:\/\/juhayna2026.code95.info\/app\/uploads\/2025\/09\/1572854222_509_8296_msicon144x144.png\",\"width\":144,\"height\":144,\"caption\":\"Juhayan2026\"},\"image\":{\"@id\":\"https:\/\/juhayna2026.code95.info\/fr\/#\/schema\/logo\/image\/\"},\"sameAs\":[\"https:\/\/www.facebook.com\/JuhaynaDairy\/\",\"https:\/\/www.instagram.com\/juhaynaclassics\/?hl=en\",\"https:\/\/www.youtube.com\/channel\/UCDr8Hr5lbiXNoN7g59xHGsA\",\"https:\/\/www.linkedin.com\/company\/juhayna-food-industries\/\"]}]}<\/script>\n<!-- \/ Yoast SEO plugin. -->","yoast_head_json":{"title":"Interviews - Juhayan2026","robots":{"index":"noindex","follow":"follow","max-snippet":"max-snippet:-1","max-image-preview":"max-image-preview:large","max-video-preview":"max-video-preview:-1"},"og_locale":"fr_FR","og_type":"article","og_title":"Interviews - Juhayan2026","og_url":"https:\/\/juhayna2026.code95.info\/fr\/interviews\/","og_site_name":"Juhayan2026","article_publisher":"https:\/\/www.facebook.com\/JuhaynaDairy\/","article_modified_time":"2025-11-04T14:09:57+00:00","twitter_card":"summary_large_image","schema":{"@context":"https:\/\/schema.org","@graph":[{"@type":"WebPage","@id":"https:\/\/juhayna2026.code95.info\/fr\/interviews\/","url":"https:\/\/juhayna2026.code95.info\/fr\/interviews\/","name":"Interviews - Juhayan2026","isPartOf":{"@id":"https:\/\/juhayna2026.code95.info\/fr\/#website"},"datePublished":"2025-10-23T15:50:31+00:00","dateModified":"2025-11-04T14:09:57+00:00","breadcrumb":{"@id":"https:\/\/juhayna2026.code95.info\/fr\/interviews\/#breadcrumb"},"inLanguage":"fr-FR","potentialAction":[{"@type":"ReadAction","target":["https:\/\/juhayna2026.code95.info\/fr\/interviews\/"]}]},{"@type":"BreadcrumbList","@id":"https:\/\/juhayna2026.code95.info\/fr\/interviews\/#breadcrumb","itemListElement":[{"@type":"ListItem","position":1,"name":"Home","item":"https:\/\/juhayna2026.code95.info\/fr\/"},{"@type":"ListItem","position":2,"name":"Interviews"}]},{"@type":"WebSite","@id":"https:\/\/juhayna2026.code95.info\/fr\/#website","url":"https:\/\/juhayna2026.code95.info\/fr\/","name":"Juhayan2026","description":"","publisher":{"@id":"https:\/\/juhayna2026.code95.info\/fr\/#organization"},"potentialAction":[{"@type":"SearchAction","target":{"@type":"EntryPoint","urlTemplate":"https:\/\/juhayna2026.code95.info\/fr\/?s={search_term_string}"},"query-input":{"@type":"PropertyValueSpecification","valueRequired":true,"valueName":"search_term_string"}}],"inLanguage":"fr-FR"},{"@type":"Organization","@id":"https:\/\/juhayna2026.code95.info\/fr\/#organization","name":"Juhayan2026","url":"https:\/\/juhayna2026.code95.info\/fr\/","logo":{"@type":"ImageObject","inLanguage":"fr-FR","@id":"https:\/\/juhayna2026.code95.info\/fr\/#\/schema\/logo\/image\/","url":"https:\/\/juhayna2026.code95.info\/app\/uploads\/2025\/09\/1572854222_509_8296_msicon144x144.png","contentUrl":"https:\/\/juhayna2026.code95.info\/app\/uploads\/2025\/09\/1572854222_509_8296_msicon144x144.png","width":144,"height":144,"caption":"Juhayan2026"},"image":{"@id":"https:\/\/juhayna2026.code95.info\/fr\/#\/schema\/logo\/image\/"},"sameAs":["https:\/\/www.facebook.com\/JuhaynaDairy\/","https:\/\/www.instagram.com\/juhaynaclassics\/?hl=en","https:\/\/www.youtube.com\/channel\/UCDr8Hr5lbiXNoN7g59xHGsA","https:\/\/www.linkedin.com\/company\/juhayna-food-industries\/"]}]}},"_links":{"self":[{"href":"https:\/\/juhayna2026.code95.info\/fr\/wp-json\/wp\/v2\/pages\/5769","targetHints":{"allow":["GET"]}}],"collection":[{"href":"https:\/\/juhayna2026.code95.info\/fr\/wp-json\/wp\/v2\/pages"}],"about":[{"href":"https:\/\/juhayna2026.code95.info\/fr\/wp-json\/wp\/v2\/types\/page"}],"author":[{"embeddable":true,"href":"https:\/\/juhayna2026.code95.info\/fr\/wp-json\/wp\/v2\/users\/1"}],"replies":[{"embeddable":true,"href":"https:\/\/juhayna2026.code95.info\/fr\/wp-json\/wp\/v2\/comments?post=5769"}],"version-history":[{"count":3,"href":"https:\/\/juhayna2026.code95.info\/fr\/wp-json\/wp\/v2\/pages\/5769\/revisions"}],"predecessor-version":[{"id":6199,"href":"https:\/\/juhayna2026.code95.info\/fr\/wp-json\/wp\/v2\/pages\/5769\/revisions\/6199"}],"wp:attachment":[{"href":"https:\/\/juhayna2026.code95.info\/fr\/wp-json\/wp\/v2\/media?parent=5769"}],"curies":[{"name":"wp","href":"https:\/\/api.w.org\/{rel}","templated":true}]}}