{"id":626,"date":"2025-09-21T09:06:27","date_gmt":"2025-09-21T09:06:27","guid":{"rendered":"https:\/\/juhayna2026.code95.info\/about\/"},"modified":"2025-12-22T15:24:16","modified_gmt":"2025-12-22T15:24:16","slug":"about","status":"publish","type":"page","link":"https:\/\/juhayna2026.code95.info\/fr\/about\/","title":{"rendered":"\u00c0 propos de nous"},"content":{"rendered":"<link rel=\"preconnect\" href=\"https:\/\/www.youtube.com\" crossorigin><link rel=\"preconnect\" href=\"https:\/\/img.youtube.com\" crossorigin><link rel=\"dns-prefetch\" href=\"https:\/\/www.youtube.com\"><link rel=\"dns-prefetch\" href=\"https:\/\/img.youtube.com\"><link rel=\"prefetch\" href=\"https:\/\/img.youtube.com\/vi\/1u6jLes2iLc\/hqdefault.jpg\" as=\"image\">\n<div id=\"video-testimonials-slider-69da2802e9d60\" class=\"video-testimonials-slider\"\n    data-auto-advance=\"true\"\n    data-infinite-loop=\"true\"\n    data-allow-manual=\"true\"\n    data-mute-videos=\"true\"\n    data-show-navigation=\"true\">\n\n        <div class=\"slider-navigation\" role=\"navigation\" aria-label=\"Video testimonials navigation\">\n        <div class=\"navigation-items\">\n                            <div class=\"nav-item active\"\n                    data-index=\"0\"\n                    data-type=\"youtube_video\" >\n\n                    <div class=\"nav-indicator\">\n                        <div class=\"progress-bar\"><\/div>\n                    <\/div>\n\n                    <div class=\"nav-content\">\n                        <div class=\"nav-title text-capitalize\">YouTube Video<\/div>\n                    <\/div>\n                <\/div>\n                    <\/div>\n    <\/div>\n    \n    <div class=\"slider-content\">\n        <div class=\"content-wrapper\">\n                            <div class=\"slide-item active\"\n                    data-index=\"0\"\n                    data-type=\"youtube_video\">\n\n                                            <div class=\"video-container\">\n                            <div class=\"video-thumbnail\">\n                                <img decoding=\"async\" src=\"https:\/\/img.youtube.com\/vi\/1u6jLes2iLc\/hqdefault.jpg\"\n                                     alt=\"YouTube Video\"\n                                     class=\"thumbnail-image\"\n                                     width=\"480\"\n                                     height=\"360\"\n                                     loading=\"eager\" fetchpriority=\"high\">\n                                <button class=\"play-button\"\n                                    aria-label=\"Play video: YouTube Video\">\n                                    <img decoding=\"async\" src=\"https:\/\/juhayna2026.code95.info\/app\/themes\/juhayna-revamp-2026\/resources\/images\/common-img\/play-button.svg\"\n                                        alt=\"Play\" class=\"play-button-icon\" loading=\"lazy\">\n                                <\/button>\n                            <\/div>\n\n                            <div class=\"video-player\" style=\"display: none;\">\n                                <iframe\n                                    data-youtube-id=\"1u6jLes2iLc\"\n                                    data-src=\"https:\/\/www.youtube.com\/embed\/1u6jLes2iLc?autoplay=1&#038;enablejsapi=1&#038;rel=0&#038;modestbranding=1&#038;controls=1&#038;mute=1\"\n                                    frameborder=\"0\"\n                                    allow=\"autoplay; encrypted-media\"\n                                    allowfullscreen>\n                                <\/iframe>\n                            <\/div>\n                        <\/div>\n\n                        <div class=\"slide-info\">\n                        <\/div>\n\n                                    <\/div>\n                    <\/div>\n    <\/div>\n<\/div>\n\n<script type=\"application\/json\" id=\"video-testimonials-slider-69da2802e9d60-data\">\n{\"items\":[{\"index\":0,\"type\":\"youtube_video\",\"title\":\"YouTube Video\",\"duration\":\"0:00\",\"youtube_id\":\"1u6jLes2iLc\",\"url\":\"https:\\\/\\\/www.youtube.com\\\/watch?v=1u6jLes2iLc&list=PLf0IDd4xQ9i07U9FJdH_tKBFRqD9KqreZ\",\"thumbnail\":\"https:\\\/\\\/img.youtube.com\\\/vi\\\/1u6jLes2iLc\\\/hqdefault.jpg\"}],\"settings\":{\"autoAdvance\":true,\"infiniteLoop\":true,\"allowManual\":true,\"muteVideos\":true},\"sliderId\":\"video-testimonials-slider-69da2802e9d60\"}<\/script>\n\n \n<div class=\"menu-block content-menu-block \"\n     id=\"menu-block-69da2802ea79d\"\n     data-current-page-id=\"0\"\n     data-parent-page-id=\"0\">\n    <div class=\"container\">\n        <ul id=\"menu-block\" class=\"menu-block-nav\"><li class=\"menu-item menu-item-type-post_type menu-item-object-page list-inline-item text-ellipsis ellipsis-1 \"><a class=\"nav-link text-dovegray py-3\"href=\"https:\/\/juhayna2026.code95.info\/fr\/about\/\">\u00c0 propos de nous<\/a><\/li>\n<li class=\"menu-item menu-item-type-post_type menu-item-object-page list-inline-item text-ellipsis ellipsis-1 \"><a class=\"nav-link text-dovegray py-3\"href=\"https:\/\/juhayna2026.code95.info\/fr\/about\/juhayna-heritage\/\">L\u2019h\u00e9ritage Juhayna<\/a><\/li>\n<li class=\"menu-item menu-item-type-post_type menu-item-object-page list-inline-item text-ellipsis ellipsis-1 \"><a class=\"nav-link text-dovegray py-3\"href=\"https:\/\/juhayna2026.code95.info\/fr\/about\/company-structure\/\">Structure de l\u2019entreprise<\/a><\/li>\n<li class=\"menu-item menu-item-type-post_type menu-item-object-page list-inline-item text-ellipsis ellipsis-1 \"><a class=\"nav-link text-dovegray py-3\"href=\"https:\/\/juhayna2026.code95.info\/fr\/about\/board-members\/\">Conseil D\u2019administration<\/a><\/li>\n<li class=\"menu-item menu-item-type-post_type menu-item-object-page list-inline-item text-ellipsis ellipsis-1 \"><a class=\"nav-link text-dovegray py-3\"href=\"https:\/\/juhayna2026.code95.info\/fr\/about\/executive-leadership-directors\/\">Leadership ex\u00e9cutif et directeurs<\/a><\/li>\n<li class=\"menu-item menu-item-type-post_type menu-item-object-page list-inline-item text-ellipsis ellipsis-1 \"><a class=\"nav-link text-dovegray py-3\"href=\"https:\/\/juhayna2026.code95.info\/fr\/about\/corporate-values\/\">Valeurs de l\u2019entreprise<\/a><\/li>\n<\/ul>    <\/div>\n<\/div>\n\n\n\n<section class=\"cardAbout-section vertical-layout\">\n            <div class=\"container\">\n            <div class=\"card-content-wrapper\">\n                <div class=\"main-card-area row gx-3 gy-5\">\n                                            <div class=\"col-md-4 animate-item animate-from-left\">\n                            <div class=\"card-image-container\" data-card=\"0\">\n                                                                    <img decoding=\"async\" src=\"https:\/\/juhayna2026.code95.info\/app\/uploads\/2025\/09\/d1448d7e852ff62febfb4ee6dd010aa786ef5e65.png\"\n                                        alt=\"\"\n                                        class=\"card-main-image\" loading=\"lazy\">\n                                                            <\/div>\n                            <div class=\"card-text-container\" data-card=\"0\">\n                                                                    <h3 class=\"card-title\">\n                                        +200 Produits                                    <\/h3>\n                                                                                                                                    <div class=\"card-description\">\n                                        <p>Une gamme de produits vari\u00e9s pour satisfaire les besoins de tous les membres de la famille.<\/p>\n                                    <\/div>\n                                \n                                                            <\/div>\n                        <\/div>\n                                            <div class=\"col-md-4 animate-item \">\n                            <div class=\"card-image-container\" data-card=\"1\">\n                                                                    <img decoding=\"async\" src=\"https:\/\/juhayna2026.code95.info\/app\/uploads\/2025\/10\/033_3_11zon.jpg\"\n                                        alt=\"\"\n                                        class=\"card-main-image\" loading=\"lazy\">\n                                                            <\/div>\n                            <div class=\"card-text-container\" data-card=\"1\">\n                                                                    <h3 class=\"card-title\">\n                                        +4000 Employ\u00e9s                                    <\/h3>\n                                                                                                                                    <div class=\"card-description\">\n                                        <p>Exp\u00e9rience industrielle.<\/p>\n                                    <\/div>\n                                \n                                                            <\/div>\n                        <\/div>\n                                            <div class=\"col-md-4 animate-item animate-from-right\">\n                            <div class=\"card-image-container\" data-card=\"2\">\n                                                                    <img decoding=\"async\" src=\"https:\/\/juhayna2026.code95.info\/app\/uploads\/2025\/10\/7L8A9228.12_2_11zon-1-scaled.jpg\"\n                                        alt=\"\"\n                                        class=\"card-main-image\" loading=\"lazy\">\n                                                            <\/div>\n                            <div class=\"card-text-container\" data-card=\"2\">\n                                                                    <h3 class=\"card-title\">\n                                        +40 Ann\u00e9es d\u2019exp\u00e9rience                                    <\/h3>\n                                                                                                                                    <div class=\"card-description\">\n                                        <p>La premi\u00e8re entreprise \u00e0 introduire le lait en briques sur le march\u00e9 \u00e9gyptien.<\/p>\n                                    <\/div>\n                                \n                                                            <\/div>\n                        <\/div>\n                                    <\/div>\n            <\/div>\n        <\/div>\n    <\/section>\n\n\n            \n            \n            <section class=\"juh-img-txt-collapse\">\n                <div class=\"container\">\n                    <div class=\"juh-collapse-container juh-collapse-left\" id=\"img-txt-anim-69da2802f341b\" data-collapse-trigger data-has-additional=\"false\">\n\n                                                    <div class=\"juh-collapse-img-block\">\n                                <img decoding=\"async\" src=\"https:\/\/juhayna2026.code95.info\/app\/uploads\/2025\/09\/e9bc125a437736383ad3b8f0bac79ce70f1a8f65.jpg\" alt=\"Contexte de l\u2019entreprise\" class=\"juh-collapse-img\"\n                                    loading=\"lazy\">\n                            <\/div>\n                        \n                        <div class=\"juh-collapse-txt-block\">\n                            <h2 class=\"juh-collapse-heading\">Contexte de l\u2019entreprise<\/h2>\n                                                        <div class=\"juh-collapse-description\">Leader dans le domaine de la production de jus et produits laitiers depuis plus de 30 ans. Juhayna Food Industries est une entreprise \u00e9gyptienne parmi les plus importantes dans le domaine de la production, la transformation et le packaging de produits laitiers, de jus et de produits alimentaires. Depuis sa fondation en 1983<br \/>\nElle est devenue l\u2019un des leaders \u00e9gyptiens du secteur, et s\u2019est d\u00e9velopp\u00e9e dans tout le Moyen-Orient \u2013 une performance rendue possible par son engagement \u00e0 produire une vari\u00e9t\u00e9 de produits sains et de qualit\u00e9, devenus des marques rep\u00e8res et reconnues.<\/div>\n\n                            \n                            \n                        <\/div>\n                    <\/div>\n                <\/div>\n            <\/section>\n\n        \n            \n            <section class=\"juh-img-txt-collapse\">\n                <div class=\"container\">\n                    <div class=\"juh-collapse-container juh-collapse-right\" id=\"img-txt-anim-69da2802f345e\" data-collapse-trigger data-has-additional=\"false\">\n\n                                                    <div class=\"juh-collapse-img-block\">\n                                <img decoding=\"async\" src=\"https:\/\/juhayna2026.code95.info\/app\/uploads\/2025\/12\/2e1f18a479024a5e2adb1bc08c7765485e2e867b-1-scaled.jpg\" alt=\"Le vol\" class=\"juh-collapse-img\"\n                                    loading=\"lazy\">\n                            <\/div>\n                        \n                        <div class=\"juh-collapse-txt-block\">\n                            <h2 class=\"juh-collapse-heading\">Le vol<\/h2>\n                                                        <div class=\"juh-collapse-description\">Fond\u00e9e par Safwan Thabet, Juhayna Food Industries se base sur l\u2019id\u00e9e d\u2019introduire sur le march\u00e9 un nouveau mod\u00e8le de d\u00e9veloppement en termes de production alimentaire<br \/>\nDans lequel l\u2019innovation tient une place essentielle.Aujourd\u2019hui, avec 4 centres de production compl\u00e8tement fonctionnels, un large r\u00e9seau de centres de distribution couvrant plus de 262,000 d\u00e9taillants \u00e0 l\u2019\u00e9chelle nationale, ainsi que sa propre ferme de 600 feddans (230 ha) pouvant accueillir jusqu\u2019\u00e0 7 500 vaches laiti\u00e8res \u2013 couvrant ainsi une part consid\u00e9rable des besoins de la compagnie, Juhayna contribue \u00e0 \u00e9lever le niveau de qualit\u00e9 des produits manufactur\u00e9s en Egypte.<\/div>\n\n                            \n                            \n                        <\/div>\n                    <\/div>\n                <\/div>\n            <\/section>\n\n        \n            \n            <section class=\"juh-img-txt-collapse\">\n                <div class=\"container\">\n                    <div class=\"juh-collapse-container juh-collapse-left\" id=\"img-txt-anim-69da2802f3492\" data-collapse-trigger data-has-additional=\"false\">\n\n                                                    <div class=\"juh-collapse-img-block\">\n                                <img decoding=\"async\" src=\"https:\/\/juhayna2026.code95.info\/app\/uploads\/2025\/10\/4f66b4dbee0993aa06a9c99886ec490ab40750a5_10_11zon.jpg\" alt=\"Tetra Pak\" class=\"juh-collapse-img\"\n                                    loading=\"lazy\">\n                            <\/div>\n                        \n                        <div class=\"juh-collapse-txt-block\">\n                            <h2 class=\"juh-collapse-heading\">Tetra Pak<\/h2>\n                                                        <div class=\"juh-collapse-description\">En partenariat avec Tetra Pak, Juhayna s\u2019engage en permanence dans une campagne de sensibilisation du public aux dangers du lait cru<br \/>\ndans un souci de sant\u00e9 publique. La campagne s\u2019est av\u00e9r\u00e9e fructueuse, en ce qu\u2019elle a permis de r\u00e9duire le pourcentage de consommateurs de lait cru en Egypte. M\u00eame si la consommation de lait cru a diminu\u00e9 de presque moiti\u00e9 au cours des ann\u00e9es pass\u00e9es, le besoin de sensibilisation se fait toujours sentir \u2013 une cause que Juhayna a \u00e0 c\u0153ur de poursuivre.<\/div>\n\n                            \n                            \n                        <\/div>\n                    <\/div>\n                <\/div>\n            <\/section>\n\n        \n            \n            <section class=\"juh-img-txt-collapse\">\n                <div class=\"container\">\n                    <div class=\"juh-collapse-container juh-collapse-right\" id=\"img-txt-anim-69da2802f34c2\" data-collapse-trigger data-has-additional=\"false\">\n\n                                                    <div class=\"juh-collapse-img-block\">\n                                <img decoding=\"async\" src=\"https:\/\/juhayna2026.code95.info\/app\/uploads\/2025\/09\/Innovation-Center-.png\" alt=\"Recherche et d\u00e9veloppement\" class=\"juh-collapse-img\"\n                                    loading=\"lazy\">\n                            <\/div>\n                        \n                        <div class=\"juh-collapse-txt-block\">\n                            <h2 class=\"juh-collapse-heading\">Recherche et d\u00e9veloppement<\/h2>\n                                                        <div class=\"juh-collapse-description\">L\u2019usage d\u2019ingr\u00e9dients de qualit\u00e9, de concentr\u00e9s transform\u00e9s en interne, de technologies de pointe en mati\u00e8re de production et d\u2019emballage, ainsi que des investissements importants en recherche et d\u00e9veloppement afin d\u2019am\u00e9liorer notre offre de produits<br \/>\ncontribuent \u00e0 accomplir notre mission d\u2019apporter des produits nutritifs et de qualit\u00e9 \u00e0 nos consommateurs. Apr\u00e8s avoir remport\u00e9 de nets succ\u00e8s sur les march\u00e9s \u00e9gyptien et du Moyen-Orient, nous poursuivons \u00e0 pr\u00e9sent de nouvelles opportunit\u00e9s de croissance et d\u2019exportation vers l\u2019Afrique de l\u2019Est comme de l\u2019Ouest.<\/div>\n\n                            \n                            \n                        <\/div>\n                    <\/div>\n                <\/div>\n            <\/section>\n\n            \n","protected":false},"excerpt":{"rendered":"","protected":false},"author":1,"featured_media":0,"parent":0,"menu_order":49,"comment_status":"closed","ping_status":"closed","template":"template-about.blade.php","meta":{"_acf_changed":false,"inline_featured_image":false,"footnotes":""},"class_list":["post-626","page","type-page","status-publish","hentry"],"acf":[],"yoast_head":"<!-- This site is optimized with the Yoast SEO plugin v26.3 - https:\/\/yoast.com\/wordpress\/plugins\/seo\/ -->\n<title>\u00c0 propos de nous - Juhayan2026<\/title>\n<meta name=\"robots\" content=\"noindex, follow, max-snippet:-1, max-image-preview:large, max-video-preview:-1\" \/>\n<meta property=\"og:locale\" content=\"fr_FR\" \/>\n<meta property=\"og:type\" content=\"article\" \/>\n<meta property=\"og:title\" content=\"\u00c0 propos de nous - Juhayan2026\" \/>\n<meta property=\"og:url\" content=\"https:\/\/juhayna2026.code95.info\/fr\/about\/\" \/>\n<meta property=\"og:site_name\" content=\"Juhayan2026\" \/>\n<meta property=\"article:publisher\" content=\"https:\/\/www.facebook.com\/JuhaynaDairy\/\" \/>\n<meta property=\"article:modified_time\" content=\"2025-12-22T15:24:16+00:00\" \/>\n<meta name=\"twitter:card\" content=\"summary_large_image\" \/>\n<script type=\"application\/ld+json\" class=\"yoast-schema-graph\">{\"@context\":\"https:\/\/schema.org\",\"@graph\":[{\"@type\":\"WebPage\",\"@id\":\"https:\/\/juhayna2026.code95.info\/fr\/about\/\",\"url\":\"https:\/\/juhayna2026.code95.info\/fr\/about\/\",\"name\":\"\u00c0 propos de nous - Juhayan2026\",\"isPartOf\":{\"@id\":\"https:\/\/juhayna2026.code95.info\/fr\/#website\"},\"datePublished\":\"2025-09-21T09:06:27+00:00\",\"dateModified\":\"2025-12-22T15:24:16+00:00\",\"breadcrumb\":{\"@id\":\"https:\/\/juhayna2026.code95.info\/fr\/about\/#breadcrumb\"},\"inLanguage\":\"fr-FR\",\"potentialAction\":[{\"@type\":\"ReadAction\",\"target\":[\"https:\/\/juhayna2026.code95.info\/fr\/about\/\"]}]},{\"@type\":\"BreadcrumbList\",\"@id\":\"https:\/\/juhayna2026.code95.info\/fr\/about\/#breadcrumb\",\"itemListElement\":[{\"@type\":\"ListItem\",\"position\":1,\"name\":\"Home\",\"item\":\"https:\/\/juhayna2026.code95.info\/fr\/\"},{\"@type\":\"ListItem\",\"position\":2,\"name\":\"\u00c0 propos de nous\"}]},{\"@type\":\"WebSite\",\"@id\":\"https:\/\/juhayna2026.code95.info\/fr\/#website\",\"url\":\"https:\/\/juhayna2026.code95.info\/fr\/\",\"name\":\"Juhayan2026\",\"description\":\"\",\"publisher\":{\"@id\":\"https:\/\/juhayna2026.code95.info\/fr\/#organization\"},\"potentialAction\":[{\"@type\":\"SearchAction\",\"target\":{\"@type\":\"EntryPoint\",\"urlTemplate\":\"https:\/\/juhayna2026.code95.info\/fr\/?s={search_term_string}\"},\"query-input\":{\"@type\":\"PropertyValueSpecification\",\"valueRequired\":true,\"valueName\":\"search_term_string\"}}],\"inLanguage\":\"fr-FR\"},{\"@type\":\"Organization\",\"@id\":\"https:\/\/juhayna2026.code95.info\/fr\/#organization\",\"name\":\"Juhayan2026\",\"url\":\"https:\/\/juhayna2026.code95.info\/fr\/\",\"logo\":{\"@type\":\"ImageObject\",\"inLanguage\":\"fr-FR\",\"@id\":\"https:\/\/juhayna2026.code95.info\/fr\/#\/schema\/logo\/image\/\",\"url\":\"https:\/\/juhayna2026.code95.info\/app\/uploads\/2025\/09\/1572854222_509_8296_msicon144x144.png\",\"contentUrl\":\"https:\/\/juhayna2026.code95.info\/app\/uploads\/2025\/09\/1572854222_509_8296_msicon144x144.png\",\"width\":144,\"height\":144,\"caption\":\"Juhayan2026\"},\"image\":{\"@id\":\"https:\/\/juhayna2026.code95.info\/fr\/#\/schema\/logo\/image\/\"},\"sameAs\":[\"https:\/\/www.facebook.com\/JuhaynaDairy\/\",\"https:\/\/www.instagram.com\/juhaynaclassics\/?hl=en\",\"https:\/\/www.youtube.com\/channel\/UCDr8Hr5lbiXNoN7g59xHGsA\",\"https:\/\/www.linkedin.com\/company\/juhayna-food-industries\/\"]}]}<\/script>\n<!-- \/ Yoast SEO plugin. -->","yoast_head_json":{"title":"\u00c0 propos de nous - Juhayan2026","robots":{"index":"noindex","follow":"follow","max-snippet":"max-snippet:-1","max-image-preview":"max-image-preview:large","max-video-preview":"max-video-preview:-1"},"og_locale":"fr_FR","og_type":"article","og_title":"\u00c0 propos de nous - Juhayan2026","og_url":"https:\/\/juhayna2026.code95.info\/fr\/about\/","og_site_name":"Juhayan2026","article_publisher":"https:\/\/www.facebook.com\/JuhaynaDairy\/","article_modified_time":"2025-12-22T15:24:16+00:00","twitter_card":"summary_large_image","schema":{"@context":"https:\/\/schema.org","@graph":[{"@type":"WebPage","@id":"https:\/\/juhayna2026.code95.info\/fr\/about\/","url":"https:\/\/juhayna2026.code95.info\/fr\/about\/","name":"\u00c0 propos de nous - Juhayan2026","isPartOf":{"@id":"https:\/\/juhayna2026.code95.info\/fr\/#website"},"datePublished":"2025-09-21T09:06:27+00:00","dateModified":"2025-12-22T15:24:16+00:00","breadcrumb":{"@id":"https:\/\/juhayna2026.code95.info\/fr\/about\/#breadcrumb"},"inLanguage":"fr-FR","potentialAction":[{"@type":"ReadAction","target":["https:\/\/juhayna2026.code95.info\/fr\/about\/"]}]},{"@type":"BreadcrumbList","@id":"https:\/\/juhayna2026.code95.info\/fr\/about\/#breadcrumb","itemListElement":[{"@type":"ListItem","position":1,"name":"Home","item":"https:\/\/juhayna2026.code95.info\/fr\/"},{"@type":"ListItem","position":2,"name":"\u00c0 propos de nous"}]},{"@type":"WebSite","@id":"https:\/\/juhayna2026.code95.info\/fr\/#website","url":"https:\/\/juhayna2026.code95.info\/fr\/","name":"Juhayan2026","description":"","publisher":{"@id":"https:\/\/juhayna2026.code95.info\/fr\/#organization"},"potentialAction":[{"@type":"SearchAction","target":{"@type":"EntryPoint","urlTemplate":"https:\/\/juhayna2026.code95.info\/fr\/?s={search_term_string}"},"query-input":{"@type":"PropertyValueSpecification","valueRequired":true,"valueName":"search_term_string"}}],"inLanguage":"fr-FR"},{"@type":"Organization","@id":"https:\/\/juhayna2026.code95.info\/fr\/#organization","name":"Juhayan2026","url":"https:\/\/juhayna2026.code95.info\/fr\/","logo":{"@type":"ImageObject","inLanguage":"fr-FR","@id":"https:\/\/juhayna2026.code95.info\/fr\/#\/schema\/logo\/image\/","url":"https:\/\/juhayna2026.code95.info\/app\/uploads\/2025\/09\/1572854222_509_8296_msicon144x144.png","contentUrl":"https:\/\/juhayna2026.code95.info\/app\/uploads\/2025\/09\/1572854222_509_8296_msicon144x144.png","width":144,"height":144,"caption":"Juhayan2026"},"image":{"@id":"https:\/\/juhayna2026.code95.info\/fr\/#\/schema\/logo\/image\/"},"sameAs":["https:\/\/www.facebook.com\/JuhaynaDairy\/","https:\/\/www.instagram.com\/juhaynaclassics\/?hl=en","https:\/\/www.youtube.com\/channel\/UCDr8Hr5lbiXNoN7g59xHGsA","https:\/\/www.linkedin.com\/company\/juhayna-food-industries\/"]}]}},"_links":{"self":[{"href":"https:\/\/juhayna2026.code95.info\/fr\/wp-json\/wp\/v2\/pages\/626","targetHints":{"allow":["GET"]}}],"collection":[{"href":"https:\/\/juhayna2026.code95.info\/fr\/wp-json\/wp\/v2\/pages"}],"about":[{"href":"https:\/\/juhayna2026.code95.info\/fr\/wp-json\/wp\/v2\/types\/page"}],"author":[{"embeddable":true,"href":"https:\/\/juhayna2026.code95.info\/fr\/wp-json\/wp\/v2\/users\/1"}],"replies":[{"embeddable":true,"href":"https:\/\/juhayna2026.code95.info\/fr\/wp-json\/wp\/v2\/comments?post=626"}],"version-history":[{"count":20,"href":"https:\/\/juhayna2026.code95.info\/fr\/wp-json\/wp\/v2\/pages\/626\/revisions"}],"predecessor-version":[{"id":10071,"href":"https:\/\/juhayna2026.code95.info\/fr\/wp-json\/wp\/v2\/pages\/626\/revisions\/10071"}],"wp:attachment":[{"href":"https:\/\/juhayna2026.code95.info\/fr\/wp-json\/wp\/v2\/media?parent=626"}],"curies":[{"name":"wp","href":"https:\/\/api.w.org\/{rel}","templated":true}]}}