{"id":6526,"date":"2025-11-05T09:59:08","date_gmt":"2025-11-05T09:59:08","guid":{"rendered":"https:\/\/juhayna2026.code95.info\/governance-highlights\/"},"modified":"2025-11-26T15:59:10","modified_gmt":"2025-11-26T15:59:10","slug":"governance-highlights","status":"publish","type":"page","link":"https:\/\/juhayna2026.code95.info\/fr\/governance-highlights\/","title":{"rendered":"Faits saillants de la gouvernance"},"content":{"rendered":"\n<div class=\"container\">\n    <section class=\"juhayna-heading-section juhayna-heading-style-12\">\n                    <!-- STYLES 1-8: Title + Description -->\n            <div class=\"juhayna-heading-content\">\n                \n                                    <div class=\"juhayna-heading-description\">\n                        <article class=\"text-token-text-primary w-full focus:outline-none [--shadow-height:45px] has-data-writing-block:pointer-events-none has-data-writing-block:-mt-(--shadow-height) has-data-writing-block:pt-(--shadow-height) [&amp;:has([data-writing-block])&gt;*]:pointer-events-auto [content-visibility:auto] supports-[content-visibility:auto]:[contain-intrinsic-size:auto_100lvh] scroll-mt-[calc(var(--header-height)+min(200px,max(70px,20svh)))]\" dir=\"auto\" data-turn-id=\"request-WEB:0c79260f-ff06-425d-8f03-1fcc77e64f82-20\" data-testid=\"conversation-turn-42\" data-scroll-anchor=\"true\" data-turn=\"assistant\">\n<div class=\"text-base my-auto mx-auto pb-10 [--thread-content-margin:--spacing(4)] thread-sm:[--thread-content-margin:--spacing(6)] thread-lg:[--thread-content-margin:--spacing(16)] px-(--thread-content-margin)\">\n<div class=\"[--thread-content-max-width:40rem] thread-lg:[--thread-content-max-width:48rem] mx-auto max-w-(--thread-content-max-width) flex-1 group\/turn-messages focus-visible:outline-hidden relative flex w-full min-w-0 flex-col agent-turn\">\n<div class=\"flex max-w-full flex-col grow\">\n<div class=\"min-h-8 text-message relative flex w-full flex-col items-end gap-2 text-start break-words whitespace-normal [.text-message+&amp;]:mt-1\" dir=\"auto\" data-message-author-role=\"assistant\" data-message-id=\"04e326ab-1d65-4c8f-8180-9dcfd31a7338\" data-message-model-slug=\"gpt-5\">\n<div class=\"flex w-full flex-col gap-1 empty:hidden first:pt-[1px]\">\n<div class=\"markdown prose dark:prose-invert w-full break-words dark markdown-new-styling\">\n<p data-start=\"0\" data-end=\"504\" data-is-last-node=\"\" data-is-only-node=\"\">Juhayna Food Industries s\u2019engage \u00e0 mettre en \u0153uvre les normes les plus \u00e9lev\u00e9es en mati\u00e8re de gouvernance d\u2019entreprise, gr\u00e2ce \u00e0 une gestion et un contr\u00f4le responsables et transparents, dans le but de maximiser la rentabilit\u00e9 pour nos actionnaires. Nous croyons que les m\u00e9thodes utilis\u00e9es pour atteindre nos r\u00e9sultats sont aussi importantes que les r\u00e9sultats eux-m\u00eames. Nous \u00e9tablissons des normes \u00e9lev\u00e9es pour mener nos activit\u00e9s de mani\u00e8re \u00e9thique, en coh\u00e9rence avec nos valeurs et conform\u00e9ment \u00e0 la loi.<\/p>\n<\/div>\n<\/div>\n<\/div>\n<\/div>\n<div class=\"z-0 flex min-h-[46px] justify-start\"><\/div>\n<\/div>\n<\/div>\n<\/article>\n<div class=\"pointer-events-none h-px w-px\" aria-hidden=\"true\" data-edge=\"true\"><\/div>\n                    <\/div>\n                            <\/div>\n            <\/section>\n<\/div>\n\n\n\n<div class=\"container\">\n    <section class=\"juhayna-heading-section juhayna-heading-style-12 juhayna-heading-weight-bold\">\n                    <!-- STYLES 1-8: Title + Description -->\n            <div class=\"juhayna-heading-content\">\n                                    <h2 class=\"juhayna-heading-title\">Statuts de Juhayna Food Industries (JUFO)<\/h2>\n                \n                                    <div class=\"juhayna-heading-description\">\n                        <article class=\"text-token-text-primary w-full focus:outline-none [--shadow-height:45px] has-data-writing-block:pointer-events-none has-data-writing-block:-mt-(--shadow-height) has-data-writing-block:pt-(--shadow-height) [&amp;:has([data-writing-block])&gt;*]:pointer-events-auto [content-visibility:auto] supports-[content-visibility:auto]:[contain-intrinsic-size:auto_100lvh] scroll-mt-[calc(var(--header-height)+min(200px,max(70px,20svh)))]\" dir=\"auto\" data-turn-id=\"request-WEB:0c79260f-ff06-425d-8f03-1fcc77e64f82-23\" data-testid=\"conversation-turn-48\" data-scroll-anchor=\"true\" data-turn=\"assistant\">\n<div class=\"text-base my-auto mx-auto pb-10 [--thread-content-margin:--spacing(4)] thread-sm:[--thread-content-margin:--spacing(6)] thread-lg:[--thread-content-margin:--spacing(16)] px-(--thread-content-margin)\">\n<div class=\"[--thread-content-max-width:40rem] thread-lg:[--thread-content-max-width:48rem] mx-auto max-w-(--thread-content-max-width) flex-1 group\/turn-messages focus-visible:outline-hidden relative flex w-full min-w-0 flex-col agent-turn\">\n<div class=\"flex max-w-full flex-col grow\">\n<div class=\"min-h-8 text-message relative flex w-full flex-col items-end gap-2 text-start break-words whitespace-normal [.text-message+&amp;]:mt-1\" dir=\"auto\" data-message-author-role=\"assistant\" data-message-id=\"21ca0bd1-0dc4-4e1d-8a5c-307a140005c3\" data-message-model-slug=\"gpt-5\">\n<div class=\"flex w-full flex-col gap-1 empty:hidden first:pt-[1px]\">\n<div class=\"markdown prose dark:prose-invert w-full break-words dark markdown-new-styling\">\n<p data-start=\"0\" data-end=\"321\" data-is-last-node=\"\" data-is-only-node=\"\">Les statuts constituent un ensemble officiel de r\u00e8gles et de r\u00e8glements qui r\u00e9gissent les activit\u00e9s de l\u2019entreprise et sont enregistr\u00e9s aupr\u00e8s des autorit\u00e9s r\u00e9glementaires lors de sa cr\u00e9ation. Les statuts ne peuvent \u00eatre modifi\u00e9s que par une r\u00e9solution formellement approuv\u00e9e lors d\u2019une Assembl\u00e9e G\u00e9n\u00e9rale Extraordinaire.<\/p>\n<\/div>\n<\/div>\n<\/div>\n<\/div>\n<div class=\"z-0 flex min-h-[46px] justify-start\"><\/div>\n<\/div>\n<\/div>\n<\/article>\n<div class=\"pointer-events-none h-px w-px\" aria-hidden=\"true\" data-edge=\"true\"><\/div>\n                    <\/div>\n                            <\/div>\n            <\/section>\n<\/div>\n\n\n<blockquote id=\"buttonsblock_5739d7ac87d6a074ba2a4f641a3e17f6\">\n  <section class=\"buttons\">\n    <div class=\"container\">\n      <div class=\"buttons-wrapper\">\n                        <a href=\"https:\/\/juhayna2026.code95.info\/app\/uploads\/2025\/11\/1575796614_558_447881_boardofdirectorscharter.pdf\" class=\"main-button border-0\"  target=\"_blank\">\n                  <img decoding=\"async\" src=\"https:\/\/juhayna2026.code95.info\/app\/uploads\/2025\/09\/PDF.svg\" alt=\"\"\n                      class=\"button-icon\" \/>                  Charte du Conseil d\u2019Administration         <span\n                      class=\"file-size\">437.38 KB<\/span>                <\/a>\n                                <a href=\"https:\/\/juhayna2026.code95.info\/app\/uploads\/2025\/11\/1575796653_959_479157_generalassemblymeetings.pdf\" class=\"main-button border-0\"  target=\"_blank\">\n                  <img decoding=\"async\" src=\"https:\/\/juhayna2026.code95.info\/app\/uploads\/2025\/09\/PDF.svg\" alt=\"\"\n                      class=\"button-icon\" \/>                  Charte de l\u2019Assembl\u00e9e G\u00e9n\u00e9rale         <span\n                      class=\"file-size\">467.93 KB<\/span>                <\/a>\n                                <a href=\"https:\/\/juhayna2026.code95.info\/app\/uploads\/2025\/11\/1575796689_396_664575_jufoarticlesofassociation.pdf\" class=\"main-button border-0\"  target=\"_blank\">\n                  <img decoding=\"async\" src=\"https:\/\/juhayna2026.code95.info\/app\/uploads\/2025\/09\/PDF.svg\" alt=\"\"\n                      class=\"button-icon\" \/>                  Statuts de l\u2019entreprise         <span\n                      class=\"file-size\">649.00 KB<\/span>                <\/a>\n                      <\/div>\n    <\/div>\n  <\/section>\n<\/blockquote>","protected":false},"excerpt":{"rendered":"","protected":false},"author":1,"featured_media":0,"parent":0,"menu_order":128,"comment_status":"closed","ping_status":"closed","template":"template-sidebar.blade.php","meta":{"_acf_changed":false,"inline_featured_image":false,"footnotes":""},"class_list":["post-6526","page","type-page","status-publish","hentry"],"acf":[],"yoast_head":"<!-- This site is optimized with the Yoast SEO plugin v26.3 - https:\/\/yoast.com\/wordpress\/plugins\/seo\/ -->\n<title>Faits saillants de la gouvernance - Juhayan2026<\/title>\n<meta name=\"robots\" content=\"noindex, follow, max-snippet:-1, max-image-preview:large, max-video-preview:-1\" \/>\n<meta property=\"og:locale\" content=\"fr_FR\" \/>\n<meta property=\"og:type\" content=\"article\" \/>\n<meta property=\"og:title\" content=\"Faits saillants de la gouvernance - Juhayan2026\" \/>\n<meta property=\"og:url\" content=\"https:\/\/juhayna2026.code95.info\/fr\/governance-highlights\/\" \/>\n<meta property=\"og:site_name\" content=\"Juhayan2026\" \/>\n<meta property=\"article:publisher\" content=\"https:\/\/www.facebook.com\/JuhaynaDairy\/\" \/>\n<meta property=\"article:modified_time\" content=\"2025-11-26T15:59:10+00:00\" \/>\n<meta name=\"twitter:card\" content=\"summary_large_image\" \/>\n<script type=\"application\/ld+json\" class=\"yoast-schema-graph\">{\"@context\":\"https:\/\/schema.org\",\"@graph\":[{\"@type\":\"WebPage\",\"@id\":\"https:\/\/juhayna2026.code95.info\/fr\/governance-highlights\/\",\"url\":\"https:\/\/juhayna2026.code95.info\/fr\/governance-highlights\/\",\"name\":\"Faits saillants de la gouvernance - Juhayan2026\",\"isPartOf\":{\"@id\":\"https:\/\/juhayna2026.code95.info\/fr\/#website\"},\"datePublished\":\"2025-11-05T09:59:08+00:00\",\"dateModified\":\"2025-11-26T15:59:10+00:00\",\"breadcrumb\":{\"@id\":\"https:\/\/juhayna2026.code95.info\/fr\/governance-highlights\/#breadcrumb\"},\"inLanguage\":\"fr-FR\",\"potentialAction\":[{\"@type\":\"ReadAction\",\"target\":[\"https:\/\/juhayna2026.code95.info\/fr\/governance-highlights\/\"]}]},{\"@type\":\"BreadcrumbList\",\"@id\":\"https:\/\/juhayna2026.code95.info\/fr\/governance-highlights\/#breadcrumb\",\"itemListElement\":[{\"@type\":\"ListItem\",\"position\":1,\"name\":\"Home\",\"item\":\"https:\/\/juhayna2026.code95.info\/fr\/\"},{\"@type\":\"ListItem\",\"position\":2,\"name\":\"Faits saillants de la gouvernance\"}]},{\"@type\":\"WebSite\",\"@id\":\"https:\/\/juhayna2026.code95.info\/fr\/#website\",\"url\":\"https:\/\/juhayna2026.code95.info\/fr\/\",\"name\":\"Juhayan2026\",\"description\":\"\",\"publisher\":{\"@id\":\"https:\/\/juhayna2026.code95.info\/fr\/#organization\"},\"potentialAction\":[{\"@type\":\"SearchAction\",\"target\":{\"@type\":\"EntryPoint\",\"urlTemplate\":\"https:\/\/juhayna2026.code95.info\/fr\/?s={search_term_string}\"},\"query-input\":{\"@type\":\"PropertyValueSpecification\",\"valueRequired\":true,\"valueName\":\"search_term_string\"}}],\"inLanguage\":\"fr-FR\"},{\"@type\":\"Organization\",\"@id\":\"https:\/\/juhayna2026.code95.info\/fr\/#organization\",\"name\":\"Juhayan2026\",\"url\":\"https:\/\/juhayna2026.code95.info\/fr\/\",\"logo\":{\"@type\":\"ImageObject\",\"inLanguage\":\"fr-FR\",\"@id\":\"https:\/\/juhayna2026.code95.info\/fr\/#\/schema\/logo\/image\/\",\"url\":\"https:\/\/juhayna2026.code95.info\/app\/uploads\/2025\/09\/1572854222_509_8296_msicon144x144.png\",\"contentUrl\":\"https:\/\/juhayna2026.code95.info\/app\/uploads\/2025\/09\/1572854222_509_8296_msicon144x144.png\",\"width\":144,\"height\":144,\"caption\":\"Juhayan2026\"},\"image\":{\"@id\":\"https:\/\/juhayna2026.code95.info\/fr\/#\/schema\/logo\/image\/\"},\"sameAs\":[\"https:\/\/www.facebook.com\/JuhaynaDairy\/\",\"https:\/\/www.instagram.com\/juhaynaclassics\/?hl=en\",\"https:\/\/www.youtube.com\/channel\/UCDr8Hr5lbiXNoN7g59xHGsA\",\"https:\/\/www.linkedin.com\/company\/juhayna-food-industries\/\"]}]}<\/script>\n<!-- \/ Yoast SEO plugin. -->","yoast_head_json":{"title":"Faits saillants de la gouvernance - Juhayan2026","robots":{"index":"noindex","follow":"follow","max-snippet":"max-snippet:-1","max-image-preview":"max-image-preview:large","max-video-preview":"max-video-preview:-1"},"og_locale":"fr_FR","og_type":"article","og_title":"Faits saillants de la gouvernance - Juhayan2026","og_url":"https:\/\/juhayna2026.code95.info\/fr\/governance-highlights\/","og_site_name":"Juhayan2026","article_publisher":"https:\/\/www.facebook.com\/JuhaynaDairy\/","article_modified_time":"2025-11-26T15:59:10+00:00","twitter_card":"summary_large_image","schema":{"@context":"https:\/\/schema.org","@graph":[{"@type":"WebPage","@id":"https:\/\/juhayna2026.code95.info\/fr\/governance-highlights\/","url":"https:\/\/juhayna2026.code95.info\/fr\/governance-highlights\/","name":"Faits saillants de la gouvernance - Juhayan2026","isPartOf":{"@id":"https:\/\/juhayna2026.code95.info\/fr\/#website"},"datePublished":"2025-11-05T09:59:08+00:00","dateModified":"2025-11-26T15:59:10+00:00","breadcrumb":{"@id":"https:\/\/juhayna2026.code95.info\/fr\/governance-highlights\/#breadcrumb"},"inLanguage":"fr-FR","potentialAction":[{"@type":"ReadAction","target":["https:\/\/juhayna2026.code95.info\/fr\/governance-highlights\/"]}]},{"@type":"BreadcrumbList","@id":"https:\/\/juhayna2026.code95.info\/fr\/governance-highlights\/#breadcrumb","itemListElement":[{"@type":"ListItem","position":1,"name":"Home","item":"https:\/\/juhayna2026.code95.info\/fr\/"},{"@type":"ListItem","position":2,"name":"Faits saillants de la gouvernance"}]},{"@type":"WebSite","@id":"https:\/\/juhayna2026.code95.info\/fr\/#website","url":"https:\/\/juhayna2026.code95.info\/fr\/","name":"Juhayan2026","description":"","publisher":{"@id":"https:\/\/juhayna2026.code95.info\/fr\/#organization"},"potentialAction":[{"@type":"SearchAction","target":{"@type":"EntryPoint","urlTemplate":"https:\/\/juhayna2026.code95.info\/fr\/?s={search_term_string}"},"query-input":{"@type":"PropertyValueSpecification","valueRequired":true,"valueName":"search_term_string"}}],"inLanguage":"fr-FR"},{"@type":"Organization","@id":"https:\/\/juhayna2026.code95.info\/fr\/#organization","name":"Juhayan2026","url":"https:\/\/juhayna2026.code95.info\/fr\/","logo":{"@type":"ImageObject","inLanguage":"fr-FR","@id":"https:\/\/juhayna2026.code95.info\/fr\/#\/schema\/logo\/image\/","url":"https:\/\/juhayna2026.code95.info\/app\/uploads\/2025\/09\/1572854222_509_8296_msicon144x144.png","contentUrl":"https:\/\/juhayna2026.code95.info\/app\/uploads\/2025\/09\/1572854222_509_8296_msicon144x144.png","width":144,"height":144,"caption":"Juhayan2026"},"image":{"@id":"https:\/\/juhayna2026.code95.info\/fr\/#\/schema\/logo\/image\/"},"sameAs":["https:\/\/www.facebook.com\/JuhaynaDairy\/","https:\/\/www.instagram.com\/juhaynaclassics\/?hl=en","https:\/\/www.youtube.com\/channel\/UCDr8Hr5lbiXNoN7g59xHGsA","https:\/\/www.linkedin.com\/company\/juhayna-food-industries\/"]}]}},"_links":{"self":[{"href":"https:\/\/juhayna2026.code95.info\/fr\/wp-json\/wp\/v2\/pages\/6526","targetHints":{"allow":["GET"]}}],"collection":[{"href":"https:\/\/juhayna2026.code95.info\/fr\/wp-json\/wp\/v2\/pages"}],"about":[{"href":"https:\/\/juhayna2026.code95.info\/fr\/wp-json\/wp\/v2\/types\/page"}],"author":[{"embeddable":true,"href":"https:\/\/juhayna2026.code95.info\/fr\/wp-json\/wp\/v2\/users\/1"}],"replies":[{"embeddable":true,"href":"https:\/\/juhayna2026.code95.info\/fr\/wp-json\/wp\/v2\/comments?post=6526"}],"version-history":[{"count":8,"href":"https:\/\/juhayna2026.code95.info\/fr\/wp-json\/wp\/v2\/pages\/6526\/revisions"}],"predecessor-version":[{"id":9542,"href":"https:\/\/juhayna2026.code95.info\/fr\/wp-json\/wp\/v2\/pages\/6526\/revisions\/9542"}],"wp:attachment":[{"href":"https:\/\/juhayna2026.code95.info\/fr\/wp-json\/wp\/v2\/media?parent=6526"}],"curies":[{"name":"wp","href":"https:\/\/api.w.org\/{rel}","templated":true}]}}