{"id":6570,"date":"2025-11-05T10:01:11","date_gmt":"2025-11-05T10:01:11","guid":{"rendered":"https:\/\/juhayna2026.code95.info\/stock-price-chart\/"},"modified":"2025-11-19T11:43:23","modified_gmt":"2025-11-19T11:43:23","slug":"stock-price-chart","status":"publish","type":"page","link":"https:\/\/juhayna2026.code95.info\/fr\/stock-price-chart\/","title":{"rendered":"graphique des cours des actions"},"content":{"rendered":"<div class=\"table-responsive\">\n  <table class=\"table table-bordered font-small inverstor-tables\">\n    <thead>\n      <th class=\"bg-pattens text-tory-blue\">Symbole<\/th>\n      <th class=\"bg-pattens text-tory-blue\">Derni\u00e8re<\/th>\n      <th class=\"bg-pattens text-tory-blue\">Changer<\/th>\n      <th class=\"bg-pattens text-tory-blue\">Le volume<\/th>\n      <th class=\"bg-pattens text-tory-blue\">Haut<\/th>\n      <th class=\"bg-pattens text-tory-blue\">Faible<\/th>\n    <\/thead>\n    <tbody class=\"border-white text-tory-blue\">\n      <td>JUFO.CO<\/td>\n      <td>EGP 26.60<\/td>\n      <td>(-0.04%)\n        0      <\/td>\n      <td>375,910<\/td>\n      <td>26.63<\/td>\n      <td>26.30<\/td>\n    <\/tbody>\n  <\/table>\n<\/div>\n\n<div class=\"col-12 px-0 pt-3\">\n  <div class=\"border-r-15\" id=\"stock-chart\"><\/div>\n<\/div>\n\n\n<p class=\"has-text-align-right has-text-color has-link-color has-small-font-size wp-elements-b2c7437d6a8ff3970921ad5ae001fd82\" style=\"color:#697586\">Les informations boursi\u00e8res fournies le sont \u00e0 titre purement informatif et ne constituent en aucun cas une incitation \u00e0 l&#8217;achat ou \u00e0 la vente d&#8217;actions. Ces informations sont fournies par EGID, les graphiques boursiers par Reuters, et Juhayna Food Industries ne collecte ni ne fournit directement de donn\u00e9es \u00e0 ce service.<\/p>\n\n\n\n<p><\/p>\n","protected":false},"excerpt":{"rendered":"<p>Les informations boursi\u00e8res fournies le sont \u00e0 titre purement informatif et ne constituent en aucun cas une incitation \u00e0 l&#8217;achat ou \u00e0 la vente d&#8217;actions. Ces informations sont fournies par EGID, les graphiques boursiers par Reuters, et Juhayna Food Industries ne collecte ni ne fournit directement de donn\u00e9es \u00e0 ce service.<\/p>\n","protected":false},"author":1,"featured_media":0,"parent":0,"menu_order":134,"comment_status":"closed","ping_status":"closed","template":"template-sidebar.blade.php","meta":{"_acf_changed":false,"inline_featured_image":false,"footnotes":""},"class_list":["post-6570","page","type-page","status-publish","hentry"],"acf":[],"yoast_head":"<!-- This site is optimized with the Yoast SEO plugin v26.3 - https:\/\/yoast.com\/wordpress\/plugins\/seo\/ -->\n<title>graphique des cours des actions - Juhayan2026<\/title>\n<meta name=\"robots\" content=\"noindex, follow, max-snippet:-1, max-image-preview:large, max-video-preview:-1\" \/>\n<meta property=\"og:locale\" content=\"fr_FR\" \/>\n<meta property=\"og:type\" content=\"article\" \/>\n<meta property=\"og:title\" content=\"graphique des cours des actions - Juhayan2026\" \/>\n<meta property=\"og:description\" content=\"Les informations boursi\u00e8res fournies le sont \u00e0 titre purement informatif et ne constituent en aucun cas une incitation \u00e0 l&#8217;achat ou \u00e0 la vente d&#8217;actions. Ces informations sont fournies par EGID, les graphiques boursiers par Reuters, et Juhayna Food Industries ne collecte ni ne fournit directement de donn\u00e9es \u00e0 ce service.\" \/>\n<meta property=\"og:url\" content=\"https:\/\/juhayna2026.code95.info\/fr\/stock-price-chart\/\" \/>\n<meta property=\"og:site_name\" content=\"Juhayan2026\" \/>\n<meta property=\"article:publisher\" content=\"https:\/\/www.facebook.com\/JuhaynaDairy\/\" \/>\n<meta property=\"article:modified_time\" content=\"2025-11-19T11:43:23+00:00\" \/>\n<meta name=\"twitter:card\" content=\"summary_large_image\" \/>\n<meta name=\"twitter:label1\" content=\"Dur\u00e9e de lecture estim\u00e9e\" \/>\n\t<meta name=\"twitter:data1\" content=\"1 minute\" \/>\n<script type=\"application\/ld+json\" class=\"yoast-schema-graph\">{\"@context\":\"https:\/\/schema.org\",\"@graph\":[{\"@type\":\"WebPage\",\"@id\":\"https:\/\/juhayna2026.code95.info\/fr\/stock-price-chart\/\",\"url\":\"https:\/\/juhayna2026.code95.info\/fr\/stock-price-chart\/\",\"name\":\"graphique des cours des actions - Juhayan2026\",\"isPartOf\":{\"@id\":\"https:\/\/juhayna2026.code95.info\/fr\/#website\"},\"datePublished\":\"2025-11-05T10:01:11+00:00\",\"dateModified\":\"2025-11-19T11:43:23+00:00\",\"breadcrumb\":{\"@id\":\"https:\/\/juhayna2026.code95.info\/fr\/stock-price-chart\/#breadcrumb\"},\"inLanguage\":\"fr-FR\",\"potentialAction\":[{\"@type\":\"ReadAction\",\"target\":[\"https:\/\/juhayna2026.code95.info\/fr\/stock-price-chart\/\"]}]},{\"@type\":\"BreadcrumbList\",\"@id\":\"https:\/\/juhayna2026.code95.info\/fr\/stock-price-chart\/#breadcrumb\",\"itemListElement\":[{\"@type\":\"ListItem\",\"position\":1,\"name\":\"Home\",\"item\":\"https:\/\/juhayna2026.code95.info\/fr\/\"},{\"@type\":\"ListItem\",\"position\":2,\"name\":\"graphique des cours des actions\"}]},{\"@type\":\"WebSite\",\"@id\":\"https:\/\/juhayna2026.code95.info\/fr\/#website\",\"url\":\"https:\/\/juhayna2026.code95.info\/fr\/\",\"name\":\"Juhayan2026\",\"description\":\"\",\"publisher\":{\"@id\":\"https:\/\/juhayna2026.code95.info\/fr\/#organization\"},\"potentialAction\":[{\"@type\":\"SearchAction\",\"target\":{\"@type\":\"EntryPoint\",\"urlTemplate\":\"https:\/\/juhayna2026.code95.info\/fr\/?s={search_term_string}\"},\"query-input\":{\"@type\":\"PropertyValueSpecification\",\"valueRequired\":true,\"valueName\":\"search_term_string\"}}],\"inLanguage\":\"fr-FR\"},{\"@type\":\"Organization\",\"@id\":\"https:\/\/juhayna2026.code95.info\/fr\/#organization\",\"name\":\"Juhayan2026\",\"url\":\"https:\/\/juhayna2026.code95.info\/fr\/\",\"logo\":{\"@type\":\"ImageObject\",\"inLanguage\":\"fr-FR\",\"@id\":\"https:\/\/juhayna2026.code95.info\/fr\/#\/schema\/logo\/image\/\",\"url\":\"https:\/\/juhayna2026.code95.info\/app\/uploads\/2025\/09\/1572854222_509_8296_msicon144x144.png\",\"contentUrl\":\"https:\/\/juhayna2026.code95.info\/app\/uploads\/2025\/09\/1572854222_509_8296_msicon144x144.png\",\"width\":144,\"height\":144,\"caption\":\"Juhayan2026\"},\"image\":{\"@id\":\"https:\/\/juhayna2026.code95.info\/fr\/#\/schema\/logo\/image\/\"},\"sameAs\":[\"https:\/\/www.facebook.com\/JuhaynaDairy\/\",\"https:\/\/www.instagram.com\/juhaynaclassics\/?hl=en\",\"https:\/\/www.youtube.com\/channel\/UCDr8Hr5lbiXNoN7g59xHGsA\",\"https:\/\/www.linkedin.com\/company\/juhayna-food-industries\/\"]}]}<\/script>\n<!-- \/ Yoast SEO plugin. -->","yoast_head_json":{"title":"graphique des cours des actions - Juhayan2026","robots":{"index":"noindex","follow":"follow","max-snippet":"max-snippet:-1","max-image-preview":"max-image-preview:large","max-video-preview":"max-video-preview:-1"},"og_locale":"fr_FR","og_type":"article","og_title":"graphique des cours des actions - Juhayan2026","og_description":"Les informations boursi\u00e8res fournies le sont \u00e0 titre purement informatif et ne constituent en aucun cas une incitation \u00e0 l&#8217;achat ou \u00e0 la vente d&#8217;actions. Ces informations sont fournies par EGID, les graphiques boursiers par Reuters, et Juhayna Food Industries ne collecte ni ne fournit directement de donn\u00e9es \u00e0 ce service.","og_url":"https:\/\/juhayna2026.code95.info\/fr\/stock-price-chart\/","og_site_name":"Juhayan2026","article_publisher":"https:\/\/www.facebook.com\/JuhaynaDairy\/","article_modified_time":"2025-11-19T11:43:23+00:00","twitter_card":"summary_large_image","twitter_misc":{"Dur\u00e9e de lecture estim\u00e9e":"1 minute"},"schema":{"@context":"https:\/\/schema.org","@graph":[{"@type":"WebPage","@id":"https:\/\/juhayna2026.code95.info\/fr\/stock-price-chart\/","url":"https:\/\/juhayna2026.code95.info\/fr\/stock-price-chart\/","name":"graphique des cours des actions - Juhayan2026","isPartOf":{"@id":"https:\/\/juhayna2026.code95.info\/fr\/#website"},"datePublished":"2025-11-05T10:01:11+00:00","dateModified":"2025-11-19T11:43:23+00:00","breadcrumb":{"@id":"https:\/\/juhayna2026.code95.info\/fr\/stock-price-chart\/#breadcrumb"},"inLanguage":"fr-FR","potentialAction":[{"@type":"ReadAction","target":["https:\/\/juhayna2026.code95.info\/fr\/stock-price-chart\/"]}]},{"@type":"BreadcrumbList","@id":"https:\/\/juhayna2026.code95.info\/fr\/stock-price-chart\/#breadcrumb","itemListElement":[{"@type":"ListItem","position":1,"name":"Home","item":"https:\/\/juhayna2026.code95.info\/fr\/"},{"@type":"ListItem","position":2,"name":"graphique des cours des actions"}]},{"@type":"WebSite","@id":"https:\/\/juhayna2026.code95.info\/fr\/#website","url":"https:\/\/juhayna2026.code95.info\/fr\/","name":"Juhayan2026","description":"","publisher":{"@id":"https:\/\/juhayna2026.code95.info\/fr\/#organization"},"potentialAction":[{"@type":"SearchAction","target":{"@type":"EntryPoint","urlTemplate":"https:\/\/juhayna2026.code95.info\/fr\/?s={search_term_string}"},"query-input":{"@type":"PropertyValueSpecification","valueRequired":true,"valueName":"search_term_string"}}],"inLanguage":"fr-FR"},{"@type":"Organization","@id":"https:\/\/juhayna2026.code95.info\/fr\/#organization","name":"Juhayan2026","url":"https:\/\/juhayna2026.code95.info\/fr\/","logo":{"@type":"ImageObject","inLanguage":"fr-FR","@id":"https:\/\/juhayna2026.code95.info\/fr\/#\/schema\/logo\/image\/","url":"https:\/\/juhayna2026.code95.info\/app\/uploads\/2025\/09\/1572854222_509_8296_msicon144x144.png","contentUrl":"https:\/\/juhayna2026.code95.info\/app\/uploads\/2025\/09\/1572854222_509_8296_msicon144x144.png","width":144,"height":144,"caption":"Juhayan2026"},"image":{"@id":"https:\/\/juhayna2026.code95.info\/fr\/#\/schema\/logo\/image\/"},"sameAs":["https:\/\/www.facebook.com\/JuhaynaDairy\/","https:\/\/www.instagram.com\/juhaynaclassics\/?hl=en","https:\/\/www.youtube.com\/channel\/UCDr8Hr5lbiXNoN7g59xHGsA","https:\/\/www.linkedin.com\/company\/juhayna-food-industries\/"]}]}},"_links":{"self":[{"href":"https:\/\/juhayna2026.code95.info\/fr\/wp-json\/wp\/v2\/pages\/6570","targetHints":{"allow":["GET"]}}],"collection":[{"href":"https:\/\/juhayna2026.code95.info\/fr\/wp-json\/wp\/v2\/pages"}],"about":[{"href":"https:\/\/juhayna2026.code95.info\/fr\/wp-json\/wp\/v2\/types\/page"}],"author":[{"embeddable":true,"href":"https:\/\/juhayna2026.code95.info\/fr\/wp-json\/wp\/v2\/users\/1"}],"replies":[{"embeddable":true,"href":"https:\/\/juhayna2026.code95.info\/fr\/wp-json\/wp\/v2\/comments?post=6570"}],"version-history":[{"count":3,"href":"https:\/\/juhayna2026.code95.info\/fr\/wp-json\/wp\/v2\/pages\/6570\/revisions"}],"predecessor-version":[{"id":9451,"href":"https:\/\/juhayna2026.code95.info\/fr\/wp-json\/wp\/v2\/pages\/6570\/revisions\/9451"}],"wp:attachment":[{"href":"https:\/\/juhayna2026.code95.info\/fr\/wp-json\/wp\/v2\/media?parent=6570"}],"curies":[{"name":"wp","href":"https:\/\/api.w.org\/{rel}","templated":true}]}}