{"id":6574,"date":"2025-11-05T10:01:16","date_gmt":"2025-11-05T10:01:16","guid":{"rendered":"https:\/\/juhayna2026.code95.info\/historical-lookup\/"},"modified":"2025-11-19T11:04:03","modified_gmt":"2025-11-19T11:04:03","slug":"historical-lookup","status":"publish","type":"page","link":"https:\/\/juhayna2026.code95.info\/fr\/historical-lookup\/","title":{"rendered":"Recherche Historique"},"content":{"rendered":"<section class=\"historical-lookup\">\n  <div class=\"container\">\n    <div class=\"row\">\n      <div class=\"col-12\">\n        <div class=\"border-r-15\" id=\"stock-chart\" \/>\n      <\/div>\n      <div class=\"col-12 px-0\">\n        <div class=\"spacer\"><\/div>\n        <div class=\"custom-filter investors-filter row\">\n          <form name=\"calculate-form\" method=\"POST\">\n            <div class=\"d-flex gap-4 sm-flex-column\">\n              <div class=\"filter-field-group position-relative\">\n                <label for=\"date_from text-uppercase\">De<\/label>\n                <input class=\"form-control\" placeholder=\"De\" type=\"date\" name='date_from'\n                  value=\"2025-04-11\" \/>\n              <\/div>\n              <div class=\"filter-field-group position-relative\">\n                <label for=\"date_to\">\u00e0<\/label>\n                <input class=\"form-control\" placeholder=\"\u00e0\" type=\"date\" name='date_to'\n                  value=\"2026-04-11\" \/>\n              <\/div>\n              <div class=\"filter-field-group position-relative custom-select\">\n                <label for=\"frequency\">La fr\u00e9quence<\/label>\n                <select name=\"frequency\" class=\"form-control\">\n                  <option value=\"daily\">Quotidienne<\/option>\n                  <option value=\"yearly\">Annuelle<\/option>\n                <\/select>\n              <\/div>\n              <div class=\"filter-field-group position-relative custom-select\">\n                <label for=\"format\">le format<\/label>\n                <select name=\"format\" class=\"form-control\">\n                  <option value=\"html\">HTML<\/option>\n                  <option value=\"excel\">Excel<\/option>\n                <\/select>\n              <\/div>\n\n              <input type=\"submit\" value=\"Chercher\n\"\n                class=\"main-button bg-picton-blue text-white\" name=\"btn_lookup\" formaction=\"\/historical\/lookup\"\n                formtarget=\"_blank\" \/>\n            <\/div>\n          <\/form>\n        <\/div>\n      <\/div>\n    <\/div>\n  <\/div>\n<\/section>\n\n\n<div style=\"height:30px\" aria-hidden=\"true\" class=\"wp-block-spacer\"><\/div>\n\n\n\n<p class=\"has-text-color has-link-color wp-elements-936cd1158a9a133f0b40ab60a25a666f\" style=\"color:#697586\">Les informations boursi\u00e8res fournies sont \u00e0 titre informatif uniquement et ne sont pas destin\u00e9es \u00e0 des fins de n\u00e9gociation. Les informations boursi\u00e8res sont fournies par EGID, les graphiques boursiers sont fournis par Reuters et Juhayna Food Industries ne maintient ni ne fournit directement de donn\u00e9es \u00e0 ce service.<\/p>\n","protected":false},"excerpt":{"rendered":"<p>Les informations boursi\u00e8res fournies sont \u00e0 titre informatif uniquement et ne sont pas destin\u00e9es \u00e0 des fins de n\u00e9gociation. Les informations boursi\u00e8res sont fournies par EGID, les graphiques boursiers sont fournis par Reuters et Juhayna Food Industries ne maintient ni ne fournit directement de donn\u00e9es \u00e0 ce service.<\/p>\n","protected":false},"author":1,"featured_media":0,"parent":0,"menu_order":137,"comment_status":"closed","ping_status":"closed","template":"template-sidebar.blade.php","meta":{"_acf_changed":false,"inline_featured_image":false,"footnotes":""},"class_list":["post-6574","page","type-page","status-publish","hentry"],"acf":[],"yoast_head":"<!-- This site is optimized with the Yoast SEO plugin v26.3 - https:\/\/yoast.com\/wordpress\/plugins\/seo\/ -->\n<title>Recherche Historique - Juhayan2026<\/title>\n<meta name=\"robots\" content=\"noindex, follow, max-snippet:-1, max-image-preview:large, max-video-preview:-1\" \/>\n<meta property=\"og:locale\" content=\"fr_FR\" \/>\n<meta property=\"og:type\" content=\"article\" \/>\n<meta property=\"og:title\" content=\"Recherche Historique - Juhayan2026\" \/>\n<meta property=\"og:description\" content=\"Les informations boursi\u00e8res fournies sont \u00e0 titre informatif uniquement et ne sont pas destin\u00e9es \u00e0 des fins de n\u00e9gociation. Les informations boursi\u00e8res sont fournies par EGID, les graphiques boursiers sont fournis par Reuters et Juhayna Food Industries ne maintient ni ne fournit directement de donn\u00e9es \u00e0 ce service.\" \/>\n<meta property=\"og:url\" content=\"https:\/\/juhayna2026.code95.info\/fr\/historical-lookup\/\" \/>\n<meta property=\"og:site_name\" content=\"Juhayan2026\" \/>\n<meta property=\"article:publisher\" content=\"https:\/\/www.facebook.com\/JuhaynaDairy\/\" \/>\n<meta property=\"article:modified_time\" content=\"2025-11-19T11:04:03+00:00\" \/>\n<meta name=\"twitter:card\" content=\"summary_large_image\" \/>\n<meta name=\"twitter:label1\" content=\"Dur\u00e9e de lecture estim\u00e9e\" \/>\n\t<meta name=\"twitter:data1\" content=\"1 minute\" \/>\n<script type=\"application\/ld+json\" class=\"yoast-schema-graph\">{\"@context\":\"https:\/\/schema.org\",\"@graph\":[{\"@type\":\"WebPage\",\"@id\":\"https:\/\/juhayna2026.code95.info\/fr\/historical-lookup\/\",\"url\":\"https:\/\/juhayna2026.code95.info\/fr\/historical-lookup\/\",\"name\":\"Recherche Historique - Juhayan2026\",\"isPartOf\":{\"@id\":\"https:\/\/juhayna2026.code95.info\/fr\/#website\"},\"datePublished\":\"2025-11-05T10:01:16+00:00\",\"dateModified\":\"2025-11-19T11:04:03+00:00\",\"breadcrumb\":{\"@id\":\"https:\/\/juhayna2026.code95.info\/fr\/historical-lookup\/#breadcrumb\"},\"inLanguage\":\"fr-FR\",\"potentialAction\":[{\"@type\":\"ReadAction\",\"target\":[\"https:\/\/juhayna2026.code95.info\/fr\/historical-lookup\/\"]}]},{\"@type\":\"BreadcrumbList\",\"@id\":\"https:\/\/juhayna2026.code95.info\/fr\/historical-lookup\/#breadcrumb\",\"itemListElement\":[{\"@type\":\"ListItem\",\"position\":1,\"name\":\"Home\",\"item\":\"https:\/\/juhayna2026.code95.info\/fr\/\"},{\"@type\":\"ListItem\",\"position\":2,\"name\":\"Recherche Historique\"}]},{\"@type\":\"WebSite\",\"@id\":\"https:\/\/juhayna2026.code95.info\/fr\/#website\",\"url\":\"https:\/\/juhayna2026.code95.info\/fr\/\",\"name\":\"Juhayan2026\",\"description\":\"\",\"publisher\":{\"@id\":\"https:\/\/juhayna2026.code95.info\/fr\/#organization\"},\"potentialAction\":[{\"@type\":\"SearchAction\",\"target\":{\"@type\":\"EntryPoint\",\"urlTemplate\":\"https:\/\/juhayna2026.code95.info\/fr\/?s={search_term_string}\"},\"query-input\":{\"@type\":\"PropertyValueSpecification\",\"valueRequired\":true,\"valueName\":\"search_term_string\"}}],\"inLanguage\":\"fr-FR\"},{\"@type\":\"Organization\",\"@id\":\"https:\/\/juhayna2026.code95.info\/fr\/#organization\",\"name\":\"Juhayan2026\",\"url\":\"https:\/\/juhayna2026.code95.info\/fr\/\",\"logo\":{\"@type\":\"ImageObject\",\"inLanguage\":\"fr-FR\",\"@id\":\"https:\/\/juhayna2026.code95.info\/fr\/#\/schema\/logo\/image\/\",\"url\":\"https:\/\/juhayna2026.code95.info\/app\/uploads\/2025\/09\/1572854222_509_8296_msicon144x144.png\",\"contentUrl\":\"https:\/\/juhayna2026.code95.info\/app\/uploads\/2025\/09\/1572854222_509_8296_msicon144x144.png\",\"width\":144,\"height\":144,\"caption\":\"Juhayan2026\"},\"image\":{\"@id\":\"https:\/\/juhayna2026.code95.info\/fr\/#\/schema\/logo\/image\/\"},\"sameAs\":[\"https:\/\/www.facebook.com\/JuhaynaDairy\/\",\"https:\/\/www.instagram.com\/juhaynaclassics\/?hl=en\",\"https:\/\/www.youtube.com\/channel\/UCDr8Hr5lbiXNoN7g59xHGsA\",\"https:\/\/www.linkedin.com\/company\/juhayna-food-industries\/\"]}]}<\/script>\n<!-- \/ Yoast SEO plugin. -->","yoast_head_json":{"title":"Recherche Historique - Juhayan2026","robots":{"index":"noindex","follow":"follow","max-snippet":"max-snippet:-1","max-image-preview":"max-image-preview:large","max-video-preview":"max-video-preview:-1"},"og_locale":"fr_FR","og_type":"article","og_title":"Recherche Historique - Juhayan2026","og_description":"Les informations boursi\u00e8res fournies sont \u00e0 titre informatif uniquement et ne sont pas destin\u00e9es \u00e0 des fins de n\u00e9gociation. Les informations boursi\u00e8res sont fournies par EGID, les graphiques boursiers sont fournis par Reuters et Juhayna Food Industries ne maintient ni ne fournit directement de donn\u00e9es \u00e0 ce service.","og_url":"https:\/\/juhayna2026.code95.info\/fr\/historical-lookup\/","og_site_name":"Juhayan2026","article_publisher":"https:\/\/www.facebook.com\/JuhaynaDairy\/","article_modified_time":"2025-11-19T11:04:03+00:00","twitter_card":"summary_large_image","twitter_misc":{"Dur\u00e9e de lecture estim\u00e9e":"1 minute"},"schema":{"@context":"https:\/\/schema.org","@graph":[{"@type":"WebPage","@id":"https:\/\/juhayna2026.code95.info\/fr\/historical-lookup\/","url":"https:\/\/juhayna2026.code95.info\/fr\/historical-lookup\/","name":"Recherche Historique - Juhayan2026","isPartOf":{"@id":"https:\/\/juhayna2026.code95.info\/fr\/#website"},"datePublished":"2025-11-05T10:01:16+00:00","dateModified":"2025-11-19T11:04:03+00:00","breadcrumb":{"@id":"https:\/\/juhayna2026.code95.info\/fr\/historical-lookup\/#breadcrumb"},"inLanguage":"fr-FR","potentialAction":[{"@type":"ReadAction","target":["https:\/\/juhayna2026.code95.info\/fr\/historical-lookup\/"]}]},{"@type":"BreadcrumbList","@id":"https:\/\/juhayna2026.code95.info\/fr\/historical-lookup\/#breadcrumb","itemListElement":[{"@type":"ListItem","position":1,"name":"Home","item":"https:\/\/juhayna2026.code95.info\/fr\/"},{"@type":"ListItem","position":2,"name":"Recherche Historique"}]},{"@type":"WebSite","@id":"https:\/\/juhayna2026.code95.info\/fr\/#website","url":"https:\/\/juhayna2026.code95.info\/fr\/","name":"Juhayan2026","description":"","publisher":{"@id":"https:\/\/juhayna2026.code95.info\/fr\/#organization"},"potentialAction":[{"@type":"SearchAction","target":{"@type":"EntryPoint","urlTemplate":"https:\/\/juhayna2026.code95.info\/fr\/?s={search_term_string}"},"query-input":{"@type":"PropertyValueSpecification","valueRequired":true,"valueName":"search_term_string"}}],"inLanguage":"fr-FR"},{"@type":"Organization","@id":"https:\/\/juhayna2026.code95.info\/fr\/#organization","name":"Juhayan2026","url":"https:\/\/juhayna2026.code95.info\/fr\/","logo":{"@type":"ImageObject","inLanguage":"fr-FR","@id":"https:\/\/juhayna2026.code95.info\/fr\/#\/schema\/logo\/image\/","url":"https:\/\/juhayna2026.code95.info\/app\/uploads\/2025\/09\/1572854222_509_8296_msicon144x144.png","contentUrl":"https:\/\/juhayna2026.code95.info\/app\/uploads\/2025\/09\/1572854222_509_8296_msicon144x144.png","width":144,"height":144,"caption":"Juhayan2026"},"image":{"@id":"https:\/\/juhayna2026.code95.info\/fr\/#\/schema\/logo\/image\/"},"sameAs":["https:\/\/www.facebook.com\/JuhaynaDairy\/","https:\/\/www.instagram.com\/juhaynaclassics\/?hl=en","https:\/\/www.youtube.com\/channel\/UCDr8Hr5lbiXNoN7g59xHGsA","https:\/\/www.linkedin.com\/company\/juhayna-food-industries\/"]}]}},"_links":{"self":[{"href":"https:\/\/juhayna2026.code95.info\/fr\/wp-json\/wp\/v2\/pages\/6574","targetHints":{"allow":["GET"]}}],"collection":[{"href":"https:\/\/juhayna2026.code95.info\/fr\/wp-json\/wp\/v2\/pages"}],"about":[{"href":"https:\/\/juhayna2026.code95.info\/fr\/wp-json\/wp\/v2\/types\/page"}],"author":[{"embeddable":true,"href":"https:\/\/juhayna2026.code95.info\/fr\/wp-json\/wp\/v2\/users\/1"}],"replies":[{"embeddable":true,"href":"https:\/\/juhayna2026.code95.info\/fr\/wp-json\/wp\/v2\/comments?post=6574"}],"version-history":[{"count":3,"href":"https:\/\/juhayna2026.code95.info\/fr\/wp-json\/wp\/v2\/pages\/6574\/revisions"}],"predecessor-version":[{"id":9450,"href":"https:\/\/juhayna2026.code95.info\/fr\/wp-json\/wp\/v2\/pages\/6574\/revisions\/9450"}],"wp:attachment":[{"href":"https:\/\/juhayna2026.code95.info\/fr\/wp-json\/wp\/v2\/media?parent=6574"}],"curies":[{"name":"wp","href":"https:\/\/api.w.org\/{rel}","templated":true}]}}