{"id":681,"date":"2025-09-21T13:13:51","date_gmt":"2025-09-21T13:13:51","guid":{"rendered":"https:\/\/juhayna2026.code95.info\/faqs\/"},"modified":"2025-11-13T08:50:03","modified_gmt":"2025-11-13T08:50:03","slug":"faqs","status":"publish","type":"page","link":"https:\/\/juhayna2026.code95.info\/fr\/faqs\/","title":{"rendered":"fAQ"},"content":{"rendered":"<div class=\"banner\">\n    <div class=\"banner-wrapper\">\n                    <div class=\"banner-image\">\n                <img decoding=\"async\" src=\"https:\/\/juhayna2026.code95.info\/app\/uploads\/2025\/09\/1574934436_549_354473_5easywaystobemorefocusedeachdayimage300x171-1.png\"\n                    alt=\"fAQ\" \/>\n                                    <div class=\"banner-overlay\"><\/div>\n                                                    <div class=\"banner-title-container\">\n                                                    <h1 class=\"banner-title\">\n                                FAQs                            <\/h1>\n                                                                    <\/div>\n                            <\/div>\n            <\/div>\n<\/div>\n\n\n\n<section class=\"faqs\">\n    <ul class=\"nav nav-pills  d-flex justify-content-center align-items-end pb-3 \" id=\"pills-tab\" role=\"tablist\">\n            <li class=\"nav-item\" role=\"presentation\">\n        <button class=\"nav-link active\" id=\"tab-0-tab\" data-bs-toggle=\"pill\" data-bs-target=\"#tab-0\" type=\"button\" role=\"tab\" aria-controls=\"tab-0\" aria-selected=\"true\">\n          A Propos De Juhayna        <\/button>\n      <\/li>\n            <li class=\"nav-item\" role=\"presentation\">\n        <button class=\"nav-link\" id=\"tab-1-tab\" data-bs-toggle=\"pill\" data-bs-target=\"#tab-1\" type=\"button\" role=\"tab\" aria-controls=\"tab-1\" aria-selected=\"false\">\n          Marques        <\/button>\n      <\/li>\n          <\/ul>\n    <div class=\"container p-md-0\">\n\n    <div class=\"tab-content\" id=\"pills-tabContent\">\n            <div class=\"tab-pane fade show active\" id=\"tab-0\" role=\"tabpanel\" aria-labelledby=\"tab-0-tab\" tabindex=\"0\">\n                <div class=\"accordion\" id=\"accordion-tab-0\">\n                    <div class=\"accordion-item\">\n            <h2 class=\"accordion-header\" id=\"heading-collapse-0-0\">\n              <button class=\"accordion-button collapsed\" type=\"button\" data-bs-toggle=\"collapse\" data-bs-target=\"#collapse-0-0\" aria-expanded=\"false\" aria-controls=\"collapse-0-0\">\n                Juhayna est-elle une soci\u00e9t\u00e9 \u00e9gyptienne ?              <\/button>\n            <\/h2>\n            <div id=\"collapse-0-0\" class=\"accordion-collapse collapse\" aria-labelledby=\"heading-collapse-0-0\" data-bs-parent=\"#accordion-tab-0\">\n              <div class=\"accordion-body\">\n                Oui, Juhayna est une soci\u00e9t\u00e9 \u00e9gyptienne fond\u00e9e en 1983 par Safwan Thabet. Elle est cot\u00e9e en bourse sur le march\u00e9 \u00e9gyptien des \u00e9changes (EGX) depuis 2010.              <\/div>\n            <\/div>\n          <\/div>\n                    <div class=\"accordion-item\">\n            <h2 class=\"accordion-header\" id=\"heading-collapse-0-1\">\n              <button class=\"accordion-button collapsed\" type=\"button\" data-bs-toggle=\"collapse\" data-bs-target=\"#collapse-0-1\" aria-expanded=\"false\" aria-controls=\"collapse-0-1\">\n                Combien de secteurs d\u2019activit\u00e9 existe-t-il \u00e0 Juhayna?              <\/button>\n            <\/h2>\n            <div id=\"collapse-0-1\" class=\"accordion-collapse collapse\" aria-labelledby=\"heading-collapse-0-1\" data-bs-parent=\"#accordion-tab-0\">\n              <div class=\"accordion-body\">\n                Le groupe Juhayna est actif dans 3 secteurs d\u2019activit\u00e9s : la Transformation de produits, le Commerce et l\u2019Agriculture.              <\/div>\n            <\/div>\n          <\/div>\n                    <div class=\"accordion-item\">\n            <h2 class=\"accordion-header\" id=\"heading-collapse-0-2\">\n              <button class=\"accordion-button collapsed\" type=\"button\" data-bs-toggle=\"collapse\" data-bs-target=\"#collapse-0-2\" aria-expanded=\"false\" aria-controls=\"collapse-0-2\">\n                O\u00f9 se trouve le si\u00e8ge social de Juhayna?              <\/button>\n            <\/h2>\n            <div id=\"collapse-0-2\" class=\"accordion-collapse collapse\" aria-labelledby=\"heading-collapse-0-2\" data-bs-parent=\"#accordion-tab-0\">\n              <div class=\"accordion-body\">\n                Le groupe poss\u00e8de plusieurs bureaux, tous situ\u00e9s dans la ville du Six Octobre, y compris son si-ge social, \u00ab l\u2019usine Juhayna \u00bb, situ\u00e9e dans la Zone Industrielle 1 de la ville du Six Octobre. En plus des b\u00e2timents situ\u00e9s au Six Octobre, Juhayna poss\u00e8de \u00e9galement de nombreuses branches et centres de distribution dans tout le pays.              <\/div>\n            <\/div>\n          <\/div>\n                    <div class=\"accordion-item\">\n            <h2 class=\"accordion-header\" id=\"heading-collapse-0-3\">\n              <button class=\"accordion-button collapsed\" type=\"button\" data-bs-toggle=\"collapse\" data-bs-target=\"#collapse-0-3\" aria-expanded=\"false\" aria-controls=\"collapse-0-3\">\n                Qui est le pr\u00e9sident du conseil d\u2019administration?              <\/button>\n            <\/h2>\n            <div id=\"collapse-0-3\" class=\"accordion-collapse collapse\" aria-labelledby=\"heading-collapse-0-3\" data-bs-parent=\"#accordion-tab-0\">\n              <div class=\"accordion-body\">\n                M. Safwan Thabet, qui a fond\u00e9 le groupe en 1983, est le Pr\u00e9sident du Conseil d\u2019Administration.              <\/div>\n            <\/div>\n          <\/div>\n                  <\/div>\n              <\/div>\n            <div class=\"tab-pane fade\" id=\"tab-1\" role=\"tabpanel\" aria-labelledby=\"tab-1-tab\" tabindex=\"0\">\n                <div class=\"accordion\" id=\"accordion-tab-1\">\n                    <div class=\"accordion-item\">\n            <h2 class=\"accordion-header\" id=\"heading-collapse-1-0\">\n              <button class=\"accordion-button collapsed\" type=\"button\" data-bs-toggle=\"collapse\" data-bs-target=\"#collapse-1-0\" aria-expanded=\"false\" aria-controls=\"collapse-1-0\">\n                Est-ce que tous les laits et produits laitiers de Juhayna sont st\u00e9rilis\u00e9s et pasteuris\u00e9s ?              <\/button>\n            <\/h2>\n            <div id=\"collapse-1-0\" class=\"accordion-collapse collapse\" aria-labelledby=\"heading-collapse-1-0\" data-bs-parent=\"#accordion-tab-1\">\n              <div class=\"accordion-body\">\n                Tous les produits Juhayna sont st\u00e9rilis\u00e9s, pasteuris\u00e9s et emball\u00e9s dans le cadre d\u2019un syst\u00e8me d\u2019emballage sp\u00e9cialement con\u00e7u pour prot\u00e9ger le produit, et le conserver frais, sain et intact jusqu\u2019au consommateur.              <\/div>\n            <\/div>\n          <\/div>\n                    <div class=\"accordion-item\">\n            <h2 class=\"accordion-header\" id=\"heading-collapse-1-1\">\n              <button class=\"accordion-button collapsed\" type=\"button\" data-bs-toggle=\"collapse\" data-bs-target=\"#collapse-1-1\" aria-expanded=\"false\" aria-controls=\"collapse-1-1\">\n                Qu\u2019est-ce que la cr\u00e8me fouett\u00e9e et comment s\u2019en servir ?              <\/button>\n            <\/h2>\n            <div id=\"collapse-1-1\" class=\"accordion-collapse collapse\" aria-labelledby=\"heading-collapse-1-1\" data-bs-parent=\"#accordion-tab-1\">\n              <div class=\"accordion-body\">\n                Juhayna a lanc\u00e9 sa cr\u00e8me fouett\u00e9e en 1999, pour agr\u00e9menter vos desserts. La cr\u00e8me fouett\u00e9e permet \u00e9galement aux chefs de cr\u00e9er et d\u00e9velopper de nouveaux types de dessert. Elle se caract\u00e9rise par sa longue dur\u00e9e de conservation, sa diversit\u00e9 d\u2019usage, par exemple en ornement de desserts, pr\u00e9paration de salades de fruits, sur un chocolat chaud ou dans du caf\u00e9.               <\/div>\n            <\/div>\n          <\/div>\n                    <div class=\"accordion-item\">\n            <h2 class=\"accordion-header\" id=\"heading-collapse-1-2\">\n              <button class=\"accordion-button collapsed\" type=\"button\" data-bs-toggle=\"collapse\" data-bs-target=\"#collapse-1-2\" aria-expanded=\"false\" aria-controls=\"collapse-1-2\">\n                Quelle est la diff\u00e9rence entre le lait Juhayna 0% et le lait \u00e9cr\u00e9m\u00e9 Juhayna ?              <\/button>\n            <\/h2>\n            <div id=\"collapse-1-2\" class=\"accordion-collapse collapse\" aria-labelledby=\"heading-collapse-1-2\" data-bs-parent=\"#accordion-tab-1\">\n              <div class=\"accordion-body\">\n                Le lait \u00e9cr\u00e9m\u00e9 Juhayna contient 0,04% de graisse, alors que le lait Juhayna 0% n\u2019en contient aucune. Cependant, le lait Juhayna 0% a un meilleur go\u00fbt et texture que le lait \u00e9cr\u00e9m\u00e9 traditionnel.              <\/div>\n            <\/div>\n          <\/div>\n                    <div class=\"accordion-item\">\n            <h2 class=\"accordion-header\" id=\"heading-collapse-1-3\">\n              <button class=\"accordion-button collapsed\" type=\"button\" data-bs-toggle=\"collapse\" data-bs-target=\"#collapse-1-3\" aria-expanded=\"false\" aria-controls=\"collapse-1-3\">\n                Qu\u2019est-ce que la cr\u00e8me de cuisson et comment s\u2019en servir ?              <\/button>\n            <\/h2>\n            <div id=\"collapse-1-3\" class=\"accordion-collapse collapse\" aria-labelledby=\"heading-collapse-1-3\" data-bs-parent=\"#accordion-tab-1\">\n              <div class=\"accordion-body\">\n                Juhayna a lanc\u00e9 sa cr\u00e8me de cuisson en 1999 afin d\u2019ajouter une dimension nouvelle et excitante \u00e0 l\u2019exp\u00e9rience culinaire.\r\n\r\nLa cr\u00e8me de cuisson est utilis\u00e9e pour pr\u00e9parer des plats d\u00e9licieux qui r\u00e9galent toute la famille. Elle peut \u00eatre utilis\u00e9e pour pr\u00e9parer des sauces pour les p\u00e2tes, une soupe cr\u00e9meuse au poulet, une soupe onctueuse aux champignons, ou de d\u00e9licieuses tranches de blanc de poulet en sauce.              <\/div>\n            <\/div>\n          <\/div>\n                    <div class=\"accordion-item\">\n            <h2 class=\"accordion-header\" id=\"heading-collapse-1-4\">\n              <button class=\"accordion-button collapsed\" type=\"button\" data-bs-toggle=\"collapse\" data-bs-target=\"#collapse-1-4\" aria-expanded=\"false\" aria-controls=\"collapse-1-4\">\n                Est-ce que tous les laits et produits laitiers Juhayna sont sans conservateurs ?              <\/button>\n            <\/h2>\n            <div id=\"collapse-1-4\" class=\"accordion-collapse collapse\" aria-labelledby=\"heading-collapse-1-4\" data-bs-parent=\"#accordion-tab-1\">\n              <div class=\"accordion-body\">\n                Tous les produits Juhayna sont garantis sans conservateurs. Tous nos produits sont pasteuris\u00e9s en utilisant les technologies les plus en pointe pour \u00e9liminer microbes et bact\u00e9ries. Un emballage sp\u00e9cialement con\u00e7u prot\u00e8ge \u00e9galement le produit, le conservant frais et sain pour la p\u00e9riode la plus longue possible, sans ajout de conservateurs ni additifs.              <\/div>\n            <\/div>\n          <\/div>\n                    <div class=\"accordion-item\">\n            <h2 class=\"accordion-header\" id=\"heading-collapse-1-5\">\n              <button class=\"accordion-button collapsed\" type=\"button\" data-bs-toggle=\"collapse\" data-bs-target=\"#collapse-1-5\" aria-expanded=\"false\" aria-controls=\"collapse-1-5\">\n                Peut-on utiliser la cr\u00e8me fouett\u00e9e \u00e0 la place de la cr\u00e8me de cuisson ?              <\/button>\n            <\/h2>\n            <div id=\"collapse-1-5\" class=\"accordion-collapse collapse\" aria-labelledby=\"heading-collapse-1-5\" data-bs-parent=\"#accordion-tab-1\">\n              <div class=\"accordion-body\">\n                Oui, la cr\u00e8me fouett\u00e9e peut \u00eatre utilis\u00e9e \u00e0 la place de la cr\u00e8me de cuisson, mais pas l\u2019inverse. Dans tous les cas, les cr\u00e8mes doivent \u00eatre conserv\u00e9es au frais apr\u00e8s ouverture.              <\/div>\n            <\/div>\n          <\/div>\n                    <div class=\"accordion-item\">\n            <h2 class=\"accordion-header\" id=\"heading-collapse-1-6\">\n              <button class=\"accordion-button collapsed\" type=\"button\" data-bs-toggle=\"collapse\" data-bs-target=\"#collapse-1-6\" aria-expanded=\"false\" aria-controls=\"collapse-1-6\">\n                Quelle est la diff\u00e9rence entre les boissons Pure, Nectar et Jus ?              <\/button>\n            <\/h2>\n            <div id=\"collapse-1-6\" class=\"accordion-collapse collapse\" aria-labelledby=\"heading-collapse-1-6\" data-bs-parent=\"#accordion-tab-1\">\n              <div class=\"accordion-body\">\n                Pure est une boisson \u00e0 base de 100% de concentr\u00e9s de fruits, ne contenant aucun sucre ajout\u00e9 ; Nectar contient au moins 25% de concentr\u00e9s de fruits ; Jus contient au moins 10% de concentr\u00e9s de fruits.              <\/div>\n            <\/div>\n          <\/div>\n                    <div class=\"accordion-item\">\n            <h2 class=\"accordion-header\" id=\"heading-collapse-1-7\">\n              <button class=\"accordion-button collapsed\" type=\"button\" data-bs-toggle=\"collapse\" data-bs-target=\"#collapse-1-7\" aria-expanded=\"false\" aria-controls=\"collapse-1-7\">\n                Comment la dur\u00e9e de conservation du lait peut-elle atteindre 6 mois?              <\/button>\n            <\/h2>\n            <div id=\"collapse-1-7\" class=\"accordion-collapse collapse\" aria-labelledby=\"heading-collapse-1-7\" data-bs-parent=\"#accordion-tab-1\">\n              <div class=\"accordion-body\">\n                Juhayna utilise la technologie UHT (Ultra High Temperature), qui prot\u00e8ge le lait en modulant la temp\u00e9rature. Le lait est d\u2019abord pasteuris\u00e9 (bouilli \u00e0 97 degr\u00e9s Celsius pendant quelques secondes), puis st\u00e9rilis\u00e9 (rebouilli pendant quelques secondes \u00e0 137 degr\u00e9s Celsius), afin d\u2019\u00e9liminer tous microbes et bact\u00e9ries.              <\/div>\n            <\/div>\n          <\/div>\n                  <\/div>\n              <\/div>\n          <\/div>\n\n<\/section>\n\n","protected":false},"excerpt":{"rendered":"","protected":false},"author":1,"featured_media":0,"parent":0,"menu_order":55,"comment_status":"closed","ping_status":"closed","template":"","meta":{"_acf_changed":false,"inline_featured_image":false,"footnotes":""},"class_list":["post-681","page","type-page","status-publish","hentry"],"acf":[],"yoast_head":"<!-- This site is optimized with the Yoast SEO plugin v26.3 - https:\/\/yoast.com\/wordpress\/plugins\/seo\/ -->\n<title>fAQ - Juhayan2026<\/title>\n<meta name=\"robots\" content=\"noindex, follow, max-snippet:-1, max-image-preview:large, max-video-preview:-1\" \/>\n<meta property=\"og:locale\" content=\"fr_FR\" \/>\n<meta property=\"og:type\" content=\"article\" \/>\n<meta property=\"og:title\" content=\"fAQ - Juhayan2026\" \/>\n<meta property=\"og:url\" content=\"https:\/\/juhayna2026.code95.info\/fr\/faqs\/\" \/>\n<meta property=\"og:site_name\" content=\"Juhayan2026\" \/>\n<meta property=\"article:publisher\" content=\"https:\/\/www.facebook.com\/JuhaynaDairy\/\" \/>\n<meta property=\"article:modified_time\" content=\"2025-11-13T08:50:03+00:00\" \/>\n<meta name=\"twitter:card\" content=\"summary_large_image\" \/>\n<script type=\"application\/ld+json\" class=\"yoast-schema-graph\">{\"@context\":\"https:\/\/schema.org\",\"@graph\":[{\"@type\":\"WebPage\",\"@id\":\"https:\/\/juhayna2026.code95.info\/fr\/faqs\/\",\"url\":\"https:\/\/juhayna2026.code95.info\/fr\/faqs\/\",\"name\":\"fAQ - Juhayan2026\",\"isPartOf\":{\"@id\":\"https:\/\/juhayna2026.code95.info\/fr\/#website\"},\"datePublished\":\"2025-09-21T13:13:51+00:00\",\"dateModified\":\"2025-11-13T08:50:03+00:00\",\"breadcrumb\":{\"@id\":\"https:\/\/juhayna2026.code95.info\/fr\/faqs\/#breadcrumb\"},\"inLanguage\":\"fr-FR\",\"potentialAction\":[{\"@type\":\"ReadAction\",\"target\":[\"https:\/\/juhayna2026.code95.info\/fr\/faqs\/\"]}]},{\"@type\":\"BreadcrumbList\",\"@id\":\"https:\/\/juhayna2026.code95.info\/fr\/faqs\/#breadcrumb\",\"itemListElement\":[{\"@type\":\"ListItem\",\"position\":1,\"name\":\"Home\",\"item\":\"https:\/\/juhayna2026.code95.info\/fr\/\"},{\"@type\":\"ListItem\",\"position\":2,\"name\":\"fAQ\"}]},{\"@type\":\"WebSite\",\"@id\":\"https:\/\/juhayna2026.code95.info\/fr\/#website\",\"url\":\"https:\/\/juhayna2026.code95.info\/fr\/\",\"name\":\"Juhayan2026\",\"description\":\"\",\"publisher\":{\"@id\":\"https:\/\/juhayna2026.code95.info\/fr\/#organization\"},\"potentialAction\":[{\"@type\":\"SearchAction\",\"target\":{\"@type\":\"EntryPoint\",\"urlTemplate\":\"https:\/\/juhayna2026.code95.info\/fr\/?s={search_term_string}\"},\"query-input\":{\"@type\":\"PropertyValueSpecification\",\"valueRequired\":true,\"valueName\":\"search_term_string\"}}],\"inLanguage\":\"fr-FR\"},{\"@type\":\"Organization\",\"@id\":\"https:\/\/juhayna2026.code95.info\/fr\/#organization\",\"name\":\"Juhayan2026\",\"url\":\"https:\/\/juhayna2026.code95.info\/fr\/\",\"logo\":{\"@type\":\"ImageObject\",\"inLanguage\":\"fr-FR\",\"@id\":\"https:\/\/juhayna2026.code95.info\/fr\/#\/schema\/logo\/image\/\",\"url\":\"https:\/\/juhayna2026.code95.info\/app\/uploads\/2025\/09\/1572854222_509_8296_msicon144x144.png\",\"contentUrl\":\"https:\/\/juhayna2026.code95.info\/app\/uploads\/2025\/09\/1572854222_509_8296_msicon144x144.png\",\"width\":144,\"height\":144,\"caption\":\"Juhayan2026\"},\"image\":{\"@id\":\"https:\/\/juhayna2026.code95.info\/fr\/#\/schema\/logo\/image\/\"},\"sameAs\":[\"https:\/\/www.facebook.com\/JuhaynaDairy\/\",\"https:\/\/www.instagram.com\/juhaynaclassics\/?hl=en\",\"https:\/\/www.youtube.com\/channel\/UCDr8Hr5lbiXNoN7g59xHGsA\",\"https:\/\/www.linkedin.com\/company\/juhayna-food-industries\/\"]}]}<\/script>\n<!-- \/ Yoast SEO plugin. -->","yoast_head_json":{"title":"fAQ - Juhayan2026","robots":{"index":"noindex","follow":"follow","max-snippet":"max-snippet:-1","max-image-preview":"max-image-preview:large","max-video-preview":"max-video-preview:-1"},"og_locale":"fr_FR","og_type":"article","og_title":"fAQ - Juhayan2026","og_url":"https:\/\/juhayna2026.code95.info\/fr\/faqs\/","og_site_name":"Juhayan2026","article_publisher":"https:\/\/www.facebook.com\/JuhaynaDairy\/","article_modified_time":"2025-11-13T08:50:03+00:00","twitter_card":"summary_large_image","schema":{"@context":"https:\/\/schema.org","@graph":[{"@type":"WebPage","@id":"https:\/\/juhayna2026.code95.info\/fr\/faqs\/","url":"https:\/\/juhayna2026.code95.info\/fr\/faqs\/","name":"fAQ - Juhayan2026","isPartOf":{"@id":"https:\/\/juhayna2026.code95.info\/fr\/#website"},"datePublished":"2025-09-21T13:13:51+00:00","dateModified":"2025-11-13T08:50:03+00:00","breadcrumb":{"@id":"https:\/\/juhayna2026.code95.info\/fr\/faqs\/#breadcrumb"},"inLanguage":"fr-FR","potentialAction":[{"@type":"ReadAction","target":["https:\/\/juhayna2026.code95.info\/fr\/faqs\/"]}]},{"@type":"BreadcrumbList","@id":"https:\/\/juhayna2026.code95.info\/fr\/faqs\/#breadcrumb","itemListElement":[{"@type":"ListItem","position":1,"name":"Home","item":"https:\/\/juhayna2026.code95.info\/fr\/"},{"@type":"ListItem","position":2,"name":"fAQ"}]},{"@type":"WebSite","@id":"https:\/\/juhayna2026.code95.info\/fr\/#website","url":"https:\/\/juhayna2026.code95.info\/fr\/","name":"Juhayan2026","description":"","publisher":{"@id":"https:\/\/juhayna2026.code95.info\/fr\/#organization"},"potentialAction":[{"@type":"SearchAction","target":{"@type":"EntryPoint","urlTemplate":"https:\/\/juhayna2026.code95.info\/fr\/?s={search_term_string}"},"query-input":{"@type":"PropertyValueSpecification","valueRequired":true,"valueName":"search_term_string"}}],"inLanguage":"fr-FR"},{"@type":"Organization","@id":"https:\/\/juhayna2026.code95.info\/fr\/#organization","name":"Juhayan2026","url":"https:\/\/juhayna2026.code95.info\/fr\/","logo":{"@type":"ImageObject","inLanguage":"fr-FR","@id":"https:\/\/juhayna2026.code95.info\/fr\/#\/schema\/logo\/image\/","url":"https:\/\/juhayna2026.code95.info\/app\/uploads\/2025\/09\/1572854222_509_8296_msicon144x144.png","contentUrl":"https:\/\/juhayna2026.code95.info\/app\/uploads\/2025\/09\/1572854222_509_8296_msicon144x144.png","width":144,"height":144,"caption":"Juhayan2026"},"image":{"@id":"https:\/\/juhayna2026.code95.info\/fr\/#\/schema\/logo\/image\/"},"sameAs":["https:\/\/www.facebook.com\/JuhaynaDairy\/","https:\/\/www.instagram.com\/juhaynaclassics\/?hl=en","https:\/\/www.youtube.com\/channel\/UCDr8Hr5lbiXNoN7g59xHGsA","https:\/\/www.linkedin.com\/company\/juhayna-food-industries\/"]}]}},"_links":{"self":[{"href":"https:\/\/juhayna2026.code95.info\/fr\/wp-json\/wp\/v2\/pages\/681","targetHints":{"allow":["GET"]}}],"collection":[{"href":"https:\/\/juhayna2026.code95.info\/fr\/wp-json\/wp\/v2\/pages"}],"about":[{"href":"https:\/\/juhayna2026.code95.info\/fr\/wp-json\/wp\/v2\/types\/page"}],"author":[{"embeddable":true,"href":"https:\/\/juhayna2026.code95.info\/fr\/wp-json\/wp\/v2\/users\/1"}],"replies":[{"embeddable":true,"href":"https:\/\/juhayna2026.code95.info\/fr\/wp-json\/wp\/v2\/comments?post=681"}],"version-history":[{"count":12,"href":"https:\/\/juhayna2026.code95.info\/fr\/wp-json\/wp\/v2\/pages\/681\/revisions"}],"predecessor-version":[{"id":8120,"href":"https:\/\/juhayna2026.code95.info\/fr\/wp-json\/wp\/v2\/pages\/681\/revisions\/8120"}],"wp:attachment":[{"href":"https:\/\/juhayna2026.code95.info\/fr\/wp-json\/wp\/v2\/media?parent=681"}],"curies":[{"name":"wp","href":"https:\/\/api.w.org\/{rel}","templated":true}]}}