{"id":695,"date":"2025-09-21T13:17:37","date_gmt":"2025-09-21T13:17:37","guid":{"rendered":"https:\/\/juhayna2026.code95.info\/factory-tour\/"},"modified":"2025-11-16T12:58:21","modified_gmt":"2025-11-16T12:58:21","slug":"factory-tour","status":"publish","type":"page","link":"https:\/\/juhayna2026.code95.info\/fr\/factory-tour\/","title":{"rendered":"Visites d\u2019usine"},"content":{"rendered":"<div class=\"banner\">\n    <div class=\"banner-wrapper\">\n                    <div class=\"banner-image\">\n                <img decoding=\"async\" src=\"https:\/\/juhayna2026.code95.info\/app\/uploads\/2025\/10\/3-11294828.png\"\n                    alt=\"Visites d\u2019usine\" \/>\n                                    <div class=\"banner-overlay\"><\/div>\n                                                    <div class=\"banner-title-container\">\n                                                    <h1 class=\"banner-title\">\n                                Visites d\u2019usine                            <\/h1>\n                                                                    <\/div>\n                            <\/div>\n            <\/div>\n<\/div>\n\n<section class=\"factory-section\">\n  <div class=\"container\">\n    <div class=\"d-flex justify-content-center fearure-card-wrapper\">\n                        <div class=\"card-wrapper\">\n                          <div class=\"factory-card-link text-decoration-none\" data-bs-toggle=\"modal\" data-bs-target=\"#factory-tour-modal-1\" style=\"cursor: pointer;\">\n                <div class=\"factory-card\">\n                                      <img decoding=\"async\" src=\"https:\/\/juhayna2026.code95.info\/app\/uploads\/2025\/11\/1703409025_861_1139920_123.png\"\n                         alt=\"Aper\u00e7u du programme\"\n                         class=\"factory-card__image\">\n                                                        <div class=\"factory-card__label\">Aper\u00e7u du programme<\/div>\n                                  <\/div>\n              <\/div>\n              \n                            <div class=\"modal fade factory-tour-modal\" id=\"factory-tour-modal-1\" tabindex=\"-1\" aria-labelledby=\"factory-tour-modal-1-label\">\n                <div class=\"modal-dialog modal-dialog-centered modal-lg\">\n                  <div class=\"modal-content\">\n                    <button type=\"button\" class=\"btn-close\" data-bs-dismiss=\"modal\" aria-label=\"Close\"><\/button>\n                    <div class=\"modal-body\">\n                                              <h3 class=\"modal-title\" id=\"factory-tour-modal-1-label\">Aper\u00e7u du programme<\/h3>\n                                            <div class=\"factory-tour-popup-content\">\n                        <p>En tant que pionnier \u00e9gyptien dans l\u2019industrie alimentaire, Juhanyna a conscience de l\u2019importance de la sensibilisation du public aux derni\u00e8res techniques et technologies de production n\u00e9cessaires afin de livrer des produits sains, s\u00fbrs et de qualit\u00e9.<\/p>\n<p>Nous avons un total de 4 centres de production \u2013 dans la zone industrielle du Six Octobre\u2013 ce qui nous permet de cr\u00e9er plus de 290 UGS r\u00e9pondant aux diff\u00e9rents go\u00fbts et besoins de nos consommateurs \u00e0 travers le pays. Nous souhaiterions vous inviter \u00e0 d\u00e9couvrir comment nous nous y prenons pour livrer des produits de qualit\u00e9 mondiale sur les march\u00e9s.<\/p>\n<p>Juhayna offre d\u00e9sormais des visites guid\u00e9es de nos centres de production dans la ville du Six Octobre. M\u00eame si ces visites sont sp\u00e9cialement con\u00e7ues comme des exp\u00e9riences d\u2019apprentissage interactif pour \u00e9tudiants de tous \u00e2ges, nous accueillons \u00e9galement des adultes int\u00e9ress\u00e9s pour en savoir plus sur nos usines dot\u00e9es de technologies de pointe.<\/p>\n<p>Les visiteurs pourront d\u00e9couvrir chaque \u00e9tape de notre proc\u00e9d\u00e9 de transformation, des mati\u00e8res premi\u00e8res \u00e0 l\u2019emballage, la mise en d\u00e9p\u00f4t et la distribution. En plus de la visite guid\u00e9e de nos usines, notre programme inclut une s\u00e9ance de sensibilisation \u00e0 la nutrition, et des activit\u00e9s r\u00e9cr\u00e9atives et pratiques con\u00e7ues pour r\u00e9pondre aux besoins de groupes individuels.<\/p>\n<p>R\u00e9servez maintenant votre visite et explorez le monde fascinant de la transformation industrielle lors d\u2019un voyage embrassant les trois bases de notre programme : Engagement, Divertissement et Education.<\/p>\n<p>Les visites sont disponibles gratuitement tous les jours, du Dimanche ou Jeudi (hors vacances), de 9h \u00e0 15h pour toute personne de plus de 3 ans.<\/p>\n                      <\/div>\n                    <\/div>\n                  <\/div>\n                <\/div>\n              <\/div>\n                      <\/div>\n                  <div class=\"card-wrapper\">\n                          <div class=\"factory-card-link text-decoration-none\" data-bs-toggle=\"modal\" data-bs-target=\"#factory-tour-modal-2\" style=\"cursor: pointer;\">\n                <div class=\"factory-card\">\n                                      <img decoding=\"async\" src=\"https:\/\/juhayna2026.code95.info\/app\/uploads\/2025\/11\/7L8A0189-scaled.jpg\"\n                         alt=\"Ordre du jour de la visite:\"\n                         class=\"factory-card__image\">\n                                                        <div class=\"factory-card__label\">Ordre du jour de la visite:<\/div>\n                                  <\/div>\n              <\/div>\n              \n                            <div class=\"modal fade factory-tour-modal\" id=\"factory-tour-modal-2\" tabindex=\"-1\" aria-labelledby=\"factory-tour-modal-2-label\">\n                <div class=\"modal-dialog modal-dialog-centered modal-lg\">\n                  <div class=\"modal-content\">\n                    <button type=\"button\" class=\"btn-close\" data-bs-dismiss=\"modal\" aria-label=\"Close\"><\/button>\n                    <div class=\"modal-body\">\n                                              <h3 class=\"modal-title\" id=\"factory-tour-modal-2-label\">Ordre du jour de la visite:<\/h3>\n                                            <div class=\"factory-tour-popup-content\">\n                        <p class=\"BodyA\">Les visites ont lieu gratuitement du Dimanche au Jeudi (hors vacances) de 9h \u00e0 15h pour toute personne de plus de 3 ans.<br \/>\nLa visite dure approximativement 90 minutes, et l\u2019itin\u00e9raire est ainsi constitu\u00e9 :<\/p>\n<ul>\n<li><em><strong>Arriv\u00e9e et accueil\u00a0<\/strong><\/em>: Les invit\u00e9s sont re\u00e7us, des rafraichissements leurs sont propos\u00e9s (10 minutes)<\/li>\n<li><em>Pr\u00e9sentation\u00a0:<\/em>\u00a0Les visiteurs d\u00e9couvrent un aper\u00e7u g\u00e9n\u00e9ral des diff\u00e9rentes \u00e9tapes de production et sont invit\u00e9s \u00e0 poser des questions (20 minutes)<\/li>\n<li><em>Visite de l\u2019usine\u00a0<\/em>: Les visiteurs sont guid\u00e9s au sein du centre de production\u00a0; s\u2019arr\u00eatant \u00e0 chaque \u00e9tape de production, o\u00f9 une explication leur est donn\u00e9e concernant pourquoi et comment chaque \u00e9tape est men\u00e9e (30 minutes)<\/li>\n<li><em>S\u00e9ances de questions\/r\u00e9ponses\u00a0<\/em>: Les visiteurs peuvent ensuite faire des retours et poser toutes les questions qu\u2019ils peuvent encore avoir (15 minutes)<\/li>\n<li><em>Photo de groupes et souvenirs\u00a0<\/em>: une photo de groupe est prise en souvenir de la visite, et de petits objets-souvenirs sont \u00e9galement distribu\u00e9s ainsi qu\u2019un certificat de participation (15 minutes)<\/li>\n<\/ul>\n                      <\/div>\n                    <\/div>\n                  <\/div>\n                <\/div>\n              <\/div>\n                      <\/div>\n                  <div class=\"card-wrapper\">\n                          <div class=\"factory-card-link text-decoration-none\" data-bs-toggle=\"modal\" data-bs-target=\"#factory-tour-modal-3\" style=\"cursor: pointer;\">\n                <div class=\"factory-card\">\n                                      <img decoding=\"async\" src=\"https:\/\/juhayna2026.code95.info\/app\/uploads\/2025\/11\/1703408796_156_903659_12.png\"\n                         alt=\"Proc\u00e9dures de s\u00e9curit\u00e9\"\n                         class=\"factory-card__image\">\n                                                        <div class=\"factory-card__label\">Proc\u00e9dures de s\u00e9curit\u00e9<\/div>\n                                  <\/div>\n              <\/div>\n              \n                            <div class=\"modal fade factory-tour-modal\" id=\"factory-tour-modal-3\" tabindex=\"-1\" aria-labelledby=\"factory-tour-modal-3-label\">\n                <div class=\"modal-dialog modal-dialog-centered modal-lg\">\n                  <div class=\"modal-content\">\n                    <button type=\"button\" class=\"btn-close\" data-bs-dismiss=\"modal\" aria-label=\"Close\"><\/button>\n                    <div class=\"modal-body\">\n                                              <h3 class=\"modal-title\" id=\"factory-tour-modal-3-label\">Proc\u00e9dures de s\u00e9curit\u00e9<\/h3>\n                                            <div class=\"factory-tour-popup-content\">\n                        <ol>\n<li>\u00a0La visite est ouverte \u00e0 tout visiteur d\u00e8s l\u2019\u00e2ge de 3 ans.<\/li>\n<li>Les \u00e9l\u00e8ves et \u00e9tudiants sont sous la responsabilit\u00e9 du personnel de leur \u00e9cole\/universit\u00e9 pendant toute la dur\u00e9e de la visite.<br \/>\nLes visiteurs doivent ob\u00e9ir aux proc\u00e9dures et r\u00e8gles de s\u00e9curit\u00e9 des sites de Juhayna pendant leur visite ; et doivent \u00eatre respectueux des itin\u00e9raires de visite propos\u00e9s et des zones interdites.<\/li>\n<li>Tout visiteur potentiel doit pr\u00e9senter sa carte d\u2019identit\u00e9 \u00e0 son arriv\u00e9e sur le site. L\u2019entr\u00e9e sera refus\u00e9e \u00e0 toute personne ne pr\u00e9sentant pas sa carte d\u2019identit\u00e9, ind\u00e9pendamment de la r\u00e9servation ou de la confirmation de la visite.<\/li>\n<li>Les visiteurs doivent porter le badge Juhayna qui leur est fourni \u00e0 la porte principale durant toute la dur\u00e9e de la visite.<\/li>\n<li>Il est strictement interdit aux visiteurs de toucher quelconque machine ou produit.<\/li>\n<li>En cas d\u2019urgence, merci de respecter les instructions de s\u00e9curit\u00e9 fournies par l\u2019\u00e9quipe de s\u00e9curit\u00e9.<\/li>\n<\/ol>\n<p><em>Tout visiteur potentiel doit pr\u00e9senter sa carte d\u2019identit\u00e9 \u00e0 son arriv\u00e9e. Aucune entr\u00e9e ne sera autoris\u00e9e sans carte d\u2019identit\u00e9, quand bien m\u00eame la visite aurait \u00e9t\u00e9 r\u00e9serv\u00e9e et confirm\u00e9e.<\/em><\/p>\n                      <\/div>\n                    <\/div>\n                  <\/div>\n                <\/div>\n              <\/div>\n                      <\/div>\n                  <div class=\"card-wrapper\">\n                          <div class=\"factory-card-link text-decoration-none\" data-bs-toggle=\"modal\" data-bs-target=\"#factory-tour-modal-4\" style=\"cursor: pointer;\">\n                <div class=\"factory-card\">\n                                      <img decoding=\"async\" src=\"https:\/\/juhayna2026.code95.info\/app\/uploads\/2025\/11\/faq-banner.jpg\"\n                         alt=\"FAQs\"\n                         class=\"factory-card__image\">\n                                                        <div class=\"factory-card__label\">FAQs<\/div>\n                                  <\/div>\n              <\/div>\n              \n                            <div class=\"modal fade factory-tour-modal\" id=\"factory-tour-modal-4\" tabindex=\"-1\" aria-labelledby=\"factory-tour-modal-4-label\">\n                <div class=\"modal-dialog modal-dialog-centered modal-lg\">\n                  <div class=\"modal-content\">\n                    <button type=\"button\" class=\"btn-close\" data-bs-dismiss=\"modal\" aria-label=\"Close\"><\/button>\n                    <div class=\"modal-body\">\n                                              <h3 class=\"modal-title\" id=\"factory-tour-modal-4-label\">FAQs<\/h3>\n                                            <div class=\"factory-tour-popup-content\">\n                        <ol>\n<li>Combien d\u2019usines a Juhayna ?<br \/>\nJuhayna a 7 usines qui produisent ses lait, jus ; yaourts et cr\u00e8mes de cuisson. Six d\u2019entre elles sont situ\u00e9es dans la zone indistrielle du Six Octobre, et une est situ\u00e9e \u00e0 Assiout, en Haute-Egypte.<\/li>\n<\/ol>\n<ul>\n<li>El Dawleya for Modern Food Industries<\/li>\n<li>El Masreya for Dairy Products<\/li>\n<li>The Egyptian Company for Food Industries (Egyfood October)<\/li>\n<li>\u00a0El-Marwa Food Industries (El-Marwa)<\/li>\n<\/ul>\n<ol start=\"2\">\n<li>O\u00f9 les visites d\u2019usine se d\u00e9roulent-elles ?<br \/>\nNos visites guid\u00e9es sont actuellement disponibles dans les usines suivantes :<\/li>\n<\/ol>\n<ul>\n<li>El Dawleya for Modern Food Industries<\/li>\n<li>El Masreya for Dairy Products<\/li>\n<li>The Egyptian Company for Food Industries (Egyfood October)<\/li>\n<li>\u00a0Marwa Food Industries<\/li>\n<\/ul>\n<ol start=\"3\">\n<li>Quel est l\u2019\u00e2ge minimum des visiteurs souhaitant effectuer la visite?<br \/>\nPour des raisons de s\u00e9curit\u00e9, l\u2019\u00e2ge minimum de nos visiteurs autoris\u00e9s est de 3 ans.<\/li>\n<\/ol>\n<ol start=\"4\">\n<li>Que va-t-on d\u00e9couvrir lors de la visite d\u2019une usine Juhayna ?<br \/>\nNos visites d\u2019usines proposent une nouvelle exp\u00e9rience d\u2019apprentissage interactif. Les visiteurs peuvent ainsi participer \u00e0 toute une s\u00e9rie d\u2019activit\u00e9s ludiques, qui leur laissera un souvenir m\u00e9morable et une connaissance de chaque \u00e9tape du processus de production de lait, jus et yaourt. Le programme propose non seulement une unique plateforme \u00e9ducative, mais il permet \u00e9galement de sensibiliser \u00e0 l\u2019importance d\u2019une alimentation correcte et des crit\u00e8res de s\u00e9curit\u00e9 dans la domaine de la production de nourriture.<\/li>\n<\/ol>\n<ol start=\"5\">\n<li>O\u00f9 puis-je me procurer des billets pour la visite ?<br \/>\nUne r\u00e9servation \u00e0 l\u2019avance est requise et peut \u00eatre effectu\u00e9e gratuitement en appelant notre centre d\u2019appel au 16630, ou en cliquant ici.\u00a0<a href=\"https:\/\/www.juhayna.com\/fr\/reserver-une-visite\/\"><strong>here.<\/strong><\/a>Merci de r\u00e9server au moins 5 jours ouvrables avant la date de votre visite.<\/li>\n<\/ol>\n<ol start=\"6\">\n<li>Le transport est-il pris en charge ?<br \/>\nNous ne prenons pas en charge le transport jusqu\u2019\u00e0 nos usines.<\/li>\n<\/ol>\n<ol start=\"7\">\n<li>O\u00f9 sont situ\u00e9es les usines ?<br \/>\nMerci de consulter la carte ci-dessous pour les adresses et d\u00e9tails pr\u00e9cis. Pour plus de renseignements sur la localisation de nos usines, merci de contacter notre centre d\u2019appel au 16630.<\/li>\n<\/ol>\n                      <\/div>\n                    <\/div>\n                  <\/div>\n                <\/div>\n              <\/div>\n                      <\/div>\n                  <div class=\"card-wrapper\">\n                          <a href=\"\/fr\/factory-tours-testimonials\/\" target=\"_self\" class=\"factory-card-link text-decoration-none\">\n                <div class=\"factory-card\">\n                                      <img decoding=\"async\" src=\"https:\/\/juhayna2026.code95.info\/app\/uploads\/2025\/11\/1690896529_902_27627_1574935052_399_176621_539a43361053x720400x2741.jpg\"\n                         alt=\"T\u00e9moignages\"\n                         class=\"factory-card__image\">\n                                                        <div class=\"factory-card__label\">T\u00e9moignages<\/div>\n                                  <\/div>\n              <\/a>\n                      <\/div>\n                  <div class=\"card-wrapper\">\n                          <a href=\"https:\/\/juhayna2026.code95.info\/app\/uploads\/2025\/11\/1696855805_306_1223302_frenchversion_compressed.pdf\" target=\"_self\" class=\"factory-card-link text-decoration-none\">\n                <div class=\"factory-card\">\n                                      <img decoding=\"async\" src=\"https:\/\/juhayna2026.code95.info\/app\/uploads\/2025\/11\/1690898021_179_31892_000min-1.png\"\n                         alt=\"visite guid\u00e9e d\u2019usine\"\n                         class=\"factory-card__image\">\n                                                        <div class=\"factory-card__label\">visite guid\u00e9e d\u2019usine<\/div>\n                                  <\/div>\n              <\/a>\n                      <\/div>\n                  <\/div>\n\n              <div class=\"buttons-container\">\n                  <a href=\"\/fr\/leave-your-feedback\/\" class=\"custom-btn btn-primary-custom\">\n            Laissez vos commentaires          <\/a>\n        \n                  <a href=\"https:\/\/jcc-rnow-tst.custhelp.com\/app\/factory_visit_home\" class=\"custom-btn btn-light-custom \">\n            R\u00e9servez une visite          <\/a>\n              <\/div>\n      <\/div>\n<\/section>\n","protected":false},"excerpt":{"rendered":"","protected":false},"author":1,"featured_media":0,"parent":0,"menu_order":61,"comment_status":"closed","ping_status":"closed","template":"","meta":{"_acf_changed":false,"inline_featured_image":false,"footnotes":""},"class_list":["post-695","page","type-page","status-publish","hentry"],"acf":[],"yoast_head":"<!-- This site is optimized with the Yoast SEO plugin v26.3 - https:\/\/yoast.com\/wordpress\/plugins\/seo\/ -->\n<title>Visites d\u2019usine - Juhayan2026<\/title>\n<meta name=\"robots\" content=\"noindex, follow, max-snippet:-1, max-image-preview:large, max-video-preview:-1\" \/>\n<meta property=\"og:locale\" content=\"fr_FR\" \/>\n<meta property=\"og:type\" content=\"article\" \/>\n<meta property=\"og:title\" content=\"Visites d\u2019usine - Juhayan2026\" \/>\n<meta property=\"og:url\" content=\"https:\/\/juhayna2026.code95.info\/fr\/factory-tour\/\" \/>\n<meta property=\"og:site_name\" content=\"Juhayan2026\" \/>\n<meta property=\"article:publisher\" content=\"https:\/\/www.facebook.com\/JuhaynaDairy\/\" \/>\n<meta property=\"article:modified_time\" content=\"2025-11-16T12:58:21+00:00\" \/>\n<meta name=\"twitter:card\" content=\"summary_large_image\" \/>\n<script type=\"application\/ld+json\" class=\"yoast-schema-graph\">{\"@context\":\"https:\/\/schema.org\",\"@graph\":[{\"@type\":\"WebPage\",\"@id\":\"https:\/\/juhayna2026.code95.info\/fr\/factory-tour\/\",\"url\":\"https:\/\/juhayna2026.code95.info\/fr\/factory-tour\/\",\"name\":\"Visites d\u2019usine - Juhayan2026\",\"isPartOf\":{\"@id\":\"https:\/\/juhayna2026.code95.info\/fr\/#website\"},\"datePublished\":\"2025-09-21T13:17:37+00:00\",\"dateModified\":\"2025-11-16T12:58:21+00:00\",\"breadcrumb\":{\"@id\":\"https:\/\/juhayna2026.code95.info\/fr\/factory-tour\/#breadcrumb\"},\"inLanguage\":\"fr-FR\",\"potentialAction\":[{\"@type\":\"ReadAction\",\"target\":[\"https:\/\/juhayna2026.code95.info\/fr\/factory-tour\/\"]}]},{\"@type\":\"BreadcrumbList\",\"@id\":\"https:\/\/juhayna2026.code95.info\/fr\/factory-tour\/#breadcrumb\",\"itemListElement\":[{\"@type\":\"ListItem\",\"position\":1,\"name\":\"Home\",\"item\":\"https:\/\/juhayna2026.code95.info\/fr\/\"},{\"@type\":\"ListItem\",\"position\":2,\"name\":\"Visites d\u2019usine\"}]},{\"@type\":\"WebSite\",\"@id\":\"https:\/\/juhayna2026.code95.info\/fr\/#website\",\"url\":\"https:\/\/juhayna2026.code95.info\/fr\/\",\"name\":\"Juhayan2026\",\"description\":\"\",\"publisher\":{\"@id\":\"https:\/\/juhayna2026.code95.info\/fr\/#organization\"},\"potentialAction\":[{\"@type\":\"SearchAction\",\"target\":{\"@type\":\"EntryPoint\",\"urlTemplate\":\"https:\/\/juhayna2026.code95.info\/fr\/?s={search_term_string}\"},\"query-input\":{\"@type\":\"PropertyValueSpecification\",\"valueRequired\":true,\"valueName\":\"search_term_string\"}}],\"inLanguage\":\"fr-FR\"},{\"@type\":\"Organization\",\"@id\":\"https:\/\/juhayna2026.code95.info\/fr\/#organization\",\"name\":\"Juhayan2026\",\"url\":\"https:\/\/juhayna2026.code95.info\/fr\/\",\"logo\":{\"@type\":\"ImageObject\",\"inLanguage\":\"fr-FR\",\"@id\":\"https:\/\/juhayna2026.code95.info\/fr\/#\/schema\/logo\/image\/\",\"url\":\"https:\/\/juhayna2026.code95.info\/app\/uploads\/2025\/09\/1572854222_509_8296_msicon144x144.png\",\"contentUrl\":\"https:\/\/juhayna2026.code95.info\/app\/uploads\/2025\/09\/1572854222_509_8296_msicon144x144.png\",\"width\":144,\"height\":144,\"caption\":\"Juhayan2026\"},\"image\":{\"@id\":\"https:\/\/juhayna2026.code95.info\/fr\/#\/schema\/logo\/image\/\"},\"sameAs\":[\"https:\/\/www.facebook.com\/JuhaynaDairy\/\",\"https:\/\/www.instagram.com\/juhaynaclassics\/?hl=en\",\"https:\/\/www.youtube.com\/channel\/UCDr8Hr5lbiXNoN7g59xHGsA\",\"https:\/\/www.linkedin.com\/company\/juhayna-food-industries\/\"]}]}<\/script>\n<!-- \/ Yoast SEO plugin. -->","yoast_head_json":{"title":"Visites d\u2019usine - Juhayan2026","robots":{"index":"noindex","follow":"follow","max-snippet":"max-snippet:-1","max-image-preview":"max-image-preview:large","max-video-preview":"max-video-preview:-1"},"og_locale":"fr_FR","og_type":"article","og_title":"Visites d\u2019usine - Juhayan2026","og_url":"https:\/\/juhayna2026.code95.info\/fr\/factory-tour\/","og_site_name":"Juhayan2026","article_publisher":"https:\/\/www.facebook.com\/JuhaynaDairy\/","article_modified_time":"2025-11-16T12:58:21+00:00","twitter_card":"summary_large_image","schema":{"@context":"https:\/\/schema.org","@graph":[{"@type":"WebPage","@id":"https:\/\/juhayna2026.code95.info\/fr\/factory-tour\/","url":"https:\/\/juhayna2026.code95.info\/fr\/factory-tour\/","name":"Visites d\u2019usine - Juhayan2026","isPartOf":{"@id":"https:\/\/juhayna2026.code95.info\/fr\/#website"},"datePublished":"2025-09-21T13:17:37+00:00","dateModified":"2025-11-16T12:58:21+00:00","breadcrumb":{"@id":"https:\/\/juhayna2026.code95.info\/fr\/factory-tour\/#breadcrumb"},"inLanguage":"fr-FR","potentialAction":[{"@type":"ReadAction","target":["https:\/\/juhayna2026.code95.info\/fr\/factory-tour\/"]}]},{"@type":"BreadcrumbList","@id":"https:\/\/juhayna2026.code95.info\/fr\/factory-tour\/#breadcrumb","itemListElement":[{"@type":"ListItem","position":1,"name":"Home","item":"https:\/\/juhayna2026.code95.info\/fr\/"},{"@type":"ListItem","position":2,"name":"Visites d\u2019usine"}]},{"@type":"WebSite","@id":"https:\/\/juhayna2026.code95.info\/fr\/#website","url":"https:\/\/juhayna2026.code95.info\/fr\/","name":"Juhayan2026","description":"","publisher":{"@id":"https:\/\/juhayna2026.code95.info\/fr\/#organization"},"potentialAction":[{"@type":"SearchAction","target":{"@type":"EntryPoint","urlTemplate":"https:\/\/juhayna2026.code95.info\/fr\/?s={search_term_string}"},"query-input":{"@type":"PropertyValueSpecification","valueRequired":true,"valueName":"search_term_string"}}],"inLanguage":"fr-FR"},{"@type":"Organization","@id":"https:\/\/juhayna2026.code95.info\/fr\/#organization","name":"Juhayan2026","url":"https:\/\/juhayna2026.code95.info\/fr\/","logo":{"@type":"ImageObject","inLanguage":"fr-FR","@id":"https:\/\/juhayna2026.code95.info\/fr\/#\/schema\/logo\/image\/","url":"https:\/\/juhayna2026.code95.info\/app\/uploads\/2025\/09\/1572854222_509_8296_msicon144x144.png","contentUrl":"https:\/\/juhayna2026.code95.info\/app\/uploads\/2025\/09\/1572854222_509_8296_msicon144x144.png","width":144,"height":144,"caption":"Juhayan2026"},"image":{"@id":"https:\/\/juhayna2026.code95.info\/fr\/#\/schema\/logo\/image\/"},"sameAs":["https:\/\/www.facebook.com\/JuhaynaDairy\/","https:\/\/www.instagram.com\/juhaynaclassics\/?hl=en","https:\/\/www.youtube.com\/channel\/UCDr8Hr5lbiXNoN7g59xHGsA","https:\/\/www.linkedin.com\/company\/juhayna-food-industries\/"]}]}},"_links":{"self":[{"href":"https:\/\/juhayna2026.code95.info\/fr\/wp-json\/wp\/v2\/pages\/695","targetHints":{"allow":["GET"]}}],"collection":[{"href":"https:\/\/juhayna2026.code95.info\/fr\/wp-json\/wp\/v2\/pages"}],"about":[{"href":"https:\/\/juhayna2026.code95.info\/fr\/wp-json\/wp\/v2\/types\/page"}],"author":[{"embeddable":true,"href":"https:\/\/juhayna2026.code95.info\/fr\/wp-json\/wp\/v2\/users\/1"}],"replies":[{"embeddable":true,"href":"https:\/\/juhayna2026.code95.info\/fr\/wp-json\/wp\/v2\/comments?post=695"}],"version-history":[{"count":7,"href":"https:\/\/juhayna2026.code95.info\/fr\/wp-json\/wp\/v2\/pages\/695\/revisions"}],"predecessor-version":[{"id":8403,"href":"https:\/\/juhayna2026.code95.info\/fr\/wp-json\/wp\/v2\/pages\/695\/revisions\/8403"}],"wp:attachment":[{"href":"https:\/\/juhayna2026.code95.info\/fr\/wp-json\/wp\/v2\/media?parent=695"}],"curies":[{"name":"wp","href":"https:\/\/api.w.org\/{rel}","templated":true}]}}