{"id":921,"date":"2025-09-22T09:21:15","date_gmt":"2025-09-22T09:21:15","guid":{"rendered":"https:\/\/juhayna2026.code95.info\/about\/company-structure\/"},"modified":"2025-12-07T13:37:43","modified_gmt":"2025-12-07T13:37:43","slug":"company-structure","status":"publish","type":"page","link":"https:\/\/juhayna2026.code95.info\/fr\/about\/company-structure\/","title":{"rendered":"Structure de l\u2019entreprise"},"content":{"rendered":"<div class=\"banner\">\n    <div class=\"banner-wrapper\">\n                    <div class=\"banner-image\">\n                <img decoding=\"async\" src=\"https:\/\/juhayna2026.code95.info\/app\/uploads\/2025\/09\/4fc8b3380c782472aee74cd4ac2414c29100e163.jpg\"\n                    alt=\"Structure de l\u2019entreprise\" \/>\n                                    <div class=\"banner-overlay\"><\/div>\n                                                    <div class=\"banner-title-container\">\n                                                    <h1 class=\"banner-title\">\n                                Structure de l\u2019entreprise                            <\/h1>\n                                                                    <\/div>\n                            <\/div>\n            <\/div>\n<\/div>\n\n \n<div class=\"menu-block content-menu-block \"\n     id=\"menu-block-69da3e9de1071\"\n     data-current-page-id=\"0\"\n     data-parent-page-id=\"626\">\n    <div class=\"container\">\n        <ul id=\"menu-block\" class=\"menu-block-nav\"><li class=\"menu-item menu-item-type-post_type menu-item-object-page list-inline-item text-ellipsis ellipsis-1 \"><a class=\"nav-link text-dovegray py-3\"href=\"https:\/\/juhayna2026.code95.info\/fr\/about\/\">\u00c0 propos de nous<\/a><\/li>\n<li class=\"menu-item menu-item-type-post_type menu-item-object-page list-inline-item text-ellipsis ellipsis-1 \"><a class=\"nav-link text-dovegray py-3\"href=\"https:\/\/juhayna2026.code95.info\/fr\/about\/juhayna-heritage\/\">L\u2019h\u00e9ritage Juhayna<\/a><\/li>\n<li class=\"menu-item menu-item-type-post_type menu-item-object-page list-inline-item text-ellipsis ellipsis-1 \"><a class=\"nav-link text-dovegray py-3\"href=\"https:\/\/juhayna2026.code95.info\/fr\/about\/company-structure\/\">Structure de l\u2019entreprise<\/a><\/li>\n<li class=\"menu-item menu-item-type-post_type menu-item-object-page list-inline-item text-ellipsis ellipsis-1 \"><a class=\"nav-link text-dovegray py-3\"href=\"https:\/\/juhayna2026.code95.info\/fr\/about\/board-members\/\">Conseil D\u2019administration<\/a><\/li>\n<li class=\"menu-item menu-item-type-post_type menu-item-object-page list-inline-item text-ellipsis ellipsis-1 \"><a class=\"nav-link text-dovegray py-3\"href=\"https:\/\/juhayna2026.code95.info\/fr\/about\/executive-leadership-directors\/\">Leadership ex\u00e9cutif et directeurs<\/a><\/li>\n<li class=\"menu-item menu-item-type-post_type menu-item-object-page list-inline-item text-ellipsis ellipsis-1 \"><a class=\"nav-link text-dovegray py-3\"href=\"https:\/\/juhayna2026.code95.info\/fr\/about\/corporate-values\/\">Valeurs de l\u2019entreprise<\/a><\/li>\n<\/ul>    <\/div>\n<\/div>\n\n\n\n<p><\/p>\n\n\n<section id=\"company-structure-69da3e9de2eef\" class=\"company-structure-section\">\n    <div class=\"container\">\n                    <h2 class=\"section-main-title text-center mb-5\">Nous croyons fermement que la r\u00e9ussite de toute entreprise d\u00e9pend directement des efforts et du d\u00e9vouement de ses employ\u00e9s<\/h2>\n        \n                    <div class=\"structure-grid\">\n                                    <div class=\"structure-item text-center animate-item\">\n                                                    <div class=\"structure-image-container\">\n                                <img decoding=\"async\" src=\"https:\/\/juhayna2026.code95.info\/app\/uploads\/2025\/10\/Mask-group-10.png\"\n                                    alt=\"Industries alimentaires \u00e9gyptiennes (Egyfood)\" class=\"structure-image\">\n                            <\/div>\n                                                                            <h4 class=\"structure-title mt-3\">Industries alimentaires \u00e9gyptiennes (Egyfood)<\/h4>\n                                            <\/div>\n                                    <div class=\"structure-item text-center animate-item\">\n                                                    <div class=\"structure-image-container\">\n                                <img decoding=\"async\" src=\"https:\/\/juhayna2026.code95.info\/app\/uploads\/2025\/10\/Mask-group-2-1.png\"\n                                    alt=\"Tiba pour le trading et la distribution\" class=\"structure-image\">\n                            <\/div>\n                                                                            <h4 class=\"structure-title mt-3\">Tiba pour le trading et la distribution<\/h4>\n                                            <\/div>\n                                    <div class=\"structure-item text-center animate-item\">\n                                                    <div class=\"structure-image-container\">\n                                <img decoding=\"async\" src=\"https:\/\/juhayna2026.code95.info\/app\/uploads\/2025\/10\/Mask-group-3-1.png\"\n                                    alt=\"Usine de Jus El Dawleya\" class=\"structure-image\">\n                            <\/div>\n                                                                            <h4 class=\"structure-title mt-3\">Usine de Jus El Dawleya<\/h4>\n                                            <\/div>\n                                    <div class=\"structure-item text-center animate-item\">\n                                                    <div class=\"structure-image-container\">\n                                <img decoding=\"async\" src=\"https:\/\/juhayna2026.code95.info\/app\/uploads\/2025\/10\/Mask-group-4-1.png\"\n                                    alt=\"Industries alimentaires Juhayna (SAE)\" class=\"structure-image\">\n                            <\/div>\n                                                                            <h4 class=\"structure-title mt-3\">Industries alimentaires Juhayna (SAE)<\/h4>\n                                            <\/div>\n                                    <div class=\"structure-item text-center animate-item\">\n                                                    <div class=\"structure-image-container\">\n                                <img decoding=\"async\" src=\"https:\/\/juhayna2026.code95.info\/app\/uploads\/2025\/10\/Mask-group-5-1.png\"\n                                    alt=\"Enmaa pour le d\u00e9veloppement agricole et l&#039;\u00e9levage\" class=\"structure-image\">\n                            <\/div>\n                                                                            <h4 class=\"structure-title mt-3\">Enmaa pour le d\u00e9veloppement agricole et l&#039;\u00e9levage<\/h4>\n                                            <\/div>\n                                    <div class=\"structure-item text-center animate-item\">\n                                                    <div class=\"structure-image-container\">\n                                <img decoding=\"async\" src=\"https:\/\/juhayna2026.code95.info\/app\/uploads\/2025\/10\/Mask-group-6-1.png\"\n                                    alt=\"Elmasreya pour les produits laitiers\" class=\"structure-image\">\n                            <\/div>\n                                                                            <h4 class=\"structure-title mt-3\">Elmasreya pour les produits laitiers<\/h4>\n                                            <\/div>\n                                    <div class=\"structure-item text-center animate-item\">\n                                                    <div class=\"structure-image-container\">\n                                <img decoding=\"async\" src=\"https:\/\/juhayna2026.code95.info\/app\/uploads\/2025\/12\/DSC_3311-1-768x512.jpg\"\n                                    alt=\"El Marwa Food Industries\" class=\"structure-image\">\n                            <\/div>\n                                                                            <h4 class=\"structure-title mt-3\">El Marwa Food Industries<\/h4>\n                                            <\/div>\n                            <\/div>\n            <\/div>\n<\/section>\n\n\n<p><\/p>\n","protected":false},"excerpt":{"rendered":"","protected":false},"author":1,"featured_media":0,"parent":626,"menu_order":73,"comment_status":"closed","ping_status":"closed","template":"template-about.blade.php","meta":{"_acf_changed":false,"inline_featured_image":false,"footnotes":""},"class_list":["post-921","page","type-page","status-publish","hentry"],"acf":[],"yoast_head":"<!-- This site is optimized with the Yoast SEO plugin v26.3 - https:\/\/yoast.com\/wordpress\/plugins\/seo\/ -->\n<title>Structure de l\u2019entreprise - Juhayan2026<\/title>\n<meta name=\"robots\" content=\"noindex, follow, max-snippet:-1, max-image-preview:large, max-video-preview:-1\" \/>\n<meta property=\"og:locale\" content=\"fr_FR\" \/>\n<meta property=\"og:type\" content=\"article\" \/>\n<meta property=\"og:title\" content=\"Structure de l\u2019entreprise - Juhayan2026\" \/>\n<meta property=\"og:url\" content=\"https:\/\/juhayna2026.code95.info\/fr\/about\/company-structure\/\" \/>\n<meta property=\"og:site_name\" content=\"Juhayan2026\" \/>\n<meta property=\"article:publisher\" content=\"https:\/\/www.facebook.com\/JuhaynaDairy\/\" \/>\n<meta property=\"article:modified_time\" content=\"2025-12-07T13:37:43+00:00\" \/>\n<meta name=\"twitter:card\" content=\"summary_large_image\" \/>\n<script type=\"application\/ld+json\" class=\"yoast-schema-graph\">{\"@context\":\"https:\/\/schema.org\",\"@graph\":[{\"@type\":\"WebPage\",\"@id\":\"https:\/\/juhayna2026.code95.info\/fr\/about\/company-structure\/\",\"url\":\"https:\/\/juhayna2026.code95.info\/fr\/about\/company-structure\/\",\"name\":\"Structure de l\u2019entreprise - Juhayan2026\",\"isPartOf\":{\"@id\":\"https:\/\/juhayna2026.code95.info\/fr\/#website\"},\"datePublished\":\"2025-09-22T09:21:15+00:00\",\"dateModified\":\"2025-12-07T13:37:43+00:00\",\"breadcrumb\":{\"@id\":\"https:\/\/juhayna2026.code95.info\/fr\/about\/company-structure\/#breadcrumb\"},\"inLanguage\":\"fr-FR\",\"potentialAction\":[{\"@type\":\"ReadAction\",\"target\":[\"https:\/\/juhayna2026.code95.info\/fr\/about\/company-structure\/\"]}]},{\"@type\":\"BreadcrumbList\",\"@id\":\"https:\/\/juhayna2026.code95.info\/fr\/about\/company-structure\/#breadcrumb\",\"itemListElement\":[{\"@type\":\"ListItem\",\"position\":1,\"name\":\"Home\",\"item\":\"https:\/\/juhayna2026.code95.info\/fr\/\"},{\"@type\":\"ListItem\",\"position\":2,\"name\":\"Structure de l\u2019entreprise\"}]},{\"@type\":\"WebSite\",\"@id\":\"https:\/\/juhayna2026.code95.info\/fr\/#website\",\"url\":\"https:\/\/juhayna2026.code95.info\/fr\/\",\"name\":\"Juhayan2026\",\"description\":\"\",\"publisher\":{\"@id\":\"https:\/\/juhayna2026.code95.info\/fr\/#organization\"},\"potentialAction\":[{\"@type\":\"SearchAction\",\"target\":{\"@type\":\"EntryPoint\",\"urlTemplate\":\"https:\/\/juhayna2026.code95.info\/fr\/?s={search_term_string}\"},\"query-input\":{\"@type\":\"PropertyValueSpecification\",\"valueRequired\":true,\"valueName\":\"search_term_string\"}}],\"inLanguage\":\"fr-FR\"},{\"@type\":\"Organization\",\"@id\":\"https:\/\/juhayna2026.code95.info\/fr\/#organization\",\"name\":\"Juhayan2026\",\"url\":\"https:\/\/juhayna2026.code95.info\/fr\/\",\"logo\":{\"@type\":\"ImageObject\",\"inLanguage\":\"fr-FR\",\"@id\":\"https:\/\/juhayna2026.code95.info\/fr\/#\/schema\/logo\/image\/\",\"url\":\"https:\/\/juhayna2026.code95.info\/app\/uploads\/2025\/09\/1572854222_509_8296_msicon144x144.png\",\"contentUrl\":\"https:\/\/juhayna2026.code95.info\/app\/uploads\/2025\/09\/1572854222_509_8296_msicon144x144.png\",\"width\":144,\"height\":144,\"caption\":\"Juhayan2026\"},\"image\":{\"@id\":\"https:\/\/juhayna2026.code95.info\/fr\/#\/schema\/logo\/image\/\"},\"sameAs\":[\"https:\/\/www.facebook.com\/JuhaynaDairy\/\",\"https:\/\/www.instagram.com\/juhaynaclassics\/?hl=en\",\"https:\/\/www.youtube.com\/channel\/UCDr8Hr5lbiXNoN7g59xHGsA\",\"https:\/\/www.linkedin.com\/company\/juhayna-food-industries\/\"]}]}<\/script>\n<!-- \/ Yoast SEO plugin. -->","yoast_head_json":{"title":"Structure de l\u2019entreprise - Juhayan2026","robots":{"index":"noindex","follow":"follow","max-snippet":"max-snippet:-1","max-image-preview":"max-image-preview:large","max-video-preview":"max-video-preview:-1"},"og_locale":"fr_FR","og_type":"article","og_title":"Structure de l\u2019entreprise - Juhayan2026","og_url":"https:\/\/juhayna2026.code95.info\/fr\/about\/company-structure\/","og_site_name":"Juhayan2026","article_publisher":"https:\/\/www.facebook.com\/JuhaynaDairy\/","article_modified_time":"2025-12-07T13:37:43+00:00","twitter_card":"summary_large_image","schema":{"@context":"https:\/\/schema.org","@graph":[{"@type":"WebPage","@id":"https:\/\/juhayna2026.code95.info\/fr\/about\/company-structure\/","url":"https:\/\/juhayna2026.code95.info\/fr\/about\/company-structure\/","name":"Structure de l\u2019entreprise - Juhayan2026","isPartOf":{"@id":"https:\/\/juhayna2026.code95.info\/fr\/#website"},"datePublished":"2025-09-22T09:21:15+00:00","dateModified":"2025-12-07T13:37:43+00:00","breadcrumb":{"@id":"https:\/\/juhayna2026.code95.info\/fr\/about\/company-structure\/#breadcrumb"},"inLanguage":"fr-FR","potentialAction":[{"@type":"ReadAction","target":["https:\/\/juhayna2026.code95.info\/fr\/about\/company-structure\/"]}]},{"@type":"BreadcrumbList","@id":"https:\/\/juhayna2026.code95.info\/fr\/about\/company-structure\/#breadcrumb","itemListElement":[{"@type":"ListItem","position":1,"name":"Home","item":"https:\/\/juhayna2026.code95.info\/fr\/"},{"@type":"ListItem","position":2,"name":"Structure de l\u2019entreprise"}]},{"@type":"WebSite","@id":"https:\/\/juhayna2026.code95.info\/fr\/#website","url":"https:\/\/juhayna2026.code95.info\/fr\/","name":"Juhayan2026","description":"","publisher":{"@id":"https:\/\/juhayna2026.code95.info\/fr\/#organization"},"potentialAction":[{"@type":"SearchAction","target":{"@type":"EntryPoint","urlTemplate":"https:\/\/juhayna2026.code95.info\/fr\/?s={search_term_string}"},"query-input":{"@type":"PropertyValueSpecification","valueRequired":true,"valueName":"search_term_string"}}],"inLanguage":"fr-FR"},{"@type":"Organization","@id":"https:\/\/juhayna2026.code95.info\/fr\/#organization","name":"Juhayan2026","url":"https:\/\/juhayna2026.code95.info\/fr\/","logo":{"@type":"ImageObject","inLanguage":"fr-FR","@id":"https:\/\/juhayna2026.code95.info\/fr\/#\/schema\/logo\/image\/","url":"https:\/\/juhayna2026.code95.info\/app\/uploads\/2025\/09\/1572854222_509_8296_msicon144x144.png","contentUrl":"https:\/\/juhayna2026.code95.info\/app\/uploads\/2025\/09\/1572854222_509_8296_msicon144x144.png","width":144,"height":144,"caption":"Juhayan2026"},"image":{"@id":"https:\/\/juhayna2026.code95.info\/fr\/#\/schema\/logo\/image\/"},"sameAs":["https:\/\/www.facebook.com\/JuhaynaDairy\/","https:\/\/www.instagram.com\/juhaynaclassics\/?hl=en","https:\/\/www.youtube.com\/channel\/UCDr8Hr5lbiXNoN7g59xHGsA","https:\/\/www.linkedin.com\/company\/juhayna-food-industries\/"]}]}},"_links":{"self":[{"href":"https:\/\/juhayna2026.code95.info\/fr\/wp-json\/wp\/v2\/pages\/921","targetHints":{"allow":["GET"]}}],"collection":[{"href":"https:\/\/juhayna2026.code95.info\/fr\/wp-json\/wp\/v2\/pages"}],"about":[{"href":"https:\/\/juhayna2026.code95.info\/fr\/wp-json\/wp\/v2\/types\/page"}],"author":[{"embeddable":true,"href":"https:\/\/juhayna2026.code95.info\/fr\/wp-json\/wp\/v2\/users\/1"}],"replies":[{"embeddable":true,"href":"https:\/\/juhayna2026.code95.info\/fr\/wp-json\/wp\/v2\/comments?post=921"}],"version-history":[{"count":9,"href":"https:\/\/juhayna2026.code95.info\/fr\/wp-json\/wp\/v2\/pages\/921\/revisions"}],"predecessor-version":[{"id":9749,"href":"https:\/\/juhayna2026.code95.info\/fr\/wp-json\/wp\/v2\/pages\/921\/revisions\/9749"}],"up":[{"embeddable":true,"href":"https:\/\/juhayna2026.code95.info\/fr\/wp-json\/wp\/v2\/pages\/626"}],"wp:attachment":[{"href":"https:\/\/juhayna2026.code95.info\/fr\/wp-json\/wp\/v2\/media?parent=921"}],"curies":[{"name":"wp","href":"https:\/\/api.w.org\/{rel}","templated":true}]}}