{"id":925,"date":"2025-09-22T09:48:11","date_gmt":"2025-09-22T09:48:11","guid":{"rendered":"https:\/\/juhayna2026.code95.info\/about\/board-members\/"},"modified":"2025-11-30T09:28:29","modified_gmt":"2025-11-30T09:28:29","slug":"board-members","status":"publish","type":"page","link":"https:\/\/juhayna2026.code95.info\/fr\/about\/board-members\/","title":{"rendered":"Conseil D\u2019administration"},"content":{"rendered":"<div class=\"banner\">\n    <div class=\"banner-wrapper\">\n                    <div class=\"banner-image\">\n                <img decoding=\"async\" src=\"https:\/\/juhayna2026.code95.info\/app\/uploads\/2025\/10\/room-used-official-event-1_1_11zon.png\"\n                    alt=\"Conseil D\u2019administration\" \/>\n                                    <div class=\"banner-overlay\"><\/div>\n                                                    <div class=\"banner-title-container\">\n                                                    <h1 class=\"banner-title\">\n                                Conseil D\u2019administration                            <\/h1>\n                                                                    <\/div>\n                            <\/div>\n            <\/div>\n<\/div>\n\n \n<div class=\"menu-block content-menu-block \"\n     id=\"menu-block-69da3e509c50d\"\n     data-current-page-id=\"0\"\n     data-parent-page-id=\"626\">\n    <div class=\"container\">\n        <ul id=\"menu-block\" class=\"menu-block-nav\"><li class=\"menu-item menu-item-type-post_type menu-item-object-page list-inline-item text-ellipsis ellipsis-1 \"><a class=\"nav-link text-dovegray py-3\"href=\"https:\/\/juhayna2026.code95.info\/fr\/about\/\">\u00c0 propos de nous<\/a><\/li>\n<li class=\"menu-item menu-item-type-post_type menu-item-object-page list-inline-item text-ellipsis ellipsis-1 \"><a class=\"nav-link text-dovegray py-3\"href=\"https:\/\/juhayna2026.code95.info\/fr\/about\/juhayna-heritage\/\">L\u2019h\u00e9ritage Juhayna<\/a><\/li>\n<li class=\"menu-item menu-item-type-post_type menu-item-object-page list-inline-item text-ellipsis ellipsis-1 \"><a class=\"nav-link text-dovegray py-3\"href=\"https:\/\/juhayna2026.code95.info\/fr\/about\/company-structure\/\">Structure de l\u2019entreprise<\/a><\/li>\n<li class=\"menu-item menu-item-type-post_type menu-item-object-page list-inline-item text-ellipsis ellipsis-1 \"><a class=\"nav-link text-dovegray py-3\"href=\"https:\/\/juhayna2026.code95.info\/fr\/about\/board-members\/\">Conseil D\u2019administration<\/a><\/li>\n<li class=\"menu-item menu-item-type-post_type menu-item-object-page list-inline-item text-ellipsis ellipsis-1 \"><a class=\"nav-link text-dovegray py-3\"href=\"https:\/\/juhayna2026.code95.info\/fr\/about\/executive-leadership-directors\/\">Leadership ex\u00e9cutif et directeurs<\/a><\/li>\n<li class=\"menu-item menu-item-type-post_type menu-item-object-page list-inline-item text-ellipsis ellipsis-1 \"><a class=\"nav-link text-dovegray py-3\"href=\"https:\/\/juhayna2026.code95.info\/fr\/about\/corporate-values\/\">Valeurs de l\u2019entreprise<\/a><\/li>\n<\/ul>    <\/div>\n<\/div>\n\n\n<section id=\"board-members-69da3e509e12b\" class=\"board-members-section board-members-style-1\">\n    <div class=\"container\">\n                                    <!-- STYLE 1: Bootstrap 3-Column Grid -->\n                <div class=\"board-members-grid gy-5\">\n                                            <div class=\"col-lg-4 col-md-6 col-sm-12\">\n                            <div class=\"member-card no-description\" data-member-index=\"0\">\n                                                                    <div class=\"member-image-container\">\n                                        <img decoding=\"async\" src=\"https:\/\/juhayna2026.code95.info\/app\/uploads\/2025\/11\/Group-1000001761-1.png\"\n                                            alt=\"Ahmed El-Wakil\" class=\"member-image\">\n                                                                            <\/div>\n                                                                <div class=\"member-info\">\n                                                                            <p class=\"member-position\">Pr\u00e9sident ind\u00e9pendant <\/p>\n                                                                                                                <h4 class=\"member-name\">Ahmed El-Wakil<\/h4>\n                                                                    <\/div>\n                            <\/div>\n                        <\/div>\n                                            <div class=\"col-lg-4 col-md-6 col-sm-12\">\n                            <div class=\"member-card no-description\" data-member-index=\"1\">\n                                                                    <div class=\"member-image-container\">\n                                        <img decoding=\"async\" src=\"https:\/\/juhayna2026.code95.info\/app\/uploads\/2025\/11\/Group-1000001767.png\"\n                                            alt=\"Seif Thabet \" class=\"member-image\">\n                                                                            <\/div>\n                                                                <div class=\"member-info\">\n                                                                            <p class=\"member-position\">Vice-pr\u00e9sident et directeur g\u00e9n\u00e9ral<\/p>\n                                                                                                                <h4 class=\"member-name\">Seif Thabet <\/h4>\n                                                                    <\/div>\n                            <\/div>\n                        <\/div>\n                                            <div class=\"col-lg-4 col-md-6 col-sm-12\">\n                            <div class=\"member-card no-description\" data-member-index=\"2\">\n                                                                    <div class=\"member-image-container\">\n                                        <img decoding=\"async\" src=\"https:\/\/juhayna2026.code95.info\/app\/uploads\/2025\/10\/Group-1000001762.png\"\n                                            alt=\"Heba Thabet\" class=\"member-image\">\n                                                                            <\/div>\n                                                                <div class=\"member-info\">\n                                                                            <p class=\"member-position\">Membre ex\u00e9cutif<\/p>\n                                                                                                                <h4 class=\"member-name\">Heba Thabet<\/h4>\n                                                                    <\/div>\n                            <\/div>\n                        <\/div>\n                                            <div class=\"col-lg-4 col-md-6 col-sm-12\">\n                            <div class=\"member-card no-description\" data-member-index=\"3\">\n                                                                    <div class=\"member-image-container\">\n                                        <img decoding=\"async\" src=\"https:\/\/juhayna2026.code95.info\/app\/uploads\/2025\/10\/Group-1000001765.png\"\n                                            alt=\"Mariam Thabet\" class=\"member-image\">\n                                                                            <\/div>\n                                                                <div class=\"member-info\">\n                                                                            <p class=\"member-position\">Membre non ex\u00e9cutif<\/p>\n                                                                                                                <h4 class=\"member-name\">Mariam Thabet<\/h4>\n                                                                    <\/div>\n                            <\/div>\n                        <\/div>\n                                            <div class=\"col-lg-4 col-md-6 col-sm-12\">\n                            <div class=\"member-card no-description\" data-member-index=\"4\">\n                                                                    <div class=\"member-image-container\">\n                                        <img decoding=\"async\" src=\"https:\/\/juhayna2026.code95.info\/app\/uploads\/2025\/11\/Group-1000001769.png\"\n                                            alt=\"Mahmoud Abd El-Wahab\" class=\"member-image\">\n                                                                            <\/div>\n                                                                <div class=\"member-info\">\n                                                                            <p class=\"member-position\">Membre non ex\u00e9cutif<\/p>\n                                                                                                                <h4 class=\"member-name\">Mahmoud Abd El-Wahab<\/h4>\n                                                                    <\/div>\n                            <\/div>\n                        <\/div>\n                                            <div class=\"col-lg-4 col-md-6 col-sm-12\">\n                            <div class=\"member-card no-description\" data-member-index=\"5\">\n                                                                    <div class=\"member-image-container\">\n                                        <img decoding=\"async\" src=\"https:\/\/juhayna2026.code95.info\/app\/uploads\/2025\/11\/Group-1000001768.png\"\n                                            alt=\"Mesheal Al-Doghiem\" class=\"member-image\">\n                                                                            <\/div>\n                                                                <div class=\"member-info\">\n                                                                            <p class=\"member-position\">Membre non ex\u00e9cutif<\/p>\n                                                                                                                <h4 class=\"member-name\">Mesheal Al-Doghiem<\/h4>\n                                                                    <\/div>\n                            <\/div>\n                        <\/div>\n                                            <div class=\"col-lg-4 col-md-6 col-sm-12\">\n                            <div class=\"member-card no-description\" data-member-index=\"6\">\n                                                                    <div class=\"member-image-container\">\n                                        <img decoding=\"async\" src=\"https:\/\/juhayna2026.code95.info\/app\/uploads\/2025\/11\/Group-1000001766.png\"\n                                            alt=\"Mohamed Sultan\" class=\"member-image\">\n                                                                            <\/div>\n                                                                <div class=\"member-info\">\n                                                                            <p class=\"member-position\">Membre ex\u00e9cutif<\/p>\n                                                                                                                <h4 class=\"member-name\">Mohamed Sultan<\/h4>\n                                                                    <\/div>\n                            <\/div>\n                        <\/div>\n                                            <div class=\"col-lg-4 col-md-6 col-sm-12\">\n                            <div class=\"member-card no-description\" data-member-index=\"7\">\n                                                                    <div class=\"member-image-container\">\n                                        <img decoding=\"async\" src=\"https:\/\/juhayna2026.code95.info\/app\/uploads\/2025\/11\/Group-1000001771.png\"\n                                            alt=\"Khaled Gamal\" class=\"member-image\">\n                                                                            <\/div>\n                                                                <div class=\"member-info\">\n                                                                            <p class=\"member-position\">ind\u00e9pendant Membre<\/p>\n                                                                                                                <h4 class=\"member-name\">Khaled Gamal<\/h4>\n                                                                    <\/div>\n                            <\/div>\n                        <\/div>\n                                            <div class=\"col-lg-4 col-md-6 col-sm-12\">\n                            <div class=\"member-card no-description\" data-member-index=\"8\">\n                                                                    <div class=\"member-image-container\">\n                                        <img decoding=\"async\" src=\"https:\/\/juhayna2026.code95.info\/app\/uploads\/2025\/11\/Group-1000001770.png\"\n                                            alt=\"Hatem Montasser  \" class=\"member-image\">\n                                                                            <\/div>\n                                                                <div class=\"member-info\">\n                                                                            <p class=\"member-position\">ind\u00e9pendant Membre<\/p>\n                                                                                                                <h4 class=\"member-name\">Hatem Montasser  <\/h4>\n                                                                    <\/div>\n                            <\/div>\n                        <\/div>\n                                    <\/div>\n            \n                        <\/div>\n<\/section>","protected":false},"excerpt":{"rendered":"","protected":false},"author":1,"featured_media":0,"parent":626,"menu_order":76,"comment_status":"closed","ping_status":"closed","template":"template-about.blade.php","meta":{"_acf_changed":false,"inline_featured_image":false,"footnotes":""},"class_list":["post-925","page","type-page","status-publish","hentry"],"acf":[],"yoast_head":"<!-- This site is optimized with the Yoast SEO plugin v26.3 - https:\/\/yoast.com\/wordpress\/plugins\/seo\/ -->\n<title>Conseil D\u2019administration - Juhayan2026<\/title>\n<meta name=\"robots\" content=\"noindex, follow, max-snippet:-1, max-image-preview:large, max-video-preview:-1\" \/>\n<meta property=\"og:locale\" content=\"fr_FR\" \/>\n<meta property=\"og:type\" content=\"article\" \/>\n<meta property=\"og:title\" content=\"Conseil D\u2019administration - Juhayan2026\" \/>\n<meta property=\"og:url\" content=\"https:\/\/juhayna2026.code95.info\/fr\/about\/board-members\/\" \/>\n<meta property=\"og:site_name\" content=\"Juhayan2026\" \/>\n<meta property=\"article:publisher\" content=\"https:\/\/www.facebook.com\/JuhaynaDairy\/\" \/>\n<meta property=\"article:modified_time\" content=\"2025-11-30T09:28:29+00:00\" \/>\n<meta name=\"twitter:card\" content=\"summary_large_image\" \/>\n<script type=\"application\/ld+json\" class=\"yoast-schema-graph\">{\"@context\":\"https:\/\/schema.org\",\"@graph\":[{\"@type\":\"WebPage\",\"@id\":\"https:\/\/juhayna2026.code95.info\/fr\/about\/board-members\/\",\"url\":\"https:\/\/juhayna2026.code95.info\/fr\/about\/board-members\/\",\"name\":\"Conseil D\u2019administration - Juhayan2026\",\"isPartOf\":{\"@id\":\"https:\/\/juhayna2026.code95.info\/fr\/#website\"},\"datePublished\":\"2025-09-22T09:48:11+00:00\",\"dateModified\":\"2025-11-30T09:28:29+00:00\",\"breadcrumb\":{\"@id\":\"https:\/\/juhayna2026.code95.info\/fr\/about\/board-members\/#breadcrumb\"},\"inLanguage\":\"fr-FR\",\"potentialAction\":[{\"@type\":\"ReadAction\",\"target\":[\"https:\/\/juhayna2026.code95.info\/fr\/about\/board-members\/\"]}]},{\"@type\":\"BreadcrumbList\",\"@id\":\"https:\/\/juhayna2026.code95.info\/fr\/about\/board-members\/#breadcrumb\",\"itemListElement\":[{\"@type\":\"ListItem\",\"position\":1,\"name\":\"Home\",\"item\":\"https:\/\/juhayna2026.code95.info\/fr\/\"},{\"@type\":\"ListItem\",\"position\":2,\"name\":\"Conseil D\u2019administration\"}]},{\"@type\":\"WebSite\",\"@id\":\"https:\/\/juhayna2026.code95.info\/fr\/#website\",\"url\":\"https:\/\/juhayna2026.code95.info\/fr\/\",\"name\":\"Juhayan2026\",\"description\":\"\",\"publisher\":{\"@id\":\"https:\/\/juhayna2026.code95.info\/fr\/#organization\"},\"potentialAction\":[{\"@type\":\"SearchAction\",\"target\":{\"@type\":\"EntryPoint\",\"urlTemplate\":\"https:\/\/juhayna2026.code95.info\/fr\/?s={search_term_string}\"},\"query-input\":{\"@type\":\"PropertyValueSpecification\",\"valueRequired\":true,\"valueName\":\"search_term_string\"}}],\"inLanguage\":\"fr-FR\"},{\"@type\":\"Organization\",\"@id\":\"https:\/\/juhayna2026.code95.info\/fr\/#organization\",\"name\":\"Juhayan2026\",\"url\":\"https:\/\/juhayna2026.code95.info\/fr\/\",\"logo\":{\"@type\":\"ImageObject\",\"inLanguage\":\"fr-FR\",\"@id\":\"https:\/\/juhayna2026.code95.info\/fr\/#\/schema\/logo\/image\/\",\"url\":\"https:\/\/juhayna2026.code95.info\/app\/uploads\/2025\/09\/1572854222_509_8296_msicon144x144.png\",\"contentUrl\":\"https:\/\/juhayna2026.code95.info\/app\/uploads\/2025\/09\/1572854222_509_8296_msicon144x144.png\",\"width\":144,\"height\":144,\"caption\":\"Juhayan2026\"},\"image\":{\"@id\":\"https:\/\/juhayna2026.code95.info\/fr\/#\/schema\/logo\/image\/\"},\"sameAs\":[\"https:\/\/www.facebook.com\/JuhaynaDairy\/\",\"https:\/\/www.instagram.com\/juhaynaclassics\/?hl=en\",\"https:\/\/www.youtube.com\/channel\/UCDr8Hr5lbiXNoN7g59xHGsA\",\"https:\/\/www.linkedin.com\/company\/juhayna-food-industries\/\"]}]}<\/script>\n<!-- \/ Yoast SEO plugin. -->","yoast_head_json":{"title":"Conseil D\u2019administration - Juhayan2026","robots":{"index":"noindex","follow":"follow","max-snippet":"max-snippet:-1","max-image-preview":"max-image-preview:large","max-video-preview":"max-video-preview:-1"},"og_locale":"fr_FR","og_type":"article","og_title":"Conseil D\u2019administration - Juhayan2026","og_url":"https:\/\/juhayna2026.code95.info\/fr\/about\/board-members\/","og_site_name":"Juhayan2026","article_publisher":"https:\/\/www.facebook.com\/JuhaynaDairy\/","article_modified_time":"2025-11-30T09:28:29+00:00","twitter_card":"summary_large_image","schema":{"@context":"https:\/\/schema.org","@graph":[{"@type":"WebPage","@id":"https:\/\/juhayna2026.code95.info\/fr\/about\/board-members\/","url":"https:\/\/juhayna2026.code95.info\/fr\/about\/board-members\/","name":"Conseil D\u2019administration - Juhayan2026","isPartOf":{"@id":"https:\/\/juhayna2026.code95.info\/fr\/#website"},"datePublished":"2025-09-22T09:48:11+00:00","dateModified":"2025-11-30T09:28:29+00:00","breadcrumb":{"@id":"https:\/\/juhayna2026.code95.info\/fr\/about\/board-members\/#breadcrumb"},"inLanguage":"fr-FR","potentialAction":[{"@type":"ReadAction","target":["https:\/\/juhayna2026.code95.info\/fr\/about\/board-members\/"]}]},{"@type":"BreadcrumbList","@id":"https:\/\/juhayna2026.code95.info\/fr\/about\/board-members\/#breadcrumb","itemListElement":[{"@type":"ListItem","position":1,"name":"Home","item":"https:\/\/juhayna2026.code95.info\/fr\/"},{"@type":"ListItem","position":2,"name":"Conseil D\u2019administration"}]},{"@type":"WebSite","@id":"https:\/\/juhayna2026.code95.info\/fr\/#website","url":"https:\/\/juhayna2026.code95.info\/fr\/","name":"Juhayan2026","description":"","publisher":{"@id":"https:\/\/juhayna2026.code95.info\/fr\/#organization"},"potentialAction":[{"@type":"SearchAction","target":{"@type":"EntryPoint","urlTemplate":"https:\/\/juhayna2026.code95.info\/fr\/?s={search_term_string}"},"query-input":{"@type":"PropertyValueSpecification","valueRequired":true,"valueName":"search_term_string"}}],"inLanguage":"fr-FR"},{"@type":"Organization","@id":"https:\/\/juhayna2026.code95.info\/fr\/#organization","name":"Juhayan2026","url":"https:\/\/juhayna2026.code95.info\/fr\/","logo":{"@type":"ImageObject","inLanguage":"fr-FR","@id":"https:\/\/juhayna2026.code95.info\/fr\/#\/schema\/logo\/image\/","url":"https:\/\/juhayna2026.code95.info\/app\/uploads\/2025\/09\/1572854222_509_8296_msicon144x144.png","contentUrl":"https:\/\/juhayna2026.code95.info\/app\/uploads\/2025\/09\/1572854222_509_8296_msicon144x144.png","width":144,"height":144,"caption":"Juhayan2026"},"image":{"@id":"https:\/\/juhayna2026.code95.info\/fr\/#\/schema\/logo\/image\/"},"sameAs":["https:\/\/www.facebook.com\/JuhaynaDairy\/","https:\/\/www.instagram.com\/juhaynaclassics\/?hl=en","https:\/\/www.youtube.com\/channel\/UCDr8Hr5lbiXNoN7g59xHGsA","https:\/\/www.linkedin.com\/company\/juhayna-food-industries\/"]}]}},"_links":{"self":[{"href":"https:\/\/juhayna2026.code95.info\/fr\/wp-json\/wp\/v2\/pages\/925","targetHints":{"allow":["GET"]}}],"collection":[{"href":"https:\/\/juhayna2026.code95.info\/fr\/wp-json\/wp\/v2\/pages"}],"about":[{"href":"https:\/\/juhayna2026.code95.info\/fr\/wp-json\/wp\/v2\/types\/page"}],"author":[{"embeddable":true,"href":"https:\/\/juhayna2026.code95.info\/fr\/wp-json\/wp\/v2\/users\/1"}],"replies":[{"embeddable":true,"href":"https:\/\/juhayna2026.code95.info\/fr\/wp-json\/wp\/v2\/comments?post=925"}],"version-history":[{"count":14,"href":"https:\/\/juhayna2026.code95.info\/fr\/wp-json\/wp\/v2\/pages\/925\/revisions"}],"predecessor-version":[{"id":9577,"href":"https:\/\/juhayna2026.code95.info\/fr\/wp-json\/wp\/v2\/pages\/925\/revisions\/9577"}],"up":[{"embeddable":true,"href":"https:\/\/juhayna2026.code95.info\/fr\/wp-json\/wp\/v2\/pages\/626"}],"wp:attachment":[{"href":"https:\/\/juhayna2026.code95.info\/fr\/wp-json\/wp\/v2\/media?parent=925"}],"curies":[{"name":"wp","href":"https:\/\/api.w.org\/{rel}","templated":true}]}}