{"id":929,"date":"2025-09-22T09:50:04","date_gmt":"2025-09-22T09:50:04","guid":{"rendered":"https:\/\/juhayna2026.code95.info\/about\/corporate-values\/"},"modified":"2025-11-13T08:57:51","modified_gmt":"2025-11-13T08:57:51","slug":"corporate-values","status":"publish","type":"page","link":"https:\/\/juhayna2026.code95.info\/fr\/about\/corporate-values\/","title":{"rendered":"Valeurs de l\u2019entreprise"},"content":{"rendered":"<div class=\"banner\">\n    <div class=\"banner-wrapper\">\n                    <div class=\"banner-image\">\n                <img decoding=\"async\" src=\"https:\/\/juhayna2026.code95.info\/app\/uploads\/2025\/09\/1572434314_375_335515_careerspageheroimage1.jpg\"\n                    alt=\"Valeurs de l\u2019entreprise\" \/>\n                                    <div class=\"banner-overlay\"><\/div>\n                                                    <div class=\"banner-title-container\">\n                                                    <h1 class=\"banner-title\">\n                                Valeurs de l\u2019entreprise                            <\/h1>\n                                                                    <\/div>\n                            <\/div>\n            <\/div>\n<\/div>\n\n \n<div class=\"menu-block content-menu-block \"\n     id=\"menu-block-69da52ffdb4d4\"\n     data-current-page-id=\"0\"\n     data-parent-page-id=\"626\">\n    <div class=\"container\">\n        <ul id=\"menu-block\" class=\"menu-block-nav\"><li class=\"menu-item menu-item-type-post_type menu-item-object-page list-inline-item text-ellipsis ellipsis-1 \"><a class=\"nav-link text-dovegray py-3\"href=\"https:\/\/juhayna2026.code95.info\/fr\/about\/\">\u00c0 propos de nous<\/a><\/li>\n<li class=\"menu-item menu-item-type-post_type menu-item-object-page list-inline-item text-ellipsis ellipsis-1 \"><a class=\"nav-link text-dovegray py-3\"href=\"https:\/\/juhayna2026.code95.info\/fr\/about\/juhayna-heritage\/\">L\u2019h\u00e9ritage Juhayna<\/a><\/li>\n<li class=\"menu-item menu-item-type-post_type menu-item-object-page list-inline-item text-ellipsis ellipsis-1 \"><a class=\"nav-link text-dovegray py-3\"href=\"https:\/\/juhayna2026.code95.info\/fr\/about\/company-structure\/\">Structure de l\u2019entreprise<\/a><\/li>\n<li class=\"menu-item menu-item-type-post_type menu-item-object-page list-inline-item text-ellipsis ellipsis-1 \"><a class=\"nav-link text-dovegray py-3\"href=\"https:\/\/juhayna2026.code95.info\/fr\/about\/board-members\/\">Conseil D\u2019administration<\/a><\/li>\n<li class=\"menu-item menu-item-type-post_type menu-item-object-page list-inline-item text-ellipsis ellipsis-1 \"><a class=\"nav-link text-dovegray py-3\"href=\"https:\/\/juhayna2026.code95.info\/fr\/about\/executive-leadership-directors\/\">Leadership ex\u00e9cutif et directeurs<\/a><\/li>\n<li class=\"menu-item menu-item-type-post_type menu-item-object-page list-inline-item text-ellipsis ellipsis-1 \"><a class=\"nav-link text-dovegray py-3\"href=\"https:\/\/juhayna2026.code95.info\/fr\/about\/corporate-values\/\">Valeurs de l\u2019entreprise<\/a><\/li>\n<\/ul>    <\/div>\n<\/div>\n\n\n\n<section id=\"corporate-values-block_73ed8eb31df56f1302d05966cec613b8\" class=\"corporate-values-section\">\n    <div class=\"container\">\n                    <div class=\"block-heading\">\n                                    <h2 class=\"block-title\">Nous croyons fermement qu\u2019une entreprise ne peut r\u00e9ussir que gr\u00e2ce aux efforts et au d\u00e9vouement de ses employ\u00e9s.<\/h2>\n                                                    <div class=\"block-subtitle\">\r\nDe fait, il est pour nous primordial d\u2019avoir une \u00e9quipe qui se fait l\u2019ambassadrice des valeurs sur lesquelles l\u2019entreprise a \u00e9t\u00e9 fond\u00e9e. A Juhayna, ces valeurs comprennent l\u2019int\u00e9grit\u00e9 et l\u2019honn\u00eatet\u00e9, la transparence et la confiance, l\u2019esprit d\u2019\u00e9quipe, la qualit\u00e9 et un approvisionnement responsable.<\/div>\n                            <\/div>\n        \n        <div class=\"values-list\">\n                            <div class=\"value-item animate-item image-position-right\">\n                    <div class=\"value-item-inner\">\n                                                    <div class=\"value-image-wrapper\">\n                                <img decoding=\"async\" src=\"https:\/\/juhayna2026.code95.info\/app\/uploads\/2025\/09\/1.png\"\n                                    alt=\"\" loading=\"lazy\">\n                            <\/div>\n                        \n                        <div class=\"value-content-wrapper\">\n                                                            <h3 class=\"value-title\">Vision<\/h3>\n                                                                                        <div class=\"value-description\">\n                                    <p>Se d\u00e9marquer comme la principale source d&#8217;une qualit\u00e9 de vie plus saine et plus savoureuse pour vous.<\/p>\n                                <\/div>\n                                                    <\/div>\n                    <\/div>\n                <\/div>\n                            <div class=\"value-item animate-item image-position-left\">\n                    <div class=\"value-item-inner\">\n                                                    <div class=\"value-image-wrapper\">\n                                <img decoding=\"async\" src=\"https:\/\/juhayna2026.code95.info\/app\/uploads\/2025\/09\/62dc9f545d8df0ab0f3111601b9dba71c6110fd3.png\"\n                                    alt=\"\" loading=\"lazy\">\n                            <\/div>\n                        \n                        <div class=\"value-content-wrapper\">\n                                                            <h3 class=\"value-title\">Grand objectif \u00abBHAG\u00bb<\/h3>\n                                                                                        <div class=\"value-description\">\n                                    <p>Un pack Juhayna dans chaque main et un sourire sur tous les visages au Moyen-Orient et en Afrique<\/p>\n                                <\/div>\n                                                    <\/div>\n                    <\/div>\n                <\/div>\n                            <div class=\"value-item animate-item image-position-right\">\n                    <div class=\"value-item-inner\">\n                                                    <div class=\"value-image-wrapper\">\n                                <img decoding=\"async\" src=\"https:\/\/juhayna2026.code95.info\/app\/uploads\/2025\/09\/2e00958c32c27015c42ce27d8394bc0504fca63a.png\"\n                                    alt=\"\" loading=\"lazy\">\n                            <\/div>\n                        \n                        <div class=\"value-content-wrapper\">\n                                                            <h3 class=\"value-title\">Raison d\u2019\u00eatre<\/h3>\n                                                                                        <div class=\"value-description\">\n                                    <p>Juhayna existe pour construire un h\u00e9ritage \u00e9gyptien exceptionnel en offrant des produits plus sains et de meilleure qualit\u00e9 tout en ayant un impact positif sur les communaut\u00e9s o\u00f9 nous op\u00e9rons<\/p>\n                                <\/div>\n                                                    <\/div>\n                    <\/div>\n                <\/div>\n                            <div class=\"value-item animate-item image-position-left\">\n                    <div class=\"value-item-inner\">\n                                                    <div class=\"value-image-wrapper\">\n                                <img decoding=\"async\" src=\"https:\/\/juhayna2026.code95.info\/app\/uploads\/2025\/09\/4.png\"\n                                    alt=\"\" loading=\"lazy\">\n                            <\/div>\n                        \n                        <div class=\"value-content-wrapper\">\n                                                            <h3 class=\"value-title\">Int\u00e9grit\u00e9 <\/h3>\n                                                                                        <div class=\"value-description\">\n                                    <p>Nous assurons l&#8217;honn\u00eatet\u00e9, l&#8217;exactitude et l&#8217;\u00e9quit\u00e9 dans toutes nos actions. Nous refusons de prendre des raccourcis et ferons toujours ce qu&#8217;il faut.<\/p>\n                                <\/div>\n                                                    <\/div>\n                    <\/div>\n                <\/div>\n                            <div class=\"value-item animate-item image-position-right\">\n                    <div class=\"value-item-inner\">\n                                                    <div class=\"value-image-wrapper\">\n                                <img decoding=\"async\" src=\"https:\/\/juhayna2026.code95.info\/app\/uploads\/2025\/09\/5.png\"\n                                    alt=\"\" loading=\"lazy\">\n                            <\/div>\n                        \n                        <div class=\"value-content-wrapper\">\n                                                            <h3 class=\"value-title\">R\u00e9ussite<\/h3>\n                                                                                        <div class=\"value-description\">\n                                    <p>Nous sommes une \u00e9quipe qui a une volont\u00e9 in\u00e9branlable de gagner, rien ne se dresse entre nous et nos objectifs. Pourtant, nous restons toujours humbles et respectueux.<\/p>\n                                <\/div>\n                                                    <\/div>\n                    <\/div>\n                <\/div>\n                            <div class=\"value-item animate-item image-position-left\">\n                    <div class=\"value-item-inner\">\n                                                    <div class=\"value-image-wrapper\">\n                                <img decoding=\"async\" src=\"https:\/\/juhayna2026.code95.info\/app\/uploads\/2025\/09\/2dbe5d9f9401d5c6650355befec71006f50f6196.png\"\n                                    alt=\"\" loading=\"lazy\">\n                            <\/div>\n                        \n                        <div class=\"value-content-wrapper\">\n                                                            <h3 class=\"value-title\">Am\u00e9lioration continue<\/h3>\n                                                                                        <div class=\"value-description\">\n                                    <p>Nous ne nous reposons pas sur nos lauriers. Nous c\u00e9l\u00e9brons notre succ\u00e8s mais nous ne nous contentons pas, nous poursuivons l&#8217;excellence et conduisons le changement avec vigueur.<\/p>\n                                <\/div>\n                                                    <\/div>\n                    <\/div>\n                <\/div>\n                            <div class=\"value-item animate-item image-position-right\">\n                    <div class=\"value-item-inner\">\n                                                    <div class=\"value-image-wrapper\">\n                                <img decoding=\"async\" src=\"https:\/\/juhayna2026.code95.info\/app\/uploads\/2025\/09\/2c21bdad37681b00fa17189a0080e21ee02467e5.png\"\n                                    alt=\"\" loading=\"lazy\">\n                            <\/div>\n                        \n                        <div class=\"value-content-wrapper\">\n                                                            <h3 class=\"value-title\">Innovation<\/h3>\n                                                                                        <div class=\"value-description\">\n                                    <p>Nous sommes des changeurs de jeu qui r\u00e9fl\u00e9chissent de mani\u00e8re cr\u00e9ative \u00e0 la fa\u00e7on de changer \u00ab\u00a0le pr\u00e9sent\u00a0\u00bb. Nous nous tenons au courant des tendances en nous concentrant sur des id\u00e9es qui nous placeront \u00e0 notre apog\u00e9e.<\/p>\n                                <\/div>\n                                                    <\/div>\n                    <\/div>\n                <\/div>\n                            <div class=\"value-item animate-item image-position-left\">\n                    <div class=\"value-item-inner\">\n                                                    <div class=\"value-image-wrapper\">\n                                <img decoding=\"async\" src=\"https:\/\/juhayna2026.code95.info\/app\/uploads\/2025\/09\/f906a5ac9c9f36680c3c350b61f04dd4f8c5221a.png\"\n                                    alt=\"\" loading=\"lazy\">\n                            <\/div>\n                        \n                        <div class=\"value-content-wrapper\">\n                                                            <h3 class=\"value-title\">La possession<\/h3>\n                                                                                        <div class=\"value-description\">\n                                    <p>Nous sommes des entrepreneurs qui se tiennent responsables. Fier de tout ce qui porte notre nom. Pour nous, Juhayna vient en premier, toujours.<\/p>\n                                <\/div>\n                                                    <\/div>\n                    <\/div>\n                <\/div>\n                            <div class=\"value-item animate-item image-position-right\">\n                    <div class=\"value-item-inner\">\n                                                    <div class=\"value-image-wrapper\">\n                                <img decoding=\"async\" src=\"https:\/\/juhayna2026.code95.info\/app\/uploads\/2025\/09\/add02c6f2f150bb0ec6056a4de2aa2e3c07860e8.png\"\n                                    alt=\"\" loading=\"lazy\">\n                            <\/div>\n                        \n                        <div class=\"value-content-wrapper\">\n                                                            <h3 class=\"value-title\">Positivit\u00e9<\/h3>\n                                                                                        <div class=\"value-description\">\n                                    <p>Nous inspirons les autres avec notre passion, notre d\u00e9termination et nos bonnes vibrations. Nous sommes des r\u00e9solveurs de probl\u00e8mes qui voient une opportunit\u00e9 dans chaque d\u00e9fi.<\/p>\n                                <\/div>\n                                                    <\/div>\n                    <\/div>\n                <\/div>\n                    <\/div>\n    <\/div>\n<\/section>","protected":false},"excerpt":{"rendered":"","protected":false},"author":1,"featured_media":0,"parent":626,"menu_order":79,"comment_status":"closed","ping_status":"closed","template":"template-about.blade.php","meta":{"_acf_changed":false,"inline_featured_image":false,"footnotes":""},"class_list":["post-929","page","type-page","status-publish","hentry"],"acf":[],"yoast_head":"<!-- This site is optimized with the Yoast SEO plugin v26.3 - https:\/\/yoast.com\/wordpress\/plugins\/seo\/ -->\n<title>Valeurs de l\u2019entreprise - Juhayan2026<\/title>\n<meta name=\"robots\" content=\"noindex, follow, max-snippet:-1, max-image-preview:large, max-video-preview:-1\" \/>\n<meta property=\"og:locale\" content=\"fr_FR\" \/>\n<meta property=\"og:type\" content=\"article\" \/>\n<meta property=\"og:title\" content=\"Valeurs de l\u2019entreprise - Juhayan2026\" \/>\n<meta property=\"og:url\" content=\"https:\/\/juhayna2026.code95.info\/fr\/about\/corporate-values\/\" \/>\n<meta property=\"og:site_name\" content=\"Juhayan2026\" \/>\n<meta property=\"article:publisher\" content=\"https:\/\/www.facebook.com\/JuhaynaDairy\/\" \/>\n<meta property=\"article:modified_time\" content=\"2025-11-13T08:57:51+00:00\" \/>\n<meta name=\"twitter:card\" content=\"summary_large_image\" \/>\n<script type=\"application\/ld+json\" class=\"yoast-schema-graph\">{\"@context\":\"https:\/\/schema.org\",\"@graph\":[{\"@type\":\"WebPage\",\"@id\":\"https:\/\/juhayna2026.code95.info\/fr\/about\/corporate-values\/\",\"url\":\"https:\/\/juhayna2026.code95.info\/fr\/about\/corporate-values\/\",\"name\":\"Valeurs de l\u2019entreprise - Juhayan2026\",\"isPartOf\":{\"@id\":\"https:\/\/juhayna2026.code95.info\/fr\/#website\"},\"datePublished\":\"2025-09-22T09:50:04+00:00\",\"dateModified\":\"2025-11-13T08:57:51+00:00\",\"breadcrumb\":{\"@id\":\"https:\/\/juhayna2026.code95.info\/fr\/about\/corporate-values\/#breadcrumb\"},\"inLanguage\":\"fr-FR\",\"potentialAction\":[{\"@type\":\"ReadAction\",\"target\":[\"https:\/\/juhayna2026.code95.info\/fr\/about\/corporate-values\/\"]}]},{\"@type\":\"BreadcrumbList\",\"@id\":\"https:\/\/juhayna2026.code95.info\/fr\/about\/corporate-values\/#breadcrumb\",\"itemListElement\":[{\"@type\":\"ListItem\",\"position\":1,\"name\":\"Home\",\"item\":\"https:\/\/juhayna2026.code95.info\/fr\/\"},{\"@type\":\"ListItem\",\"position\":2,\"name\":\"Valeurs de l\u2019entreprise\"}]},{\"@type\":\"WebSite\",\"@id\":\"https:\/\/juhayna2026.code95.info\/fr\/#website\",\"url\":\"https:\/\/juhayna2026.code95.info\/fr\/\",\"name\":\"Juhayan2026\",\"description\":\"\",\"publisher\":{\"@id\":\"https:\/\/juhayna2026.code95.info\/fr\/#organization\"},\"potentialAction\":[{\"@type\":\"SearchAction\",\"target\":{\"@type\":\"EntryPoint\",\"urlTemplate\":\"https:\/\/juhayna2026.code95.info\/fr\/?s={search_term_string}\"},\"query-input\":{\"@type\":\"PropertyValueSpecification\",\"valueRequired\":true,\"valueName\":\"search_term_string\"}}],\"inLanguage\":\"fr-FR\"},{\"@type\":\"Organization\",\"@id\":\"https:\/\/juhayna2026.code95.info\/fr\/#organization\",\"name\":\"Juhayan2026\",\"url\":\"https:\/\/juhayna2026.code95.info\/fr\/\",\"logo\":{\"@type\":\"ImageObject\",\"inLanguage\":\"fr-FR\",\"@id\":\"https:\/\/juhayna2026.code95.info\/fr\/#\/schema\/logo\/image\/\",\"url\":\"https:\/\/juhayna2026.code95.info\/app\/uploads\/2025\/09\/1572854222_509_8296_msicon144x144.png\",\"contentUrl\":\"https:\/\/juhayna2026.code95.info\/app\/uploads\/2025\/09\/1572854222_509_8296_msicon144x144.png\",\"width\":144,\"height\":144,\"caption\":\"Juhayan2026\"},\"image\":{\"@id\":\"https:\/\/juhayna2026.code95.info\/fr\/#\/schema\/logo\/image\/\"},\"sameAs\":[\"https:\/\/www.facebook.com\/JuhaynaDairy\/\",\"https:\/\/www.instagram.com\/juhaynaclassics\/?hl=en\",\"https:\/\/www.youtube.com\/channel\/UCDr8Hr5lbiXNoN7g59xHGsA\",\"https:\/\/www.linkedin.com\/company\/juhayna-food-industries\/\"]}]}<\/script>\n<!-- \/ Yoast SEO plugin. -->","yoast_head_json":{"title":"Valeurs de l\u2019entreprise - Juhayan2026","robots":{"index":"noindex","follow":"follow","max-snippet":"max-snippet:-1","max-image-preview":"max-image-preview:large","max-video-preview":"max-video-preview:-1"},"og_locale":"fr_FR","og_type":"article","og_title":"Valeurs de l\u2019entreprise - Juhayan2026","og_url":"https:\/\/juhayna2026.code95.info\/fr\/about\/corporate-values\/","og_site_name":"Juhayan2026","article_publisher":"https:\/\/www.facebook.com\/JuhaynaDairy\/","article_modified_time":"2025-11-13T08:57:51+00:00","twitter_card":"summary_large_image","schema":{"@context":"https:\/\/schema.org","@graph":[{"@type":"WebPage","@id":"https:\/\/juhayna2026.code95.info\/fr\/about\/corporate-values\/","url":"https:\/\/juhayna2026.code95.info\/fr\/about\/corporate-values\/","name":"Valeurs de l\u2019entreprise - Juhayan2026","isPartOf":{"@id":"https:\/\/juhayna2026.code95.info\/fr\/#website"},"datePublished":"2025-09-22T09:50:04+00:00","dateModified":"2025-11-13T08:57:51+00:00","breadcrumb":{"@id":"https:\/\/juhayna2026.code95.info\/fr\/about\/corporate-values\/#breadcrumb"},"inLanguage":"fr-FR","potentialAction":[{"@type":"ReadAction","target":["https:\/\/juhayna2026.code95.info\/fr\/about\/corporate-values\/"]}]},{"@type":"BreadcrumbList","@id":"https:\/\/juhayna2026.code95.info\/fr\/about\/corporate-values\/#breadcrumb","itemListElement":[{"@type":"ListItem","position":1,"name":"Home","item":"https:\/\/juhayna2026.code95.info\/fr\/"},{"@type":"ListItem","position":2,"name":"Valeurs de l\u2019entreprise"}]},{"@type":"WebSite","@id":"https:\/\/juhayna2026.code95.info\/fr\/#website","url":"https:\/\/juhayna2026.code95.info\/fr\/","name":"Juhayan2026","description":"","publisher":{"@id":"https:\/\/juhayna2026.code95.info\/fr\/#organization"},"potentialAction":[{"@type":"SearchAction","target":{"@type":"EntryPoint","urlTemplate":"https:\/\/juhayna2026.code95.info\/fr\/?s={search_term_string}"},"query-input":{"@type":"PropertyValueSpecification","valueRequired":true,"valueName":"search_term_string"}}],"inLanguage":"fr-FR"},{"@type":"Organization","@id":"https:\/\/juhayna2026.code95.info\/fr\/#organization","name":"Juhayan2026","url":"https:\/\/juhayna2026.code95.info\/fr\/","logo":{"@type":"ImageObject","inLanguage":"fr-FR","@id":"https:\/\/juhayna2026.code95.info\/fr\/#\/schema\/logo\/image\/","url":"https:\/\/juhayna2026.code95.info\/app\/uploads\/2025\/09\/1572854222_509_8296_msicon144x144.png","contentUrl":"https:\/\/juhayna2026.code95.info\/app\/uploads\/2025\/09\/1572854222_509_8296_msicon144x144.png","width":144,"height":144,"caption":"Juhayan2026"},"image":{"@id":"https:\/\/juhayna2026.code95.info\/fr\/#\/schema\/logo\/image\/"},"sameAs":["https:\/\/www.facebook.com\/JuhaynaDairy\/","https:\/\/www.instagram.com\/juhaynaclassics\/?hl=en","https:\/\/www.youtube.com\/channel\/UCDr8Hr5lbiXNoN7g59xHGsA","https:\/\/www.linkedin.com\/company\/juhayna-food-industries\/"]}]}},"_links":{"self":[{"href":"https:\/\/juhayna2026.code95.info\/fr\/wp-json\/wp\/v2\/pages\/929","targetHints":{"allow":["GET"]}}],"collection":[{"href":"https:\/\/juhayna2026.code95.info\/fr\/wp-json\/wp\/v2\/pages"}],"about":[{"href":"https:\/\/juhayna2026.code95.info\/fr\/wp-json\/wp\/v2\/types\/page"}],"author":[{"embeddable":true,"href":"https:\/\/juhayna2026.code95.info\/fr\/wp-json\/wp\/v2\/users\/1"}],"replies":[{"embeddable":true,"href":"https:\/\/juhayna2026.code95.info\/fr\/wp-json\/wp\/v2\/comments?post=929"}],"version-history":[{"count":6,"href":"https:\/\/juhayna2026.code95.info\/fr\/wp-json\/wp\/v2\/pages\/929\/revisions"}],"predecessor-version":[{"id":8133,"href":"https:\/\/juhayna2026.code95.info\/fr\/wp-json\/wp\/v2\/pages\/929\/revisions\/8133"}],"up":[{"embeddable":true,"href":"https:\/\/juhayna2026.code95.info\/fr\/wp-json\/wp\/v2\/pages\/626"}],"wp:attachment":[{"href":"https:\/\/juhayna2026.code95.info\/fr\/wp-json\/wp\/v2\/media?parent=929"}],"curies":[{"name":"wp","href":"https:\/\/api.w.org\/{rel}","templated":true}]}}